{"id":18229,"date":"2019-08-02T16:45:49","date_gmt":"2019-08-02T16:45:49","guid":{"rendered":"http:\/\/www.padel-test.de\/padel-wissen\/padel-regeln\/"},"modified":"2022-11-28T21:31:47","modified_gmt":"2022-11-28T21:31:47","slug":"regras-do-padel","status":"publish","type":"page","link":"https:\/\/www.padel-test.de\/pt\/conhecimentos-de-padel\/regras-do-padel\/","title":{"rendered":"Regras Padel"},"content":{"rendered":"<p>Regras do Padel: As regras do padel s\u00e3o basicamente f\u00e1ceis de entender. Se voc\u00ea j\u00e1 esteve na quadra 2-3 vezes, voc\u00ea sabe tudo o que precisa saber para jogar padel de acordo com as regras. No entanto, o cerne est\u00e1 nos detalhes. Especialmente em torneios de padel, tudo tem que estar claro 100%.<\/p>\n<p>Portanto, compilamos aqui uma vis\u00e3o geral das regras de padel mais importantes para voc\u00ea. E no final h\u00e1 um link para as regras oficiais do FIP.<\/p>\n<h2>Regras do jogo Padel<\/h2>\n<p><strong>As regras mais importantes do padel, num relance:<\/strong><\/p>\n<p>O Padel \u00e9 sempre jogado em duplas, ou seja, quatro jogadores. As duas equipas defrontam-se nas duas metades do campo de padel, que est\u00e3o separadas por uma rede (como no t\u00e9nis). O <a href=\"\/pt\/conhecimentos-de-padel\/batedor-de-pa\/\">Raquetes de Padel<\/a> tem um la\u00e7o. Por favor, certifique-se de us\u00e1-lo (coloque sua m\u00e3o e feche-a) para que a raquete n\u00e3o voe acidentalmente para longe.<\/p>\n<p>Porque na verdade, muito raramente ocorrem les\u00f5es ao jogar padel - e \u00e9 assim que deve permanecer!<\/p>\n<p>&nbsp;<\/p>\n<h3>Regra do Servi\u00e7o de Padel<\/h3>\n<p>O saque deve ser jogado atr\u00e1s da linha de servi\u00e7o como uma tacada por baixo (a bola pode ser atingida na altura m\u00e1xima da anca). A bola deve ser jogada no meio da quadra do advers\u00e1rio sem tocar na rede ou na parede. O <a href=\"\/pt\/conhecimentos-de-padel\/bolas-de-pas\/\">Padelball<\/a> deve primeiro tocar no ch\u00e3o do lado do advers\u00e1rio antes de tocar na parede de tr\u00e1s ou na cerca. O jogador de tr\u00e1s pode esperar por isto ou bater a bola directamente de volta depois de ter tocado no ch\u00e3o. Um voleibol n\u00e3o \u00e9 permitido nesta situa\u00e7\u00e3o!<\/p>\n<p>A equipa que serve muda de lado na sua pr\u00f3pria quadra depois de cada saque e depois joga de novo cross court para a quadra do advers\u00e1rio. O time receptor permanece de p\u00e9 para que o mesmo jogador sirva sempre em um jogo, mas no time receptor, os dois jogadores se alternam para o retorno.<\/p>\n<p>O servidor tem duas tentativas de servi\u00e7o.<\/p>\n<p>Um lan\u00e7amento de rede resulta numa repeti\u00e7\u00e3o se a bola ainda entrar correctamente no campo.<\/p>\n<p>Em princ\u00edpio, a bola de padel s\u00f3 pode tocar no ch\u00e3o uma vez. Se a bola bater no ch\u00e3o duas vezes, a equipa que bateu na bola ganha o ponto.<\/p>\n<p>&nbsp;<\/p>\n<h3>Uma quest\u00e3o muito comum diz respeito \u00e0 posi\u00e7\u00e3o dos jogadores no servi\u00e7o:<\/h3>\n<ul>\n<li>Quem est\u00e1 realmente autorizado a ficar onde?<\/li>\n<li>O parceiro do jogador que serve est\u00e1 autorizado a escolher o seu lado?<\/li>\n<\/ul>\n<p>&nbsp;<\/p>\n<p>As regras oficiais do FIP dizem:<\/p>\n<blockquote><p><em>REGRA 3. POSI\u00c7\u00c3O DOS JOGADORES<\/em><br \/>\n<em>1. cada par de jogadores estar\u00e1 de cada lado da rede na quadra. O jogador que est\u00e1 a servir (servidor) coloca a bola em jogo e o<\/em><br \/>\n<em>jogador na diagonal \u00e0 frente do referido jogador (receptor) recebe a bola servida.<\/em><br \/>\n<em>2. o jogador que recebe pode estar em qualquer parte da quadra, assim como o seu parceiro e o parceiro dos servidores.<\/em><\/p><\/blockquote>\n<p>&nbsp;<\/p>\n<blockquote><p>Traduzido:<\/p>\n<p><em>REGRA 3. POSI\u00c7\u00c3O DOS JOGADORES<\/em><br \/>\n<em>1. cada par de jogadores est\u00e1 em ambos os lados da rede na quadra. O jogador que serve (sacador) p\u00f5e a bola em jogo e o jogador que serve a bola p\u00f5e a bola em jogo.<\/em><br \/>\n<em>O jogador na diagonal em frente a este jogador (receptor) recebe a bola servida.<\/em><br \/>\n<em>2. o jogador que recebe a bola pode estar em qualquer lugar do seu lado da quadra, assim como o seu parceiro e o parceiro do sacador.<\/em><\/p><\/blockquote>\n<p>&nbsp;<\/p>\n<p><strong>Isto significa:<\/strong><\/p>\n<p>O colega de equipa do servidor pode ficar em qualquer lugar - ele pode sempre ficar do lado onde recebe o saque, mas tamb\u00e9m pode trocar com o jogador de padel de servi\u00e7o e posicionar-se onde quiser.<\/p>\n<p>Teoricamente, ele tamb\u00e9m poderia ficar atr\u00e1s do jogador que serve!<\/p>\n<p>&nbsp;<\/p>\n<h3>M\u00e9todo de contagem Padel<\/h3>\n<p>O Padel \u00e9 contado da mesma forma que o t\u00eanis: primeiro chama-se o saque, depois o retorno. O vencedor \u00e9 a equipa que pode ganhar dois sets primeiro. Para ganhar um set, uma equipa ganha um set se primeiro ganhar 6 jogos e estiver pelo menos dois jogos \u00e0 frente (por exemplo, 6:1, 6:2, 6:3 e 6:4) ou, se o resultado for 5,5 entretanto, \u00e0s 7:5 ou num tiebreak se o resultado for 6:6 entretanto; ent\u00e3o o vencedor do tiebreak ganhou o set 7:6.<\/p>\n<p>Ent\u00e3o tudo \u00e9 igual ao do t\u00e9nis. Tal como a contagem dentro de um \u00fanico jogo: 15, 30 e 40.<\/p>\n<p>Com o quarto ponto, o jogo \u00e9 ganho quando uma equipa tem uma vantagem de dois pontos. A partir das 40:40, o jogo \u00e9 jogado at\u00e9 que uma equipa tenha uma vantagem de dois pontos.<\/p>\n<p>&nbsp;<\/p>\n<p><strong>M\u00e9todo de contagem de Padel resumido:<\/strong><\/p>\n<ul>\n<li><strong>Pontos<\/strong> s\u00e3o contados como no t\u00e9nis: 0, 15, 30, 40, jogo<\/li>\n<li><strong>Jogo<\/strong>Com 4 pontos ganha uma partida - se tiver pelo menos 2 pontos a mais do que a outra equipa. caso contr\u00e1rio \u00e9 um empate e isso significa...<\/li>\n<li><strong>Desenho<\/strong>: Se o jogo for 40:40, ou seja, um empate, o jogo continua e o emparelhamento que ganhar dois pontos consecutivos ganha.<\/li>\n<li><strong>Conjunto<\/strong>: Uma equipa ganha um set quando tiver ganho seis jogos por pelo menos 2 sets.<\/li>\n<li><strong>Tie-break<\/strong>: Se a pontua\u00e7\u00e3o for 6:6 jogos, joga-se um tiebreak. A contagem \u00e9 0, 1, 2, 3, etc. O desempate \u00e9 ganho pela equipa que marcou sete pontos primeiro. E mais uma vez, \u00e9 necess\u00e1ria uma pista de 2 pontos \ud83d\ude42<\/li>\n<li><strong>Jogo<\/strong>: Para ganhar o jogo do padel, uma equipa tem de ganhar dois dos tr\u00eas conjuntos (melhor de 3).<\/li>\n<\/ul>\n<p>&nbsp;<\/p>\n<h4>Quando \u00e9 que tens um ponto no padel?<\/h4>\n<p>A equipa ganha um ponto se jogar um remate que a equipa advers\u00e1ria n\u00e3o pode devolver - por exemplo:<\/p>\n<ul>\n<li>um golpe voando para fora da jaula do padel ap\u00f3s o impacto<\/li>\n<li>a bola de padel regressa ap\u00f3s um stroke sem que a equipa advers\u00e1ria tenha tocado na bola<\/li>\n<\/ul>\n<p>&nbsp;<\/p>\n<p>ou o par advers\u00e1rio joga uma tacada com defeito - os movimentos com defeito incluem:<\/p>\n<ul>\n<li>a bola de padel cai na rede<\/li>\n<li>a bola de padel \u00e9 atingida fora dos limites (por exemplo, sobre a gaiola ou atrav\u00e9s da entrada\/sa\u00edda)<\/li>\n<li>a bola de feltro toca no ch\u00e3o duas vezes<\/li>\n<li>as paredes do plexiglass (tanto as pr\u00f3prias como as do advers\u00e1rio) s\u00e3o tocadas pela bola de padel antes da bola atingir o ch\u00e3o da equipa advers\u00e1ria<\/li>\n<li>a bola branca toca na rede de arame do pr\u00f3prio campo depois de ter sido atingida (por exemplo, ao tentar jogar contra o pr\u00f3prio limite (plexiglass))<\/li>\n<li>a bola toca o jogador que bateu ou o seu parceiro de jogo<\/li>\n<\/ul>\n<p>&nbsp;<\/p>\n\n<p>&nbsp;<\/p>\n<h3>Mais Regras Padel T\u00e9nis<\/h3>\n<ul>\n<li>A raquete e o jogador n\u00e3o devem tocar na rede. Um jogador que toca a rede ou qualquer parte da quadra da equipa advers\u00e1ria com a sua raquete ou corpo perde o ponto.<\/li>\n<li>A bola de padel s\u00f3 pode ser tocada uma vez com o bast\u00e3o de padel por golpe. O padelista n\u00e3o pode tocar na bola com o seu corpo.<\/li>\n<li>Se a pontua\u00e7\u00e3o for \u00edmpar (1:0, 2:1, 3:2, 4:1 etc.), o lado \u00e9 alterado em cada caso.<\/li>\n<\/ul>\n<p>&nbsp;<\/p>\n<h2 style=\"text-align: left;\">FIP - Regras oficiais do Padel<\/h2>\n<p>As regras oficiais do padel s\u00e3o infelizmente muito extensas, porque tamb\u00e9m esclarecem muitos detalhes que n\u00e3o s\u00e3o t\u00e3o importantes para os jogadores de hobby. Mas em grandes torneios de padel da <a href=\"\/pt\/padel_association\/federacao-mundial-de-padel\/\">FIP<\/a>o <a href=\"\/pt\/padel_association\/viagem-padel-mundial\/\">Tour Mundial de Padel<\/a> ou o <a href=\"\/pt\/german-padel-tour\/\">Tour Padel Alem\u00e3o<\/a> (onde os melhores jogadores de padel jogam os seus jogos), tudo deve, naturalmente, ser limpo 100%.<\/p>\n<p>E estas regras do padel tamb\u00e9m s\u00e3o, claro, continuamente actualizadas.<\/p>\n<p>Portanto, se voc\u00ea quiser saber exatamente, voc\u00ea pode trabalhar atrav\u00e9s das regras oficiais do FIP Padel.<\/p>\n<p>Baixe (PDF) as regras oficiais do padel: <a class=\"button\" href=\"https:\/\/www.padelfip.com\/wp-content\/uploads\/2017\/06\/Rules-of-Padel.pdf\" target=\"_blank\" rel=\"nofollow noopener noreferrer\">Regras oficiais do PIF em ingl\u00eas<\/a><\/p>\n<p>&nbsp;<\/p>\n<p style=\"text-align: center;\">Agora voc\u00ea aprendeu muito sobre o padel e suas regras.<\/p>\n<p style=\"text-align: center;\"><strong>Mas o que s\u00e3o na verdade os <a href=\"\/pt\/conhecimentos-de-padel\/diferencas-tenis-padel\/\">Diferen\u00e7as entre padel e t\u00eanis<\/a>?<\/strong><\/p>","protected":false},"excerpt":{"rendered":"<p>Regras Padel: As regras do padel s\u00e3o basicamente f\u00e1ceis de compreender. Se j\u00e1 esteve no campo 2-3 vezes, sabe tudo o que precisa de saber para jogar padel de acordo com as regras. No entanto, o ponto crucial reside nos detalhes. Especialmente em torneios de padel, ...<\/p>","protected":false},"author":1,"featured_media":0,"parent":18170,"menu_order":2,"comment_status":"closed","ping_status":"closed","template":"","meta":{"_acf_changed":false,"_sitemap_exclude":false,"_sitemap_priority":"","_sitemap_frequency":"","_analytify_skip_tracking":false,"footnotes":""},"class_list":["post-18229","page","type-page","status-publish","hentry"],"acf":[],"_links":{"self":[{"href":"https:\/\/www.padel-test.de\/pt\/wp-json\/wp\/v2\/pages\/18229","targetHints":{"allow":["GET"]}}],"collection":[{"href":"https:\/\/www.padel-test.de\/pt\/wp-json\/wp\/v2\/pages"}],"about":[{"href":"https:\/\/www.padel-test.de\/pt\/wp-json\/wp\/v2\/types\/page"}],"author":[{"embeddable":true,"href":"https:\/\/www.padel-test.de\/pt\/wp-json\/wp\/v2\/users\/1"}],"replies":[{"embeddable":true,"href":"https:\/\/www.padel-test.de\/pt\/wp-json\/wp\/v2\/comments?post=18229"}],"version-history":[{"count":0,"href":"https:\/\/www.padel-test.de\/pt\/wp-json\/wp\/v2\/pages\/18229\/revisions"}],"up":[{"embeddable":true,"href":"https:\/\/www.padel-test.de\/pt\/wp-json\/wp\/v2\/pages\/18170"}],"wp:attachment":[{"href":"https:\/\/www.padel-test.de\/pt\/wp-json\/wp\/v2\/media?parent=18229"}],"curies":[{"name":"wp","href":"https:\/\/api.w.org\/{rel}","templated":true}]}}