{"id":18246,"date":"2019-10-30T22:41:47","date_gmt":"2019-10-30T22:41:47","guid":{"rendered":"http:\/\/www.padel-test.de\/padel-wissen\/padel-spielfeld\/"},"modified":"2022-11-28T21:31:35","modified_gmt":"2022-11-28T21:31:35","slug":"campo-de-padel","status":"publish","type":"page","link":"https:\/\/www.padel-test.de\/pt\/conhecimentos-de-padel\/campo-de-padel\/","title":{"rendered":"quadra de Padel"},"content":{"rendered":"<p>O tamanho de um campo de padel \u00e9 apenas ligeiramente menor do que um campo de t\u00e9nis (23,77m x 10,97m para duplas). No entanto, um campo de t\u00e9nis ainda tem uma grande \u00e1rea de escoamento.<\/p>\n<p>A quadra de padel com seu per\u00edmetro de paredes de vidro tem 20m de comprimento e 10m de largura. No meio, a quadra do padel \u00e9 separada por uma rede - assim cada lado \u00e9 quadrado (10x10m). O desvio m\u00e1ximo das dimens\u00f5es pode ser de 0,5%.<\/p>\n<p>A rede tem 10 metros de comprimento e uma altura de 0,88 metros no meio - na extremidade a rede pode ter uma altura m\u00e1xima de 0,92 metros.<\/p>\n<p>Os postes em que a rede de remo \u00e9 pendurada n\u00e3o devem ser superiores a 1,05 metros.<\/p>\n<p>&nbsp;<\/p>\n<div id=\"attachment_11254\" style=\"width: 693px\" class=\"wp-caption aligncenter\"><img loading=\"lazy\" decoding=\"async\" aria-describedby=\"caption-attachment-11254\" class=\"wp-image-11254 size-full\" src=\"https:\/\/www.padel-test.de\/wp-content\/uploads\/2022\/09\/Padel-Court-Abmessungen.png\" alt=\"Dimens\u00f5es do Padel Court\" width=\"683\" height=\"566\" \/><p id=\"caption-attachment-11254\" class=\"wp-caption-text\">Padel Court Dimensions - Sketch by <a href=\"\/pt\/construtor-de-cursos-de-padel-2\/padelcreations\/\">Padelcreations<\/a><\/p><\/div>\n<h2>Paredes da quadra de Padel<\/h2>\n<p>Toda a quadra de padel \u00e9 emoldurada por uma parede de vidro ESG (vidro de seguran\u00e7a). Isto s\u00f3 \u00e9 interrompido nos postes da rede por uma entrada\/sa\u00edda atrav\u00e9s da qual os jogadores podem entrar na quadra de padel.<\/p>\n<p>As paredes das extremidades t\u00eam uma altura de 4m. Nas paredes laterais, esta altura diminui para 3m depois de aproximadamente 1m. A zona mais alta, ou seja, em cima do vidro temperado, consiste numa malha de arame (em constru\u00e7\u00f5es simples, tamb\u00e9m s\u00f3 a malha de arame).<\/p>\n<p>A utiliza\u00e7\u00e3o de vidro de seguran\u00e7a temperado e tela met\u00e1lica como materiais de delimita\u00e7\u00e3o garante que os espectadores tenham uma vis\u00e3o clara do campo de t\u00e9nis de padel.<\/p>\n<p>&nbsp;<\/p>\n<h3>Ilumina\u00e7\u00e3o da quadra de Padel<\/h3>\n<p>Os campos de padel ao ar livre s\u00e3o normalmente iluminados por 4 projectores. Os campos de padel mais antigos ainda usam l\u00e2mpadas cl\u00e1ssicas, mas os campos de padel modernos t\u00eam projectores LED, uma vez que s\u00e3o pelo menos t\u00e3o bons em termos de desempenho, mas mais eficientes em termos energ\u00e9ticos. No total, um campo de padel tem cerca de 6 metros de altura.<\/p>\n<p>Nos sal\u00f5es de padel, a ilumina\u00e7\u00e3o \u00e9 muitas vezes muito individualizada; aqui tamb\u00e9m depende muitas vezes da utiliza\u00e7\u00e3o anterior como campo de t\u00e9nis, por exemplo.<\/p>\n<div id=\"attachment_11253\" style=\"width: 439px\" class=\"wp-caption aligncenter\"><img loading=\"lazy\" decoding=\"async\" aria-describedby=\"caption-attachment-11253\" class=\"wp-image-11253 size-full\" src=\"https:\/\/www.padel-test.de\/wp-content\/uploads\/2022\/09\/Padelplatz-Skizze.png\" alt=\"Altura da quadra de Padel incl. projector\u00a0\" width=\"429\" height=\"225\" \/><p id=\"caption-attachment-11253\" class=\"wp-caption-text\">Altura da quadra de Padel incl. projector<\/p><\/div>\n<p>&nbsp;<\/p>\n<p><em>Dica: Voc\u00ea pode encontrar mais informa\u00e7\u00f5es no site <a href=\"https:\/\/www.padel-test.de\/pt\/conhecimentos-de-padel\/regras-do-padel\/\">Regras Padel<\/a>.<\/em><\/p>","protected":false},"excerpt":{"rendered":"<p>O tamanho de um campo de padel \u00e9 menor que um campo de t\u00e9nis (23,77m x 10,97 para duplas). A quadra de padel com suas paredes de plexiglass \u00e9 de 20m de comprimento e<\/p>","protected":false},"author":1,"featured_media":11251,"parent":18170,"menu_order":3,"comment_status":"closed","ping_status":"closed","template":"","meta":{"_acf_changed":false,"_sitemap_exclude":false,"_sitemap_priority":"","_sitemap_frequency":"","_analytify_skip_tracking":false,"footnotes":""},"class_list":["post-18246","page","type-page","status-publish","has-post-thumbnail","hentry"],"acf":[],"_links":{"self":[{"href":"https:\/\/www.padel-test.de\/pt\/wp-json\/wp\/v2\/pages\/18246","targetHints":{"allow":["GET"]}}],"collection":[{"href":"https:\/\/www.padel-test.de\/pt\/wp-json\/wp\/v2\/pages"}],"about":[{"href":"https:\/\/www.padel-test.de\/pt\/wp-json\/wp\/v2\/types\/page"}],"author":[{"embeddable":true,"href":"https:\/\/www.padel-test.de\/pt\/wp-json\/wp\/v2\/users\/1"}],"replies":[{"embeddable":true,"href":"https:\/\/www.padel-test.de\/pt\/wp-json\/wp\/v2\/comments?post=18246"}],"version-history":[{"count":0,"href":"https:\/\/www.padel-test.de\/pt\/wp-json\/wp\/v2\/pages\/18246\/revisions"}],"up":[{"embeddable":true,"href":"https:\/\/www.padel-test.de\/pt\/wp-json\/wp\/v2\/pages\/18170"}],"wp:featuredmedia":[{"embeddable":true,"href":"https:\/\/www.padel-test.de\/pt\/wp-json\/wp\/v2\/media\/11251"}],"wp:attachment":[{"href":"https:\/\/www.padel-test.de\/pt\/wp-json\/wp\/v2\/media?parent=18246"}],"curies":[{"name":"wp","href":"https:\/\/api.w.org\/{rel}","templated":true}]}}