{"id":18252,"date":"2022-02-07T12:15:01","date_gmt":"2022-02-07T12:15:01","guid":{"rendered":"http:\/\/www.padel-test.de\/padel-wissen\/padel-fans\/juergen-klopp-padel-tennis\/"},"modified":"2022-10-31T22:02:55","modified_gmt":"2022-10-31T22:02:55","slug":"juergen-klopp-padel-tennis","status":"publish","type":"page","link":"https:\/\/www.padel-test.de\/pt\/conhecimentos-de-padel\/adeptos-do-padel\/juergen-klopp-padel-tennis\/","title":{"rendered":"J\u00fcrgen Klopp"},"content":{"rendered":"<p><strong>J\u00fcrgen Klopp e Padel?!<\/strong><\/p>\n<p>Sim, leia isso mesmo!<\/p>\n<p>J\u00fcrgen Klopp \u00e9 tamb\u00e9m um entusiasta total do padel e \u00e9 at\u00e9 embaixador da marca para a <a href=\"\/pt\/padel-ausruester\/wilson\/\">Fornecedor de Padel Wilson<\/a>.<\/p>\n<p>&nbsp;<\/p>\n<p><iframe loading=\"lazy\" title=\"reprodutor de v\u00eddeo do YouTube\" src=\"https:\/\/www.youtube-nocookie.com\/embed\/ciXzp3v8D6I\" width=\"560\" height=\"315\" frameborder=\"0\" allowfullscreen=\"allowfullscreen\"><\/iframe><\/p>\n<p>&nbsp;<\/p>\n<p>O \u00f3rg\u00e3o l\u00edder da ind\u00fastria publicit\u00e1ria alem\u00e3, Horizont, afirma:<\/p>\n<p>&nbsp;<\/p>\n<blockquote><p><em>Dabei wirbt der Coach des FC Liverpool aber nicht etwa f\u00fcr klassische Tennisschl\u00e4ger, sondern f\u00fcr den Padel-Sport, ein vom Tennis abgeleitetes R\u00fcckschlagspiel. Konkret soll Klopp &#8211; laut eigener Aussage selbst gro\u00dfer Fan der Trendsportart &#8211; dabei helfen, die globale Wilson-Padel-Community mit Innovationen, starken Partnerschaften und Kollaborationen sukzessive zu vergr\u00f6\u00dfern. Die neue Schl\u00e4ger-Kollektion &#8222;Wilson x Klopp&#8220; soll f\u00fcr Leidenschaft zum Padel-Sport stehen und die Aufmerksamkeit f\u00fcr die Trendsportart in ganz Europa steigern.<\/em><\/p><\/blockquote>\n<h2>E o que \u00e9 que o J\u00fcrgen Klopp diz sobre o padel?<\/h2>\n<p>&nbsp;<\/p>\n<blockquote><p><em>Klopp selbst erg\u00e4nzt: &#8222;W\u00e4hrend ich meine Karriere damit verbringe, Fu\u00dfballer auf h\u00f6chstem Niveau zu trainieren, ist Padel zu meiner Lieblingssportart geworden. Es ist wirklich die gleiche Leidenschaft \u2013 nur f\u00fcr ein neues Spiel! Ich freue mich sehr \u00fcber die M\u00f6glichkeit, mit Wilson zusammenzuarbeiten und die Zukunft des Padel mitzugestalten.&#8220;<\/em><\/p><\/blockquote>\n<p>&nbsp;<\/p>\n<p>Em todo o caso, estamos satisfeitos que <a href=\"\/pt\/conhecimentos-de-padel\/tenis-de-padel\/\">Padel T\u00e9nis<\/a> ser\u00e1 ainda mais valorizado por J\u00fcrgen Klopp e esperamos que se torne ainda mais conhecido e, acima de tudo, mais popular!<\/p>\n<p>&nbsp;<\/p>\n<h3>E outro futebolista conhecido joga padel: <a href=\"\/pt\/conhecimentos-de-padel\/adeptos-do-padel\/zinedine-zidane-padel-tennis\/\">Zinedine Zidane<\/a><\/h3>","protected":false},"excerpt":{"rendered":"<p>J\u00fcrgen Klopp e padel?! Sim, l\u00ea isso direito! J\u00fcrgen Klopp \u00e9 tamb\u00e9m um entusiasta do padel e at\u00e9 mesmo um embaixador da marca para o fornecedor de padel Wilson.     Segundo a Horizont, o principal \u00f3rg\u00e3o da ind\u00fastria publicit\u00e1ria alem\u00e3: \"O treinador do Liverpool FC n\u00e3o est\u00e1 a promover raquetes cl\u00e1ssicas de t\u00e9nis, mas sim o desporto do padel, um jogo de costas derivado do t\u00e9nis. ....<\/p>","protected":false},"author":1,"featured_media":0,"parent":18251,"menu_order":0,"comment_status":"closed","ping_status":"closed","template":"","meta":{"_acf_changed":false,"_sitemap_exclude":false,"_sitemap_priority":"","_sitemap_frequency":"","_analytify_skip_tracking":false,"footnotes":""},"class_list":["post-18252","page","type-page","status-publish","hentry"],"acf":[],"_links":{"self":[{"href":"https:\/\/www.padel-test.de\/pt\/wp-json\/wp\/v2\/pages\/18252","targetHints":{"allow":["GET"]}}],"collection":[{"href":"https:\/\/www.padel-test.de\/pt\/wp-json\/wp\/v2\/pages"}],"about":[{"href":"https:\/\/www.padel-test.de\/pt\/wp-json\/wp\/v2\/types\/page"}],"author":[{"embeddable":true,"href":"https:\/\/www.padel-test.de\/pt\/wp-json\/wp\/v2\/users\/1"}],"replies":[{"embeddable":true,"href":"https:\/\/www.padel-test.de\/pt\/wp-json\/wp\/v2\/comments?post=18252"}],"version-history":[{"count":0,"href":"https:\/\/www.padel-test.de\/pt\/wp-json\/wp\/v2\/pages\/18252\/revisions"}],"up":[{"embeddable":true,"href":"https:\/\/www.padel-test.de\/pt\/wp-json\/wp\/v2\/pages\/18251"}],"wp:attachment":[{"href":"https:\/\/www.padel-test.de\/pt\/wp-json\/wp\/v2\/media?parent=18252"}],"curies":[{"name":"wp","href":"https:\/\/api.w.org\/{rel}","templated":true}]}}