{"id":18254,"date":"2022-02-07T14:50:37","date_gmt":"2022-02-07T14:50:37","guid":{"rendered":"http:\/\/www.padel-test.de\/padel-wissen\/padel-fans\/arjen-robben-padel\/"},"modified":"2022-10-31T22:03:43","modified_gmt":"2022-10-31T22:03:43","slug":"arjen-robben-padel","status":"publish","type":"page","link":"https:\/\/www.padel-test.de\/pt\/conhecimentos-de-padel\/adeptos-do-padel\/arjen-robben-padel\/","title":{"rendered":"Arjen Robben Padel"},"content":{"rendered":"<p><strong>Arjen Robben<\/strong>: No m\u00e1ximo desde a sua apari\u00e7\u00e3o como <a href=\"\/pt\/noticias-de-padel\/padel-tennis-que-ser-milionario\/\">Padel-Joker bei &#8222;Wer wird Million\u00e4r&#8220;<\/a> metade da Alemanha sabe que Arjen Robben tamb\u00e9m \u00e9 um f\u00e3 entusiasta do padel.<\/p>\n<p>&nbsp;<\/p>\n<p>Em breve publicaremos algumas fotos e v\u00eddeos do ex-jogador de futebol holand\u00eas e agora entusiasta do padel.<\/p>\n<p>&nbsp;<\/p>\n<p>Fique atento!<\/p>\n<p>&nbsp;<\/p>\n<p>A prop\u00f3sito, aqui est\u00e3o algumas informa\u00e7\u00f5es sobre <a href=\"\/pt\/noticias-de-padel\/mapa-dos-tribunais-de-remo-nos-paises-baixos\/\">Padel Tennis na Holanda<\/a>!<\/p>\n<p>&nbsp;<\/p>\n<h3>E aqui voc\u00ea pode encontrar mais destaque <a href=\"\/pt\/conhecimentos-de-padel\/adeptos-do-padel\/\">Ventiladores Padel<\/a> como J\u00fcrgen Klopp ou Zinedine Zidane<\/h3>","protected":false},"excerpt":{"rendered":"<p>Arjen Robben: Sp\u00e4testens seit seinem Auftritt als Padel-Joker bei &#8222;Wer wird Million\u00e4r&#8220; wei\u00df halb Deutschland, dass auch Arjen Robben begeisterter Padel Fan ist. &nbsp; In K\u00fcrze werden wir hier ein paar Photos und Videos des holl\u00e4ndischen Ex-Fu\u00dfball Profis und nun Padel Enthusiasten posten. &nbsp; Stay tuned! &nbsp; Hier \u00fcbrigens ein paar Infos \u00fcber Padel Tennis&hellip;<\/p>","protected":false},"author":1,"featured_media":0,"parent":18251,"menu_order":0,"comment_status":"closed","ping_status":"closed","template":"","meta":{"_acf_changed":false,"_sitemap_exclude":false,"_sitemap_priority":"","_sitemap_frequency":"","_analytify_skip_tracking":false,"footnotes":""},"class_list":["post-18254","page","type-page","status-publish","hentry"],"acf":[],"_links":{"self":[{"href":"https:\/\/www.padel-test.de\/pt\/wp-json\/wp\/v2\/pages\/18254","targetHints":{"allow":["GET"]}}],"collection":[{"href":"https:\/\/www.padel-test.de\/pt\/wp-json\/wp\/v2\/pages"}],"about":[{"href":"https:\/\/www.padel-test.de\/pt\/wp-json\/wp\/v2\/types\/page"}],"author":[{"embeddable":true,"href":"https:\/\/www.padel-test.de\/pt\/wp-json\/wp\/v2\/users\/1"}],"replies":[{"embeddable":true,"href":"https:\/\/www.padel-test.de\/pt\/wp-json\/wp\/v2\/comments?post=18254"}],"version-history":[{"count":0,"href":"https:\/\/www.padel-test.de\/pt\/wp-json\/wp\/v2\/pages\/18254\/revisions"}],"up":[{"embeddable":true,"href":"https:\/\/www.padel-test.de\/pt\/wp-json\/wp\/v2\/pages\/18251"}],"wp:attachment":[{"href":"https:\/\/www.padel-test.de\/pt\/wp-json\/wp\/v2\/media?parent=18254"}],"curies":[{"name":"wp","href":"https:\/\/api.w.org\/{rel}","templated":true}]}}