{"id":19807,"date":"2022-11-13T21:43:08","date_gmt":"2022-11-13T21:43:08","guid":{"rendered":"https:\/\/www.padel-test.de\/?page_id=19807"},"modified":"2022-11-13T21:47:51","modified_gmt":"2022-11-13T21:47:51","slug":"padel-tennis-declaracao","status":"publish","type":"page","link":"https:\/\/www.padel-test.de\/pt\/conhecimentos-de-padel\/padel-tennis-declaracao\/","title":{"rendered":"Declara\u00e7\u00e3o de Padel T\u00e9nis"},"content":{"rendered":"<p><strong>Explica\u00e7\u00e3o do padel - na verdade, o padel \u00e9 explicado de forma muito simples:<\/strong><\/p>\n<p>O t\u00e9nis Padel \u00e9 um jogo r\u00e1pido e emocionante que est\u00e1 a cativar cada vez mais pessoas. Originalmente <a href=\"\/pt\/conhecimentos-de-padel\/historia-do-padel\/\">Padel Tennis desenvolvido no M\u00e9xico<\/a>mas tem ganho grande popularidade nos \u00faltimos anos, primeiro em Espanha, depois em toda a Europa e outras partes do mundo.<\/p>\n<p>O t\u00e9nis Padel \u00e9 uma mistura de t\u00e9nis e squash e \u00e9 jogado num pequeno campo com paredes de vidro altas complementadas por uma esp\u00e9cie de grelha no topo. O <a href=\"\/pt\/conhecimentos-de-padel\/regras-do-padel\/\">Regras Padel<\/a> s\u00e3o semelhantes ao t\u00e9nis, mas existem algumas diferen\u00e7as importantes que tornam o jogo mais excitante. Neste artigo vamos explicar algumas das no\u00e7\u00f5es b\u00e1sicas do padel t\u00e9nis.<\/p>\n<p>O padel \u00e9 um jogo r\u00e1pido e emocionante baseado no princ\u00edpio do t\u00e9nis. \u00c9 jogado com quatro jogadores - dois de cada lado - que jogam sobre uma rede no centro do campo. Cada equipa \u00e9 constitu\u00edda por dois jogadores, e cada jogador tem a sua pr\u00f3pria <a href=\"\/pt\/conhecimentos-de-padel\/batedor-de-pa\/\">Raquete de Padel<\/a>. O Padel \u00e9 um jogo de costas em que os jogadores se revezam a bater uma bola por cima da rede e tentam jogar a bola para que o advers\u00e1rio n\u00e3o a possa alcan\u00e7ar.<\/p>\n<p>Nos \u00faltimos anos, o n\u00famero de jogadores de padel aumentou rapidamente, tanto em Espanha como noutros pa\u00edses. Na Europa, depois da Espanha, a It\u00e1lia e a Su\u00e9cia s\u00e3o os pa\u00edses que mais gostam do padel, mas os franceses e os portugueses tamb\u00e9m adoram o padel! Na Alemanha, \u00c1ustria e Su\u00ed\u00e7a, o boom do padel come\u00e7ou um pouco mais tarde - mas o crescimento de novos campos de padel e locais de padel \u00e9 agora tamb\u00e9m enorme nos pa\u00edses de l\u00edngua alem\u00e3!<\/p>\n<p>Porque: Padel \u00e9 O desporto perfeito para todas as idades e n\u00edveis de per\u00edcia. \u00c9 uma \u00f3ptima forma de se manter em forma (muito mais f\u00e1cil nas articula\u00e7\u00f5es do que no t\u00e9nis e ainda mais no squash) e de se divertir muito.<\/p>\n<p>E: Padel oferece uma grande oportunidade para conhecer novas pessoas.<\/p>\n<p>Isto deve-se aos muitos torneios divertidos que se realizam a todos os n\u00edveis e onde pode rapidamente encontrar novos amigos desportivos \ud83d\ude42<\/p>\n<p>&nbsp;<\/p>\n<h2>Hist\u00f3ria do Padel T\u00e9nis<\/h2>\n<p>O padel \u00e9 um jogo relativamente novo que foi desenvolvido no M\u00e9xico na d\u00e9cada de 1970. O padel \u00e9 uma combina\u00e7\u00e3o de t\u00e9nis e squash. Os primeiros campos de padel foram constru\u00eddos no M\u00e9xico - embora tivessem um aspeto muito diferente dos campos de padel actuais! Na d\u00e9cada de 1980, o jogo foi transferido da Am\u00e9rica Central para Espanha, onde rapidamente se tornou popular.<\/p>\n<p>Actualmente, existem milhares de tribunais de padel em todo o mundo.<\/p>\n<p>&nbsp;<\/p>\n<h3>Padel T\u00e9nis Hoje<\/h3>\n<p>O t\u00e9nis de Padel \u00e9 agora um dos desportos mais populares em Espanha (agora mesmo muito \u00e0 frente do t\u00e9nis!), Am\u00e9rica do Sul e Am\u00e9rica Central, e tamb\u00e9m em muitos outros pa\u00edses em todo o mundo. Apesar dos n\u00fameros impressionantes, o t\u00e9nis de padel est\u00e1 a crescer e a crescer!<\/p>\n<p>Atualmente, principalmente na Europa e nos pa\u00edses \u00e1rabes. Em pa\u00edses de grande dimens\u00e3o como os EUA, a China, a R\u00fassia e a \u00cdndia, o padel continua a ser um desporto discreto, pelo que existe ainda um enorme potencial de crescimento!<\/p>\n<p>Provavelmente dentro de alguns anos haver\u00e1 mais de 100 milh\u00f5es de jogadores de padel em todo o mundo!<\/p>\n<p>&nbsp;<\/p>\n<h3>Porque \u00e9 que o t\u00e9nis de padel \u00e9 t\u00e3o popular?<\/h3>\n<p>O padel \u00e9 t\u00e3o popular porque se pode praticar este desporto \"s\u00f3 por divers\u00e3o\", mas tamb\u00e9m profissionalmente. Pode queimar muitas calorias num curto espa\u00e7o de tempo e exercitar-se verdadeiramente. O padel \u00e9 tamb\u00e9m um desporto muito social: joga-se a quatro num espa\u00e7o muito mais pequeno do que o do t\u00e9nis e os v\u00e1rios tipos de torneios (por exemplo, o Americano) e o ambiente soci\u00e1vel significam que se tem constantemente a oportunidade de conhecer novas pessoas.<\/p>\n<p>E o melhor para principiantes: ap\u00f3s apenas 20 minutos de instru\u00e7\u00e3o, os principiantes podem come\u00e7ar a sua primeira partida.<\/p>\n<p>E ter\u00e1 tanta divers\u00e3o como os melhores jogadores. Promessa!<\/p>\n<p>&nbsp;<\/p>\n<h3>Onde se pode jogar t\u00e9nis de padel?<\/h3>\n<p>O t\u00e9nis Padel pode basicamente ser jogado em muitos lugares diferentes. Em Espanha, Argentina e outros pa\u00edses onde o boom do padel come\u00e7ou cedo, tamb\u00e9m se podem encontrar tribunais de padel em muitas pequenas cidades e aldeias.<\/p>\n<p>Nos \"novos\" pa\u00edses do padel, como a Alemanha, a maioria dos campos de padel situa-se nas \u00e1reas metropolitanas.<\/p>\n<p>Mas gra\u00e7as ao nosso <strong>Cart\u00f5es de t\u00e9nis Padel<\/strong> pode encontrar rapidamente o tribunal de padel mais pr\u00f3ximo:<\/p>\n<ul>\n<li><a href=\"\/pt\/locais-de-padel-na-alemanha\/\">Padel Courts Alemanha Mapa<\/a><\/li>\n<li><a href=\"\/pt\/campos-de-paddle-na-austria\/\">Mapa de Padel Courts \u00c1ustria<\/a><\/li>\n<li><a href=\"\/pt\/campos-de-padel-na-suica\/\">Mapa Padel Courts Switzerland<\/a><\/li>\n<li><a href=\"\/pt\/tribunais-de-padel-internacionais\/\">Mapa internacional dos tribunais de Padel<\/a><\/li>\n<\/ul>","protected":false},"excerpt":{"rendered":"<p>Explica\u00e7\u00e3o do padel - O padel \u00e9 explicado de forma muito simples: o padel \u00e9 um jogo r\u00e1pido e emocionante que cativa cada vez mais pessoas. O padel foi originalmente desenvolvido no M\u00e9xico, mas tornou-se muito popular nos \u00faltimos anos, primeiro em Espanha e depois em toda a Europa e noutras partes do mundo....<\/p>","protected":false},"author":1,"featured_media":0,"parent":18170,"menu_order":0,"comment_status":"closed","ping_status":"closed","template":"","meta":{"_acf_changed":false,"_sitemap_exclude":false,"_sitemap_priority":"","_sitemap_frequency":"","_analytify_skip_tracking":false,"footnotes":""},"class_list":["post-19807","page","type-page","status-publish","hentry"],"acf":[],"_links":{"self":[{"href":"https:\/\/www.padel-test.de\/pt\/wp-json\/wp\/v2\/pages\/19807","targetHints":{"allow":["GET"]}}],"collection":[{"href":"https:\/\/www.padel-test.de\/pt\/wp-json\/wp\/v2\/pages"}],"about":[{"href":"https:\/\/www.padel-test.de\/pt\/wp-json\/wp\/v2\/types\/page"}],"author":[{"embeddable":true,"href":"https:\/\/www.padel-test.de\/pt\/wp-json\/wp\/v2\/users\/1"}],"replies":[{"embeddable":true,"href":"https:\/\/www.padel-test.de\/pt\/wp-json\/wp\/v2\/comments?post=19807"}],"version-history":[{"count":0,"href":"https:\/\/www.padel-test.de\/pt\/wp-json\/wp\/v2\/pages\/19807\/revisions"}],"up":[{"embeddable":true,"href":"https:\/\/www.padel-test.de\/pt\/wp-json\/wp\/v2\/pages\/18170"}],"wp:attachment":[{"href":"https:\/\/www.padel-test.de\/pt\/wp-json\/wp\/v2\/media?parent=19807"}],"curies":[{"name":"wp","href":"https:\/\/api.w.org\/{rel}","templated":true}]}}