{"id":19840,"date":"2022-11-16T17:56:25","date_gmt":"2022-11-16T17:56:25","guid":{"rendered":"https:\/\/www.padel-test.de\/?page_id=19840"},"modified":"2022-11-16T17:58:11","modified_gmt":"2022-11-16T17:58:11","slug":"padbol","status":"publish","type":"page","link":"https:\/\/www.padel-test.de\/pt\/conhecimentos-de-padel\/padbol\/","title":{"rendered":"Padbol"},"content":{"rendered":"<p><strong>Padbol<\/strong> \u00e9 um desporto relacionado com o t\u00e9nis de padel, que tamb\u00e9m \u00e9 frequentemente praticado em clubes de padel, mas tamb\u00e9m em clubes de futebol.<\/p>\n<p>Porque: O Padbol \u00e9 basicamente uma mistura de padel, t\u00e9nis, futebol e voleibol.<\/p>\n<p>E o padbol \u00e9, naturalmente, o mais jovem destes desportos - o pabol s\u00f3 foi \"inventado\" em La Plata em 2008.<\/p>\n<p>&nbsp;<\/p>\n<h2>Onde \u00e9 tocado o Padbol?<\/h2>\n<p>Especialmente na Argentina, de onde o desporto tamb\u00e9m prov\u00e9m.<\/p>\n<p>Os campos de Padbol encontram-se atualmente em todo o mundo - incluindo Alemanha, \u00c1ustria, Uruguai, Paraguai, M\u00e9xico, Espanha, Portugal, It\u00e1lia, B\u00e9lgica, Dinamarca, Fran\u00e7a, Su\u00e9cia, Su\u00ed\u00e7a e EUA.<\/p>\n<p>&nbsp;<\/p>\n<h3>Hist\u00f3ria do Padbol<\/h3>\n<p>A Padbol foi fundada em 2008 por Gustavo Miguens em La Plata, Argentina. O primeiro lan\u00e7amento foi constru\u00eddo em 2011 e outras cidades argentinas como Rojas, Punta Alta e Buenos Aires seguiram-se.<\/p>\n<p>Depois vieram as primeiras baratas de Padbol no estrangeiro: como com o <a href=\"\/pt\/conhecimentos-de-padel\/tenis-de-padel\/\">Padel T\u00e9nis<\/a> A Espanha foi o primeiro pa\u00eds europeu onde o Padbol foi estabelecido com sucesso. Outros pa\u00edses da Europa e de todo o mundo seguiram-se rapidamente.<\/p>\n<p>O primeiro Campeonato do Mundo de Padbol teve lugar em 2013 - no seu local de origem, em La Plata, Argentina, claro!<\/p>\n<p>Os primeiros campe\u00f5es mundiais foram o par espanhol Oca\u00f1a e Palacios.<\/p>\n<p>Entretanto, h\u00e1 tamb\u00e9m o <a href=\"https:\/\/europeanpadboltour.com\/\" target=\"_blank\" rel=\"nofollow noopener\">Volta \u00e0 Europa de Padbol<\/a>!<\/p>\n<p>&nbsp;<\/p>\n<h3>Regras de Padbol<\/h3>\n<p><strong>Campo de jogo<\/strong><\/p>\n<p>O passo \u00e9 um rect\u00e2ngulo de 10 metros de comprimento e 6 metros de largura (dimens\u00f5es interiores). \u00c9 dividido transversalmente por uma rede suspensa de um arame com um di\u00e2metro m\u00e1ximo de 1 cm, cujas extremidades s\u00e3o fixadas a dois postes de apoio, cujas partes interiores coincidem com os limites laterais do passo. em cada canto do passo h\u00e1 uma empena e duas paredes laterais fixadas a ela.<\/p>\n<p>A empena e as paredes laterais devem ter pelo menos 2,50 metros de altura e corresponder umas \u00e0s outras.<\/p>\n<p>A altura da rede situa-se entre 90 e 100 cent\u00edmetros no meio e um m\u00e1ximo de 100 cm nas extremidades.<\/p>\n<p>Deve haver pelo menos um acesso \u00e0 via com uma largura m\u00ednima de 0,60 metros e uma altura de 2 metros por lado.<\/p>\n<p>Pode ou n\u00e3o ter uma porta.<\/p>\n<p>&nbsp;<\/p>\n<p><strong>\u00c1reas<\/strong><\/p>\n<p>Existem tr\u00eas zonas: Zona de servi\u00e7o, zona de recep\u00e7\u00e3o e zona vermelha.<\/p>\n<ol>\n<li>Zona de servi\u00e7o : \u00c9 aqui que os servidores se devem encontrar para executar os seus servi\u00e7os e \u00e9 delimitada pela linha de 3,25 metros na rede, as paredes laterais e a parede inferior.<\/li>\n<li>\u00c1rea de recep\u00e7\u00e3o : Localizada entre a rede, a linha de servi\u00e7o central, a linha que vai de lado a lado da via (largura) e o vidro lateral e\/ou o fechamento da parede da fronteira. As linhas marcadas no ch\u00e3o est\u00e3o inclu\u00eddas na caixa v\u00e1lida durante muito tempo.<\/li>\n<li>Zona vermelha : A \u00e1rea que forma um metro para a rede de cada lado, delimitada por uma linha entre o corte e a largura de todo o campo. Deve ser vermelha.<br \/>\nBola<\/li>\n<\/ol>\n<p>&nbsp;<\/p>\n<p><strong>Bola de Padbol<\/strong><\/p>\n<p>A bola deve ter uma superf\u00edcie exterior uniforme e ser branca ou amarela.<\/p>\n<p>A sua circunfer\u00eancia \u00e9 de 670 mm e deve ser feita de poliuretano; o seu peso pode situar-se entre 380 gramas e 400 gramas.<\/p>\n<p>&nbsp;<\/p>\n<p><strong>O Padbol num relance:<\/strong><\/p>\n<ul>\n<li>Jogadores: 4. jogados em formato duplo.<\/li>\n<li>Serve: O servi\u00e7o deve ser desleal. \u00c9 permitido um segundo saque em caso de falha, como no t\u00e9nis.<\/li>\n<li>Pontos: O m\u00e9todo de pontua\u00e7\u00e3o \u00e9 o mesmo que no t\u00e9nis. Os jogos passam por tr\u00eas sets.<\/li>\n<li>Bola: Futebol, mas mais pequena<\/li>\n<li>Tribunais: Existem dois tipos de tribunais: Tribunais interiores e exteriores<\/li>\n<li>Paredes: As paredes ou veda\u00e7\u00f5es fazem parte do jogo.<\/li>\n<\/ul>\n<p>&nbsp;<\/p>\n<h3>V\u00eddeo do Padbol<\/h3>\n<p>E aqui pode observar directamente como os Champs jogam Padbol:<\/p>\n<p><iframe loading=\"lazy\" title=\"reprodutor de v\u00eddeo do YouTube\" src=\"https:\/\/www.youtube-nocookie.com\/embed\/1i9uilqN4mQ\" width=\"560\" height=\"315\" frameborder=\"0\" allowfullscreen=\"allowfullscreen\"><\/iframe><\/p>\n<p>O v\u00eddeo do Padbol \u00e9 do Padbol Nations Cup 2022 no <a href=\"\/pt\/localizacoes-do-padel-2\/padel-sportunion-wien\/\">Union Trendsportzentrum em Viena<\/a> ...realizado.<\/p>","protected":false},"excerpt":{"rendered":"<p>O padbol \u00e9 um desporto relacionado com o padel t\u00e9nis, que \u00e9 frequentemente praticado em clubes de padel, mas tamb\u00e9m em clubes de futebol. Isto porque o padbol \u00e9 basicamente uma mistura de padel, t\u00e9nis, futebol e voleibol. E o padbol \u00e9, naturalmente, o mais jovem destes desportos - o padel s\u00f3 foi \"inventado\" em La Plata em 2008.   Onde \u00e9 jogado o padbol? Antes...<\/p>","protected":false},"author":1,"featured_media":0,"parent":18170,"menu_order":0,"comment_status":"closed","ping_status":"closed","template":"","meta":{"_acf_changed":false,"_sitemap_exclude":false,"_sitemap_priority":"","_sitemap_frequency":"","_analytify_skip_tracking":false,"footnotes":""},"class_list":["post-19840","page","type-page","status-publish","hentry"],"acf":[],"_links":{"self":[{"href":"https:\/\/www.padel-test.de\/pt\/wp-json\/wp\/v2\/pages\/19840","targetHints":{"allow":["GET"]}}],"collection":[{"href":"https:\/\/www.padel-test.de\/pt\/wp-json\/wp\/v2\/pages"}],"about":[{"href":"https:\/\/www.padel-test.de\/pt\/wp-json\/wp\/v2\/types\/page"}],"author":[{"embeddable":true,"href":"https:\/\/www.padel-test.de\/pt\/wp-json\/wp\/v2\/users\/1"}],"replies":[{"embeddable":true,"href":"https:\/\/www.padel-test.de\/pt\/wp-json\/wp\/v2\/comments?post=19840"}],"version-history":[{"count":0,"href":"https:\/\/www.padel-test.de\/pt\/wp-json\/wp\/v2\/pages\/19840\/revisions"}],"up":[{"embeddable":true,"href":"https:\/\/www.padel-test.de\/pt\/wp-json\/wp\/v2\/pages\/18170"}],"wp:attachment":[{"href":"https:\/\/www.padel-test.de\/pt\/wp-json\/wp\/v2\/media?parent=19840"}],"curies":[{"name":"wp","href":"https:\/\/api.w.org\/{rel}","templated":true}]}}