{"id":20232,"date":"2023-01-09T10:20:00","date_gmt":"2023-01-09T10:20:00","guid":{"rendered":"https:\/\/www.padel-test.de\/?page_id=20232"},"modified":"2023-01-09T10:21:34","modified_gmt":"2023-01-09T10:21:34","slug":"custos-de-construcao-de-campos-de-tenis","status":"publish","type":"page","link":"https:\/\/www.padel-test.de\/pt\/conhecimentos-de-padel\/custos-de-construcao-de-campos-de-tenis\/","title":{"rendered":"Constru\u00e7\u00e3o de um campo de t\u00e9nis - custos"},"content":{"rendered":"<p><strong>Custos do campo de t\u00e9nis<\/strong>A constru\u00e7\u00e3o de um campo de t\u00e9nis \u00e9 um neg\u00f3cio caro. O custo depende, evidentemente, da dimens\u00e3o e complexidade do campo - mas a regi\u00e3o onde o campo vai ser constru\u00eddo e o tipo de constru\u00e7\u00e3o tamb\u00e9m desempenham um papel. Nas zonas urbanas, o custo de constru\u00e7\u00e3o de um campo de t\u00e9nis \u00e9 frequentemente mais elevado do que nas zonas rurais. Para um or\u00e7amento aproximado, \u00e9 necess\u00e1rio planear entre 25.000 e 80.000 euros. No entanto, existem tamb\u00e9m op\u00e7\u00f5es significativamente mais caras.<\/p>\n<p>Os aspectos mais dispendiosos da constru\u00e7\u00e3o de um campo de t\u00e9nis incluem a terraplenagem, drenagem e funda\u00e7\u00e3o do campo. Outro factor importante na constru\u00e7\u00e3o de um campo de t\u00e9nis \u00e9 o tipo de tratamento de superf\u00edcie. O asfalto \u00e9 utilizado em muitos tribunais recentemente constru\u00eddos nos dias de hoje. Contudo, o asfalto \u00e9 tamb\u00e9m significativamente mais caro do que outras op\u00e7\u00f5es de tratamento, tais como pedra britada ou mistura de pol\u00edmeros betuminosos (EPDM). Assim, em m\u00e9dia, a constru\u00e7\u00e3o de um campo de t\u00e9nis de asfalto custa cerca de 30-60 euros por m2, enquanto que campos de t\u00e9nis semelhantes de gravilha ou EPDM custariam cerca de 15 euros por m2.<\/p>\n<p>Tendencialmente, um campo de barro ou cinza \u00e9 mais barato do que um campo de relva artificial.<\/p>\n<p>A constru\u00e7\u00e3o de um campo de t\u00e9nis profissional de barro, por exemplo, pode custar at\u00e9 150.000 euros se incluir elementos mais sofisticados como campos de barro aquecidos ou sistemas de ilumina\u00e7\u00e3o. Evidentemente, o custo de constru\u00e7\u00e3o do tribunal n\u00e3o \u00e9 apenas determinado pela compra do material e pelo aluguer do equipamento, mas tamb\u00e9m pelo trabalho do pessoal profissional necess\u00e1rio para construir e manter o tribunal.<\/p>\n<p>&nbsp;<\/p>\n<h2>Custos aproximados para a constru\u00e7\u00e3o de um campo de t\u00e9nis:<\/h2>\n<ul>\n<li>Constru\u00e7\u00e3o do campo de t\u00e9nis - aproximadamente 15,000 a 23,000 euros<\/li>\n<li>Superf\u00edcie da quadra de t\u00e9nis (cinza\/areia, relva artificial, mistura betumino-pol\u00edmero (EPDM), quadra dura) 8.000 a 30.000 euros<\/li>\n<li>Rede de t\u00e9nis completa com posts de 1.000 a 1.500 euros<\/li>\n<li>Sistema de aspersores de campo de t\u00e9nis2.5000 a 5.000 euros<\/li>\n<li>Ilumina\u00e7\u00e3o LED por campo de t\u00e9nis 10,000 a 15,000 euros<\/li>\n<\/ul>\n<p>&nbsp;<\/p>\n<h3>Constru\u00e7\u00e3o de campos de t\u00e9nis de bricolage<\/h3>\n<p>Tamb\u00e9m \u00e9 poss\u00edvel abordar a constru\u00e7\u00e3o de um campo de t\u00e9nis como um projecto de bricolage, mas mesmo assim h\u00e1 custos a considerar: Tem de comprar materiais como redes, materiais de marca\u00e7\u00e3o de linhas e pinos; tamb\u00e9m tem de considerar se pretende uma superf\u00edcie especial ou se est\u00e1 a trabalhar com o terreno existente - todos estes factores podem afectar o pre\u00e7o. Algumas das pe\u00e7as individuais tais como redes, linhas, etc. podem ser encomendadas a baixo pre\u00e7o em Alibaba ou em mercados semelhantes.<\/p>\n<p>No entanto, os prazos de entrega podem ser significativamente mais longos do que quando se encomenda localmente a um construtor de campos de t\u00e9nis experiente. As devolu\u00e7\u00f5es e os pedidos de garantia s\u00e3o tamb\u00e9m mais dif\u00edceis de arranjar quando se encomenda pela Internet do que quando se encomenda atrav\u00e9s de parceiros locais.<\/p>\n<p>Em \u00faltima an\u00e1lise, construir um campo de t\u00e9nis \u00e9 um investimento - n\u00e3o s\u00f3 em dinheiro, mas tamb\u00e9m em tempo e energia - mas vale a pena!<\/p>\n<p>Se fizer a escolha certa e desenhar o seu campo de t\u00e9nis para lhe dar muito prazer a si e aos outros jogadores, ter\u00e1 uma fonte de actividade desportiva durante muitos anos!<\/p>\n<p>&nbsp;<\/p>\n<h3>Construir Tribunal de Padel<\/h3>\n<p>Se preferir construir um campo de padel, podemos fornecer-lhe informa\u00e7\u00f5es sobre os custos de constru\u00e7\u00e3o de um campo de t\u00e9nis de padel e nomear alguns parceiros que j\u00e1 t\u00eam muita experi\u00eancia na constru\u00e7\u00e3o de campos de t\u00e9nis de padel.<\/p>\n<ul>\n<li><a href=\"\/pt\/conhecimentos-de-padel\/despesas-judiciais-de-remo\/\">Custos do Tribunal de Padel<\/a><\/li>\n<li><a href=\"\/pt\/construtor-de-cursos-de-padel-2\/\">Construtor do tribunal de Padel<\/a><\/li>\n<\/ul>","protected":false},"excerpt":{"rendered":"<p>Custos dos campos de t\u00e9nis: A constru\u00e7\u00e3o de um campo de t\u00e9nis \u00e9 um neg\u00f3cio caro. O custo depende, evidentemente, da dimens\u00e3o e complexidade do tribunal - mas a regi\u00e3o onde o tribunal vai ser constru\u00eddo e o tipo de constru\u00e7\u00e3o tamb\u00e9m desempenham um papel. Nas zonas urbanas, o custo de constru\u00e7\u00e3o de um campo de t\u00e9nis \u00e9 muitas vezes mais elevado do que em...<\/p>","protected":false},"author":1,"featured_media":12017,"parent":18170,"menu_order":0,"comment_status":"closed","ping_status":"closed","template":"","meta":{"_acf_changed":false,"_sitemap_exclude":false,"_sitemap_priority":"","_sitemap_frequency":"","_analytify_skip_tracking":false,"footnotes":""},"class_list":["post-20232","page","type-page","status-publish","has-post-thumbnail","hentry"],"acf":[],"_links":{"self":[{"href":"https:\/\/www.padel-test.de\/pt\/wp-json\/wp\/v2\/pages\/20232","targetHints":{"allow":["GET"]}}],"collection":[{"href":"https:\/\/www.padel-test.de\/pt\/wp-json\/wp\/v2\/pages"}],"about":[{"href":"https:\/\/www.padel-test.de\/pt\/wp-json\/wp\/v2\/types\/page"}],"author":[{"embeddable":true,"href":"https:\/\/www.padel-test.de\/pt\/wp-json\/wp\/v2\/users\/1"}],"replies":[{"embeddable":true,"href":"https:\/\/www.padel-test.de\/pt\/wp-json\/wp\/v2\/comments?post=20232"}],"version-history":[{"count":0,"href":"https:\/\/www.padel-test.de\/pt\/wp-json\/wp\/v2\/pages\/20232\/revisions"}],"up":[{"embeddable":true,"href":"https:\/\/www.padel-test.de\/pt\/wp-json\/wp\/v2\/pages\/18170"}],"wp:featuredmedia":[{"embeddable":true,"href":"https:\/\/www.padel-test.de\/pt\/wp-json\/wp\/v2\/media\/12017"}],"wp:attachment":[{"href":"https:\/\/www.padel-test.de\/pt\/wp-json\/wp\/v2\/media?parent=20232"}],"curies":[{"name":"wp","href":"https:\/\/api.w.org\/{rel}","templated":true}]}}