{"id":20933,"date":"2024-02-04T21:57:55","date_gmt":"2024-02-04T21:57:55","guid":{"rendered":"https:\/\/www.padel-test.de\/?page_id=20933"},"modified":"2024-02-04T22:01:47","modified_gmt":"2024-02-04T22:01:47","slug":"padel-ou-tenis-a-grande-comparacao-que-desporto-e-mais-facil-de-aprender-ou-mais-divertido-de-jogar","status":"publish","type":"page","link":"https:\/\/www.padel-test.de\/pt\/conhecimentos-de-padel\/padel-ou-tenis-a-grande-comparacao-que-desporto-e-mais-facil-de-aprender-ou-mais-divertido-de-jogar\/","title":{"rendered":"Padel ou t\u00e9nis? A grande compara\u00e7\u00e3o: que desporto \u00e9 melhor, mais f\u00e1cil de aprender ou mais divertido?"},"content":{"rendered":"<p><strong>Em compara\u00e7\u00e3o, o padel e o t\u00e9nis:<\/strong> Dois desportos de raquete que partilham o que \u00e9 necess\u00e1rio - uma raquete, uma bola e a vontade absoluta de superar o seu advers\u00e1rio com um golpe h\u00e1bil. Enquanto o t\u00e9nis, com o seu prest\u00edgio secular, sa\u00fada o mundo desportivo como um cavalheiro distinto em Wimbledon, o padel entra em cena com um piscar de olhos e um \"high-five\" casual.<\/p>\n<p>\u00c9 como se o T\u00e9nis fosse o irm\u00e3o mais velho que se esfor\u00e7a por manter a tradi\u00e7\u00e3o, enquanto o Padel \u00e9 o irm\u00e3o mais novo, de esp\u00edrito livre, que desafia a fam\u00edlia para um jogo no quintal.<\/p>\n<p>Ambos proporcionam horas intermin\u00e1veis de entretenimento, mas as suas personalidades n\u00e3o podiam ser mais diferentes.<\/p>\n<p>&nbsp;<\/p>\n<h2>Vantagens e desvantagens do padel:<\/h2>\n<p><strong>Vantagens:<\/strong><br \/>\n1. Mais f\u00e1cil de aprender: O padel \u00e9 geralmente mais f\u00e1cil de aprender do que o t\u00e9nis, uma vez que as raquetes s\u00e3o mais pequenas e mais f\u00e1ceis de manusear e tamb\u00e9m \u00e9 poss\u00edvel jogar as bolas contra as paredes. Isto permite que os principiantes progridam mais rapidamente.<br \/>\n2. menor risco de les\u00f5es: o Padel \u00e9 geralmente considerado um desporto seguro, adequado tamb\u00e9m para atletas mais velhos.<br \/>\n3. jogo social: o padel \u00e9 um desporto de equipa que \u00e9 frequentemente praticado em pares. Promove a intera\u00e7\u00e3o social, refor\u00e7a o esp\u00edrito de equipa e \u00e9 divertido porque se joga sempre com outras pessoas.<\/p>\n<p><strong>Desvantagens:<\/strong><br \/>\n1. Popularidade limitada: O padel \u00e9 menos conhecido e menos difundido do que o t\u00e9nis em alguns pa\u00edses. Este facto pode significar que h\u00e1 menos oportunidades para jogar padel ou para competir com outros jogadores.<br \/>\n2. menor capacidade atl\u00e9tica: os campos de padel s\u00e3o mais pequenos do que os de t\u00e9nis, o que significa menos corrida. Os jogadores n\u00e3o t\u00eam de percorrer dist\u00e2ncias t\u00e3o longas para chegar \u00e0 bola.<br \/>\n3. oportunidades de carreira profissional limitadas: O Padel ainda n\u00e3o tem um cen\u00e1rio de torneios profissionais t\u00e3o estabelecido e extenso como o t\u00e9nis. Este facto pode constituir uma limita\u00e7\u00e3o para os jogadores que pretendam seguir uma carreira no desporto profissional. No entanto, o padel est\u00e1 a crescer e a tornar-se cada vez mais profissional.<\/p>\n<h3><\/h3>\n<h3>Vantagens e desvantagens do t\u00e9nis:<\/h3>\n<p><strong>Vantagens:<\/strong><br \/>\n1. versatilidade desportiva: O t\u00e9nis oferece uma vasta gama de t\u00e9cnicas de batida, estrat\u00e9gias de jogo e desafios f\u00edsicos. Exige for\u00e7a e resist\u00eancia e oferece muitas oportunidades para desenvolver capacidades t\u00e9cnicas e atl\u00e9ticas.<br \/>\n2. Maior popularidade: O t\u00e9nis \u00e9 um dos desportos mais populares do mundo, com um grande n\u00famero de jogadores e f\u00e3s. Isto significa que h\u00e1 mais oportunidades para jogar t\u00e9nis, competir e fazer parte de uma comunidade de t\u00e9nis ativa.<br \/>\n3. oportunidades de carreira profissional: O t\u00e9nis tem um cen\u00e1rio de torneios profissionais estabelecido, com in\u00fameras oportunidades para se estabelecer como jogador profissional e ser financeiramente bem sucedido.<\/p>\n<p><strong>Desvantagens:<\/strong><br \/>\n1. Mais dif\u00edcil de aprender: O t\u00e9nis requer mais tempo e pr\u00e1tica para dominar as t\u00e9cnicas b\u00e1sicas de jogo. As raquetes maiores e as bolas mais r\u00e1pidas podem tornar o processo de aprendizagem mais dif\u00edcil para os principiantes.<br \/>\n2. Maior risco de les\u00f5es: O t\u00e9nis \u00e9 jogado em superf\u00edcies muito diferentes, o que aumenta o risco de les\u00f5es provocadas por movimentos r\u00e1pidos e paragens bruscas (campos duros) e escorregadelas (campos de relva e de terra batida), especialmente nos campos de relva e de terra batida.<br \/>\n3. competi\u00e7\u00e3o individual: o t\u00e9nis \u00e9 frequentemente jogado em singulares, o que implica menos intera\u00e7\u00e3o social e trabalho de equipa. Alguns jogadores podem considerar este facto menos divertido ou menos motivador.<\/p>\n<p>&nbsp;<\/p>\n<h3>Numerosos desportistas utilizam o t\u00e9nis e o padel como equil\u00edbrio ao futebol.<\/h3>\n<p>Eis alguns exemplos bem conhecidos:<\/p>\n<ol>\n<li><strong>Zlatan Ibrahimovi\u0107<\/strong> - A estrela sueca do futebol \u00e9 conhecida pela sua paix\u00e3o pelo padel. At\u00e9 investiu em clubes de padel e mostra regularmente as suas capacidades no campo.<\/li>\n<li><strong>Gerard Piqu\u00e9<\/strong> - O antigo defesa espanhol de futebol tornou p\u00fablica a sua paix\u00e3o pelo padel e participa ativamente nos jogos.<\/li>\n<li><strong>Andr\u00e9s Iniesta<\/strong> - Mais um futebolista que demonstra o seu interesse e empenhamento no padel a par da sua carreira futebol\u00edstica.<\/li>\n<li><strong>Peter Sagan<\/strong> - O ciclista profissional eslovaco \u00e9 tamb\u00e9m um adepto do padel, o que mostra que o jogo tem um apelo para al\u00e9m do futebol.<\/li>\n<li><strong>Carlo Ancelotti<\/strong> - O treinador de futebol italiano, atualmente no Real Madrid, \u00e9 tamb\u00e9m um grande praticante de padel.<\/li>\n<\/ol>\n<p>&nbsp;<\/p>\n<h3>E os futebolistas profissionais alem\u00e3es tamb\u00e9m adoram padel:<\/h3>\n<ol>\n<li><strong>J\u00fcrgen Klopp<\/strong> - O treinador do Liverpool FC \u00e9 conhecido pela sua paix\u00e3o pelo padel e j\u00e1 o partilhou em entrevistas.<\/li>\n<li><strong>Thomas M\u00fcller<\/strong> - O jogador do FC Bayern de Munique tornou p\u00fablico o seu entusiasmo pelo padel.<\/li>\n<li><strong>Hansi Flick<\/strong> - O treinador de futebol alem\u00e3o, anteriormente no FC Bayern de Munique e atualmente na sele\u00e7\u00e3o alem\u00e3, \u00e9 tamb\u00e9m adepto do padel.<\/li>\n<li><strong>Mario G\u00f6tze<\/strong> - O futebolista profissional mostrou o seu amor pelo padel nas redes sociais.<\/li>\n<li>e muitos mais \ud83d\ude42<\/li>\n<\/ol>\n<p>https:\/\/www.padel-test.de\/padel-wissen\/padel-regeln\/<\/p>","protected":false},"excerpt":{"rendered":"<p>Uma compara\u00e7\u00e3o entre o padel e o t\u00e9nis: dois desportos de raquete que partilham o que \u00e9 necess\u00e1rio: uma raquete, uma bola e a vontade absoluta de vencer o advers\u00e1rio com um golpe h\u00e1bil. Enquanto o t\u00e9nis, com o seu prest\u00edgio secular, sa\u00fada o mundo desportivo como um cavalheiro distinto em Wimbledon, o padel aparece com uma piscadela de olho e um \"high-five\" casual...<\/p>","protected":false},"author":1,"featured_media":12017,"parent":18170,"menu_order":0,"comment_status":"closed","ping_status":"closed","template":"","meta":{"_acf_changed":false,"_sitemap_exclude":false,"_sitemap_priority":"","_sitemap_frequency":"","_analytify_skip_tracking":false,"footnotes":""},"class_list":["post-20933","page","type-page","status-publish","has-post-thumbnail","hentry"],"acf":[],"_links":{"self":[{"href":"https:\/\/www.padel-test.de\/pt\/wp-json\/wp\/v2\/pages\/20933","targetHints":{"allow":["GET"]}}],"collection":[{"href":"https:\/\/www.padel-test.de\/pt\/wp-json\/wp\/v2\/pages"}],"about":[{"href":"https:\/\/www.padel-test.de\/pt\/wp-json\/wp\/v2\/types\/page"}],"author":[{"embeddable":true,"href":"https:\/\/www.padel-test.de\/pt\/wp-json\/wp\/v2\/users\/1"}],"replies":[{"embeddable":true,"href":"https:\/\/www.padel-test.de\/pt\/wp-json\/wp\/v2\/comments?post=20933"}],"version-history":[{"count":0,"href":"https:\/\/www.padel-test.de\/pt\/wp-json\/wp\/v2\/pages\/20933\/revisions"}],"up":[{"embeddable":true,"href":"https:\/\/www.padel-test.de\/pt\/wp-json\/wp\/v2\/pages\/18170"}],"wp:featuredmedia":[{"embeddable":true,"href":"https:\/\/www.padel-test.de\/pt\/wp-json\/wp\/v2\/media\/12017"}],"wp:attachment":[{"href":"https:\/\/www.padel-test.de\/pt\/wp-json\/wp\/v2\/media?parent=20933"}],"curies":[{"name":"wp","href":"https:\/\/api.w.org\/{rel}","templated":true}]}}