{"id":18159,"date":"2017-10-26T09:39:36","date_gmt":"2017-10-26T09:39:36","guid":{"rendered":"http:\/\/www.padel-test.de\/padel-tennis\/"},"modified":"2022-11-28T21:31:13","modified_gmt":"2022-11-28T21:31:13","slug":"padeltennis","status":"publish","type":"page","link":"https:\/\/www.padel-test.de\/sv\/kunskap-om-padel\/padeltennis\/","title":{"rendered":"Padel tennis"},"content":{"rendered":"<p><strong>Padel Tennis<\/strong> \u00e4r en blandning av tennis och squash och har den stora f\u00f6rdelen att man verkligen kan komma ig\u00e5ng efter f\u00f6rsta tr\u00e4ningspasset. Padeltennis spelas alltid i fyror, d.v.s. tv\u00e5 dubbelpar spelar mot varandra. Man anv\u00e4nder bollar som \u00e4r s\u00e5 lika tennisbollar att man knappt kan se n\u00e5gon skillnad.<\/p>\r\n<p>Padel- och tennisbollar \u00e4r i princip samma sak - men de har olika lufttryck. <a href=\"https:\/\/www.padel-test.de\/sv\/kunskap-om-padel\/paddelbollar\/\">Padelkulor<\/a> \u00e4r n\u00e5got mjukare och studsar inte lika h\u00f6gt.<\/p>\r\n<p>H\u00e4r hittar du en f\u00f6rklaring av vad exakt <a href=\"\/sv\/kunskap-om-padel\/paddelbollar\/\">Skillnad mellan tennisbollar och padelbollar<\/a> \u00e4r.<\/p>\r\n<p>I padeltennis spelar man med padelracketar. Dessa \u00e4r ungef\u00e4r lika stora som racketar f\u00f6r baconbr\u00e4dor, v\u00e4ger 350 till 400 gram och \u00e4r vanligtvis tillverkade av kol och\/eller aluminium.<\/p>\r\n<p>H\u00e4r hittar du en exakt beskrivning av vad som \u00e4r speciellt med padelracketar och vilka <a href=\"\/sv\/kunskap-om-padel\/paddelslagare\/\">Padel Racket<\/a> passar b\u00e4st f\u00f6r vilken typ av spelare.<\/p>\r\n<p>Naturligtvis finns det andra likheter mellan padel och tennis. Till exempel r\u00e4knesystemet (0, 15, 30 och 40) eller seten, som spelas till 6 och avg\u00f6rs i ett tie break p\u00e5 6:6.<\/p>\r\n<p>&nbsp;<\/p>\r\n<p style=\"text-align: center;\"><strong>Padel Tennis Video<\/strong><\/p>\r\n<p><iframe loading=\"lazy\" title=\"YouTube-videospelare\" src=\"https:\/\/www.youtube.com\/embed\/P6yfa7rfc6o\" width=\"840\" height=\"473\" frameborder=\"0\" allowfullscreen=\"allowfullscreen\"><\/iframe><\/p>\r\n<h2>Padel Tennis<\/h2>\r\n<p>\u00c4ven om det finns m\u00e5nga likheter mellan tennis och padel s\u00e5 \u00f6verv\u00e4ger skillnaderna. Senast n\u00e4r du st\u00e5r p\u00e5 en padelbana f\u00f6r f\u00f6rsta g\u00e5ngen kommer du att m\u00e4rka <a href=\"\/sv\/kunskap-om-padel\/skillnader-tennis-padel\/\">Skillnader mellan tennis och padel<\/a> meddelande. Lyckligtvis l\u00e4ggs nya padelplatser till varje m\u00e5nad, s\u00e5 att du kan spela padeltennis n\u00e4ra dig.<\/p>\r\n<p>&nbsp;<\/p>\r\n<h3>Paddeltennis<\/h3>\r\n<p>Vissa kallar det fortfarande f\u00f6r paddeltennis eller paddeltennis. I tysktalande l\u00e4nder har dock padeltennis eller helt enkelt paddeltennis blivit popul\u00e4rt. <strong>Padel<\/strong> etablerad.<\/p>\r\n<p>Nedan f\u00f6ljer en \u00f6versikt \u00f6ver de viktigaste platserna f\u00f6r padeltennis:<\/p>\r\n<ul>\r\n<li><a href=\"\/sv\/padelbanor\/padel-tennis-berlin\/\">Padel Berlin<\/a><\/li>\r\n<li><a href=\"\/sv\/padelbanor\/padel-bremen\/\">Padel Bremen<\/a><\/li>\r\n<li><a href=\"\/sv\/padelbanor\/padel-cuxhaven\/\">Padel Cuxhaven<\/a><\/li>\r\n<li><a href=\"\/sv\/padelbanor\/padel-frankfurt\/\">Padel Frankfurt<\/a><\/li>\r\n<li><a href=\"\/sv\/padelbanor\/padel-hamburg\/\">Padel Hamburg<\/a><\/li>\r\n<li><a href=\"\/sv\/padelbanor\/padel-karlsruhe\/\">Padel Karlsruhe<\/a><\/li>\r\n<li><a href=\"\/sv\/padelbanor\/padel-koeln\/\">Padel K\u00f6ln<\/a><\/li>\r\n<li><a href=\"\/sv\/padelbanor\/padel-muenchen\/\">Padel M\u00fcnchen<\/a><\/li>\r\n<li><a href=\"\/sv\/padelbanor\/padel-ruhr-area\/\">Padel Ruhromr\u00e5det<\/a><\/li>\r\n<li><a href=\"\/sv\/padelbanor\/\">Karta \u00f6ver Padelbanor i Tyskland, \u00d6sterrike &amp; Schweiz<\/a><\/li>\r\n<li><a href=\"\/sv\/padelplatser-tyskland\/\">Padel Tyskland<\/a><\/li>\r\n<li><a href=\"\/sv\/paddelbanor-oesterrike\/\">Padel \u00d6sterrike<\/a><\/li>\r\n<li><a href=\"\/sv\/paddelbanor-schweiz\/\">Padel Schweiz<\/a><\/li>\r\n<li><a href=\"\/sv\/tyska-padelfoerbundet\/\">Padelf\u00f6rbundet<\/a><\/li>\r\n<\/ul>\r\n<p>&nbsp;<\/p>\r\n<h3>Padel tennisbanor Tyskland<\/h3>\r\n<ul id=\"menu-padel-standorte-deutschland\">\r\n<li id=\"menu-item-2903\"><a href=\"https:\/\/www.padel-test.de\/sv\/padelplatser-tyskland\/\">Padel-anl\u00e4ggningar Tyskland<\/a><\/li>\r\n<li id=\"menu-item-3022\"><a href=\"https:\/\/www.padel-test.de\/sv\/padel-court4-baden-baden\/\">Padel Baden-Baden - Domstol4<\/a><\/li>\r\n<li><a href=\"\/sv\/padelplatser-2\/padel-vaerlden-bochum\/\">Padel Bochum<\/a><\/li>\r\n<li id=\"menu-item-2906\"><a href=\"https:\/\/www.padel-test.de\/sv\/padel-berlin-friedrichshain\/\">Padel Berlin - Friedrichshain<\/a><\/li>\r\n<li id=\"menu-item-2904\"><a href=\"https:\/\/www.padel-test.de\/sv\/padel-club-berlin-international\/\">Padel Berlin - Internationell klubb<\/a><\/li>\r\n<li id=\"menu-item-2905\"><a href=\"https:\/\/www.padel-test.de\/sv\/padel-berlin-reinickendorf\/\">Padel Berlin Reinickendorf<\/a><\/li>\r\n<li id=\"menu-item-3023\"><a href=\"https:\/\/www.padel-test.de\/sv\/padel-bremen-weyhe\/\">Padel Bremen - Weyhe<\/a><\/li>\r\n<li id=\"menu-item-3025\"><a href=\"https:\/\/www.padel-test.de\/sv\/padel-sc-cuxhaven\/\">Padel SC Cuxhaven<\/a><\/li>\r\n<li><a href=\"\/sv\/padelplatser-2\/padel-dortmund\/\">Padel Dortmund<\/a><\/li>\r\n<li id=\"menu-item-3027\"><a href=\"https:\/\/www.padel-test.de\/sv\/padel-tv-espelkamp\/\">Padel Espelkamp<\/a><\/li>\r\n<li id=\"menu-item-3028\"><a href=\"https:\/\/www.padel-test.de\/sv\/tvn-padel-eat\/\">Padel TVN Essen<\/a><\/li>\r\n<li id=\"menu-item-3029\"><a href=\"https:\/\/www.padel-test.de\/sv\/padel-frankfurt-niddapark\/\">Padel Frankfurt Niddapark<\/a><\/li>\r\n<li id=\"menu-item-3030\"><a href=\"https:\/\/www.padel-test.de\/sv\/padel-hamburg-sc-condor\/\">Padel Hamburg - Condor<\/a><\/li>\r\n<li id=\"menu-item-3031\"><a href=\"https:\/\/www.padel-test.de\/sv\/padel-hamburg-hsv\/\">Padel Hamburg HSV<\/a><\/li>\r\n<li id=\"menu-item-3032\"><a href=\"https:\/\/www.padel-test.de\/sv\/padel-heilbronn-schwaigern\/\">Padel Heilbronn-Schwaigern<\/a><\/li>\r\n<li id=\"menu-item-3033\"><a href=\"https:\/\/www.padel-test.de\/sv\/padel-point-centre-herzebrock\/\">Padel Point Herzebrock<\/a><\/li>\r\n<li id=\"menu-item-3034\"><a href=\"https:\/\/www.padel-test.de\/sv\/padel-durlach-aue\/\">Padel Karlsruhe Durlach-Aue<\/a><\/li>\r\n<li id=\"menu-item-4097\"><a href=\"https:\/\/www.padel-test.de\/sv\/padel-tennis-ettlingen\/\">Padel Karlsruhe Ettlingen<\/a><\/li>\r\n<li id=\"menu-item-3035\"><a href=\"https:\/\/www.padel-test.de\/sv\/padel-karlsruhe-ketv\/\">Padel Karlsruhe KETV<\/a><\/li>\r\n<li id=\"menu-item-3036\"><a href=\"https:\/\/www.padel-test.de\/sv\/padel-karlsruhe-tc-groetzingen\/\">Padel Karlsruhe TC Gr\u00f6tzingen<\/a><\/li>\r\n<li id=\"menu-item-3037\"><a href=\"https:\/\/www.padel-test.de\/sv\/padel-colonia\/\">Padel K\u00f6ln - Colonia<\/a><\/li>\r\n<li id=\"menu-item-3038\"><a href=\"https:\/\/www.padel-test.de\/sv\/padel-koeln-vaeggar\/\">Padel K\u00f6ln - V\u00e4ggar<\/a><\/li>\r\n<li id=\"menu-item-3039\"><a href=\"https:\/\/www.padel-test.de\/sv\/padel-club-muenchen\/\">Padel M\u00fcnchen - Klubb<\/a><\/li>\r\n<li id=\"menu-item-4287\"><a href=\"https:\/\/www.padel-test.de\/sv\/padel-munich-geretsried\/\">Padel M\u00fcnchen Geretsried<\/a><\/li>\r\n<li id=\"menu-item-3040\"><a href=\"https:\/\/www.padel-test.de\/sv\/padelwelt-munich\/\">Padel M\u00fcnchen - SportScheck<\/a><\/li>\r\n<li id=\"menu-item-3041\"><a href=\"https:\/\/www.padel-test.de\/sv\/paddel-muenster\/\">Padel Club M\u00fcnster<\/a><\/li>\r\n<li id=\"menu-item-3042\"><a href=\"https:\/\/www.padel-test.de\/sv\/padel-nuernberg-marienberg\/\">Padel N\u00fcrnberg - CAM<\/a><\/li>\r\n<li><a href=\"\/sv\/padelplatser-2\/padel-osnabrueck-racket-sport-park\/\">Padel Osnabr\u00fcck<\/a><\/li>\r\n<li id=\"menu-item-3044\"><a href=\"https:\/\/www.padel-test.de\/sv\/padel-trier\/\">Padel Trier<\/a><\/li>\r\n<li id=\"menu-item-3045\"><a href=\"https:\/\/www.padel-test.de\/sv\/padel-wiesbaden-wallau\/\">Padel RheinMain<\/a><\/li>\r\n<li id=\"menu-item-4279\"><a href=\"https:\/\/www.padel-test.de\/sv\/padel-tennis-werne\/\">Padel Base Werne<\/a><\/li>\r\n<li id=\"menu-item-3046\"><a href=\"https:\/\/www.padel-test.de\/sv\/padel-maskar\/\">Padel Worms<\/a><\/li>\r\n<\/ul>\r\n<p>&nbsp;<\/p>\r\n<p>&nbsp;<\/p>","protected":false},"excerpt":{"rendered":"<p>Padeltennis: Padeltennis \u00e4r en blandning av tennis och squash och har den stora f\u00f6rdelen att man verkligen kan komma ig\u00e5ng redan efter f\u00f6rsta tr\u00e4ningspasset. Padeltennis spelas alltid av fyra spelare, s\u00e5 tv\u00e5 dubbellag spelar mot varandra. Man anv\u00e4nder sig av bollar som \u00e4r s\u00e5 lika tennisbollar att ...<\/p>","protected":false},"author":1,"featured_media":0,"parent":18170,"menu_order":8,"comment_status":"closed","ping_status":"closed","template":"","meta":{"_acf_changed":false,"_sitemap_exclude":false,"_sitemap_priority":"","_sitemap_frequency":"","_analytify_skip_tracking":false,"footnotes":""},"class_list":["post-18159","page","type-page","status-publish","hentry"],"acf":[],"_links":{"self":[{"href":"https:\/\/www.padel-test.de\/sv\/wp-json\/wp\/v2\/pages\/18159","targetHints":{"allow":["GET"]}}],"collection":[{"href":"https:\/\/www.padel-test.de\/sv\/wp-json\/wp\/v2\/pages"}],"about":[{"href":"https:\/\/www.padel-test.de\/sv\/wp-json\/wp\/v2\/types\/page"}],"author":[{"embeddable":true,"href":"https:\/\/www.padel-test.de\/sv\/wp-json\/wp\/v2\/users\/1"}],"replies":[{"embeddable":true,"href":"https:\/\/www.padel-test.de\/sv\/wp-json\/wp\/v2\/comments?post=18159"}],"version-history":[{"count":0,"href":"https:\/\/www.padel-test.de\/sv\/wp-json\/wp\/v2\/pages\/18159\/revisions"}],"up":[{"embeddable":true,"href":"https:\/\/www.padel-test.de\/sv\/wp-json\/wp\/v2\/pages\/18170"}],"wp:attachment":[{"href":"https:\/\/www.padel-test.de\/sv\/wp-json\/wp\/v2\/media?parent=18159"}],"curies":[{"name":"wp","href":"https:\/\/api.w.org\/{rel}","templated":true}]}}