{"id":18161,"date":"2017-12-23T20:05:11","date_gmt":"2017-12-23T20:05:11","guid":{"rendered":"http:\/\/www.padel-test.de\/padel-bundesliga\/"},"modified":"2022-11-01T19:55:41","modified_gmt":"2022-11-01T19:55:41","slug":"padel-bundesliga","status":"publish","type":"page","link":"https:\/\/www.padel-test.de\/sv\/padel-bundesliga\/","title":{"rendered":"Padel Bundesliga"},"content":{"rendered":"<p>Snart kommer det att finnas en Padel Bundesliga i Tyskland f\u00f6r f\u00f6rsta g\u00e5ngen!<\/p>\n<p>Den <a href=\"\/sv\/tyska-padelfoerbundet\/\">Tyska Padelf\u00f6rbundet<\/a> har tagit \u00f6ver organisationen som paraplyorganisation f\u00f6r tysk padelidrott och kommer snart att meddela detaljer om spelscheman, speldatum och tillh\u00f6rande regler.<\/p>\n<p>Om du \u00e4r intresserad av att delta i Padelbundesliga, v\u00e4nligen kontakta oss direkt. <a href=\"\/sv\/kontakt\/\">Kontakta oss<\/a>.<\/p>\n<p>Vi vidarebefordrar g\u00e4rna din f\u00f6rfr\u00e5gan till det tyska padelf\u00f6rbundet.<\/p>\n<p>Under tiden kan du till exempel delta i German Padel Tour och t\u00e4vla mot de b\u00e4sta padelspelarna.<\/p>\n<p>H\u00e4r hittar du en \u00f6versikt \u00f6ver alla <a href=\"\/sv\/padel-turneringar-2\/\">Padel-turneringar i tennis<\/a>!<\/p>\n\t<h3>Bundesliga Padel Tennis Pl\u00e4tze &#8211; Karte<\/h3>\n\n<!-- iframe plugin v.6.0 wordpress.org\/plugins\/iframe\/ -->\n<iframe loading=\"lazy\" src=\"https:\/\/www.google.com\/maps\/d\/embed?mid=18OVW4FiG4noVz4vFAYmYzmjpOW8\" width=\"900\" 0=\"height=&quot;300&quot;&amp;gt;&amp;lt;\/iframe\" height=\"500\" scrolling=\"yes\" class=\"iframe-class\" frameborder=\"0\"><\/iframe>\n\n<h4>\n\t\tBundesliga Padel Nyheter\n\t<\/h4>\n\t\t\t\t<a href=\"https:\/\/www.facebook.com\/sharer.php?u=https:\/\/www.padel-test.de\/?page_id=18161&#038;fl_builder&#038;title=Padel+Bundesliga\">\n\t\t\t\t\t\t\t\t\t\t\t\tDela p\u00e5 Facebook\n\t\t\t\t\t\t\t\t\t<\/a>\n\t\t\t\t<a href=\"https:\/\/twitter.com\/intent\/tweet?url=https:\/\/www.padel-test.de\/?page_id=18161&#038;fl_builder&#038;text=Padel+Bundesliga\">\n\t\t\t\t\t\t\t\t\t\t\t\tDela p\u00e5 Twitter\n\t\t\t\t\t\t\t\t\t<\/a>\n\t\t\t\t<a href=\"https:\/\/www.linkedin.com\/shareArticle?mini=true&#038;url=https:\/\/www.padel-test.de\/?page_id=18161&#038;fl_builder&#038;title=Padel+Bundesliga\">\n\t\t\t\t\t\t\t\t\t\t\t\tDela p\u00e5 Linkedin\n\t\t\t\t\t\t\t\t\t<\/a>\n\t\t\t\t<a href=\"mailto:?body=https:\/\/www.padel-test.de\/?page_id=18161&#038;fl_builder\">\n\t\t\t\t\t\t\t\t\t\t\t\tDela p\u00e5 e-post\n\t\t\t\t\t\t\t\t\t<\/a>","protected":false},"excerpt":{"rendered":"<p>Bald wird es auch in Deutschland erstmals eine Padel Bundesliga geben! Der Deutsche Padel Bund hat als Dachorganisation des deutschen Padelsports die Organisation \u00fcbernommen und wird demn\u00e4chst Details zu den Spielpl\u00e4nen, Spielterminen und dem dazu geh\u00f6rigen Regelwerk bekannt geben. Wer Interesse an der Teilnahme an der Padelbundesliga hat, kann uns gerne direkt kontaktieren. Wir leiten&hellip;<\/p>","protected":false},"author":1,"featured_media":18162,"parent":0,"menu_order":6,"comment_status":"open","ping_status":"open","template":"","meta":{"_acf_changed":false,"_sitemap_exclude":false,"_sitemap_priority":"","_sitemap_frequency":"","_analytify_skip_tracking":false,"footnotes":""},"class_list":["post-18161","page","type-page","status-publish","has-post-thumbnail","hentry"],"acf":[],"_links":{"self":[{"href":"https:\/\/www.padel-test.de\/sv\/wp-json\/wp\/v2\/pages\/18161","targetHints":{"allow":["GET"]}}],"collection":[{"href":"https:\/\/www.padel-test.de\/sv\/wp-json\/wp\/v2\/pages"}],"about":[{"href":"https:\/\/www.padel-test.de\/sv\/wp-json\/wp\/v2\/types\/page"}],"author":[{"embeddable":true,"href":"https:\/\/www.padel-test.de\/sv\/wp-json\/wp\/v2\/users\/1"}],"replies":[{"embeddable":true,"href":"https:\/\/www.padel-test.de\/sv\/wp-json\/wp\/v2\/comments?post=18161"}],"version-history":[{"count":0,"href":"https:\/\/www.padel-test.de\/sv\/wp-json\/wp\/v2\/pages\/18161\/revisions"}],"wp:featuredmedia":[{"embeddable":true,"href":"https:\/\/www.padel-test.de\/sv\/wp-json\/wp\/v2\/media\/18162"}],"wp:attachment":[{"href":"https:\/\/www.padel-test.de\/sv\/wp-json\/wp\/v2\/media?parent=18161"}],"curies":[{"name":"wp","href":"https:\/\/api.w.org\/{rel}","templated":true}]}}