{"id":18178,"date":"2017-10-26T10:06:22","date_gmt":"2017-10-26T10:06:22","guid":{"rendered":"http:\/\/www.padel-test.de\/padel-plaetze\/padel-hamburg\/"},"modified":"2022-11-01T18:42:36","modified_gmt":"2022-11-01T18:42:36","slug":"padel-hamburg","status":"publish","type":"page","link":"https:\/\/www.padel-test.de\/sv\/padelbanor\/padel-hamburg\/","title":{"rendered":"Padel Hamburg"},"content":{"rendered":"<p>In Hamburg gibt es bereits zwei Padel Anlagen &#8211; Tim Neidhart betreibt hier zusammen mit seiner Frau Bernadett erfolgreich beim SC Condor in Farmsen zwei Outdoor Padel Pl\u00e4tze namens <a href=\"\/sv\/padel-hamburg-sc-condor\/\">Padel Kondor<\/a> och fyller den med liv genom en m\u00e4ngd olika h\u00e4ndelser.<\/p>\n<p>Huruvida h\u00f6gkalibriga <a href=\"\/sv\/padel-turneringar-2\/\">Padel-turnering<\/a> eller Padel tennis semesterl\u00e4ger f\u00f6r barn eller professionell padel tr\u00e4ning med padel cracks fr\u00e5n Padeltrainer.com i Andalusien.<\/p>\n<p>Och nu har \u00e4ven Hamburger Sport Verein en egen padelbana (HSV Fu\u00dfball AG:s padelbana \u00e4r en icke-offentlig anl\u00e4ggning!) Se \u00e4ven <a href=\"\/sv\/padel-hamburg-hsv\/\"><strong>Padel domstol HSV<\/strong><\/a>.<\/p>\n<p>En tredje Padel-anl\u00e4ggning i Hamburg planeras f\u00f6r n\u00e4rvarande (se \u00e4ven <a href=\"\/sv\/padelplatser-tyskland\/\">Padelbanor Tyskland<\/a>). Information kommer inom kort.<\/p>\n<p>Slutsats: det h\u00e4nder mycket i Hamburg n\u00e4r det g\u00e4ller paddling!<\/p>\n\t<h3>Paddle Tennis Pl\u00e4tze &#8211; Karte<\/h3>\n\n<!-- iframe plugin v.6.0 wordpress.org\/plugins\/iframe\/ -->\n<iframe loading=\"lazy\" src=\"https:\/\/www.google.com\/maps\/d\/embed?mid=18OVW4FiG4noVz4vFAYmYzmjpOW8\" width=\"900\" 0=\"height=&quot;300&quot;&amp;gt;&amp;lt;\/iframe\" height=\"500\" scrolling=\"yes\" class=\"iframe-class\" frameborder=\"0\"><\/iframe>\n\n<h4>\n\t\tPadel Nyheter Hamburg\n\t<\/h4>\n\t\t\t\t<a href=\"https:\/\/www.facebook.com\/sharer.php?u=https:\/\/www.padel-test.de\/?page_id=18178&#038;fl_builder&#038;title=Padel+Hamburg\">\n\t\t\t\t\t\t\t\t\t\t\t\tDela p\u00e5 Facebook\n\t\t\t\t\t\t\t\t\t<\/a>\n\t\t\t\t<a href=\"https:\/\/twitter.com\/intent\/tweet?url=https:\/\/www.padel-test.de\/?page_id=18178&#038;fl_builder&#038;text=Padel+Hamburg\">\n\t\t\t\t\t\t\t\t\t\t\t\tDela p\u00e5 Twitter\n\t\t\t\t\t\t\t\t\t<\/a>\n\t\t\t\t<a href=\"https:\/\/www.linkedin.com\/shareArticle?mini=true&#038;url=https:\/\/www.padel-test.de\/?page_id=18178&#038;fl_builder&#038;title=Padel+Hamburg\">\n\t\t\t\t\t\t\t\t\t\t\t\tDela p\u00e5 Linkedin\n\t\t\t\t\t\t\t\t\t<\/a>\n\t\t\t\t<a href=\"mailto:?body=https:\/\/www.padel-test.de\/?page_id=18178&#038;fl_builder\">\n\t\t\t\t\t\t\t\t\t\t\t\tDela p\u00e5 e-post\n\t\t\t\t\t\t\t\t\t<\/a>","protected":false},"excerpt":{"rendered":"<p>In Hamburg gibt es bereits zwei Padel Anlagen &#8211; Tim Neidhart betreibt hier zusammen mit seiner Frau Bernadett erfolgreich beim SC Condor in Farmsen zwei Outdoor Padel Pl\u00e4tze namens Padel Condor und f\u00fcllt diese mit den unterschiedlichsten Events mit Leben. Ob hochkar\u00e4tiges Padel-Turnier oder Padel-Tennis Feriencamp f\u00fcr Kinder oder professionelles Padeltraining mit den Padelcracks von&hellip;<\/p>","protected":false},"author":1,"featured_media":16842,"parent":18160,"menu_order":11,"comment_status":"open","ping_status":"open","template":"","meta":{"_acf_changed":false,"_sitemap_exclude":false,"_sitemap_priority":"","_sitemap_frequency":"","_analytify_skip_tracking":false,"footnotes":""},"class_list":["post-18178","page","type-page","status-publish","has-post-thumbnail","hentry"],"acf":[],"_links":{"self":[{"href":"https:\/\/www.padel-test.de\/sv\/wp-json\/wp\/v2\/pages\/18178","targetHints":{"allow":["GET"]}}],"collection":[{"href":"https:\/\/www.padel-test.de\/sv\/wp-json\/wp\/v2\/pages"}],"about":[{"href":"https:\/\/www.padel-test.de\/sv\/wp-json\/wp\/v2\/types\/page"}],"author":[{"embeddable":true,"href":"https:\/\/www.padel-test.de\/sv\/wp-json\/wp\/v2\/users\/1"}],"replies":[{"embeddable":true,"href":"https:\/\/www.padel-test.de\/sv\/wp-json\/wp\/v2\/comments?post=18178"}],"version-history":[{"count":0,"href":"https:\/\/www.padel-test.de\/sv\/wp-json\/wp\/v2\/pages\/18178\/revisions"}],"up":[{"embeddable":true,"href":"https:\/\/www.padel-test.de\/sv\/wp-json\/wp\/v2\/pages\/18160"}],"wp:featuredmedia":[{"embeddable":true,"href":"https:\/\/www.padel-test.de\/sv\/wp-json\/wp\/v2\/media\/16842"}],"wp:attachment":[{"href":"https:\/\/www.padel-test.de\/sv\/wp-json\/wp\/v2\/media?parent=18178"}],"curies":[{"name":"wp","href":"https:\/\/api.w.org\/{rel}","templated":true}]}}