{"id":18181,"date":"2017-10-26T10:14:37","date_gmt":"2017-10-26T10:14:37","guid":{"rendered":"http:\/\/www.padel-test.de\/padel-plaetze\/padel-karlsruhe\/"},"modified":"2022-11-01T18:48:41","modified_gmt":"2022-11-01T18:48:41","slug":"padel-karlsruhe","status":"publish","type":"page","link":"https:\/\/www.padel-test.de\/sv\/padelbanor\/padel-karlsruhe\/","title":{"rendered":"Padel Karlsruhe"},"content":{"rendered":"<p>Det finns f\u00f6r n\u00e4rvarande 4 anl\u00e4ggningar i Karlsruhe d\u00e4r padeltennis kan spelas. Dessa \u00e4r <a href=\"\/sv\/padel-durlach-aue\/\">Padel Durlach-Aue<\/a>, <a href=\"\/sv\/padel-karlsruhe-ketv\/\">Padel p\u00e5 KETV<\/a> och <a href=\"\/sv\/padel-karlsruhe-tc-groetzingen\/\">Padel Gr\u00f6tzingen<\/a>\u00a0och padel inomhus i <a href=\"\/sv\/padel-tennis-ettlingen\/\">Padel Hall Ettlingen<\/a>.<\/p>\n<p>Dessa 4\u00a0<a href=\"\/sv\/padelbanor\/\">Padel platser<\/a> anv\u00e4nds inte bara av m\u00e5nga fritidsspelare, utan \u00e4r ocks\u00e5 ofta platsen f\u00f6r <a href=\"\/sv\/padel-turneringar-2\/\">Padel-turneringar<\/a> och padelm\u00e4sterskap (t.ex. det sydtyska padelm\u00e4sterskapet).<\/p>\n<p>Karlsruhe universitet har nu ocks\u00e5 inkluderat padel i sitt universitetssportprogram och erbjuder padelkurser. <\/p>\n<p>I framtiden vill universitetet i Karlsruhe till och med <a href=\"\/sv\/padel-kursbyggare-2\/\">Byggande av padelbanor<\/a> och fungera.<\/p>\n\t<h3>Paddle Tennis Pl\u00e4tze &#8211; Karte<\/h3>\n\n<!-- iframe plugin v.6.0 wordpress.org\/plugins\/iframe\/ -->\n<iframe loading=\"lazy\" src=\"https:\/\/www.google.com\/maps\/d\/embed?mid=18OVW4FiG4noVz4vFAYmYzmjpOW8\" width=\"900\" 0=\"height=&quot;300&quot;&amp;gt;&amp;lt;\/iframe\" height=\"500\" scrolling=\"yes\" class=\"iframe-class\" frameborder=\"0\"><\/iframe>\n\n<h4>\n\t\tPadel Nyheter Karlsruhe\n\t<\/h4>\n\t\t\t\t<a href=\"https:\/\/www.facebook.com\/sharer.php?u=https:\/\/www.padel-test.de\/?page_id=18181&#038;fl_builder&#038;title=Padel+Karlsruhe\">\n\t\t\t\t\t\t\t\t\t\t\t\tDela p\u00e5 Facebook\n\t\t\t\t\t\t\t\t\t<\/a>\n\t\t\t\t<a href=\"https:\/\/twitter.com\/intent\/tweet?url=https:\/\/www.padel-test.de\/?page_id=18181&#038;fl_builder&#038;text=Padel+Karlsruhe\">\n\t\t\t\t\t\t\t\t\t\t\t\tDela p\u00e5 Twitter\n\t\t\t\t\t\t\t\t\t<\/a>\n\t\t\t\t<a href=\"https:\/\/www.linkedin.com\/shareArticle?mini=true&#038;url=https:\/\/www.padel-test.de\/?page_id=18181&#038;fl_builder&#038;title=Padel+Karlsruhe\">\n\t\t\t\t\t\t\t\t\t\t\t\tDela p\u00e5 Linkedin\n\t\t\t\t\t\t\t\t\t<\/a>\n\t\t\t\t<a href=\"mailto:?body=https:\/\/www.padel-test.de\/?page_id=18181&#038;fl_builder\">\n\t\t\t\t\t\t\t\t\t\t\t\tDela p\u00e5 e-post\n\t\t\t\t\t\t\t\t\t<\/a>","protected":false},"excerpt":{"rendered":"<p>In Karlsruhe gibt es derzeit 4 Anlagen auf denen Padel Tennis gespielt werden kann. Dies sind Padel Durlach-Aue, Padel beim KETV und Padel Gr\u00f6tzingen\u00a0sowie Indoor-Padel in der Padel Halle Ettlingen. Diese 4\u00a0Padel Standorte werden nicht nur von vielen Freizeit Padel Spielern genutzt, sondern sind auch des \u00d6fteren Austragungsort von Padel-Turnieren und Padel-Meisterschaften (z.B. die S\u00fcddeutsche&hellip;<\/p>","protected":false},"author":1,"featured_media":16821,"parent":18160,"menu_order":12,"comment_status":"open","ping_status":"open","template":"","meta":{"_acf_changed":false,"_sitemap_exclude":false,"_sitemap_priority":"","_sitemap_frequency":"","_analytify_skip_tracking":false,"footnotes":""},"class_list":["post-18181","page","type-page","status-publish","has-post-thumbnail","hentry"],"acf":[],"_links":{"self":[{"href":"https:\/\/www.padel-test.de\/sv\/wp-json\/wp\/v2\/pages\/18181","targetHints":{"allow":["GET"]}}],"collection":[{"href":"https:\/\/www.padel-test.de\/sv\/wp-json\/wp\/v2\/pages"}],"about":[{"href":"https:\/\/www.padel-test.de\/sv\/wp-json\/wp\/v2\/types\/page"}],"author":[{"embeddable":true,"href":"https:\/\/www.padel-test.de\/sv\/wp-json\/wp\/v2\/users\/1"}],"replies":[{"embeddable":true,"href":"https:\/\/www.padel-test.de\/sv\/wp-json\/wp\/v2\/comments?post=18181"}],"version-history":[{"count":0,"href":"https:\/\/www.padel-test.de\/sv\/wp-json\/wp\/v2\/pages\/18181\/revisions"}],"up":[{"embeddable":true,"href":"https:\/\/www.padel-test.de\/sv\/wp-json\/wp\/v2\/pages\/18160"}],"wp:featuredmedia":[{"embeddable":true,"href":"https:\/\/www.padel-test.de\/sv\/wp-json\/wp\/v2\/media\/16821"}],"wp:attachment":[{"href":"https:\/\/www.padel-test.de\/sv\/wp-json\/wp\/v2\/media?parent=18181"}],"curies":[{"name":"wp","href":"https:\/\/api.w.org\/{rel}","templated":true}]}}