{"id":18188,"date":"2017-12-03T20:36:58","date_gmt":"2017-12-03T20:36:58","guid":{"rendered":"http:\/\/www.padel-test.de\/padel-plaetze\/padel-ruhrgebiet\/"},"modified":"2022-10-25T22:44:36","modified_gmt":"2022-10-25T22:44:36","slug":"padel-ruhr-area","status":"publish","type":"page","link":"https:\/\/www.padel-test.de\/sv\/padelbanor\/padel-ruhr-area\/","title":{"rendered":"Padel Ruhromr\u00e5det"},"content":{"rendered":"<p>Naturligtvis har den tyska padelsporten ocks\u00e5 m\u00e5nga anh\u00e4ngare i Ruhromr\u00e5det, n\u00e5gra v\u00e4lk\u00e4nda toppspelare och framf\u00f6r allt: padelbanor!<\/p>\n<p>&nbsp;<\/p>\n<strong>Padel kan f\u00f6r n\u00e4rvarande spelas p\u00e5 f\u00f6ljande platser i Ruhromr\u00e5det:<\/strong><br \/>\nMat: <a href=\"\/sv\/padelplatser-2\/tvn-padel-eat\/\">Padel Essen<\/a>\u00a0(2 inomhusbanor f\u00f6r padel)<br \/>\nKamen: <a href=\"\/sv\/padelplatser-2\/padel-kom-heeren\/\">Padel Kamen-Heeren<\/a> (2 utomhusplaner)<br \/>\nGladbeck: under planering<br \/>\nBochum: <a href=\"\/sv\/padelplatser-2\/padel-vaerlden-bochum\/\">PadelWorld Bochum<\/a> (4 padelbanor utomhus till att b\u00f6rja med, ytterligare 4 padelbanor till att f\u00f6lja)<br \/>\nHerne (tyv\u00e4rr st\u00e4ngd): <a href=\"\/sv\/padel-point-nrw-herne\/\">Padel Point Herne<\/a> (tidigare 3 inomhusbanor f\u00f6r padel)<br \/>\nWerne: <a href=\"\/sv\/padelplatser-2\/padel-tennis-werne\/\">Padel Base Werne<\/a> (2 padelbanor inomhus och 1 padelbana utomhus)<br \/>\nDortmund: <a href=\"\/sv\/padelplatser-2\/padel-dortmund\/\">Padel Dortmund<\/a> &#8211; hier gibt es in der N\u00e4he zum Signal Iduna Park gleich 8 Padelpl\u00e4tze:\u00a0 6 Outdoor Padel Courts und 2 Indoor Padel Courts\n<p>Andra padelklubbar i Ruhromr\u00e5det samarbetar med <a href=\"\/sv\/tyska-padelfoerbundet\/\">Tyska Padelf\u00f6rbundet<\/a> \u00e4r redan under planering och kommer att \u00f6ppna sina d\u00f6rrar inom kort. Det kommer separata nyheter om detta.<\/p>\n<p>Och inte l\u00e5ngt h\u00e4rifr\u00e5n finns fortfarande platsen f\u00f6r\u00a0<a href=\"\/sv\/padelbanor\/padel-koeln\/\">Padel K\u00f6ln<\/a> och <a href=\"\/sv\/padelplatser-2\/paddel-muenster\/\">Padel Club M\u00fcnster<\/a>.<\/p>\n<p>Tips: <a href=\"\/sv\/padelbanor\/\">\u00d6versikt \u00f6ver alla padelbanor i Tyskland<\/a><\/p>\n\t<h3>Paddle Tennis Pl\u00e4tze &#8211; Karte<\/h3>\n\n<!-- iframe plugin v.6.0 wordpress.org\/plugins\/iframe\/ -->\n<iframe loading=\"lazy\" src=\"https:\/\/www.google.com\/maps\/d\/embed?mid=18OVW4FiG4noVz4vFAYmYzmjpOW8\" width=\"900\" 0=\"height=&quot;300&quot;&amp;gt;&amp;lt;\/iframe\" height=\"500\" scrolling=\"yes\" class=\"iframe-class\" frameborder=\"0\"><\/iframe>\n\n<h4>\n\t\tPadel Nyheter\n\t<\/h4>\n\t\t\t\t<a href=\"https:\/\/www.facebook.com\/sharer.php?u=https:\/\/www.padel-test.de\/padel-plaetze\/padel-ruhrgebiet\/?fl_builder&#038;title=Padel+Ruhrgebiet\">\n\t\t\t\t\t\t\t\t\t\t\t\tDela p\u00e5 Facebook\n\t\t\t\t\t\t\t\t\t<\/a>\n\t\t\t\t<a href=\"https:\/\/twitter.com\/intent\/tweet?url=https:\/\/www.padel-test.de\/padel-plaetze\/padel-ruhrgebiet\/?fl_builder&#038;text=Padel+Ruhrgebiet\">\n\t\t\t\t\t\t\t\t\t\t\t\tDela p\u00e5 Twitter\n\t\t\t\t\t\t\t\t\t<\/a>\n\t\t\t\t<a href=\"https:\/\/www.linkedin.com\/shareArticle?mini=true&#038;url=https:\/\/www.padel-test.de\/padel-plaetze\/padel-ruhrgebiet\/?fl_builder&#038;title=Padel+Ruhrgebiet\">\n\t\t\t\t\t\t\t\t\t\t\t\tDela p\u00e5 Linkedin\n\t\t\t\t\t\t\t\t\t<\/a>\n\t\t\t\t<a href=\"mailto:?body=https:\/\/www.padel-test.de\/padel-plaetze\/padel-ruhrgebiet\/?fl_builder\">\n\t\t\t\t\t\t\t\t\t\t\t\tShare on Email\n\t\t\t\t\t\t\t\t\t<\/a>","protected":false},"excerpt":{"rendered":"<p>Der deutsche Padelsport hat nat\u00fcrlich auch im Ruhrgebiet zahlreiche Unterst\u00fctzer, einige namhafte Spitzenspieler und vor allem: Padel Pl\u00e4tze! &nbsp; An folgenden Standorten im Ruhrgebiet kann derzeit Padel gespielt werden: Essen: Padel Essen\u00a0(2 Indoor Padel Pl\u00e4tze) Kamen: Padel Kamen-Heeren (2 Outdoor Courts) Gladbeck: in Planung Bochum: PadelWorld Bochum (zum Start 4 Outdoor Padel Courts, weitere 4&hellip;<\/p>","protected":false},"author":1,"featured_media":16852,"parent":18160,"menu_order":7,"comment_status":"open","ping_status":"open","template":"","meta":{"_acf_changed":false,"_sitemap_exclude":false,"_sitemap_priority":"","_sitemap_frequency":"","_analytify_skip_tracking":false,"footnotes":""},"class_list":["post-18188","page","type-page","status-publish","has-post-thumbnail","hentry"],"acf":[],"_links":{"self":[{"href":"https:\/\/www.padel-test.de\/sv\/wp-json\/wp\/v2\/pages\/18188","targetHints":{"allow":["GET"]}}],"collection":[{"href":"https:\/\/www.padel-test.de\/sv\/wp-json\/wp\/v2\/pages"}],"about":[{"href":"https:\/\/www.padel-test.de\/sv\/wp-json\/wp\/v2\/types\/page"}],"author":[{"embeddable":true,"href":"https:\/\/www.padel-test.de\/sv\/wp-json\/wp\/v2\/users\/1"}],"replies":[{"embeddable":true,"href":"https:\/\/www.padel-test.de\/sv\/wp-json\/wp\/v2\/comments?post=18188"}],"version-history":[{"count":0,"href":"https:\/\/www.padel-test.de\/sv\/wp-json\/wp\/v2\/pages\/18188\/revisions"}],"up":[{"embeddable":true,"href":"https:\/\/www.padel-test.de\/sv\/wp-json\/wp\/v2\/pages\/18160"}],"wp:featuredmedia":[{"embeddable":true,"href":"https:\/\/www.padel-test.de\/sv\/wp-json\/wp\/v2\/media\/16852"}],"wp:attachment":[{"href":"https:\/\/www.padel-test.de\/sv\/wp-json\/wp\/v2\/media?parent=18188"}],"curies":[{"name":"wp","href":"https:\/\/api.w.org\/{rel}","templated":true}]}}