{"id":18193,"date":"2017-12-18T16:49:05","date_gmt":"2017-12-18T16:49:05","guid":{"rendered":"http:\/\/www.padel-test.de\/padel-plaetze\/padel-muenchen\/"},"modified":"2022-11-01T19:35:21","modified_gmt":"2022-11-01T19:35:21","slug":"padel-muenchen","status":"publish","type":"page","link":"https:\/\/www.padel-test.de\/sv\/padelbanor\/padel-muenchen\/","title":{"rendered":"Padel M\u00fcnchen"},"content":{"rendered":"<p>\u00c4ven i den bayerska huvudstaden forts\u00e4tter padel-sporten att blomstra. I M\u00fcnchen har till exempel <a href=\"\/sv\/padelwelt-munich\/\">SportScheck allv\u00e4dersanl\u00e4ggning f\u00f6r padel<\/a> spelas.<\/p>\n<p>Denna padelanl\u00e4ggning \u00e4r ocks\u00e5 hemmaplan f\u00f6r <a href=\"\/sv\/padel-club-muenchen\/\">Padel Club M\u00fcnchen<\/a>. Den bayerska klubben anordnar regelbundet mycket v\u00e4lorganiserade paddelturneringar, som ocks\u00e5 har ett gott rykte l\u00e5ngt utanf\u00f6r de bayerska statsgr\u00e4nserna.<\/p>\n<p>Naturligtvis finns det ocks\u00e5 prova-p\u00e5-kurser och utbildningsprogram p\u00e5 Padel-platsen i M\u00fcnchen via klubben.<\/p>\n<p>F\u00f6r n\u00e4rvarande under uppbyggnad i <a href=\"\/sv\/padel-munich-geretsried\/\">M\u00fcnchen Geretsried en ny padelanl\u00e4ggning<\/a> med tv\u00e5 helt nya utomhusbanor f\u00f6r padel. Padelbanorna kommer att \u00f6ppnas officiellt under v\u00e5ren 2018.<\/p>\n<p>Och norr om M\u00fcnchen, i N\u00fcrnberg, finns det sedan v\u00e5ren 2017 en fantastisk utomhusanl\u00e4ggning f\u00f6r padel i N\u00fcrnberg CAM.<\/p>\n<p>Alla padelplatser i Tyskland, \u00d6sterrike och Schweiz i en \u00f6verblick:<\/p>\n<p><a href=\"\/sv\/padelbanor\/\">Karta Padel-domstolar<\/a><\/p>\n<p>Det finns nu en padelbana f\u00f6r n\u00e4stan alla padel-spelare!<\/p>\n\t<h3>Paddle Tennis Pl\u00e4tze &#8211; Karte<\/h3>\n\n<!-- iframe plugin v.6.0 wordpress.org\/plugins\/iframe\/ -->\n<iframe loading=\"lazy\" src=\"https:\/\/www.google.com\/maps\/d\/embed?mid=18OVW4FiG4noVz4vFAYmYzmjpOW8\" width=\"900\" 0=\"height=&quot;300&quot;&amp;gt;&amp;lt;\/iframe\" height=\"500\" scrolling=\"yes\" class=\"iframe-class\" frameborder=\"0\"><\/iframe>\n\n<h4>\n\t\tPadel Nyheter\n\t<\/h4>\n\t\t\t\t<a href=\"https:\/\/www.facebook.com\/sharer.php?u=https:\/\/www.padel-test.de\/?page_id=18193&#038;fl_builder&#038;title=Padel+M%C3%BCnchen\">\n\t\t\t\t\t\t\t\t\t\t\t\tDela p\u00e5 Facebook\n\t\t\t\t\t\t\t\t\t<\/a>\n\t\t\t\t<a href=\"https:\/\/twitter.com\/intent\/tweet?url=https:\/\/www.padel-test.de\/?page_id=18193&#038;fl_builder&#038;text=Padel+M%C3%BCnchen\">\n\t\t\t\t\t\t\t\t\t\t\t\tDela p\u00e5 Twitter\n\t\t\t\t\t\t\t\t\t<\/a>\n\t\t\t\t<a href=\"https:\/\/www.linkedin.com\/shareArticle?mini=true&#038;url=https:\/\/www.padel-test.de\/?page_id=18193&#038;fl_builder&#038;title=Padel+M%C3%BCnchen\">\n\t\t\t\t\t\t\t\t\t\t\t\tDela p\u00e5 Linkedin\n\t\t\t\t\t\t\t\t\t<\/a>\n\t\t\t\t<a href=\"mailto:?body=https:\/\/www.padel-test.de\/?page_id=18193&#038;fl_builder\">\n\t\t\t\t\t\t\t\t\t\t\t\tDela p\u00e5 e-post\n\t\t\t\t\t\t\t\t\t<\/a>","protected":false},"excerpt":{"rendered":"<p>Auch in der Landeshauptstadt Bayerns gedeiht der Padelsport weiter. In M\u00fcnchen kann unter anderem in der SportScheck Allwetteranlage Padel gespielt werden. Diese Padelanlage ist auch gleichzeitig die Heimspielst\u00e4tte des Padel Club M\u00fcnchen. Regelm\u00e4\u00dfig ist der bayerische Club Gastgeber von sehr gut organisierten Padelturnieren, die auch weit \u00fcber die bayrischen Landesgrenzen einen guten Ruf haben. Nat\u00fcrlich&hellip;<\/p>","protected":false},"author":1,"featured_media":16731,"parent":18160,"menu_order":15,"comment_status":"open","ping_status":"open","template":"","meta":{"_acf_changed":false,"_sitemap_exclude":false,"_sitemap_priority":"","_sitemap_frequency":"","_analytify_skip_tracking":false,"footnotes":""},"class_list":["post-18193","page","type-page","status-publish","has-post-thumbnail","hentry"],"acf":[],"_links":{"self":[{"href":"https:\/\/www.padel-test.de\/sv\/wp-json\/wp\/v2\/pages\/18193","targetHints":{"allow":["GET"]}}],"collection":[{"href":"https:\/\/www.padel-test.de\/sv\/wp-json\/wp\/v2\/pages"}],"about":[{"href":"https:\/\/www.padel-test.de\/sv\/wp-json\/wp\/v2\/types\/page"}],"author":[{"embeddable":true,"href":"https:\/\/www.padel-test.de\/sv\/wp-json\/wp\/v2\/users\/1"}],"replies":[{"embeddable":true,"href":"https:\/\/www.padel-test.de\/sv\/wp-json\/wp\/v2\/comments?post=18193"}],"version-history":[{"count":0,"href":"https:\/\/www.padel-test.de\/sv\/wp-json\/wp\/v2\/pages\/18193\/revisions"}],"up":[{"embeddable":true,"href":"https:\/\/www.padel-test.de\/sv\/wp-json\/wp\/v2\/pages\/18160"}],"wp:featuredmedia":[{"embeddable":true,"href":"https:\/\/www.padel-test.de\/sv\/wp-json\/wp\/v2\/media\/16731"}],"wp:attachment":[{"href":"https:\/\/www.padel-test.de\/sv\/wp-json\/wp\/v2\/media?parent=18193"}],"curies":[{"name":"wp","href":"https:\/\/api.w.org\/{rel}","templated":true}]}}