{"id":18200,"date":"2017-12-24T20:30:02","date_gmt":"2017-12-24T20:30:02","guid":{"rendered":"http:\/\/www.padel-test.de\/padel-plaetze\/padel-heilbronn\/"},"modified":"2022-10-26T00:01:14","modified_gmt":"2022-10-26T00:01:14","slug":"padel-heilbronn","status":"publish","type":"page","link":"https:\/\/www.padel-test.de\/sv\/padelbanor\/padel-heilbronn\/","title":{"rendered":"Padel Heilbronn"},"content":{"rendered":"<p><strong>Spela padel i Heilbronn med omnejd<\/strong><\/p>\n<p>Padel i Heilbronn \u00e4r m\u00f6jligt p\u00e5 TC Schwaigerns tennisklubbs idrottsplatser. Du kan spela p\u00e5 en utomhuspadelbana bara 5 kilometer fr\u00e5n Heilbronn.<\/p>\n<p>Eftersom <a href=\"\/sv\/padelplatser-2\/padel-heilbronn-schwaigern\/\">Padelbana f\u00f6r TC Schwaigern<\/a> \u00e4r utrustad med LED-str\u00e5lkastare, kan det spelas h\u00e4r till sent p\u00e5 kv\u00e4llen.<\/p>\n<p>En annan padelbana planeras i n\u00e4rheten, i Bad Friedrichshall. Vi kommer att informera dig om det exakta schemat inom kort.<\/p>\n<em>Tips:<br \/>\n<\/em><em>Alla <a href=\"\/sv\/padelbanor\/\">Padelanl\u00e4ggningar i Tyskland, \u00d6sterrike och Schweiz<\/a> hittar du h\u00e4r i \u00f6versikten!\n\t<h3>Paddle Tennis Pl\u00e4tze &#8211; Karte<\/h3>\n\n<!-- iframe plugin v.6.0 wordpress.org\/plugins\/iframe\/ -->\n<iframe loading=\"lazy\" src=\"https:\/\/www.google.com\/maps\/d\/embed?mid=18OVW4FiG4noVz4vFAYmYzmjpOW8\" width=\"900\" 0=\"height=&quot;300&quot;&amp;gt;&amp;lt;\/iframe\" height=\"500\" scrolling=\"yes\" class=\"iframe-class\" frameborder=\"0\"><\/iframe>\n\n<h4>\n\t\tPadel Nyheter Heilbronn\n\t<\/h4>\n\t\t\t\t<a href=\"https:\/\/www.facebook.com\/sharer.php?u=https:\/\/www.padel-test.de\/padel-plaetze\/padel-heilbronn\/?fl_builder&#038;title=Padel+Heilbronn\">\n\t\t\t\t\t\t\t\t\t\t\t\tDela p\u00e5 Facebook\n\t\t\t\t\t\t\t\t\t<\/a>\n\t\t\t\t<a href=\"https:\/\/twitter.com\/intent\/tweet?url=https:\/\/www.padel-test.de\/padel-plaetze\/padel-heilbronn\/?fl_builder&#038;text=Padel+Heilbronn\">\n\t\t\t\t\t\t\t\t\t\t\t\tDela p\u00e5 Twitter\n\t\t\t\t\t\t\t\t\t<\/a>\n\t\t\t\t<a href=\"https:\/\/www.linkedin.com\/shareArticle?mini=true&#038;url=https:\/\/www.padel-test.de\/padel-plaetze\/padel-heilbronn\/?fl_builder&#038;title=Padel+Heilbronn\">\n\t\t\t\t\t\t\t\t\t\t\t\tDela p\u00e5 Linkedin\n\t\t\t\t\t\t\t\t\t<\/a>\n\t\t\t\t<a href=\"mailto:?body=https:\/\/www.padel-test.de\/padel-plaetze\/padel-heilbronn\/?fl_builder\">\n\t\t\t\t\t\t\t\t\t\t\t\tShare on Email\n\t\t\t\t\t\t\t\t\t<\/a>\n<\/em>","protected":false},"excerpt":{"rendered":"<p>Padel spielen in Heilbronn und Umgebung Padel in Heilbronn ist auf dem Sportgel\u00e4nde des Tennisclub TC Schwaigern m\u00f6glich. Lediglich 5 km von Heilbronn entfernt kann auf einem Outdoor Padel Court gespielt werden. Da der Padel Platz des TC Schwaigern mit LED-Flutlicht ausgestattet ist, kann hier auch noch bis in die sp\u00e4ten Abendstunden gespielt werden. Ganz&hellip;<\/p>","protected":false},"author":1,"featured_media":16826,"parent":18160,"menu_order":0,"comment_status":"closed","ping_status":"closed","template":"","meta":{"_acf_changed":false,"_sitemap_exclude":false,"_sitemap_priority":"","_sitemap_frequency":"","_analytify_skip_tracking":false,"footnotes":""},"class_list":["post-18200","page","type-page","status-publish","has-post-thumbnail","hentry"],"acf":[],"_links":{"self":[{"href":"https:\/\/www.padel-test.de\/sv\/wp-json\/wp\/v2\/pages\/18200","targetHints":{"allow":["GET"]}}],"collection":[{"href":"https:\/\/www.padel-test.de\/sv\/wp-json\/wp\/v2\/pages"}],"about":[{"href":"https:\/\/www.padel-test.de\/sv\/wp-json\/wp\/v2\/types\/page"}],"author":[{"embeddable":true,"href":"https:\/\/www.padel-test.de\/sv\/wp-json\/wp\/v2\/users\/1"}],"replies":[{"embeddable":true,"href":"https:\/\/www.padel-test.de\/sv\/wp-json\/wp\/v2\/comments?post=18200"}],"version-history":[{"count":0,"href":"https:\/\/www.padel-test.de\/sv\/wp-json\/wp\/v2\/pages\/18200\/revisions"}],"up":[{"embeddable":true,"href":"https:\/\/www.padel-test.de\/sv\/wp-json\/wp\/v2\/pages\/18160"}],"wp:featuredmedia":[{"embeddable":true,"href":"https:\/\/www.padel-test.de\/sv\/wp-json\/wp\/v2\/media\/16826"}],"wp:attachment":[{"href":"https:\/\/www.padel-test.de\/sv\/wp-json\/wp\/v2\/media?parent=18200"}],"curies":[{"name":"wp","href":"https:\/\/api.w.org\/{rel}","templated":true}]}}