{"id":18202,"date":"2017-12-24T16:16:32","date_gmt":"2017-12-24T16:16:32","guid":{"rendered":"http:\/\/www.padel-test.de\/padel-plaetze\/padel-stuttgart\/"},"modified":"2022-10-25T23:58:25","modified_gmt":"2022-10-25T23:58:25","slug":"padel-stuttgart","status":"publish","type":"page","link":"https:\/\/www.padel-test.de\/sv\/padelbanor\/padel-stuttgart\/","title":{"rendered":"Padel Stuttgart"},"content":{"rendered":"<p>Padelbanorna i Stuttgart, huvudstaden i Baden-W\u00fcrttemberg, var under planeringsfasen under en mycket l\u00e5ng tid. Fram till nu har alla som kommer fr\u00e5n Stuttgart varit tvungna att vara mobila f\u00f6r att spela padel.<\/p>\n<p>Men sedan juni 2019 har det inte beh\u00f6vts s\u00e5 mycket k\u00f6rning.<\/p>\n<p>F\u00f6r nu finns det en utomhusbana f\u00f6r padel hos Stuttgarter Kickers.<\/p>\n<p>H\u00e4r hittar du mer information om <a href=\"\/sv\/padelplatser-2\/padel-stuttgarter-kickers\/\">Padel Stuttgart Kickers<\/a>.<\/p>\n<p>&nbsp;<\/p>\n<p>Och i n\u00e4rheten finns en mycket stark <a href=\"\/sv\/padelbanor\/padel-karlsruhe\/\">Padel Community i Karlsruhe<\/a> med nu 6 padelbanor (inomhus- och utomhuspadelbanor, nya padelbanor varje \u00e5r) eller p\u00e5 <a href=\"\/sv\/padelplatser-2\/padel-heilbronn-schwaigern\/\">Padelbana i Schwaigern<\/a> kan undvikas. Restiden med bil fr\u00e5n Stuttgart \u00e4r ca 60 minuter.<\/p>\n<p>Eftersom det redan fanns en mobil padelbana i Stuttgart p\u00e5 f\u00f6rs\u00f6k, som mottogs mycket v\u00e4l av Stuttgarts idrottare, \u00e4r vi mycket glada \u00f6ver att padel \u00e4ntligen \u00e4r fast f\u00f6rankrat i Stuttgart och \u00f6nskar Stuttgart som en padelplats ordentlig tillv\u00e4xt med m\u00e5nga fler padelbanor!<\/p>\n\t<h3>Paddle Tennis Pl\u00e4tze &#8211; Karte<\/h3>\n\n<!-- iframe plugin v.6.0 wordpress.org\/plugins\/iframe\/ -->\n<iframe loading=\"lazy\" src=\"https:\/\/www.google.com\/maps\/d\/embed?mid=18OVW4FiG4noVz4vFAYmYzmjpOW8\" width=\"900\" 0=\"height=&quot;300&quot;&amp;gt;&amp;lt;\/iframe\" height=\"500\" scrolling=\"yes\" class=\"iframe-class\" frameborder=\"0\"><\/iframe>\n\n<h4>\n\t\tPadel Nyheter Stuttgart\n\t<\/h4>\n\t\t\t\t<a href=\"https:\/\/www.facebook.com\/sharer.php?u=https:\/\/www.padel-test.de\/padel-plaetze\/padel-stuttgart\/?fl_builder&#038;title=Padel+Stuttgart\">\n\t\t\t\t\t\t\t\t\t\t\t\tDela p\u00e5 Facebook\n\t\t\t\t\t\t\t\t\t<\/a>\n\t\t\t\t<a href=\"https:\/\/twitter.com\/intent\/tweet?url=https:\/\/www.padel-test.de\/padel-plaetze\/padel-stuttgart\/?fl_builder&#038;text=Padel+Stuttgart\">\n\t\t\t\t\t\t\t\t\t\t\t\tDela p\u00e5 Twitter\n\t\t\t\t\t\t\t\t\t<\/a>\n\t\t\t\t<a href=\"https:\/\/www.linkedin.com\/shareArticle?mini=true&#038;url=https:\/\/www.padel-test.de\/padel-plaetze\/padel-stuttgart\/?fl_builder&#038;title=Padel+Stuttgart\">\n\t\t\t\t\t\t\t\t\t\t\t\tDela p\u00e5 Linkedin\n\t\t\t\t\t\t\t\t\t<\/a>\n\t\t\t\t<a href=\"mailto:?body=https:\/\/www.padel-test.de\/padel-plaetze\/padel-stuttgart\/?fl_builder\">\n\t\t\t\t\t\t\t\t\t\t\t\tShare on Email\n\t\t\t\t\t\t\t\t\t<\/a>","protected":false},"excerpt":{"rendered":"<p>Die Padelpl\u00e4tze in der Hauptstadt Baden-W\u00fcrttembergs, Stuttgart, waren sehr lange in der Planungsphase. Bisher galt: wer aus Stuttgart kommt, muss mobil sein, um Padel spielen zu k\u00f6nnen. Doch seit Juni 2019 muss nicht mehr viel gefahren werden. Denn jetzt gibt es einen Padel Outdoor Court bei den Stuttgarter Kickers. Hier gibt es mehr Infos zu&hellip;<\/p>","protected":false},"author":1,"featured_media":17038,"parent":18160,"menu_order":1,"comment_status":"closed","ping_status":"closed","template":"","meta":{"_acf_changed":false,"_sitemap_exclude":false,"_sitemap_priority":"","_sitemap_frequency":"","_analytify_skip_tracking":false,"footnotes":""},"class_list":["post-18202","page","type-page","status-publish","has-post-thumbnail","hentry"],"acf":[],"_links":{"self":[{"href":"https:\/\/www.padel-test.de\/sv\/wp-json\/wp\/v2\/pages\/18202","targetHints":{"allow":["GET"]}}],"collection":[{"href":"https:\/\/www.padel-test.de\/sv\/wp-json\/wp\/v2\/pages"}],"about":[{"href":"https:\/\/www.padel-test.de\/sv\/wp-json\/wp\/v2\/types\/page"}],"author":[{"embeddable":true,"href":"https:\/\/www.padel-test.de\/sv\/wp-json\/wp\/v2\/users\/1"}],"replies":[{"embeddable":true,"href":"https:\/\/www.padel-test.de\/sv\/wp-json\/wp\/v2\/comments?post=18202"}],"version-history":[{"count":0,"href":"https:\/\/www.padel-test.de\/sv\/wp-json\/wp\/v2\/pages\/18202\/revisions"}],"up":[{"embeddable":true,"href":"https:\/\/www.padel-test.de\/sv\/wp-json\/wp\/v2\/pages\/18160"}],"wp:featuredmedia":[{"embeddable":true,"href":"https:\/\/www.padel-test.de\/sv\/wp-json\/wp\/v2\/media\/17038"}],"wp:attachment":[{"href":"https:\/\/www.padel-test.de\/sv\/wp-json\/wp\/v2\/media?parent=18202"}],"curies":[{"name":"wp","href":"https:\/\/api.w.org\/{rel}","templated":true}]}}