{"id":18204,"date":"2017-12-24T21:35:48","date_gmt":"2017-12-24T21:35:48","guid":{"rendered":"http:\/\/www.padel-test.de\/padel-plaetze\/padel-baden-baden\/"},"modified":"2022-10-25T23:46:15","modified_gmt":"2022-10-25T23:46:15","slug":"paddelbad-bad-bad","status":"publish","type":"page","link":"https:\/\/www.padel-test.de\/sv\/padelbanor\/paddelbad-bad-bad\/","title":{"rendered":"Padel Baden-Baden"},"content":{"rendered":"<p><strong>Spela padel i Baden-Baden med omnejd<\/strong><\/p>\n<p>F\u00f6r n\u00e4rvarande finns det en padel-domstol i Baden-Baden. I den <a href=\"\/sv\/padelplatser-2\/padel-court4-baden-baden\/\">Baden-Baden Domstol4<\/a> kan spelas p\u00e5 en panoramabana. Tack vare str\u00e5lkastare kan utomhusbanan anv\u00e4ndas n\u00e4r som helst.<\/p>\n<p>Sportcentret Court4 st\u00e5r ocks\u00e5 regelbundet v\u00e4rd f\u00f6r <a href=\"\/sv\/padel-turneringar-2\/\">Paddelturneringar<\/a>evenemang och workshops \u00e4ger rum. Dessutom finns det en padelskola med Axel Bernhard, som kommer fr\u00e5n <a href=\"\/sv\/vaerldsfoerbundet-foer-padel\/\">Padel World Federation FIP<\/a> utbildades.<\/p>\n<p><em>I n\u00e4rheten kan du ocks\u00e5 bes\u00f6ka\u00a0<a href=\"\/sv\/padelbanor\/padel-karlsruhe\/\">Spela padel i Karlsruhe<\/a>!<\/em><\/p>\n\t<h3>Paddle Tennis Pl\u00e4tze &#8211; Karte<\/h3>\n\n<!-- iframe plugin v.6.0 wordpress.org\/plugins\/iframe\/ -->\n<iframe loading=\"lazy\" src=\"https:\/\/www.google.com\/maps\/d\/embed?mid=18OVW4FiG4noVz4vFAYmYzmjpOW8\" width=\"900\" 0=\"height=&quot;300&quot;&amp;gt;&amp;lt;\/iframe\" height=\"500\" scrolling=\"yes\" class=\"iframe-class\" frameborder=\"0\"><\/iframe>\n\n<h4>\n\t\tPadel Nyheter Baden-Baden\n\t<\/h4>\n\t\t\t\t<a href=\"https:\/\/www.facebook.com\/sharer.php?u=https:\/\/www.padel-test.de\/padel-plaetze\/padel-baden-baden\/?fl_builder&#038;title=Padel+Baden-Baden\">\n\t\t\t\t\t\t\t\t\t\t\t\tDela p\u00e5 Facebook\n\t\t\t\t\t\t\t\t\t<\/a>\n\t\t\t\t<a href=\"https:\/\/twitter.com\/intent\/tweet?url=https:\/\/www.padel-test.de\/padel-plaetze\/padel-baden-baden\/?fl_builder&#038;text=Padel+Baden-Baden\">\n\t\t\t\t\t\t\t\t\t\t\t\tDela p\u00e5 Twitter\n\t\t\t\t\t\t\t\t\t<\/a>\n\t\t\t\t<a href=\"https:\/\/www.linkedin.com\/shareArticle?mini=true&#038;url=https:\/\/www.padel-test.de\/padel-plaetze\/padel-baden-baden\/?fl_builder&#038;title=Padel+Baden-Baden\">\n\t\t\t\t\t\t\t\t\t\t\t\tDela p\u00e5 Linkedin\n\t\t\t\t\t\t\t\t\t<\/a>\n\t\t\t\t<a href=\"mailto:?body=https:\/\/www.padel-test.de\/padel-plaetze\/padel-baden-baden\/?fl_builder\">\n\t\t\t\t\t\t\t\t\t\t\t\tShare on Email\n\t\t\t\t\t\t\t\t\t<\/a>","protected":false},"excerpt":{"rendered":"<p>Padel spielen in Baden-Baden und Umgebung In Baden-Baden existiert momentan ein Padelplatz. Im Baden-Baden Court4 kann in einem Panorama-Court gespielt werden. Dank Flutlicht ist der Outdoor-Platz jederzeit bespielbar. Auf der Sportanlage des Court4 finden auch regelm\u00e4\u00dfig Padelturniere, Events und Workshops statt. Zus\u00e4tzlich gibt es ein Padelschule mit Axel Bernhard, welcher vom Padel Weltverband FIP ausgebildet&hellip;<\/p>","protected":false},"author":1,"featured_media":16688,"parent":18160,"menu_order":2,"comment_status":"closed","ping_status":"closed","template":"","meta":{"_acf_changed":false,"_sitemap_exclude":false,"_sitemap_priority":"","_sitemap_frequency":"","_analytify_skip_tracking":false,"footnotes":""},"class_list":["post-18204","page","type-page","status-publish","has-post-thumbnail","hentry"],"acf":[],"_links":{"self":[{"href":"https:\/\/www.padel-test.de\/sv\/wp-json\/wp\/v2\/pages\/18204","targetHints":{"allow":["GET"]}}],"collection":[{"href":"https:\/\/www.padel-test.de\/sv\/wp-json\/wp\/v2\/pages"}],"about":[{"href":"https:\/\/www.padel-test.de\/sv\/wp-json\/wp\/v2\/types\/page"}],"author":[{"embeddable":true,"href":"https:\/\/www.padel-test.de\/sv\/wp-json\/wp\/v2\/users\/1"}],"replies":[{"embeddable":true,"href":"https:\/\/www.padel-test.de\/sv\/wp-json\/wp\/v2\/comments?post=18204"}],"version-history":[{"count":0,"href":"https:\/\/www.padel-test.de\/sv\/wp-json\/wp\/v2\/pages\/18204\/revisions"}],"up":[{"embeddable":true,"href":"https:\/\/www.padel-test.de\/sv\/wp-json\/wp\/v2\/pages\/18160"}],"wp:featuredmedia":[{"embeddable":true,"href":"https:\/\/www.padel-test.de\/sv\/wp-json\/wp\/v2\/media\/16688"}],"wp:attachment":[{"href":"https:\/\/www.padel-test.de\/sv\/wp-json\/wp\/v2\/media?parent=18204"}],"curies":[{"name":"wp","href":"https:\/\/api.w.org\/{rel}","templated":true}]}}