{"id":18208,"date":"2017-12-24T21:40:27","date_gmt":"2017-12-24T21:40:27","guid":{"rendered":"http:\/\/www.padel-test.de\/padel-plaetze\/padel-bodensee\/"},"modified":"2022-10-25T23:11:26","modified_gmt":"2022-10-25T23:11:26","slug":"padel-bodensee","status":"publish","type":"page","link":"https:\/\/www.padel-test.de\/sv\/padelbanor\/padel-bodensee\/","title":{"rendered":"Padel Bodensj\u00f6n"},"content":{"rendered":"<p>Spela padel vid Bodensj\u00f6n: I den vackra gr\u00e4nstriangeln mellan Tyskland, \u00d6sterrike och Schweiz kan du spela padel i Bregenz. P\u00e5 TC Hard Vorarlbergs idrottsplats finns tv\u00e5 utomhusbanor f\u00f6r padel med konstgr\u00e4s. Banorna ligger i Bregenz-Hard i \u00d6sterrike.<\/p>\n<p>De tv\u00e5 \u00e4r fortfarande <a href=\"\/sv\/padelplatser-2\/padel-tc-hard-bregenz\/\">Padelbanor f\u00f6r TC Bregenz Hard<\/a> de enda vid Bodensj\u00f6n. Men tv\u00e5 helt nya padelbanor planeras redan i Lindau-Wasserburg!<\/p>\n<p>Det \u00e5terst\u00e5r att se om andra klubbar i Konstanz, Friedrichshafen, Bregenz eller Lindau kommer att f\u00f6lja efter!<\/p>\n<ul>\n<li><a href=\"\/sv\/padelplatser-tyskland\/\">Padelbanor Tyskland<\/a><\/li>\n<li><a href=\"\/sv\/paddelbanor-oesterrike\/\">Padelbanor i \u00d6sterrike<\/a><\/li>\n<li><a href=\"\/sv\/paddelbanor-schweiz\/\">Padelbanor i Schweiz<\/a><\/li>\n<li><a href=\"\/sv\/padelbanor\/\">Padel domstolar karta<\/a><\/li>\n<\/ul>\n\t<h3>Paddle Tennis Pl\u00e4tze &#8211; Karte<\/h3>\n\n<!-- iframe plugin v.6.0 wordpress.org\/plugins\/iframe\/ -->\n<iframe loading=\"lazy\" src=\"https:\/\/www.google.com\/maps\/d\/embed?mid=18OVW4FiG4noVz4vFAYmYzmjpOW8\" width=\"900\" 0=\"height=&quot;300&quot;&amp;gt;&amp;lt;\/iframe\" height=\"500\" scrolling=\"yes\" class=\"iframe-class\" frameborder=\"0\"><\/iframe>\n\n<h4>\n\t\tPadel Nyheter Bodensj\u00f6n\n\t<\/h4>\n\t\t\t\t<a href=\"https:\/\/www.facebook.com\/sharer.php?u=https:\/\/www.padel-test.de\/padel-plaetze\/padel-bodensee\/?fl_builder&#038;title=Padel+Bodensee\">\n\t\t\t\t\t\t\t\t\t\t\t\tDela p\u00e5 Facebook\n\t\t\t\t\t\t\t\t\t<\/a>\n\t\t\t\t<a href=\"https:\/\/twitter.com\/intent\/tweet?url=https:\/\/www.padel-test.de\/padel-plaetze\/padel-bodensee\/?fl_builder&#038;text=Padel+Bodensee\">\n\t\t\t\t\t\t\t\t\t\t\t\tDela p\u00e5 Twitter\n\t\t\t\t\t\t\t\t\t<\/a>\n\t\t\t\t<a href=\"https:\/\/www.linkedin.com\/shareArticle?mini=true&#038;url=https:\/\/www.padel-test.de\/padel-plaetze\/padel-bodensee\/?fl_builder&#038;title=Padel+Bodensee\">\n\t\t\t\t\t\t\t\t\t\t\t\tDela p\u00e5 Linkedin\n\t\t\t\t\t\t\t\t\t<\/a>\n\t\t\t\t<a href=\"mailto:?body=https:\/\/www.padel-test.de\/padel-plaetze\/padel-bodensee\/?fl_builder\">\n\t\t\t\t\t\t\t\t\t\t\t\tShare on Email\n\t\t\t\t\t\t\t\t\t<\/a>","protected":false},"excerpt":{"rendered":"<p>Padel spielen am Bodensee: Im wundersch\u00f6nen Dreil\u00e4ndereck zwischen Deutschland, \u00d6sterreich und der Schweiz kann in Bregenz Padel gespielt werden. Auf dem Sportgel\u00e4nde des TC Hard Vorarlberg stehen zwei Outdoor Padel Pl\u00e4tze mit Kunstrasen zur Verf\u00fcgung. Die Courts befinden sich in Bregenz-Hard in \u00d6sterreich. Noch sind die beiden Padel Courts des TC Bregenz Hard die einzigen&hellip;<\/p>","protected":false},"author":1,"featured_media":16877,"parent":18160,"menu_order":4,"comment_status":"closed","ping_status":"closed","template":"","meta":{"_acf_changed":false,"_sitemap_exclude":false,"_sitemap_priority":"","_sitemap_frequency":"","_analytify_skip_tracking":false,"footnotes":""},"class_list":["post-18208","page","type-page","status-publish","has-post-thumbnail","hentry"],"acf":[],"_links":{"self":[{"href":"https:\/\/www.padel-test.de\/sv\/wp-json\/wp\/v2\/pages\/18208","targetHints":{"allow":["GET"]}}],"collection":[{"href":"https:\/\/www.padel-test.de\/sv\/wp-json\/wp\/v2\/pages"}],"about":[{"href":"https:\/\/www.padel-test.de\/sv\/wp-json\/wp\/v2\/types\/page"}],"author":[{"embeddable":true,"href":"https:\/\/www.padel-test.de\/sv\/wp-json\/wp\/v2\/users\/1"}],"replies":[{"embeddable":true,"href":"https:\/\/www.padel-test.de\/sv\/wp-json\/wp\/v2\/comments?post=18208"}],"version-history":[{"count":0,"href":"https:\/\/www.padel-test.de\/sv\/wp-json\/wp\/v2\/pages\/18208\/revisions"}],"up":[{"embeddable":true,"href":"https:\/\/www.padel-test.de\/sv\/wp-json\/wp\/v2\/pages\/18160"}],"wp:featuredmedia":[{"embeddable":true,"href":"https:\/\/www.padel-test.de\/sv\/wp-json\/wp\/v2\/media\/16877"}],"wp:attachment":[{"href":"https:\/\/www.padel-test.de\/sv\/wp-json\/wp\/v2\/media?parent=18208"}],"curies":[{"name":"wp","href":"https:\/\/api.w.org\/{rel}","templated":true}]}}