{"id":18214,"date":"2019-08-02T16:46:59","date_gmt":"2019-08-02T16:46:59","guid":{"rendered":"http:\/\/www.padel-test.de\/padel-wissen\/was-ist-padel\/"},"modified":"2022-11-28T21:31:05","modified_gmt":"2022-11-28T21:31:05","slug":"vad-aer-padel","status":"publish","type":"page","link":"https:\/\/www.padel-test.de\/sv\/kunskap-om-padel\/vad-aer-padel\/","title":{"rendered":"Vad \u00e4r padel?"},"content":{"rendered":"<h2>Vad \u00e4r padel eller p\u00e1del? Vad \u00e4r padeltennis?<\/h2>\n<p>Egentligen \u00e4r padel, p\u00e1del eller padeltennis ganska l\u00e4tt att beskriva: Padel \u00e4r i princip en blandning av tennis och squash.<\/p>\n<p>Det \u00e4r d\u00e4rf\u00f6r padel ofta kallas f\u00f6r padeltennis. Vi (padelspelare) f\u00f6redrar dock att bara tala om padel, eller spanjorerna om p\u00e1del! Eftersom padel \u00e4r en sj\u00e4lvst\u00e4ndig backstroke-sport som har m\u00e5nga element som inte finns i andra sporter.<\/p>\n<p>Padel har sitt ursprung i Mexiko och \u00e4r den popul\u00e4ra sporten par excellence i spansktalande l\u00e4nder (l\u00e4s mer om padelns historia h\u00e4r). I Europa \u00e4r padel mest popul\u00e4rt i Spanien, men l\u00e4nder som Portugal och s\u00e4rskilt Italien kommer snabbt ikapp. <a href=\"\/sv\/padel-test\/nachrichten\/padel-italien-booms-tyskland\/\">Padelboom i Italien<\/a>).<\/p>\n<p>Framf\u00f6r allt \u00e4r padel l\u00e4tt att l\u00e4ra sig och roligt redan fr\u00e5n b\u00f6rjan. \u00c4ven nyb\u00f6rjare som \u00e4r p\u00e5 padelbanan f\u00f6r f\u00f6rsta g\u00e5ngen kan spela sin f\u00f6rsta padelmatch efter ca 30-45 minuter.<\/p>\n<p>Fr\u00e5ga bara en padeltr\u00e4nare eller erfaren padelspelare om de kan hj\u00e4lpa till och coacha lite.<\/p>\n<p>D\u00e5 g\u00e5r det verkligen v\u00e4ldigt fort!<\/p>\n<p>&nbsp;<\/p>\n<h2>Hur spelar man padel?<\/h2>\n<p>Zum Beispiel so wie im nachfolgndem Video (&#8222;Die besten Padel Punkte der World Padel Tour 2021&#8220;). Aber so gut muss man gar nicht spielen k\u00f6nnen, um genau so viel Spa\u00df zu haben!<\/p>\n<p>Men naturligtvis kan du f\u00e5 bra inspiration fr\u00e5n padelproffsens padelvideor!<\/p>\n<p>&nbsp;<\/p>\n<p style=\"text-align: center;\"><iframe loading=\"lazy\" title=\"YouTube-videospelare\" src=\"https:\/\/www.youtube-nocookie.com\/embed\/OBR9yr9bvG8\" width=\"840\" height=\"472\" frameborder=\"0\" allowfullscreen=\"allowfullscreen\"><span style=\"display: inline-block; width: 0px; overflow: hidden; line-height: 0;\" data-mce-type=\"bookmark\" class=\"mce_SELRES_start\"><\/span><\/iframe><\/p>\n<p>&nbsp;<\/p>\n<p>Paddelsporter \u00e4r mycket dynamiska och har ett n\u00e4stan o\u00e4ndligt antal slagkombinationer och positionsspel.<\/p>\n<p>Det l\u00e5ter komplicerat, eller hur? Men det \u00e4r det inte! Det visar bara att \u00e4ven de mest professionella spelarna st\u00e4ndigt l\u00e4r sig nytt och aldrig blir uttr\u00e5kade.<\/p>\n<p>Eftersom padel alltid spelas i dubbel (dvs. med 4 spelare p\u00e5 banan) och padelbanan bara \u00e4r 20x10m \u00e4r allt lite n\u00e4rmare, mer k\u00e4nslom\u00e4ssigt och mer kommunikativt \u00e4n i tennis, till exempel. Att h\u00e4mta bollar \u00e4r ocks\u00e5 n\u00e4stan helt on\u00f6digt, eftersom det finns ett plexiglasskydd runt banan.<\/p>\n<p>&nbsp;<\/p>\n<h3>Vilka \u00e4r f\u00f6rdelarna med padel?<\/h3>\n<ul>\n<li>Padel har fler l\u00e5nga rallyn och m\u00e5nga fler bollkontakter \u00e4n andra bakslagssporter<\/li>\n<li>I padel ger taktik och skicklighet mer \u00e4n ren atletism<\/li>\n<li>Padel \u00e4r mycket snabbare\/enklare att l\u00e4ra sig \u00e4n tennis och squash<\/li>\n<li>Padel \u00e4r l\u00e4mpligt f\u00f6r m\u00e4nniskor i alla \u00e5ldrar och k\u00f6n<\/li>\n<\/ul>\n<p>&nbsp;<\/p>\n<p>F\u00f6r \u00f6vrigt finns det praktiskt taget inga skador i padeltennis - f\u00f6rutsatt att du v\u00e4rmer upp lite i f\u00f6rv\u00e4g, som med vilken sport som helst.<\/p>\n<p>&nbsp;<\/p>\n<h3>Hur spelar man padel?<\/h3>\n<p>Padel spelas i dubbel, som redan n\u00e4mnts. Padelbanan \u00e4r inte helt olik en tennisbana, men bara ungef\u00e4r h\u00e4lften s\u00e5 stor. Padelbanan kantas av plexiglasv\u00e4ggar, varav vissa \u00e4r f\u00f6rsedda med ett galler.<\/p>\n<p>H\u00e4r kan du se det bra p\u00e5 bilden:<\/p>\n<p>&nbsp;<\/p>\n<div id=\"attachment_3432\" style=\"width: 640px\" class=\"wp-caption aligncenter\"><img loading=\"lazy\" decoding=\"async\" aria-describedby=\"caption-attachment-3432\" class=\"wp-image-3432 size-full\" src=\"https:\/\/www.padel-test.de\/wp-content\/uploads\/2017\/10\/ce7c64885f.jpg\" alt=\"Vad \u00e4r padel? Detta \u00e4r en Padel-domstol \" width=\"630\" height=\"418\" \/><p id=\"caption-attachment-3432\" class=\"wp-caption-text\">Vad \u00e4r padel? Detta \u00e4r en utomhusbana f\u00f6r padel i Spanien<\/p><\/div>\n<p>&nbsp;<\/p>\n<p>Reglerna f\u00f6r padel \u00e4r n\u00e4stan identiska med tennisreglerna.<\/p>\n<p><strong>Det finns dock tv\u00e5 stora skillnader:<\/strong><\/p>\n<ol>\n<li>Serven spelas underifr\u00e5n (med andra ord f\u00e5r bollen inte spelas \u00f6ver h\u00f6fterna) och visar d\u00e4rmed den ganska defensiva karakt\u00e4ren hos padel.<\/li>\n<li>Plexiglasv\u00e4ggarna ing\u00e5r intensivt i padelspelet. S\u00e5 du kan fortfarande spela bollen efter att den har r\u00f6rt vid v\u00e4ggen (om bollen var p\u00e5 golvet innan) och du f\u00e5r ocks\u00e5 spela padelbollen \u00f6ver v\u00e4ggen eller v\u00e4ggarna (ja, till och med tv\u00e5 v\u00e4ggar \u00e4r m\u00f6jliga och till\u00e5tna!).<\/li>\n<\/ol>\n<p>&nbsp;<\/p>\n<p>Vill du l\u00e4ra dig mer om padel?<br \/>\nOkej, d\u00e5 k\u00f6r vi:<\/p>\n<ul>\n<li><a href=\"\/sv\/kunskap-om-padel\/regler-foer-padel\/\">Regler f\u00f6r padel<\/a><\/li>\n<li><a href=\"\/sv\/kunskap-om-padel\/skillnader-tennis-padel\/\">Vilka \u00e4r skillnaderna mellan tennis och padel?<\/a><\/li>\n<li><a href=\"\/sv\/padelbanor\/\">Var kan man spela padel?<\/a><\/li>\n<\/ul>","protected":false},"excerpt":{"rendered":"<p>Vad \u00e4r Padel eller P\u00e1del? Vad \u00e4r padeltennis? Padel, P\u00e1del eller Padel Tennis \u00e4r faktiskt ganska l\u00e4tt att beskriva: Padel \u00e4r i grunden en blandning av tennis och squash. Det \u00e4r d\u00e4rf\u00f6r padel ofta kallas padeltennis. Men ...<\/p>","protected":false},"author":1,"featured_media":1118,"parent":18170,"menu_order":0,"comment_status":"closed","ping_status":"closed","template":"","meta":{"_acf_changed":false,"_sitemap_exclude":false,"_sitemap_priority":"","_sitemap_frequency":"","_analytify_skip_tracking":false,"footnotes":""},"class_list":["post-18214","page","type-page","status-publish","has-post-thumbnail","hentry"],"acf":[],"_links":{"self":[{"href":"https:\/\/www.padel-test.de\/sv\/wp-json\/wp\/v2\/pages\/18214","targetHints":{"allow":["GET"]}}],"collection":[{"href":"https:\/\/www.padel-test.de\/sv\/wp-json\/wp\/v2\/pages"}],"about":[{"href":"https:\/\/www.padel-test.de\/sv\/wp-json\/wp\/v2\/types\/page"}],"author":[{"embeddable":true,"href":"https:\/\/www.padel-test.de\/sv\/wp-json\/wp\/v2\/users\/1"}],"replies":[{"embeddable":true,"href":"https:\/\/www.padel-test.de\/sv\/wp-json\/wp\/v2\/comments?post=18214"}],"version-history":[{"count":0,"href":"https:\/\/www.padel-test.de\/sv\/wp-json\/wp\/v2\/pages\/18214\/revisions"}],"up":[{"embeddable":true,"href":"https:\/\/www.padel-test.de\/sv\/wp-json\/wp\/v2\/pages\/18170"}],"wp:featuredmedia":[{"embeddable":true,"href":"https:\/\/www.padel-test.de\/sv\/wp-json\/wp\/v2\/media\/1118"}],"wp:attachment":[{"href":"https:\/\/www.padel-test.de\/sv\/wp-json\/wp\/v2\/media?parent=18214"}],"curies":[{"name":"wp","href":"https:\/\/api.w.org\/{rel}","templated":true}]}}