{"id":18216,"date":"2019-08-02T16:46:50","date_gmt":"2019-08-02T16:46:50","guid":{"rendered":"http:\/\/www.padel-test.de\/padel-wissen\/unterschiede-tennis-padel\/"},"modified":"2022-11-03T00:07:51","modified_gmt":"2022-11-03T00:07:51","slug":"skillnader-tennis-padel","status":"publish","type":"page","link":"https:\/\/www.padel-test.de\/sv\/kunskap-om-padel\/skillnader-tennis-padel\/","title":{"rendered":"Skillnader mellan tennis och padel?"},"content":{"rendered":"<h2>Vilka \u00e4r skillnaderna mellan padel och tennis?<\/h2>\n<ul>\n<li>Padel spelas p\u00e5 en mycket mindre bana (10x20m). Det inneb\u00e4r att en normal tennisbana med avrinningsomr\u00e5de kan rymma ca 2-3 padelbanor.<\/li>\n<li>Padel spelas alltid i dubbel. Det finns ett f\u00e5tal singelbanor, men dessa \u00e4r endast till f\u00f6r att \u00f6va p\u00e5. Padel-turneringar spelas egentligen bara i dubbel.<\/li>\n<li>Padel \u00e4r mycket, mycket snabbare att l\u00e4ra sig \u00e4n tennis.<\/li>\n<li><a href=\"\/sv\/kunskap-om-padel\/paddelslagare\/\">Padel racketar<\/a> \u00e4r betydligt kortare \u00e4n tennisracketar och saknar sidor, men \u00e4r helt tillverkade av plast (glasfiber, etylenvinylacetat (EVA), kol, polyuretan (PUR), kol-aluminiumteknik etc.).<\/li>\n<li>Bei Padel geht es mehr ums &#8222;K\u00f6pfchen&#8220;, also Spielwitz und weniger um Kraft und Athletik.<\/li>\n<li>Rallyt \u00e4r mycket l\u00e4ngre i padel \u00e4n i tennis.<\/li>\n<li>Serve underifr\u00e5n (padelbollen m\u00e5ste sl\u00e5s under h\u00f6ften)<\/li>\n<li>Padelbollar \u00e4r n\u00e5got mjukare \u00e4n tennisbollar (l\u00e4gre lufttryck)<\/li>\n<li>Tennis har funnits sedan 1500-talet (p\u00e5 den tiden var <a title=\"\" href=\"https:\/\/de.wikipedia.org\/wiki\/Jeu_de_Paume\" target=\"_blank\" rel=\"nofollow noopener noreferrer\">Jeu de Paume<\/a>\u00a0 ) - men: den tidens tennis var mycket mer lik dagens padel. S\u00e5 tennis h\u00e4rstammar faktiskt fr\u00e5n padel? \ud83d\ude09 H\u00e4r kan du hitta mer information om <a href=\"https:\/\/www.padel-test.de\/sv\/kunskap-om-padel\/padelns-historia\/\">Padelns historia<\/a>!<\/li>\n<li>Padel \u00e4r coolare! Inte undra p\u00e5 att m\u00e5nga k\u00e4ndisar och idrottsproffs som J\u00fcrgen Klopp nu spelar padel n\u00e4stan varje dag.<\/li>\n<\/ul>\n<p>&nbsp;<\/p>\n<p>Och det finns m\u00e5nga andra skillnader mellan tennis och padel - prova bara sj\u00e4lv!<\/p>\n<p>H\u00e4r hittar du en \u00f6versikt \u00f6ver <a href=\"\/sv\/padelbanor\/\">Padelbanor i Tyskland<\/a> - Jag \u00e4r s\u00e4ker p\u00e5 att det finns en padelbana n\u00e4ra dig!<\/p>\n<p>&nbsp;<\/p>\n<div id=\"attachment_9038\" style=\"width: 356px\" class=\"wp-caption aligncenter\"><img loading=\"lazy\" decoding=\"async\" aria-describedby=\"caption-attachment-9038\" class=\"wp-image-9038 size-full\" src=\"https:\/\/www.padel-test.de\/wp-content\/uploads\/2022\/09\/Jeu_de_paume.jpg\" alt=\"Jeu De Paume - f\u00f6reg\u00e5ngare till tennis och padel\" width=\"346\" height=\"460\" \/><p id=\"caption-attachment-9038\" class=\"wp-caption-text\">Jeu De Paume - f\u00f6reg\u00e5ngaren till tennis och padel<\/p><\/div>\n<p>&nbsp;<\/p>\n<p><span data-slate-fragment=\"JTVCJTdCJTIydHlwZSUyMiUzQSUyMnBhcmFncmFwaCUyMiUyQyUyMmNoaWxkcmVuJTIyJTNBJTVCJTdCJTIydGV4dCUyMiUzQSUyMldhcyUyMGlzdCUyMGJlc3NlciUyMGYlQzMlQkNyJTIwZGllJTIwS25pZWdlbGVua2UlMjAtJTIwUGFkZWwlMjBvZGVyJTIwVGVubmlzJTNGJTIwRWluaWdlJTIwU3R1ZGllbiUyMGhhYmVuJTIwZ2V6ZWlndCUyQyUyMGRhc3MlMjBQYWRlbCUyMGJlc3NlciUyMGYlQzMlQkNyJTIwZGllJTIwS25pZWdlbGVua2UlMjBpc3QlMkMlMjBkYSUyMGVzJTIwd2VuaWdlciUyMEVyc2NoJUMzJUJDdHRlcnVuZ2VuJTIwdmVydXJzYWNodC4lMjBBbmRlcmUlMjBTdHVkaWVuJTIwaGFiZW4lMjBqZWRvY2glMjBnZXplaWd0JTJDJTIwZGFzcyUyMFRlbm5pcyUyMGJlc3NlciUyMGYlQzMlQkNyJTIwZGllJTIwS25pZWdlbGVua2UlMjBpc3QlMkMlMjBkYSUyMGVzJTIwZGllJTIwR2VsZW5rZSUyMHN0JUMzJUE0cmt0LiUyMERhaGVyJTIwaXN0JTIwZXMlMjBzY2h3aWVyaWclMjB6dSUyMHNhZ2VuJTJDJTIwd2VsY2hlcyUyMFNwaWVsJTIwYmVzc2VyJTIwZiVDMyVCQ3IlMjBkaWUlMjBLbmllZ2VsZW5rZSUyMGlzdC4lMjAlMjIlN0QlNUQlN0QlNUQ=\">Och vilket \u00e4r b\u00e4ttre f\u00f6r kn\u00e4lederna - padel eller tennis? <\/span><\/p>\n<p><span data-slate-fragment=\"JTVCJTdCJTIydHlwZSUyMiUzQSUyMnBhcmFncmFwaCUyMiUyQyUyMmNoaWxkcmVuJTIyJTNBJTVCJTdCJTIydGV4dCUyMiUzQSUyMldhcyUyMGlzdCUyMGJlc3NlciUyMGYlQzMlQkNyJTIwZGllJTIwS25pZWdlbGVua2UlMjAtJTIwUGFkZWwlMjBvZGVyJTIwVGVubmlzJTNGJTIwRWluaWdlJTIwU3R1ZGllbiUyMGhhYmVuJTIwZ2V6ZWlndCUyQyUyMGRhc3MlMjBQYWRlbCUyMGJlc3NlciUyMGYlQzMlQkNyJTIwZGllJTIwS25pZWdlbGVua2UlMjBpc3QlMkMlMjBkYSUyMGVzJTIwd2VuaWdlciUyMEVyc2NoJUMzJUJDdHRlcnVuZ2VuJTIwdmVydXJzYWNodC4lMjBBbmRlcmUlMjBTdHVkaWVuJTIwaGFiZW4lMjBqZWRvY2glMjBnZXplaWd0JTJDJTIwZGFzcyUyMFRlbm5pcyUyMGJlc3NlciUyMGYlQzMlQkNyJTIwZGllJTIwS25pZWdlbGVua2UlMjBpc3QlMkMlMjBkYSUyMGVzJTIwZGllJTIwR2VsZW5rZSUyMHN0JUMzJUE0cmt0LiUyMERhaGVyJTIwaXN0JTIwZXMlMjBzY2h3aWVyaWclMjB6dSUyMHNhZ2VuJTJDJTIwd2VsY2hlcyUyMFNwaWVsJTIwYmVzc2VyJTIwZiVDMyVCQ3IlMjBkaWUlMjBLbmllZ2VsZW5rZSUyMGlzdC4lMjAlMjIlN0QlNUQlN0QlNUQ=\">Det \u00e4r d\u00e4r de l\u00e4rde tvistar! Vissa studier har visat att padel \u00e4r b\u00e4ttre f\u00f6r kn\u00e4lederna eftersom det orsakar mindre st\u00f6tar. <\/span><\/p>\n<p><span data-slate-fragment=\"JTVCJTdCJTIydHlwZSUyMiUzQSUyMnBhcmFncmFwaCUyMiUyQyUyMmNoaWxkcmVuJTIyJTNBJTVCJTdCJTIydGV4dCUyMiUzQSUyMldhcyUyMGlzdCUyMGJlc3NlciUyMGYlQzMlQkNyJTIwZGllJTIwS25pZWdlbGVua2UlMjAtJTIwUGFkZWwlMjBvZGVyJTIwVGVubmlzJTNGJTIwRWluaWdlJTIwU3R1ZGllbiUyMGhhYmVuJTIwZ2V6ZWlndCUyQyUyMGRhc3MlMjBQYWRlbCUyMGJlc3NlciUyMGYlQzMlQkNyJTIwZGllJTIwS25pZWdlbGVua2UlMjBpc3QlMkMlMjBkYSUyMGVzJTIwd2VuaWdlciUyMEVyc2NoJUMzJUJDdHRlcnVuZ2VuJTIwdmVydXJzYWNodC4lMjBBbmRlcmUlMjBTdHVkaWVuJTIwaGFiZW4lMjBqZWRvY2glMjBnZXplaWd0JTJDJTIwZGFzcyUyMFRlbm5pcyUyMGJlc3NlciUyMGYlQzMlQkNyJTIwZGllJTIwS25pZWdlbGVua2UlMjBpc3QlMkMlMjBkYSUyMGVzJTIwZGllJTIwR2VsZW5rZSUyMHN0JUMzJUE0cmt0LiUyMERhaGVyJTIwaXN0JTIwZXMlMjBzY2h3aWVyaWclMjB6dSUyMHNhZ2VuJTJDJTIwd2VsY2hlcyUyMFNwaWVsJTIwYmVzc2VyJTIwZiVDMyVCQ3IlMjBkaWUlMjBLbmllZ2VsZW5rZSUyMGlzdC4lMjAlMjIlN0QlNUQlN0QlNUQ=\">Andra studier har dock visat att tennis \u00e4r b\u00e4ttre f\u00f6r kn\u00e4lederna eftersom det st\u00e4rker dem. <\/span><\/p>\n<p><span data-slate-fragment=\"JTVCJTdCJTIydHlwZSUyMiUzQSUyMnBhcmFncmFwaCUyMiUyQyUyMmNoaWxkcmVuJTIyJTNBJTVCJTdCJTIydGV4dCUyMiUzQSUyMldhcyUyMGlzdCUyMGJlc3NlciUyMGYlQzMlQkNyJTIwZGllJTIwS25pZWdlbGVua2UlMjAtJTIwUGFkZWwlMjBvZGVyJTIwVGVubmlzJTNGJTIwRWluaWdlJTIwU3R1ZGllbiUyMGhhYmVuJTIwZ2V6ZWlndCUyQyUyMGRhc3MlMjBQYWRlbCUyMGJlc3NlciUyMGYlQzMlQkNyJTIwZGllJTIwS25pZWdlbGVua2UlMjBpc3QlMkMlMjBkYSUyMGVzJTIwd2VuaWdlciUyMEVyc2NoJUMzJUJDdHRlcnVuZ2VuJTIwdmVydXJzYWNodC4lMjBBbmRlcmUlMjBTdHVkaWVuJTIwaGFiZW4lMjBqZWRvY2glMjBnZXplaWd0JTJDJTIwZGFzcyUyMFRlbm5pcyUyMGJlc3NlciUyMGYlQzMlQkNyJTIwZGllJTIwS25pZWdlbGVua2UlMjBpc3QlMkMlMjBkYSUyMGVzJTIwZGllJTIwR2VsZW5rZSUyMHN0JUMzJUE0cmt0LiUyMERhaGVyJTIwaXN0JTIwZXMlMjBzY2h3aWVyaWclMjB6dSUyMHNhZ2VuJTJDJTIwd2VsY2hlcyUyMFNwaWVsJTIwYmVzc2VyJTIwZiVDMyVCQ3IlMjBkaWUlMjBLbmllZ2VsZW5rZSUyMGlzdC4lMjAlMjIlN0QlNUQlN0QlNUQ=\">Det \u00e4r d\u00e4rf\u00f6r sv\u00e5rt att s\u00e4ga vilket spel som \u00e4r b\u00e4ttre f\u00f6r kn\u00e4lederna.<\/span><\/p>\n<p>I b\u00e5da fallen kan det dock vara bra med bra padelskor och\/eller en h\u00f6gkvalitativ sportsula som ger bra d\u00e4mpning.<\/p>","protected":false},"excerpt":{"rendered":"<p>Skillnader mellan tennis och padel: Vilka \u00e4r skillnaderna mellan padel och tennis? Padel spelas p\u00e5 en mycket mindre bana (10x20m). Detta inneb\u00e4r att en normal tennisbana med en avrinningsyta rymmer cirka ...<\/p>","protected":false},"author":1,"featured_media":18217,"parent":18170,"menu_order":1,"comment_status":"closed","ping_status":"closed","template":"","meta":{"_acf_changed":false,"_sitemap_exclude":false,"_sitemap_priority":"","_sitemap_frequency":"","_analytify_skip_tracking":false,"footnotes":""},"class_list":["post-18216","page","type-page","status-publish","has-post-thumbnail","hentry"],"acf":[],"_links":{"self":[{"href":"https:\/\/www.padel-test.de\/sv\/wp-json\/wp\/v2\/pages\/18216","targetHints":{"allow":["GET"]}}],"collection":[{"href":"https:\/\/www.padel-test.de\/sv\/wp-json\/wp\/v2\/pages"}],"about":[{"href":"https:\/\/www.padel-test.de\/sv\/wp-json\/wp\/v2\/types\/page"}],"author":[{"embeddable":true,"href":"https:\/\/www.padel-test.de\/sv\/wp-json\/wp\/v2\/users\/1"}],"replies":[{"embeddable":true,"href":"https:\/\/www.padel-test.de\/sv\/wp-json\/wp\/v2\/comments?post=18216"}],"version-history":[{"count":0,"href":"https:\/\/www.padel-test.de\/sv\/wp-json\/wp\/v2\/pages\/18216\/revisions"}],"up":[{"embeddable":true,"href":"https:\/\/www.padel-test.de\/sv\/wp-json\/wp\/v2\/pages\/18170"}],"wp:featuredmedia":[{"embeddable":true,"href":"https:\/\/www.padel-test.de\/sv\/wp-json\/wp\/v2\/media\/18217"}],"wp:attachment":[{"href":"https:\/\/www.padel-test.de\/sv\/wp-json\/wp\/v2\/media?parent=18216"}],"curies":[{"name":"wp","href":"https:\/\/api.w.org\/{rel}","templated":true}]}}