{"id":18246,"date":"2019-10-30T22:41:47","date_gmt":"2019-10-30T22:41:47","guid":{"rendered":"http:\/\/www.padel-test.de\/padel-wissen\/padel-spielfeld\/"},"modified":"2022-11-28T21:31:35","modified_gmt":"2022-11-28T21:31:35","slug":"padel-domstol","status":"publish","type":"page","link":"https:\/\/www.padel-test.de\/sv\/kunskap-om-padel\/padel-domstol\/","title":{"rendered":"Padel domstol"},"content":{"rendered":"<p>Storleken p\u00e5 en padelbana \u00e4r bara n\u00e5got mindre \u00e4n en tennisbana (23,77 m x 10,97 m f\u00f6r dubbel). En tennisbana har dock fortfarande en mycket stor avrinningszon.<\/p>\n<p>Der Padelplatz mit seiner Umrandung aus Glasw\u00e4nden ist 20m lang und 10m breit. In der Mitte wird das Padel Spielfeld durch ein Netz getrennt &#8211; jede Seite ist also quadratisch (10x10m). Die maximale Abweichung der Ma\u00dfe darf 0,5% betragen.<\/p>\n<p>Das Netz ist 10 Meter lang und hat in der Mitte eine H\u00f6he von 0,88 Meter &#8211; am Rand darf das Netzt maximal 0,92 Meter hoch sein.<\/p>\n<p>Stolparna p\u00e5 vilka paddeln\u00e4tet \u00e4r upph\u00e4ngt f\u00e5r vara h\u00f6gst 1,05 meter h\u00f6ga.<\/p>\n<p>&nbsp;<\/p>\n<div id=\"attachment_11254\" style=\"width: 693px\" class=\"wp-caption aligncenter\"><img loading=\"lazy\" decoding=\"async\" aria-describedby=\"caption-attachment-11254\" class=\"wp-image-11254 size-full\" src=\"https:\/\/www.padel-test.de\/wp-content\/uploads\/2022\/09\/Padel-Court-Abmessungen.png\" alt=\"Padel domstolens dimensioner\" width=\"683\" height=\"566\" \/><p id=\"caption-attachment-11254\" class=\"wp-caption-text\">Padel Court Abmessungen &#8211; Skizze von <a href=\"\/sv\/padel-kursbyggare-2\/padelkreationer\/\">Padelkreationer<\/a><\/p><\/div>\n<h2>Padel domstol v\u00e4ggar<\/h2>\n<p>Hela padelbanan ramas in av en ESG-glasv\u00e4gg (s\u00e4kerhetsglas). Denna avbryts endast vid n\u00e4tstolparna av en ing\u00e5ng\/utg\u00e5ng genom vilken spelarna kan komma in p\u00e5 padelbanan.<\/p>\n<p>Gavlarna har en h\u00f6jd p\u00e5 4 meter. Vid sidov\u00e4ggarna minskar denna h\u00f6jd till 3 m efter ca 1 m. Det \u00f6versta omr\u00e5det, dvs. ovanp\u00e5 det h\u00e4rdade s\u00e4kerhetsglaset, best\u00e5r av ett tr\u00e5dn\u00e4t (vid enkla konstruktioner \u00e4ven bara ett tr\u00e5dn\u00e4tstaket).<\/p>\n<p>Anv\u00e4ndningen av h\u00e4rdat s\u00e4kerhetsglas och tr\u00e5dn\u00e4t som avgr\u00e4nsningsmaterial garanterar \u00e5sk\u00e5darna en fri sikt \u00f6ver padeltennisbanan.<\/p>\n<p>&nbsp;<\/p>\n<h3>Padel domstol belysning<\/h3>\n<p>Utomhusbanor f\u00f6r padel \u00e4r vanligtvis upplysta av 4 str\u00e5lkastare. \u00c4ldre padelbanor anv\u00e4nder fortfarande klassiska lampor, men moderna padelbanor har LED-str\u00e5lkastare, eftersom de \u00e4r minst lika bra n\u00e4r det g\u00e4ller prestanda, men sparar energi. Totalt \u00e4r en padelbana ca 6 meter h\u00f6g.<\/p>\n<p>I padelhallar utformas belysningen ofta mycket individuellt; h\u00e4r beror det ocks\u00e5 ofta p\u00e5 om det tidigare fanns en anv\u00e4ndning som till exempel tennisbana.<\/p>\n<div id=\"attachment_11253\" style=\"width: 439px\" class=\"wp-caption aligncenter\"><img loading=\"lazy\" decoding=\"async\" aria-describedby=\"caption-attachment-11253\" class=\"wp-image-11253 size-full\" src=\"https:\/\/www.padel-test.de\/wp-content\/uploads\/2022\/09\/Padelplatz-Skizze.png\" alt=\"Padel Court h\u00f6jd inkl. str\u00e5lkastare\u00a0\" width=\"429\" height=\"225\" \/><p id=\"caption-attachment-11253\" class=\"wp-caption-text\">Padel Court h\u00f6jd inkl. str\u00e5lkastare<\/p><\/div>\n<p>&nbsp;<\/p>\n<p><em>Tips: Du kan hitta mer information p\u00e5 <a href=\"https:\/\/www.padel-test.de\/sv\/kunskap-om-padel\/regler-foer-padel\/\">Regler f\u00f6r padel<\/a>.<\/em><\/p>","protected":false},"excerpt":{"rendered":"<p>Storleken p\u00e5 en padelbana \u00e4r mindre \u00e4n en tennisbana (23,77m x 10,97 f\u00f6r dubbel). Padelbanan med sina plexiglasv\u00e4ggar \u00e4r 20 meter l\u00e5ng och<\/p>","protected":false},"author":1,"featured_media":11251,"parent":18170,"menu_order":3,"comment_status":"closed","ping_status":"closed","template":"","meta":{"_acf_changed":false,"_sitemap_exclude":false,"_sitemap_priority":"","_sitemap_frequency":"","_analytify_skip_tracking":false,"footnotes":""},"class_list":["post-18246","page","type-page","status-publish","has-post-thumbnail","hentry"],"acf":[],"_links":{"self":[{"href":"https:\/\/www.padel-test.de\/sv\/wp-json\/wp\/v2\/pages\/18246","targetHints":{"allow":["GET"]}}],"collection":[{"href":"https:\/\/www.padel-test.de\/sv\/wp-json\/wp\/v2\/pages"}],"about":[{"href":"https:\/\/www.padel-test.de\/sv\/wp-json\/wp\/v2\/types\/page"}],"author":[{"embeddable":true,"href":"https:\/\/www.padel-test.de\/sv\/wp-json\/wp\/v2\/users\/1"}],"replies":[{"embeddable":true,"href":"https:\/\/www.padel-test.de\/sv\/wp-json\/wp\/v2\/comments?post=18246"}],"version-history":[{"count":0,"href":"https:\/\/www.padel-test.de\/sv\/wp-json\/wp\/v2\/pages\/18246\/revisions"}],"up":[{"embeddable":true,"href":"https:\/\/www.padel-test.de\/sv\/wp-json\/wp\/v2\/pages\/18170"}],"wp:featuredmedia":[{"embeddable":true,"href":"https:\/\/www.padel-test.de\/sv\/wp-json\/wp\/v2\/media\/11251"}],"wp:attachment":[{"href":"https:\/\/www.padel-test.de\/sv\/wp-json\/wp\/v2\/media?parent=18246"}],"curies":[{"name":"wp","href":"https:\/\/api.w.org\/{rel}","templated":true}]}}