{"id":18254,"date":"2022-02-07T14:50:37","date_gmt":"2022-02-07T14:50:37","guid":{"rendered":"http:\/\/www.padel-test.de\/padel-wissen\/padel-fans\/arjen-robben-padel\/"},"modified":"2022-10-31T22:03:43","modified_gmt":"2022-10-31T22:03:43","slug":"arjen-robben-padel","status":"publish","type":"page","link":"https:\/\/www.padel-test.de\/sv\/kunskap-om-padel\/padel-fans\/arjen-robben-padel\/","title":{"rendered":"Arjen Robben Padel"},"content":{"rendered":"<p><strong>Arjen Robben<\/strong>: Senast sedan hans framtr\u00e4dande som <a href=\"\/sv\/padel-nyheter\/padeltennis-i-vem-vill-bli-miljonaer\/\">Padel-Joker bei &#8222;Wer wird Million\u00e4r&#8220;<\/a> halva Tyskland vet att Arjen Robben ocks\u00e5 \u00e4r en h\u00e4ngiven padelfantast.<\/p>\n<p>&nbsp;<\/p>\n<p>Vi kommer snart att publicera n\u00e5gra foton och videor av det holl\u00e4ndska f\u00f6re detta fotbollsproffset och nu padelentusiasten h\u00e4r.<\/p>\n<p>&nbsp;<\/p>\n<p>H\u00e5ll \u00f6gonen \u00f6ppna!<\/p>\n<p>&nbsp;<\/p>\n<p>F\u00f6rresten, h\u00e4r \u00e4r lite information om <a href=\"\/sv\/padel-nyheter\/karta-oever-paddeldomstolar-i-nederlaenderna\/\">Padeltennis i Nederl\u00e4nderna<\/a>!<\/p>\n<p>&nbsp;<\/p>\n<h3>Och h\u00e4r hittar du mer framtr\u00e4dande <a href=\"\/sv\/kunskap-om-padel\/padel-fans\/\">Padel-fans<\/a> som J\u00fcrgen Klopp eller Zinedine Zidane<\/h3>","protected":false},"excerpt":{"rendered":"<p>Arjen Robben: Sp\u00e4testens seit seinem Auftritt als Padel-Joker bei &#8222;Wer wird Million\u00e4r&#8220; wei\u00df halb Deutschland, dass auch Arjen Robben begeisterter Padel Fan ist. &nbsp; In K\u00fcrze werden wir hier ein paar Photos und Videos des holl\u00e4ndischen Ex-Fu\u00dfball Profis und nun Padel Enthusiasten posten. &nbsp; Stay tuned! &nbsp; Hier \u00fcbrigens ein paar Infos \u00fcber Padel Tennis&hellip;<\/p>","protected":false},"author":1,"featured_media":0,"parent":18251,"menu_order":0,"comment_status":"closed","ping_status":"closed","template":"","meta":{"_acf_changed":false,"_sitemap_exclude":false,"_sitemap_priority":"","_sitemap_frequency":"","_analytify_skip_tracking":false,"footnotes":""},"class_list":["post-18254","page","type-page","status-publish","hentry"],"acf":[],"_links":{"self":[{"href":"https:\/\/www.padel-test.de\/sv\/wp-json\/wp\/v2\/pages\/18254","targetHints":{"allow":["GET"]}}],"collection":[{"href":"https:\/\/www.padel-test.de\/sv\/wp-json\/wp\/v2\/pages"}],"about":[{"href":"https:\/\/www.padel-test.de\/sv\/wp-json\/wp\/v2\/types\/page"}],"author":[{"embeddable":true,"href":"https:\/\/www.padel-test.de\/sv\/wp-json\/wp\/v2\/users\/1"}],"replies":[{"embeddable":true,"href":"https:\/\/www.padel-test.de\/sv\/wp-json\/wp\/v2\/comments?post=18254"}],"version-history":[{"count":0,"href":"https:\/\/www.padel-test.de\/sv\/wp-json\/wp\/v2\/pages\/18254\/revisions"}],"up":[{"embeddable":true,"href":"https:\/\/www.padel-test.de\/sv\/wp-json\/wp\/v2\/pages\/18251"}],"wp:attachment":[{"href":"https:\/\/www.padel-test.de\/sv\/wp-json\/wp\/v2\/media?parent=18254"}],"curies":[{"name":"wp","href":"https:\/\/api.w.org\/{rel}","templated":true}]}}