{"id":19807,"date":"2022-11-13T21:43:08","date_gmt":"2022-11-13T21:43:08","guid":{"rendered":"https:\/\/www.padel-test.de\/?page_id=19807"},"modified":"2022-11-13T21:47:51","modified_gmt":"2022-11-13T21:47:51","slug":"padel-tennis-deklaration","status":"publish","type":"page","link":"https:\/\/www.padel-test.de\/sv\/kunskap-om-padel\/padel-tennis-deklaration\/","title":{"rendered":"Padel Tennis F\u00f6rklaring"},"content":{"rendered":"<p><strong>F\u00f6rklaring av padeltennis - faktiskt f\u00f6rklaras padeltennis ganska enkelt:<\/strong><\/p>\n<p>Padeltennis \u00e4r ett snabbt och sp\u00e4nnande spel som lockar allt fler. Ursprungligen <a href=\"\/sv\/kunskap-om-padel\/padelns-historia\/\">Padeltennis utvecklades i Mexiko<\/a>men har p\u00e5 senare \u00e5r vunnit stor popularitet, f\u00f6rst i Spanien, sedan i hela Europa och andra delar av v\u00e4rlden.<\/p>\n<p>Padeltennis \u00e4r en blandning av tennis och squash och spelas p\u00e5 en liten bana med h\u00f6ga glasv\u00e4ggar som kompletteras med ett slags galler h\u00f6gst upp. Den <a href=\"\/sv\/kunskap-om-padel\/regler-foer-padel\/\">Regler f\u00f6r padel<\/a> liknar tennis, men det finns n\u00e5gra viktiga skillnader som g\u00f6r spelet mer sp\u00e4nnande. I den h\u00e4r artikeln kommer vi att f\u00f6rklara n\u00e5gra av grunderna i padeltennis.<\/p>\n<p>Padel \u00e4r ett snabbt och sp\u00e4nnande spel som bygger p\u00e5 samma princip som tennis. Det spelas med fyra spelare - tv\u00e5 p\u00e5 varje sida - som spelar \u00f6ver ett n\u00e4t i mitten av banan. Varje lag best\u00e5r av tv\u00e5 spelare och varje spelare har sin egen <a href=\"\/sv\/kunskap-om-padel\/paddelslagare\/\">Padel Racket<\/a>. Padel \u00e4r ett bakslagsspel d\u00e4r spelarna turas om att sl\u00e5 en boll \u00f6ver n\u00e4tet och f\u00f6rs\u00f6ker spela bollen s\u00e5 att motst\u00e5ndaren inte kan n\u00e5 den.<\/p>\n<p>Under de senaste \u00e5ren har antalet padelspelare \u00f6kat snabbt, b\u00e5de i Spanien och i andra l\u00e4nder. I Europa, efter Spanien, \u00e4r Italien och Sverige s\u00e4rskilt angel\u00e4gna om padel, men fransm\u00e4nnen och portugiserna \u00e4lskar ocks\u00e5 padeltennis! I Tyskland, \u00d6sterrike och Schweiz b\u00f6rjade padelboomen lite senare - men tillv\u00e4xten av nya padelbanor och padelplatser \u00e4r nu ocks\u00e5 enorm i de tysktalande l\u00e4nderna!<\/p>\n<p>D\u00e4rf\u00f6r att: Padel \u00e4r DEN perfekta sporten f\u00f6r alla \u00e5ldrar och kunskapsniv\u00e5er. Det \u00e4r ett utm\u00e4rkt s\u00e4tt att h\u00e5lla sig i form (mycket skonsammare mot lederna \u00e4n tennis och \u00e4nnu mer squash) och ha mycket roligt.<\/p>\n<p>Och: Padel erbjuder en fantastisk m\u00f6jlighet att tr\u00e4ffa nya m\u00e4nniskor.<\/p>\n<p>Detta beror p\u00e5 de m\u00e5nga roliga turneringarna som \u00e4ger rum p\u00e5 alla niv\u00e5er och d\u00e4r du snabbt kan tr\u00e4ffa nya sportv\u00e4nner \ud83d\ude42.<\/p>\n<p>&nbsp;<\/p>\n<h2>Padel Tennis Historia<\/h2>\n<p>Padeltennis \u00e4r ett relativt ungt spel som utvecklades i Mexiko p\u00e5 1970-talet. Padeltennis \u00e4r en kombination av tennis och squash. De f\u00f6rsta padelbanorna byggdes i Mexiko - \u00e4ven om de s\u00e5g v\u00e4ldigt annorlunda ut j\u00e4mf\u00f6rt med dagens padelbanor! P\u00e5 1980-talet hittade spelet sedan sin v\u00e4g fr\u00e5n Centralamerika till Spanien, d\u00e4r det snabbt blev popul\u00e4rt.<\/p>\n<p>Idag finns det tusentals padelbanor \u00f6ver hela v\u00e4rlden.<\/p>\n<p>&nbsp;<\/p>\n<h3>Padeltennis idag<\/h3>\n<p>Padeltennis \u00e4r nu en av de mest popul\u00e4ra sporterna i Spanien (nu till och med l\u00e5ngt f\u00f6re tennis d\u00e4r!), Sydamerika och Centralamerika, och \u00e4ven i m\u00e5nga andra l\u00e4nder runt om i v\u00e4rlden. Trots imponerande siffror v\u00e4xer och v\u00e4xer padeltennis!<\/p>\n<p>F\u00f6r n\u00e4rvarande fr\u00e4mst i Europa och arabl\u00e4nderna. I stora l\u00e4nder som USA, Kina, Ryssland och Indien \u00e4r det fortfarande tyst n\u00e4r det g\u00e4ller padel - s\u00e5 det finns fortfarande en enorm potential f\u00f6r tillv\u00e4xt h\u00e4r!<\/p>\n<p>F\u00f6rmodligen kommer det inom n\u00e5gra \u00e5r att finnas mer \u00e4n 100 miljoner padel-spelare i v\u00e4rlden!<\/p>\n<p>&nbsp;<\/p>\n<h3>Varf\u00f6r \u00e4r padeltennis s\u00e5 popul\u00e4rt?<\/h3>\n<p>Padeltennis \u00e4r s\u00e5 popul\u00e4rt eftersom du kan spela den h\u00e4r sporten \"bara f\u00f6r skojs skull\" men ocks\u00e5 professionellt. Du kan br\u00e4nna mycket kalorier p\u00e5 kort tid och verkligen tr\u00e4na. Padel \u00e4r ocks\u00e5 en mycket social sport: du spelar som en foursome i ett mycket mindre utrymme \u00e4n med tennis och de m\u00e5nga typerna av turneringar (t.ex. Americano) och den s\u00e4llskapliga atmosf\u00e4ren g\u00f6r att du st\u00e4ndigt har m\u00f6jlighet att tr\u00e4ffa nya m\u00e4nniskor.<\/p>\n<p>Och det b\u00e4sta f\u00f6r nyb\u00f6rjare: efter bara 20 minuters instruktion kan nyb\u00f6rjare starta sin f\u00f6rsta match.<\/p>\n<p>Och kommer att ha lika roligt som de b\u00e4sta spelarna. Jag lovar!<\/p>\n<p>&nbsp;<\/p>\n<h3>Var kan man spela padeltennis?<\/h3>\n<p>Padeltennis kan i princip spelas p\u00e5 m\u00e5nga olika platser. I Spanien, Argentina och andra l\u00e4nder d\u00e4r padelboomen startade tidigt kan du ocks\u00e5 hitta padelbanor i m\u00e5nga sm\u00e5 st\u00e4der och byar.<\/p>\n<p>I de \"nya\" padel-l\u00e4nderna som Tyskland ligger de flesta padelbanorna i storstadsomr\u00e5den.<\/p>\n<p>Men tack vare v\u00e5r <strong>Padel Tennis Kort<\/strong> kan du snabbt hitta n\u00e4rmaste padelbana:<\/p>\n<ul>\n<li><a href=\"\/sv\/padelplatser-tyskland\/\">Padelbanor Tyskland Karta<\/a><\/li>\n<li><a href=\"\/sv\/paddelbanor-oesterrike\/\">Padelbanor \u00d6sterrike Karta<\/a><\/li>\n<li><a href=\"\/sv\/paddelbanor-schweiz\/\">Padelbanor Schweiz Karta<\/a><\/li>\n<li><a href=\"\/sv\/padelbanor-internationellt\/\">Padelbanor internationell karta<\/a><\/li>\n<\/ul>","protected":false},"excerpt":{"rendered":"<p>Padeltennis f\u00f6rklaring - Padeltennis f\u00f6rklaras faktiskt ganska enkelt: Padeltennis \u00e4r ett snabbt och sp\u00e4nnande spel som f\u00e4ngslar fler och fler m\u00e4nniskor. Padeltennis utvecklades ursprungligen i Mexiko, men har blivit mycket popul\u00e4rt de senaste \u00e5ren, f\u00f6rst i Spanien och sedan i hela Europa och andra delar av v\u00e4rlden....<\/p>","protected":false},"author":1,"featured_media":0,"parent":18170,"menu_order":0,"comment_status":"closed","ping_status":"closed","template":"","meta":{"_acf_changed":false,"_sitemap_exclude":false,"_sitemap_priority":"","_sitemap_frequency":"","_analytify_skip_tracking":false,"footnotes":""},"class_list":["post-19807","page","type-page","status-publish","hentry"],"acf":[],"_links":{"self":[{"href":"https:\/\/www.padel-test.de\/sv\/wp-json\/wp\/v2\/pages\/19807","targetHints":{"allow":["GET"]}}],"collection":[{"href":"https:\/\/www.padel-test.de\/sv\/wp-json\/wp\/v2\/pages"}],"about":[{"href":"https:\/\/www.padel-test.de\/sv\/wp-json\/wp\/v2\/types\/page"}],"author":[{"embeddable":true,"href":"https:\/\/www.padel-test.de\/sv\/wp-json\/wp\/v2\/users\/1"}],"replies":[{"embeddable":true,"href":"https:\/\/www.padel-test.de\/sv\/wp-json\/wp\/v2\/comments?post=19807"}],"version-history":[{"count":0,"href":"https:\/\/www.padel-test.de\/sv\/wp-json\/wp\/v2\/pages\/19807\/revisions"}],"up":[{"embeddable":true,"href":"https:\/\/www.padel-test.de\/sv\/wp-json\/wp\/v2\/pages\/18170"}],"wp:attachment":[{"href":"https:\/\/www.padel-test.de\/sv\/wp-json\/wp\/v2\/media?parent=19807"}],"curies":[{"name":"wp","href":"https:\/\/api.w.org\/{rel}","templated":true}]}}