{"id":19840,"date":"2022-11-16T17:56:25","date_gmt":"2022-11-16T17:56:25","guid":{"rendered":"https:\/\/www.padel-test.de\/?page_id=19840"},"modified":"2022-11-16T17:58:11","modified_gmt":"2022-11-16T17:58:11","slug":"paddel","status":"publish","type":"page","link":"https:\/\/www.padel-test.de\/sv\/kunskap-om-padel\/paddel\/","title":{"rendered":"Padbol"},"content":{"rendered":"<p><strong>Padbol<\/strong> \u00e4r en sport som \u00e4r besl\u00e4ktad med padeltennis och som ofta spelas i padelklubbar, men \u00e4ven i fotbollsklubbar.<\/p>\n<p>D\u00e4rf\u00f6r att: Padbol \u00e4r i princip en blandning av padel, tennis, fotboll och volleyboll.<\/p>\n<p>Och padbol \u00e4r naturligtvis den yngsta av dessa sporter - pabol \"uppfanns\" i La Plata f\u00f6rst 2008.<\/p>\n<p>&nbsp;<\/p>\n<h2>Var spelas padbol?<\/h2>\n<p>S\u00e4rskilt i Argentina, d\u00e4r sporten kommer ifr\u00e5n.<\/p>\n<p>Padbolbanor finns nu \u00f6ver hela v\u00e4rlden - bland annat i Tyskland, \u00d6sterrike, Uruguay, Paraguay, Mexiko, Spanien, Portugal, Italien, Belgien, Danmark, Frankrike, Sverige, Schweiz och USA.<\/p>\n<p>&nbsp;<\/p>\n<h3>Padbollens historia<\/h3>\n<p>Padbol grundades 2008 av Gustavo Miguens i La Plata, Argentina. Den f\u00f6rsta planen byggdes 2011 och andra argentinska st\u00e4der som Rojas, Punta Alta och Buenos Aires f\u00f6ljde efter.<\/p>\n<p>Sedan kom de f\u00f6rsta padbol-potterna utomlands: som med <a href=\"\/sv\/kunskap-om-padel\/padeltennis\/\">Padel Tennis<\/a> Spanien var det f\u00f6rsta europeiska landet d\u00e4r Padbol framg\u00e5ngsrikt etablerades. Andra l\u00e4nder i Europa och runt om i v\u00e4rlden f\u00f6ljde snabbt efter.<\/p>\n<p>Det f\u00f6rsta Padbol World Cup \u00e4gde rum redan 2013 - naturligtvis p\u00e5 ursprungsorten La Plata i Argentina!<\/p>\n<p>De f\u00f6rsta v\u00e4rldsm\u00e4starna var det spanska paret Oca\u00f1a och Palacios.<\/p>\n<p>Under tiden finns det ocks\u00e5 <a href=\"https:\/\/europeanpadboltour.com\/\" target=\"_blank\" rel=\"nofollow noopener\">Europeisk Padbol-turn\u00e9<\/a>!<\/p>\n<p>&nbsp;<\/p>\n<h3>Padbol regler<\/h3>\n<p><strong>Spelplan<\/strong><\/p>\n<p>Spelplanen \u00e4r en rektangel som \u00e4r 10 meter l\u00e5ng och 6 meter bred (inre m\u00e5tt). Den delas i tv\u00e4rled av ett n\u00e4t som \u00e4r upph\u00e4ngt i en tr\u00e5d med en diameter p\u00e5 h\u00f6gst 1 cm, vars \u00e4ndar \u00e4r f\u00e4sta vid tv\u00e5 st\u00f6dstolpar vars inre sidor sammanfaller med spelplanens sidogr\u00e4nser. I varje h\u00f6rn av spelplanen finns en gavel och tv\u00e5 sidov\u00e4ggar som \u00e4r f\u00e4sta vid denna.<\/p>\n<p>Gaveln och sidov\u00e4ggarna ska vara minst 2,50 meter h\u00f6ga och motsvara varandra.<\/p>\n<p>N\u00e4th\u00f6jden \u00e4r mellan 90 och 100 centimeter i mitten och maximalt 100 cm i \u00e4ndarna.<\/p>\n<p>Det m\u00e5ste finnas minst en ing\u00e5ng till banan med en minsta bredd p\u00e5 0,60 meter och en h\u00f6jd p\u00e5 2 meter per sida.<\/p>\n<p>Den kan ha en d\u00f6rr eller inte.<\/p>\n<p>&nbsp;<\/p>\n<p><strong>Omr\u00e5den<\/strong><\/p>\n<p>Det finns tre zoner: Servicezon, mottagningszon och r\u00f6d zon.<\/p>\n<ol>\n<li>Servezonen: Det \u00e4r h\u00e4r servarna m\u00e5ste m\u00f6tas f\u00f6r att utf\u00f6ra sina servar och den avgr\u00e4nsas av 3,25-meterslinjen i n\u00e4tet, sidov\u00e4ggarna och den nedre v\u00e4ggen.<\/li>\n<li>Receptionsomr\u00e5de : Ligger mellan n\u00e4tet, den centrala servicelinjen, linjen som g\u00e5r fr\u00e5n sida till sida av banan (bredd) och sidoglaset och \/ eller n\u00e4ra omkretsv\u00e4ggen. De linjer som \u00e4r markerade p\u00e5 marken ing\u00e5r i den giltiga rutan f\u00f6r l\u00e5ng.<\/li>\n<li>R\u00f6d zon : Det omr\u00e5de som bildar en meter f\u00f6r n\u00e4tet p\u00e5 varje sida, avgr\u00e4nsad av en linje mellan snittet och bredden p\u00e5 hela banan. Den m\u00e5ste vara r\u00f6d.<br \/>\nBoll<\/li>\n<\/ol>\n<p>&nbsp;<\/p>\n<p><strong>Padbol Ball<\/strong><\/p>\n<p>Bollen skall ha en enhetlig yttre yta och vara vit eller gul.<\/p>\n<p>Dess omkrets \u00e4r 670 mm och den b\u00f6r vara tillverkad av polyuretan; dess vikt kan vara mellan 380 gram och 400 gram.<\/p>\n<p>&nbsp;<\/p>\n<p><strong>Padbol i korthet:<\/strong><\/p>\n<ul>\n<li>Spelare: 4 Spelades i dubbelformat.<\/li>\n<li>Servar: Serven m\u00e5ste g\u00f6ras med underhanden. En andra serve \u00e4r till\u00e5ten i h\u00e4ndelse av ett fel, som i tennis.<\/li>\n<li>Po\u00e4ng: Po\u00e4ngmetoden \u00e4r densamma som i tennis. Matcherna spelas \u00f6ver tre set.<\/li>\n<li>Boll: Fotboll, men mindre<\/li>\n<li>Spelplatser: Det finns tv\u00e5 typer av spelplatser: Inomhus- och utomhusplaner<\/li>\n<li>V\u00e4ggar: V\u00e4ggar eller staket \u00e4r en del av spelet.<\/li>\n<\/ul>\n<p>&nbsp;<\/p>\n<h3>Padbol video<\/h3>\n<p>Och h\u00e4r kan du ta en direkt titt p\u00e5 hur m\u00e4starna spelar padbol:<\/p>\n<p><iframe loading=\"lazy\" title=\"YouTube-videospelare\" src=\"https:\/\/www.youtube-nocookie.com\/embed\/1i9uilqN4mQ\" width=\"560\" height=\"315\" frameborder=\"0\" allowfullscreen=\"allowfullscreen\"><\/iframe><\/p>\n<p>Padbol-videon \u00e4r fr\u00e5n Padbol Nations Cup 2022 i Frankrike. <a href=\"\/sv\/padelplatser-2\/padel-sportunion-vienna\/\">Sportcentret Union Trend i Wien<\/a> h\u00e5llen.<\/p>","protected":false},"excerpt":{"rendered":"<p>Padbol \u00e4r en sport som \u00e4r besl\u00e4ktad med padeltennis och som ofta spelas i padelklubbar, men \u00e4ven i fotbollsklubbar. Detta beror p\u00e5 att padbol i grunden \u00e4r en blandning av padel, tennis, fotboll och volleyboll. Och padbol \u00e4r naturligtvis den yngsta av dessa sporter - padel \"uppfanns\" i La Plata f\u00f6rst 2008.   Var spelas padbol? Innan...<\/p>","protected":false},"author":1,"featured_media":0,"parent":18170,"menu_order":0,"comment_status":"closed","ping_status":"closed","template":"","meta":{"_acf_changed":false,"_sitemap_exclude":false,"_sitemap_priority":"","_sitemap_frequency":"","_analytify_skip_tracking":false,"footnotes":""},"class_list":["post-19840","page","type-page","status-publish","hentry"],"acf":[],"_links":{"self":[{"href":"https:\/\/www.padel-test.de\/sv\/wp-json\/wp\/v2\/pages\/19840","targetHints":{"allow":["GET"]}}],"collection":[{"href":"https:\/\/www.padel-test.de\/sv\/wp-json\/wp\/v2\/pages"}],"about":[{"href":"https:\/\/www.padel-test.de\/sv\/wp-json\/wp\/v2\/types\/page"}],"author":[{"embeddable":true,"href":"https:\/\/www.padel-test.de\/sv\/wp-json\/wp\/v2\/users\/1"}],"replies":[{"embeddable":true,"href":"https:\/\/www.padel-test.de\/sv\/wp-json\/wp\/v2\/comments?post=19840"}],"version-history":[{"count":0,"href":"https:\/\/www.padel-test.de\/sv\/wp-json\/wp\/v2\/pages\/19840\/revisions"}],"up":[{"embeddable":true,"href":"https:\/\/www.padel-test.de\/sv\/wp-json\/wp\/v2\/pages\/18170"}],"wp:attachment":[{"href":"https:\/\/www.padel-test.de\/sv\/wp-json\/wp\/v2\/media?parent=19840"}],"curies":[{"name":"wp","href":"https:\/\/api.w.org\/{rel}","templated":true}]}}