{"id":20933,"date":"2024-02-04T21:57:55","date_gmt":"2024-02-04T21:57:55","guid":{"rendered":"https:\/\/www.padel-test.de\/?page_id=20933"},"modified":"2024-02-04T22:01:47","modified_gmt":"2024-02-04T22:01:47","slug":"padel-eller-tennis-den-stora-jaemfoerelsen-vilken-sport-aer-laettare-att-laera-sig-eller-roligare-att-spela","status":"publish","type":"page","link":"https:\/\/www.padel-test.de\/sv\/kunskap-om-padel\/padel-eller-tennis-den-stora-jaemfoerelsen-vilken-sport-aer-laettare-att-laera-sig-eller-roligare-att-spela\/","title":{"rendered":"Padel eller tennis? Den stora j\u00e4mf\u00f6relsen: vilken sport \u00e4r b\u00e4ttre, l\u00e4ttare att l\u00e4ra sig eller roligare?"},"content":{"rendered":"<p><strong>Padel och tennis i j\u00e4mf\u00f6relse:<\/strong> Tv\u00e5 racketsporter som delar det du beh\u00f6ver - en racket, en boll och den absoluta viljan att \u00f6verlista din motst\u00e5ndare med ett skickligt slag. Medan tennis, med sin m\u00e5nghundra\u00e5riga prestige, h\u00e4lsar p\u00e5 idrottsv\u00e4rlden som en f\u00f6rn\u00e4m gentleman p\u00e5 Wimbledon, glider padel in p\u00e5 scenen med en blinkning och en avslappnad high-five.<\/p>\n<p>Det \u00e4r som om Tennis \u00e4r den str\u00e4vsamma \u00e4ldre brodern som h\u00e5ller fast vid traditionen, medan Padel \u00e4r det yngre, frispr\u00e5kiga syskonet som utmanar familjen p\u00e5 en match i tr\u00e4dg\u00e5rden.<\/p>\n<p>B\u00e5da ger o\u00e4ndliga timmar av underh\u00e5llning, men deras personligheter kunde inte vara mer olika.<\/p>\n<p>&nbsp;<\/p>\n<h2>F\u00f6rdelar och nackdelar med padel:<\/h2>\n<p><strong>F\u00f6rdelar:<\/strong><br \/>\n1. L\u00e4ttare att l\u00e4ra sig: Padel \u00e4r i allm\u00e4nhet l\u00e4ttare att l\u00e4ra sig \u00e4n tennis, eftersom racketarna \u00e4r mindre och l\u00e4ttare att hantera och du ocks\u00e5 kan spela bollarna mot v\u00e4ggarna. Detta g\u00f6r att nyb\u00f6rjare kan utvecklas snabbare.<br \/>\n2. L\u00e4gre skaderisk: Padel anses generellt vara en s\u00e4ker sport som \u00e4ven l\u00e4mpar sig f\u00f6r \u00e4ldre idrottare.<br \/>\n3. socialt spel: Padel \u00e4r en lagsport som ofta spelas i dubbel. Det fr\u00e4mjar social interaktion, st\u00e4rker lagandan och \u00e4r roligt eftersom du alltid spelar med andra.<\/p>\n<p><strong>Nackdelar:<\/strong><br \/>\n1. Begr\u00e4nsad popularitet: Padel \u00e4r mindre v\u00e4lk\u00e4nt och mindre utbrett \u00e4n tennis i vissa l\u00e4nder. Detta kan inneb\u00e4ra att det finns f\u00e4rre m\u00f6jligheter att spela padel eller att t\u00e4vla med andra spelare.<br \/>\n2. Mindre atletism: Padelbanor \u00e4r mindre \u00e4n tennisbanor, vilket inneb\u00e4r mindre l\u00f6pning. Spelarna beh\u00f6ver inte springa s\u00e5 l\u00e5nga str\u00e4ckor f\u00f6r att n\u00e5 bollen.<br \/>\n3. begr\u00e4nsade m\u00f6jligheter till professionell karri\u00e4r: Padel har \u00e4nnu inte en lika etablerad och omfattande professionell turneringsscen som tennis. Detta kan vara en begr\u00e4nsning f\u00f6r spelare som vill satsa p\u00e5 en karri\u00e4r inom professionell idrott. Padel \u00e4r dock p\u00e5 uppg\u00e5ng och blir mer och mer professionellt.<\/p>\n<h3><\/h3>\n<h3>F\u00f6rdelar och nackdelar med tennis:<\/h3>\n<p><strong>F\u00f6rdelar:<\/strong><br \/>\n1. Sportslig m\u00e5ngsidighet: Tennis erbjuder ett brett utbud av slagtekniker, spelstrategier och fysiska utmaningar. Det kr\u00e4ver b\u00e5de styrka och uth\u00e5llighet och erbjuder m\u00e5nga m\u00f6jligheter att utveckla tekniska och atletiska f\u00e4rdigheter.<br \/>\n2. \u00d6kad popularitet: Tennis \u00e4r en av v\u00e4rldens mest popul\u00e4ra sporter med ett stort antal spelare och fans. Det inneb\u00e4r att det finns fler m\u00f6jligheter att spela tennis, t\u00e4vla och vara en del av ett aktivt tennissamh\u00e4lle.<br \/>\n3. Professionella karri\u00e4rm\u00f6jligheter: Tennis har en etablerad professionell turneringsscen med m\u00e5nga m\u00f6jligheter att etablera sig som professionell spelare och bli ekonomiskt framg\u00e5ngsrik.<\/p>\n<p><strong>Nackdelar:<\/strong><br \/>\n1. Sv\u00e5rare att l\u00e4ra sig: Tennis kr\u00e4ver mer tid och \u00f6vning f\u00f6r att beh\u00e4rska de grundl\u00e4ggande slagteknikerna. De st\u00f6rre racketarna och snabbare bollarna kan g\u00f6ra inl\u00e4rningsprocessen sv\u00e5rare f\u00f6r nyb\u00f6rjare.<br \/>\n2. H\u00f6gre skaderisk: Tennis spelas p\u00e5 mycket olika underlag, vilket \u00f6kar risken f\u00f6r skador p\u00e5 grund av snabba r\u00f6relser och pl\u00f6tsliga stopp (hardcourt) och halkningar (gr\u00e4s- och grusbanor), s\u00e4rskilt p\u00e5 gr\u00e4s- och hardcourt.<br \/>\n3. Individuell t\u00e4vling: Tennis spelas ofta i singel, vilket inneb\u00e4r mindre social interaktion och lagarbete. Vissa spelare kan tycka att detta \u00e4r mindre underh\u00e5llande eller mindre motiverande.<\/p>\n<p>&nbsp;<\/p>\n<h3>M\u00e5nga idrottare anv\u00e4nder tennis och padel som komplement till fotboll.<\/h3>\n<p>H\u00e4r f\u00f6ljer n\u00e5gra v\u00e4lk\u00e4nda exempel:<\/p>\n<ol>\n<li><strong>Zlatan Ibrahimovi\u0107<\/strong> - Den svenska fotbollsstj\u00e4rnan \u00e4r k\u00e4nd f\u00f6r sin passion f\u00f6r padel. Han har till och med investerat i padelklubbar och visar regelbundet upp sina f\u00e4rdigheter p\u00e5 banan.<\/li>\n<li><strong>Gerard Piqu\u00e9<\/strong> - Den f\u00f6re detta spanska fotbollsf\u00f6rsvararen har gjort sin k\u00e4rlek till padel offentlig och deltar aktivt i matcher.<\/li>\n<li><strong>Andr\u00e9s Iniesta<\/strong> - En annan fotbollsspelare som visar sitt intresse och engagemang f\u00f6r padel vid sidan av sin fotbollskarri\u00e4r.<\/li>\n<li><strong>Peter Sagan<\/strong> - Den slovakiska proffscyklisten \u00e4r ocks\u00e5 ett fan av padel, vilket visar att spelet har attraktionskraft utanf\u00f6r fotbollen.<\/li>\n<li><strong>Carlo Ancelotti<\/strong> - Den italienske fotbollstr\u00e4naren, f\u00f6r n\u00e4rvarande i Real Madrid, \u00e4r ocks\u00e5 en ivrig padel-spelare.<\/li>\n<\/ol>\n<p>&nbsp;<\/p>\n<h3>Och tyska professionella fotbollsspelare \u00e4lskar ocks\u00e5 padel:<\/h3>\n<ol>\n<li><strong>J\u00fcrgen Klopp<\/strong> - Liverpool FC-tr\u00e4naren \u00e4r k\u00e4nd f\u00f6r sin k\u00e4rlek till padel och har ber\u00e4ttat om detta i intervjuer.<\/li>\n<li><strong>Thomas M\u00fcller<\/strong> - FC Bayern M\u00fcnchen-spelaren har gjort sin entusiasm f\u00f6r padel offentlig.<\/li>\n<li><strong>Hansi Flick<\/strong> - Den tyske fotbollstr\u00e4naren, tidigare i FC Bayern M\u00fcnchen och nu i det tyska landslaget, \u00e4r ocks\u00e5 ett fan av padel.<\/li>\n<li><strong>Mario G\u00f6tze<\/strong> - Den professionella fotbollsspelaren har visat sin k\u00e4rlek till padel p\u00e5 sociala medier.<\/li>\n<li>och m\u00e5nga fler \ud83d\ude42 ...<\/li>\n<\/ol>\n<p>https:\/\/www.padel-test.de\/padel-wissen\/padel-regeln\/<\/p>","protected":false},"excerpt":{"rendered":"<p>En j\u00e4mf\u00f6relse mellan padel och tennis: tv\u00e5 racketsporter som delar det du beh\u00f6ver - en racket, en boll och den absoluta viljan att \u00f6verlista din motst\u00e5ndare med ett skickligt slag. Medan tennis, med sin m\u00e5nghundra\u00e5riga prestige, h\u00e4lsar idrottsv\u00e4rlden v\u00e4lkommen som en f\u00f6rn\u00e4m gentleman p\u00e5 Wimbledon, smyger sig padel fram med en blinkning och en avslappnad high-five...<\/p>","protected":false},"author":1,"featured_media":12017,"parent":18170,"menu_order":0,"comment_status":"closed","ping_status":"closed","template":"","meta":{"_acf_changed":false,"_sitemap_exclude":false,"_sitemap_priority":"","_sitemap_frequency":"","_analytify_skip_tracking":false,"footnotes":""},"class_list":["post-20933","page","type-page","status-publish","has-post-thumbnail","hentry"],"acf":[],"_links":{"self":[{"href":"https:\/\/www.padel-test.de\/sv\/wp-json\/wp\/v2\/pages\/20933","targetHints":{"allow":["GET"]}}],"collection":[{"href":"https:\/\/www.padel-test.de\/sv\/wp-json\/wp\/v2\/pages"}],"about":[{"href":"https:\/\/www.padel-test.de\/sv\/wp-json\/wp\/v2\/types\/page"}],"author":[{"embeddable":true,"href":"https:\/\/www.padel-test.de\/sv\/wp-json\/wp\/v2\/users\/1"}],"replies":[{"embeddable":true,"href":"https:\/\/www.padel-test.de\/sv\/wp-json\/wp\/v2\/comments?post=20933"}],"version-history":[{"count":0,"href":"https:\/\/www.padel-test.de\/sv\/wp-json\/wp\/v2\/pages\/20933\/revisions"}],"up":[{"embeddable":true,"href":"https:\/\/www.padel-test.de\/sv\/wp-json\/wp\/v2\/pages\/18170"}],"wp:featuredmedia":[{"embeddable":true,"href":"https:\/\/www.padel-test.de\/sv\/wp-json\/wp\/v2\/media\/12017"}],"wp:attachment":[{"href":"https:\/\/www.padel-test.de\/sv\/wp-json\/wp\/v2\/media?parent=20933"}],"curies":[{"name":"wp","href":"https:\/\/api.w.org\/{rel}","templated":true}]}}