{"id":22663,"date":"2024-12-13T11:56:01","date_gmt":"2024-12-13T11:56:01","guid":{"rendered":"https:\/\/www.padel-test.de\/?page_id=22663"},"modified":"2024-12-13T11:56:01","modified_gmt":"2024-12-13T11:56:01","slug":"begaeran-om-aendring-av-felaktiga-uppgifter","status":"publish","type":"page","link":"https:\/\/www.padel-test.de\/sv\/begaeran-om-aendring-av-felaktiga-uppgifter\/","title":{"rendered":"Beg\u00e4ran om \u00e4ndring av felaktiga uppgifter"},"content":{"rendered":"<div class=\"frm_forms  with_frm_style frm_style_formidable-style\" id=\"frm_form_19_container\" data-token=\"09d25c11c3b8d1aecc86f7a3c56455c3\">\n<form enctype=\"multipart\/form-data\" method=\"post\" class=\"frm-show-form  frm_pro_form \" id=\"form_anfrage-zur-aenderung-fehlerhafter-daten\" data-token=\"09d25c11c3b8d1aecc86f7a3c56455c3\">\n<div class=\"frm_form_fields \">\n<fieldset>\n<legend class=\"frm_screen_reader\">Anfrage zur \u00c4nderung Fehlerhafter Daten<\/legend>\r\n\r\n<div class=\"frm_fields_container\">\n<input type=\"hidden\" name=\"frm_action\" value=\"create\" \/>\n<input type=\"hidden\" name=\"form_id\" value=\"19\" \/>\n<input type=\"hidden\" name=\"frm_hide_fields_19\" id=\"frm_hide_fields_19\" value=\"\" \/>\n<input type=\"hidden\" name=\"form_key\" value=\"anfrage-zur-aenderung-fehlerhafter-daten\" \/>\n<input type=\"hidden\" name=\"item_meta[0]\" value=\"\" \/>\n<input type=\"hidden\" id=\"frm_submit_entry_19\" name=\"frm_submit_entry_19\" value=\"8cdad89b5a\" \/><input type=\"hidden\" name=\"_wp_http_referer\" value=\"\/sv\/wp-json\/wp\/v2\/pages\/22663\" \/><div id=\"frm_field_186_container\" class=\"frm_form_field form-field  frm_top_container\">\r\n\t<label for=\"field_i11ll\" id=\"field_i11ll_label\" class=\"frm_primary_label\">In welchem Bereich ist Ihnen der Fehler aufgefallen?\r\n\t\t<span class=\"frm_required\" aria-hidden=\"true\"><\/span>\r\n\t<\/label>\r\n\t\t\t<select name=\"item_meta[186]\" id=\"field_i11ll\"  data-frmval=\"Padel Standort\" data-invmsg=\"In welchem Bereich ist Ihnen der Fehler aufgefallen? \u00e4r ogiltigt\" aria-invalid=\"false\"  >\n\t\t<option  value=\"Padel Standort\" selected='selected'>Padel Standort<\/option><option  value=\"Padel Turnier\">Padel Turnier<\/option>\t<\/select>\n\t\r\n\t\r\n\t\r\n<\/div>\n<div id=\"frm_field_184_container\" class=\"frm_form_field form-field  frm_required_field frm_top_container\">\r\n\t<label for=\"field_xhnld\" id=\"field_xhnld_label\" class=\"frm_primary_label\">Bitte geben Sie den Link zur Seite mit den fehlerhaften Inhalten ein.\r\n\t\t<span class=\"frm_required\" aria-hidden=\"true\">*<\/span>\r\n\t<\/label>\r\n\t<input  type=\"text\" id=\"field_xhnld\" name=\"item_meta[184]\" value=\"\"  data-reqmsg=\"Bitte geben Sie den Link zur Seite mit den fehlerhaften Inhalten ein. cannot be blank.\" aria-required=\"true\" data-invmsg=\"Bitte geben Sie den Link zur Seite mit den fehlerhaften Inhalten ein. ist ung\u00fcltig\" aria-invalid=\"false\"   \/>\r\n\t\r\n\t\r\n<\/div>\n<div id=\"frm_field_188_container\" class=\"frm_form_field form-field  frm_required_field frm_top_container\">\r\n\t<label for=\"field_6n73c\" id=\"field_6n73c_label\" class=\"frm_primary_label\">Welche inhaltlichen Fehler sind aufgetreten?\r\n\t\t<span class=\"frm_required\" aria-hidden=\"true\">*<\/span>\r\n\t<\/label>\r\n\t<textarea name=\"item_meta[188]\" id=\"field_6n73c\" rows=\"5\"  data-reqmsg=\"Welche inhaltlichen Fehler sind aufgetreten? cannot be blank.\" aria-required=\"true\" data-invmsg=\"Welche inhaltlichen Fehler sind aufgetreten? ist ung\u00fcltig\" aria-invalid=\"false\"  ><\/textarea>\r\n\t\r\n\t\r\n<\/div>\n<div id=\"frm_field_189_container\" class=\"frm_form_field form-field  frm_top_container\">\n\t<label for=\"field_ijth5\" id=\"field_ijth5_label\" class=\"frm_primary_label\">E-Mail zur Kontaktaufnahme (freiwillig)\n\t\t<span class=\"frm_required\" aria-hidden=\"true\"><\/span>\n\t<\/label>\n\t<input type=\"email\" id=\"field_ijth5\" name=\"item_meta[189]\" value=\"\"  autocomplete=\"email\"  data-invmsg=\"E-Mail zur Kontaktaufnahme (freiwillig) ist ung\u00fcltig\" aria-invalid=\"false\"  \/>\n\t\n\t\n<\/div>\n<div id=\"frm_field_191_container\" class=\"frm_form_field form-field  frm_none_container\">\n\t<label for=\"g-recaptcha-response\" id=\"field_o9gg3_label\" class=\"frm_primary_label\">Captcha\n\t\t<span class=\"frm_required\" aria-hidden=\"true\"><\/span>\n\t<\/label>\n\t<div  id=\"field_o9gg3\" class=\"frm-g-recaptcha\" data-sitekey=\"6Lf3sqEqAAAAAND75-8vqhyK1ScmYG-RrbquEoQf\" data-size=\"invisible\" data-theme=\"light\"><\/div>\n\t\n\t\n<\/div>\n<div id=\"frm_field_183_container\" class=\"frm_form_field form-field \">\r\n\t<div class=\"frm_submit frm_flex\">\r\n<button class=\"frm_button_submit frm_final_submit\" type=\"submit\"   formnovalidate=\"formnovalidate\">Senden<\/button>\r\n\r\n\r\n\r\n<\/div>\r\n<\/div>\n\t<input type=\"hidden\" name=\"item_key\" value=\"\" \/>\n\t\t\t<div id=\"frm_field_195_container\">\n\t\t\t<label for=\"field_jv9it\" >\n\t\t\t\tOm du \u00e4r m\u00e4nsklig, l\u00e4mna det h\u00e4r f\u00e4ltet tomt.\t\t\t<\/label>\n\t\t\t<input  id=\"field_jv9it\" type=\"text\" class=\"frm_form_field form-field frm_verify\" name=\"item_meta[195]\" value=\"\"  \/>\n\t\t<\/div>\n\t\t<input name=\"frm_state\" type=\"hidden\" value=\"tLG1aBSsT2b4MXr6b7XhE5k+jlKa1zfsGYqJiwWu2Z2AQbmX68+f4U1lnYXPkHLq\" \/><\/div>\n<\/fieldset>\n<\/div>\n\n<\/form>\n<\/div>\n","protected":false},"excerpt":{"rendered":"","protected":false},"author":13,"featured_media":0,"parent":0,"menu_order":0,"comment_status":"closed","ping_status":"closed","template":"","meta":{"_acf_changed":false,"_sitemap_exclude":false,"_sitemap_priority":"","_sitemap_frequency":"","_analytify_skip_tracking":false,"footnotes":""},"class_list":["post-22663","page","type-page","status-publish","hentry"],"acf":[],"_links":{"self":[{"href":"https:\/\/www.padel-test.de\/sv\/wp-json\/wp\/v2\/pages\/22663","targetHints":{"allow":["GET"]}}],"collection":[{"href":"https:\/\/www.padel-test.de\/sv\/wp-json\/wp\/v2\/pages"}],"about":[{"href":"https:\/\/www.padel-test.de\/sv\/wp-json\/wp\/v2\/types\/page"}],"author":[{"embeddable":true,"href":"https:\/\/www.padel-test.de\/sv\/wp-json\/wp\/v2\/users\/13"}],"replies":[{"embeddable":true,"href":"https:\/\/www.padel-test.de\/sv\/wp-json\/wp\/v2\/comments?post=22663"}],"version-history":[{"count":1,"href":"https:\/\/www.padel-test.de\/sv\/wp-json\/wp\/v2\/pages\/22663\/revisions"}],"predecessor-version":[{"id":22664,"href":"https:\/\/www.padel-test.de\/sv\/wp-json\/wp\/v2\/pages\/22663\/revisions\/22664"}],"wp:attachment":[{"href":"https:\/\/www.padel-test.de\/sv\/wp-json\/wp\/v2\/media?parent=22663"}],"curies":[{"name":"wp","href":"https:\/\/api.w.org\/{rel}","templated":true}]}}