{"id":17607,"date":"2022-10-31T22:59:02","date_gmt":"2022-10-31T22:59:02","guid":{"rendered":"http:\/\/www.padel-test.de\/padel-nachrichten\/padelplatz-kosten\/"},"modified":"2023-01-09T10:13:20","modified_gmt":"2023-01-09T10:13:20","slug":"kuerek-mahkeme-masraflari","status":"publish","type":"page","link":"https:\/\/www.padel-test.de\/tr\/padel-bi%cc%87lgi%cc%87si%cc%87\/kuerek-mahkeme-masraflari\/","title":{"rendered":"Padel mahkeme masraflar\u0131 - bu, bir padel mahkemesinin ne kadar pahal\u0131 \/ ucuz oldu\u011funu g\u00f6sterir!"},"content":{"rendered":"<h2 class=\"has-medium-font-size\">Bir padel kortu ne kadar pahal\u0131d\u0131r?<\/h2>\n<p>Bu soruyu tekrar tekrar duyuyoruz - ancak ne yaz\u0131k ki bu kadar basit bir \u015fekilde cevaplanam\u0131yor.<\/p>\n<p>\u0130\u00e7in:<\/p>\n<ul>\n<li>A\u00e7\u0131k hava padel kortu in\u015fa etmekle mi ilgili?<\/li>\n<li>Ya da bir tenis salonunun padel salonuna d\u00f6n\u00fc\u015ft\u00fcr\u00fclmesi?<\/li>\n<li>Halihaz\u0131rda uygun bir temel var m\u0131?<\/li>\n<li>Bireysel padel kortu \u00fcreticileri aras\u0131ndaki farklar nelerdir?<\/li>\n<li>&#8230;<\/li>\n<\/ul>\n<p>Ancak elbette \u015fimdiden birka\u00e7 cevap ve basit bir kaba hesaplama verebiliriz!<\/p>\n<p>Bir \u015feyi \u00f6nceden s\u00f6yleyeyim:<br \/>\nPadel kortlar\u0131n\u0131n in\u015fas\u0131 ile tenis kul\u00fcpleri sadece \u00fcye say\u0131lar\u0131n\u0131 korumakla kalmaz, ayn\u0131 zamanda onlar\u0131 tekrar yukar\u0131 \u00e7ekebilir.<\/p>\n<p>Ve tabii ki ciro tekrar y\u00fckselecektir!<\/p>\n<p>&nbsp;<\/p>\n<h3>Neden? Peki bir padel kortu ne kadar b\u00fcy\u00fckt\u00fcr?<\/h3>\n<p>\u00c7\u00fcnk\u00fc bir a\u00e7\u0131k tenis kortuna 2-3 padel kortu (her biri 10x20m - bu, ko\u015fu alan\u0131 olmayan bir padel kortunun boyutudur) in\u015fa edilebilir.<\/p>\n<p>B\u00f6ylece alan \u00e7ok daha iyi bir \u015fekilde kullan\u0131lm\u0131\u015f oluyor.<\/p>\n<p>&nbsp;<\/p>\n<p>Ve bir tenis kortunda genellikle sadece tekler (yani 2 oyuncu) oynan\u0131rken, padelde her zaman sadece \u00e7iftler vard\u0131r; bu nedenle padel kortunda her zaman 4 oyuncu vard\u0131r (ayr\u0131ca bkz. <a href=\"\/tr\/padel-bi%cc%87lgi%cc%87si%cc%87\/padel-kurallari\/\">Padel kurallar\u0131<\/a>).<\/p>\n<p>Yani 2-3 padel kortu tamamen dolu oldu\u011funda, 8-12 padel oyuncusu ayn\u0131 anda bir tenis kortunun y\u00fczeyinde oynar.<\/p>\n<p>Padel \u00fccretleri genellikle tenisten daha d\u00fc\u015f\u00fck olsa bile - bu kadar y\u00fcksek bir alan kullan\u0131m\u0131yla, do\u011fal olarak metrekare ba\u015f\u0131na daha fazla gelir elde edebilirsiniz.<\/p>\n<p>&nbsp;<\/p>\n<p><strong>Ancak ba\u015fka bir fakt\u00f6r daha var:<\/strong><\/p>\n<p>Daha fazla oyuncu = daha fazla \u015fenlik.<\/p>\n<p>Padel \u00e7ok sosyal bir spordur. \u0130nsanlar ma\u00e7tan sonra birlikte oturup bir ya da iki bira i\u00e7meyi seviyor. B\u00f6ylece gastronomi de paras\u0131n\u0131n kar\u015f\u0131l\u0131\u011f\u0131n\u0131 al\u0131yor.<\/p>\n<p>Bu arka plan, yani gelirdeki art\u0131\u015f g\u00f6z \u00f6n\u00fcnde bulunduruldu\u011funda, padel kortlar\u0131n\u0131n in\u015fas\u0131na yap\u0131lan yat\u0131r\u0131mlar da daha iyi s\u0131n\u0131fland\u0131r\u0131labilir.<\/p>\n<p>&nbsp;<\/p>\n<h3 class=\"has-medium-font-size\">Bir padel kortu ne kadara mal olur?<\/h3>\n<p>Temel \u00e7al\u0131\u015fmas\u0131 olmayan bir kapal\u0131 padel kortu, padel kortu yap\u0131mc\u0131s\u0131na ba\u011fl\u0131 olarak yakla\u015f\u0131k 15.000 ila 25.000 avroya mal olur. Panorama kortlar daha da pahal\u0131 olabilir, ancak bunlar daha \u00e7ok g\u00f6z i\u00e7in bir \u015feydir ve kesinlikle gerekli de\u011fildir.<\/p>\n<p>Temel \u00e7al\u0131\u015fmalar\u0131, topra\u011f\u0131n yap\u0131s\u0131na veya \u00f6nceki kullan\u0131ma ba\u011fl\u0131 olarak b\u00fcy\u00fck \u00f6l\u00e7\u00fcde de\u011fi\u015febilir. Hesaplamalar\u0131n\u0131z\u0131 10.000 ila 20.000 avro aras\u0131nda yapmal\u0131s\u0131n\u0131z. Kullan\u0131lm\u0131\u015f bir padel kortu sat\u0131n alma se\u00e7ene\u011fi de vard\u0131r - ancak padel kortunu \u00f6nceden mutlaka kontrol etmeli ve nakliye ve in\u015faat\u0131 s\u00f6zle\u015fmeyle ayr\u0131nt\u0131l\u0131 olarak d\u00fczenlemelisiniz.<\/p>\n<p>&nbsp;<\/p>\n<h3>Bir padel sahas\u0131n\u0131n in\u015fas\u0131 i\u00e7in hesaplama<\/h3>\n<table style=\"height: 111px;\" width=\"619\">\n<thead>\n<tr class=\"ui-sortable\">\n<th class=\"wps-sort-row ui-sortable-handle\"><\/th>\n<th class=\"wps-sort-row ui-sortable-handle\">Maliyetler<\/th>\n<\/tr>\n<\/thead>\n<tbody>\n<tr>\n<td>Montaj, statik ve test dahil padel kortu<\/td>\n<td>21.500,- Euro<\/td>\n<\/tr>\n<tr>\n<td>Temel \u00e7al\u0131\u015fmalar\u0131<\/td>\n<td>13,500 Euro<\/td>\n<\/tr>\n<tr>\n<td><strong>Toplam maliyetler<\/strong><\/td>\n<td><strong>35,000 Euro<\/strong><\/td>\n<\/tr>\n<\/tbody>\n<\/table>\n<p>&nbsp;<\/p>\n<p>&nbsp;<\/p>\n<p>Elbette hen\u00fcz t\u00fcm sorular yan\u0131tlanm\u0131\u015f de\u011fil.<\/p>\n<p>Ama burada bireysel olarak g\u00f6rebilirsiniz <a href=\"\/tr\/padel-kursu-olusturucu-2\/\">Padel Kort \u00dcreticisini Kar\u015f\u0131la\u015ft\u0131r\u0131n<\/a> ve <a href=\"\/tr\/padel-bi%cc%87lgi%cc%87si%cc%87\/raket-kortu-insa-etmek\/\">\u0130leti\u015fim<\/a>.<\/p>\n<p>Ve sonra umar\u0131m t\u00fcm sorular\u0131n\u0131za bir cevap al\u0131rs\u0131n\u0131z \ud83d\ude42<\/p>","protected":false},"excerpt":{"rendered":"<p>Bir padel kortu ne kadar pahal\u0131d\u0131r? Bu soruyu tekrar tekrar duyuyoruz - ama ne yaz\u0131k ki cevaplamas\u0131 o kadar da kolay de\u011fil. Yine de, ilk kaba hesaplamay\u0131 buradan yapabilirsiniz ...<\/p>","protected":false},"author":1,"featured_media":14384,"parent":18170,"menu_order":0,"comment_status":"closed","ping_status":"closed","template":"","meta":{"_acf_changed":false,"_sitemap_exclude":false,"_sitemap_priority":"","_sitemap_frequency":"","_analytify_skip_tracking":false,"footnotes":""},"class_list":["post-17607","page","type-page","status-publish","has-post-thumbnail","hentry"],"acf":[],"_links":{"self":[{"href":"https:\/\/www.padel-test.de\/tr\/wp-json\/wp\/v2\/pages\/17607","targetHints":{"allow":["GET"]}}],"collection":[{"href":"https:\/\/www.padel-test.de\/tr\/wp-json\/wp\/v2\/pages"}],"about":[{"href":"https:\/\/www.padel-test.de\/tr\/wp-json\/wp\/v2\/types\/page"}],"author":[{"embeddable":true,"href":"https:\/\/www.padel-test.de\/tr\/wp-json\/wp\/v2\/users\/1"}],"replies":[{"embeddable":true,"href":"https:\/\/www.padel-test.de\/tr\/wp-json\/wp\/v2\/comments?post=17607"}],"version-history":[{"count":0,"href":"https:\/\/www.padel-test.de\/tr\/wp-json\/wp\/v2\/pages\/17607\/revisions"}],"up":[{"embeddable":true,"href":"https:\/\/www.padel-test.de\/tr\/wp-json\/wp\/v2\/pages\/18170"}],"wp:featuredmedia":[{"embeddable":true,"href":"https:\/\/www.padel-test.de\/tr\/wp-json\/wp\/v2\/media\/14384"}],"wp:attachment":[{"href":"https:\/\/www.padel-test.de\/tr\/wp-json\/wp\/v2\/media?parent=17607"}],"curies":[{"name":"wp","href":"https:\/\/api.w.org\/{rel}","templated":true}]}}