{"id":18154,"date":"2017-10-25T15:34:31","date_gmt":"2017-10-25T15:34:31","guid":{"rendered":"http:\/\/www.padel-test.de\/media\/"},"modified":"2025-08-05T21:02:31","modified_gmt":"2025-08-05T21:02:31","slug":"medya","status":"publish","type":"page","link":"https:\/\/www.padel-test.de\/tr\/medya\/","title":{"rendered":"Medya"},"content":{"rendered":"<h1>Medya<\/h1>\n<p>Padel-Test.de, d\u00fcnyan\u0131n en h\u0131zl\u0131 b\u00fcy\u00fcyen sporu olan Padel hakk\u0131nda Almanca yay\u0131n yapan en eski spor portal\u0131d\u0131r!<\/p>\n<p>Padel-Test de y\u0131ldan y\u0131la h\u0131zla b\u00fcy\u00fcyor ve \u015fu anda d\u00fcnya \u00e7ap\u0131nda 8 dilde yay\u0131nlan\u0131yor.<\/p>\n<p>Y\u00fcksek eri\u015fim ve hala \u00e7ok hedef kitleye \u00f6zel!<\/p>\n<p>Size medya verilerimizi sunmaktan da memnuniyet duyar\u0131z:<\/p>\n<p><a href=\"https:\/\/www.ernsting.com\/kontakt\/media\/\" target=\"_blank\" rel=\"noopener noreferrer nofollow\">https:\/\/www.ernsting.com\/kontakt\/media\/<\/a><\/p>\n<p>&nbsp;<\/p>\n<p>Padel-Test.de'deki g\u00f6r\u00fcnt\u00fc veya yan\u0131t kampanyalar\u0131yla ilgileniyorsan\u0131z, l\u00fctfen bizimle ileti\u015fime ge\u00e7mekten \u00e7ekinmeyin.<\/p>\n<p>&nbsp;<\/p>\n\t\t\t\t\t\t\t\t<a href=\"https:\/\/www.facebook.com\/sharer.php?u=https:\/\/www.padel-test.de\/?page_id=18154&#038;fl_builder&#038;title=Media\">\n\t\t\t\t\t\t\t\t\t\t\t\tFacebook'ta Payla\u015f\n\t\t\t\t\t\t\t\t\t<\/a>\n\t\t\t\t\t\t\t\t<a href=\"https:\/\/twitter.com\/intent\/tweet?url=https:\/\/www.padel-test.de\/?page_id=18154&#038;fl_builder&#038;text=Media\">\n\t\t\t\t\t\t\t\t\t\t\t\t\t<i>\ud835\udd4f<\/i>\n\t\t\t\t\t\t\t\t\t\t\t\tShare on X\n\t\t\t\t\t\t\t\t\t<\/a>\n\t\t\t\t\t\t\t\t<a href=\"https:\/\/www.linkedin.com\/shareArticle?mini=true&#038;url=https:\/\/www.padel-test.de\/?page_id=18154&#038;fl_builder&#038;title=Media\">\n\t\t\t\t\t\t\t\t\t\t\t\tLinkedin'de Payla\u015f\n\t\t\t\t\t\t\t\t\t<\/a>\n\t\t\t\t\t\t\t\t<a href=\"mailto:?body=https:\/\/www.padel-test.de\/?page_id=18154&#038;fl_builder\">\n\t\t\t\t\t\t\t\t\t\t\t\tE-posta ile payla\u015f\n\t\t\t\t\t\t\t\t\t<\/a>","protected":false},"excerpt":{"rendered":"<p>Medya Padel-Test.de, d\u00fcnyan\u0131n en h\u0131zl\u0131 b\u00fcy\u00fcyen sporu olan Padel hakk\u0131nda Almanca yay\u0131n yapan en eski spor portal\u0131d\u0131r! Padel-Test de y\u0131ldan y\u0131la h\u0131zla b\u00fcy\u00fcyor ve \u015fu anda d\u00fcnya \u00e7ap\u0131nda 8 dilde yay\u0131nlan\u0131yor. Y\u00fcksek kapsama alan\u0131 ve yine de hedef gruba \u00f6zel! Ayr\u0131ca size medya verilerimizi sa\u011flamaktan mutluluk duyar\u0131z: https:\/\/www.ernsting.com\/kontakt\/media\/ G\u00f6r\u00fcnt\u00fc veya...<\/p>","protected":false},"author":1,"featured_media":0,"parent":0,"menu_order":7,"comment_status":"closed","ping_status":"closed","template":"","meta":{"_acf_changed":false,"_sitemap_exclude":false,"_sitemap_priority":"","_sitemap_frequency":"","_analytify_skip_tracking":false,"footnotes":""},"class_list":["post-18154","page","type-page","status-publish","hentry"],"acf":[],"_links":{"self":[{"href":"https:\/\/www.padel-test.de\/tr\/wp-json\/wp\/v2\/pages\/18154","targetHints":{"allow":["GET"]}}],"collection":[{"href":"https:\/\/www.padel-test.de\/tr\/wp-json\/wp\/v2\/pages"}],"about":[{"href":"https:\/\/www.padel-test.de\/tr\/wp-json\/wp\/v2\/types\/page"}],"author":[{"embeddable":true,"href":"https:\/\/www.padel-test.de\/tr\/wp-json\/wp\/v2\/users\/1"}],"replies":[{"embeddable":true,"href":"https:\/\/www.padel-test.de\/tr\/wp-json\/wp\/v2\/comments?post=18154"}],"version-history":[{"count":2,"href":"https:\/\/www.padel-test.de\/tr\/wp-json\/wp\/v2\/pages\/18154\/revisions"}],"predecessor-version":[{"id":24157,"href":"https:\/\/www.padel-test.de\/tr\/wp-json\/wp\/v2\/pages\/18154\/revisions\/24157"}],"wp:attachment":[{"href":"https:\/\/www.padel-test.de\/tr\/wp-json\/wp\/v2\/media?parent=18154"}],"curies":[{"name":"wp","href":"https:\/\/api.w.org\/{rel}","templated":true}]}}