{"id":18159,"date":"2017-10-26T09:39:36","date_gmt":"2017-10-26T09:39:36","guid":{"rendered":"http:\/\/www.padel-test.de\/padel-tennis\/"},"modified":"2022-11-28T21:31:13","modified_gmt":"2022-11-28T21:31:13","slug":"padel-teni%cc%87si%cc%87","status":"publish","type":"page","link":"https:\/\/www.padel-test.de\/tr\/padel-bi%cc%87lgi%cc%87si%cc%87\/padel-teni%cc%87si%cc%87\/","title":{"rendered":"Padel tenisi"},"content":{"rendered":"<p><strong>Padel Tenis<\/strong> tenis ve squash'\u0131n bir kar\u0131\u015f\u0131m\u0131d\u0131r ve ilk antrenman seans\u0131ndan sonra ger\u00e7ekten ba\u015flayabilmeniz gibi b\u00fcy\u00fck bir avantaja sahiptir. Padel tenisi her zaman d\u00f6rtl\u00fc olarak oynan\u0131r, yani iki \u00e7ift birbirine kar\u015f\u0131 oynar. Kullan\u0131lan toplar tenis toplar\u0131na o kadar benzer ki aradaki fark\u0131 anlamakta zorlan\u0131rs\u0131n\u0131z.<\/p>\r\n<p>Temel olarak, padel ve tenis toplar\u0131 da ayn\u0131d\u0131r - ancak farkl\u0131 miktarlarda hava bas\u0131nc\u0131na sahiptirler. <a href=\"https:\/\/www.padel-test.de\/tr\/padel-bi%cc%87lgi%cc%87si%cc%87\/kuerek-toplari\/\">Padel toplar\u0131<\/a> biraz daha yumu\u015fakt\u0131r ve o kadar y\u00fckse\u011fe z\u0131plamaz.<\/p>\r\n<p>Burada tam olarak ne oldu\u011funa dair bir a\u00e7\u0131klama bulacaks\u0131n\u0131z. <a href=\"\/tr\/padel-bi%cc%87lgi%cc%87si%cc%87\/kuerek-toplari\/\">Tenis toplar\u0131 ve padel toplar\u0131 aras\u0131ndaki fark<\/a> \u00f6yle.<\/p>\r\n<p>Padel tenisinde, padel raketleriyle oynars\u0131n\u0131z. Bunlar yakla\u015f\u0131k past\u0131rma tahtas\u0131 raketleri boyutundad\u0131r, 350 ila 400 gram a\u011f\u0131rl\u0131\u011f\u0131ndad\u0131r ve genellikle karbon ve\/veya al\u00fcminyumdan yap\u0131l\u0131r.<\/p>\r\n<p>Burada padel raketleri hakk\u0131nda neyin \u00f6zel oldu\u011funa ve hangilerinin \u00f6zel oldu\u011funa dair kesin bir a\u00e7\u0131klama bulacaks\u0131n\u0131z. <a href=\"\/tr\/padel-bi%cc%87lgi%cc%87si%cc%87\/kuerek-cirpici\/\">Padel Raket<\/a> hangi oyuncu tipine en uygun oldu\u011fu.<\/p>\r\n<p>Elbette padel ve tenis aras\u0131nda ba\u015fka benzerlikler de var. \u00d6rne\u011fin, sayma sistemi (0, 15, 30 ve 40) veya 6'ya kadar oynanan ve 6:6 e\u015fitlik bozma ile karar verilen setler.<\/p>\r\n<p>&nbsp;<\/p>\r\n<p style=\"text-align: center;\"><strong>Padel Tenis Videosu<\/strong><\/p>\r\n<p><iframe loading=\"lazy\" title=\"YouTube video oynat\u0131c\u0131\" src=\"https:\/\/www.youtube.com\/embed\/P6yfa7rfc6o\" width=\"840\" height=\"473\" frameborder=\"0\" allowfullscreen=\"allowfullscreen\"><\/iframe><\/p>\r\n<h2>Padel Tenis<\/h2>\r\n<p>Tenis ve padel aras\u0131nda bir\u00e7ok benzerlik olmas\u0131na ra\u011fmen, farkl\u0131l\u0131klar bunlardan daha a\u011f\u0131r basmaktad\u0131r. En ge\u00e7, bir padel kortunda ilk kez durdu\u011funuzda, a\u015fa\u011f\u0131dakileri fark edeceksiniz <a href=\"\/tr\/padel-bi%cc%87lgi%cc%87si%cc%87\/farkliliklar-teni%cc%87s-padel\/\">Tenis ve padel aras\u0131ndaki farklar<\/a> fark ettim. Neyse ki, her ay yeni padel yerleri ekleniyor, b\u00f6ylece yak\u0131n\u0131n\u0131zda padel tenisi oynayabilirsiniz.<\/p>\r\n<p>&nbsp;<\/p>\r\n<h3>K\u00fcrek Tenisi<\/h3>\r\n<p>Baz\u0131lar\u0131 hala k\u00fcrek ya da raket tenisi olarak adland\u0131rmaktad\u0131r. Ancak Almanca konu\u015fulan \u00fclkelerde padel tenisi veya k\u0131saca k\u00fcrek tenisi pop\u00fcler hale gelmi\u015ftir. <strong>Padel<\/strong> kuruldu.<\/p>\r\n<p>A\u015fa\u011f\u0131da en \u00f6nemli padel tenis yerlerine genel bir bak\u0131\u015f bulunmaktad\u0131r:<\/p>\r\n<ul>\r\n<li><a href=\"\/tr\/kuerek-kortlari\/padel-tennis-berlin\/\">Padel Berlin<\/a><\/li>\r\n<li><a href=\"\/tr\/kuerek-kortlari\/padel-bremen\/\">Padel Bremen<\/a><\/li>\r\n<li><a href=\"\/tr\/kuerek-kortlari\/padel-cuxhaven\/\">Padel Cuxhaven<\/a><\/li>\r\n<li><a href=\"\/tr\/kuerek-kortlari\/padel-frankfurt\/\">Padel Frankfurt<\/a><\/li>\r\n<li><a href=\"\/tr\/kuerek-kortlari\/padel-hamburg\/\">Padel Hamburg<\/a><\/li>\r\n<li><a href=\"\/tr\/kuerek-kortlari\/padel-karlsruhe\/\">Padel Karlsruhe<\/a><\/li>\r\n<li><a href=\"\/tr\/kuerek-kortlari\/padel-koeln\/\">Padel K\u00f6ln<\/a><\/li>\r\n<li><a href=\"\/tr\/kuerek-kortlari\/padel-muenchen\/\">Padel M\u00fcnih<\/a><\/li>\r\n<li><a href=\"\/tr\/kuerek-kortlari\/padel-ruhr-boelgesi%cc%87\/\">Padel Ruhr B\u00f6lgesi<\/a><\/li>\r\n<li><a href=\"\/tr\/kuerek-kortlari\/\">Almanya, Avusturya ve \u0130svi\u00e7re'deki Padel kortlar\u0131n\u0131n haritas\u0131<\/a><\/li>\r\n<li><a href=\"\/tr\/padel-yerleri%cc%87-almanya\/\">Padel Almanya<\/a><\/li>\r\n<li><a href=\"\/tr\/avusturya-kuerek-mahkemeleri%cc%87\/\">Padel Avusturya<\/a><\/li>\r\n<li><a href=\"\/tr\/paddle-kortlari-i%cc%87svi%cc%87cre\/\">Padel \u0130svi\u00e7re<\/a><\/li>\r\n<li><a href=\"\/tr\/alman-padel-federasyonu\/\">Padel Derne\u011fi<\/a><\/li>\r\n<\/ul>\r\n<p>&nbsp;<\/p>\r\n<h3>Padel Tenis Kortlar\u0131 Almanya<\/h3>\r\n<ul id=\"menu-padel-standorte-deutschland\">\r\n<li id=\"menu-item-2903\"><a href=\"https:\/\/www.padel-test.de\/tr\/padel-yerleri%cc%87-almanya\/\">Padel lokasyonlar\u0131 Almanya<\/a><\/li>\r\n<li id=\"menu-item-3022\"><a href=\"https:\/\/www.padel-test.de\/tr\/padel-court4-baden-baden\/\">Padel Baden-Baden - Court4<\/a><\/li>\r\n<li><a href=\"\/tr\/padel-yerleri%cc%87\/padel-world-bochum\/\">Padel Bochum<\/a><\/li>\r\n<li id=\"menu-item-2906\"><a href=\"https:\/\/www.padel-test.de\/tr\/padel-berlin-friedrichshain\/\">Padel Berlin - Friedrichshain<\/a><\/li>\r\n<li id=\"menu-item-2904\"><a href=\"https:\/\/www.padel-test.de\/tr\/padel-club-berlin-international\/\">Padel Berlin - Club International<\/a><\/li>\r\n<li id=\"menu-item-2905\"><a href=\"https:\/\/www.padel-test.de\/tr\/padel-berlin-reinickendorf\/\">Padel Berlin Reinickendorf<\/a><\/li>\r\n<li id=\"menu-item-3023\"><a href=\"https:\/\/www.padel-test.de\/tr\/padel-bremen-weyhe\/\">Padel Bremen - Weyhe<\/a><\/li>\r\n<li id=\"menu-item-3025\"><a href=\"https:\/\/www.padel-test.de\/tr\/padel-sc-cuxhaven\/\">Padel SC Cuxhaven<\/a><\/li>\r\n<li><a href=\"\/tr\/padel-yerleri%cc%87\/padel-dortmund\/\">Padel Dortmund<\/a><\/li>\r\n<li id=\"menu-item-3027\"><a href=\"https:\/\/www.padel-test.de\/tr\/padel-tv-espelkamp\/\">Padel Espelkamp<\/a><\/li>\r\n<li id=\"menu-item-3028\"><a href=\"https:\/\/www.padel-test.de\/tr\/tvn-padel-essen\/\">Padel TVN Essen<\/a><\/li>\r\n<li id=\"menu-item-3029\"><a href=\"https:\/\/www.padel-test.de\/tr\/padel-frankfurt-niddapark\/\">Padel Frankfurt Niddapark<\/a><\/li>\r\n<li id=\"menu-item-3030\"><a href=\"https:\/\/www.padel-test.de\/tr\/padel-hamburg-sc-condor\/\">Padel Hamburg - Condor<\/a><\/li>\r\n<li id=\"menu-item-3031\"><a href=\"https:\/\/www.padel-test.de\/tr\/padel-hamburg-hsv\/\">Padel Hamburg HSV<\/a><\/li>\r\n<li id=\"menu-item-3032\"><a href=\"https:\/\/www.padel-test.de\/tr\/padel-heilbronn-schwaigern\/\">Padel Heilbronn-Schwaigern<\/a><\/li>\r\n<li id=\"menu-item-3033\"><a href=\"https:\/\/www.padel-test.de\/tr\/padel-point-center-herzebrock\/\">Padel Point Herzebrock<\/a><\/li>\r\n<li id=\"menu-item-3034\"><a href=\"https:\/\/www.padel-test.de\/tr\/padel-durlach-aue\/\">Padel Karlsruhe Durlach-Aue<\/a><\/li>\r\n<li id=\"menu-item-4097\"><a href=\"https:\/\/www.padel-test.de\/tr\/padel-tennis-ettlingen\/\">Padel Karlsruhe Ettlingen<\/a><\/li>\r\n<li id=\"menu-item-3035\"><a href=\"https:\/\/www.padel-test.de\/tr\/padel-karlsruhe-ketv\/\">Padel Karlsruhe KETV<\/a><\/li>\r\n<li id=\"menu-item-3036\"><a href=\"https:\/\/www.padel-test.de\/tr\/padel-karlsruhe-tc-groetzingen\/\">Padel Karlsruhe TC Gr\u00f6tzingen<\/a><\/li>\r\n<li id=\"menu-item-3037\"><a href=\"https:\/\/www.padel-test.de\/tr\/padel-colonia\/\">Padel K\u00f6ln - Colonia<\/a><\/li>\r\n<li id=\"menu-item-3038\"><a href=\"https:\/\/www.padel-test.de\/tr\/padel-koeln-duvarlari\/\">Padel K\u00f6ln - Duvarlar<\/a><\/li>\r\n<li id=\"menu-item-3039\"><a href=\"https:\/\/www.padel-test.de\/tr\/padel-club-muenchen\/\">Padel M\u00fcnih - Kul\u00fcp<\/a><\/li>\r\n<li id=\"menu-item-4287\"><a href=\"https:\/\/www.padel-test.de\/tr\/padel-muenchen-geretsried\/\">Padel M\u00fcnih Geretsried<\/a><\/li>\r\n<li id=\"menu-item-3040\"><a href=\"https:\/\/www.padel-test.de\/tr\/padelwelt-muenchen\/\">Padel M\u00fcnih - SportScheck<\/a><\/li>\r\n<li id=\"menu-item-3041\"><a href=\"https:\/\/www.padel-test.de\/tr\/padel-muenster\/\">Padel Kul\u00fcb\u00fc M\u00fcnster<\/a><\/li>\r\n<li id=\"menu-item-3042\"><a href=\"https:\/\/www.padel-test.de\/tr\/padel-nuernberg-marienberg\/\">Padel N\u00fcrnberg - CAM<\/a><\/li>\r\n<li><a href=\"\/tr\/padel-yerleri%cc%87\/padel-osnabrueck-raket-spor-parki\/\">Padel Osnabr\u00fcck<\/a><\/li>\r\n<li id=\"menu-item-3044\"><a href=\"https:\/\/www.padel-test.de\/tr\/padel-trier\/\">Padel Trier<\/a><\/li>\r\n<li id=\"menu-item-3045\"><a href=\"https:\/\/www.padel-test.de\/tr\/padel-wiesbaden-wallau\/\">Padel RheinMain<\/a><\/li>\r\n<li id=\"menu-item-4279\"><a href=\"https:\/\/www.padel-test.de\/tr\/padel-tennis-werne\/\">Padel Base Werne<\/a><\/li>\r\n<li id=\"menu-item-3046\"><a href=\"https:\/\/www.padel-test.de\/tr\/padel-worms\/\">Padel Solucanlar\u0131<\/a><\/li>\r\n<\/ul>\r\n<p>&nbsp;<\/p>\r\n<p>&nbsp;<\/p>","protected":false},"excerpt":{"rendered":"<p>Padel tenisi: Padel tenisi, tenis ve squash'\u0131n bir kar\u0131\u015f\u0131m\u0131d\u0131r ve ilk antrenman seans\u0131ndan sonra ger\u00e7ekten ba\u015flayabilmeniz gibi b\u00fcy\u00fck bir avantaja sahiptir. Padel tenisi her zaman d\u00f6rtl\u00fc olarak oynan\u0131r, yani iki \u00e7ift birbirine kar\u015f\u0131 oynar. Tenis toplar\u0131na o kadar benzeyen toplar kullan\u0131l\u0131r ki ...<\/p>","protected":false},"author":1,"featured_media":0,"parent":18170,"menu_order":8,"comment_status":"closed","ping_status":"closed","template":"","meta":{"_acf_changed":false,"_sitemap_exclude":false,"_sitemap_priority":"","_sitemap_frequency":"","_analytify_skip_tracking":false,"footnotes":""},"class_list":["post-18159","page","type-page","status-publish","hentry"],"acf":[],"_links":{"self":[{"href":"https:\/\/www.padel-test.de\/tr\/wp-json\/wp\/v2\/pages\/18159","targetHints":{"allow":["GET"]}}],"collection":[{"href":"https:\/\/www.padel-test.de\/tr\/wp-json\/wp\/v2\/pages"}],"about":[{"href":"https:\/\/www.padel-test.de\/tr\/wp-json\/wp\/v2\/types\/page"}],"author":[{"embeddable":true,"href":"https:\/\/www.padel-test.de\/tr\/wp-json\/wp\/v2\/users\/1"}],"replies":[{"embeddable":true,"href":"https:\/\/www.padel-test.de\/tr\/wp-json\/wp\/v2\/comments?post=18159"}],"version-history":[{"count":0,"href":"https:\/\/www.padel-test.de\/tr\/wp-json\/wp\/v2\/pages\/18159\/revisions"}],"up":[{"embeddable":true,"href":"https:\/\/www.padel-test.de\/tr\/wp-json\/wp\/v2\/pages\/18170"}],"wp:attachment":[{"href":"https:\/\/www.padel-test.de\/tr\/wp-json\/wp\/v2\/media?parent=18159"}],"curies":[{"name":"wp","href":"https:\/\/api.w.org\/{rel}","templated":true}]}}