{"id":18161,"date":"2017-12-23T20:05:11","date_gmt":"2017-12-23T20:05:11","guid":{"rendered":"http:\/\/www.padel-test.de\/padel-bundesliga\/"},"modified":"2022-11-01T19:55:41","modified_gmt":"2022-11-01T19:55:41","slug":"padel-bundesliga","status":"publish","type":"page","link":"https:\/\/www.padel-test.de\/tr\/padel-bundesliga\/","title":{"rendered":"Padel Bundesliga"},"content":{"rendered":"<p>Yak\u0131nda Almanya'da ilk kez bir Padel Bundesliga olacak!<\/p>\n<p>Bu <a href=\"\/tr\/alman-padel-federasyonu\/\">Alman Padel Federasyonu<\/a> Alman padel sporlar\u0131n\u0131n \u00e7at\u0131 kurulu\u015fu olarak organizasyonu devrald\u0131 ve yak\u0131nda ma\u00e7 programlar\u0131, ma\u00e7 tarihleri ve ilgili kural ve d\u00fczenlemelerin ayr\u0131nt\u0131lar\u0131n\u0131 a\u00e7\u0131klayacak.<\/p>\n<p>Padelbundesliga'ya kat\u0131lmak isteyen herkes bizimle do\u011frudan ileti\u015fime ge\u00e7ebilir. <a href=\"\/tr\/kontakt\/\">\u0130leti\u015fim<\/a>.<\/p>\n<p>Talepleri Deutscher Padel Bund'a iletmekten mutluluk duyar\u0131z.<\/p>\n<p>Bu arada, Alman Padel Turuna kat\u0131labilir ve en iyi padel oyuncular\u0131yla rekabet edebilirsiniz.<\/p>\n<p>Burada t\u00fcm \u00fcr\u00fcnlere genel bir bak\u0131\u015f bulacaks\u0131n\u0131z <a href=\"\/tr\/padel-turnuvalari-2\/\">Padel Tenis Turnuvalar\u0131<\/a>!<\/p>\n\t<h3>Bundesliga Padel Tenis Kortlar\u0131 - Harita<\/h3>\n\n<!-- iframe plugin v.6.0 wordpress.org\/plugins\/iframe\/ -->\n<iframe loading=\"lazy\" src=\"https:\/\/www.google.com\/maps\/d\/embed?mid=18OVW4FiG4noVz4vFAYmYzmjpOW8\" width=\"900\" 0=\"height=&quot;300&quot;&amp;gt;&amp;lt;\/iframe\" height=\"500\" scrolling=\"yes\" class=\"iframe-class\" frameborder=\"0\"><\/iframe>\n\n<h4>\n\t\tBundesliga Padel Haberleri\n\t<\/h4>\n\t\t\t\t<a href=\"https:\/\/www.facebook.com\/sharer.php?u=https:\/\/www.padel-test.de\/?page_id=18161&#038;fl_builder&#038;title=Padel+Bundesliga\">\n\t\t\t\t\t\t\t\t\t\t\t\tFacebook'ta Payla\u015f\n\t\t\t\t\t\t\t\t\t<\/a>\n\t\t\t\t<a href=\"https:\/\/twitter.com\/intent\/tweet?url=https:\/\/www.padel-test.de\/?page_id=18161&#038;fl_builder&#038;text=Padel+Bundesliga\">\n\t\t\t\t\t\t\t\t\t\t\t\tTwitter'da Payla\u015f\n\t\t\t\t\t\t\t\t\t<\/a>\n\t\t\t\t<a href=\"https:\/\/www.linkedin.com\/shareArticle?mini=true&#038;url=https:\/\/www.padel-test.de\/?page_id=18161&#038;fl_builder&#038;title=Padel+Bundesliga\">\n\t\t\t\t\t\t\t\t\t\t\t\tLinkedin'de Payla\u015f\n\t\t\t\t\t\t\t\t\t<\/a>\n\t\t\t\t<a href=\"mailto:?body=https:\/\/www.padel-test.de\/?page_id=18161&#038;fl_builder\">\n\t\t\t\t\t\t\t\t\t\t\t\tE-posta ile payla\u015f\n\t\t\t\t\t\t\t\t\t<\/a>","protected":false},"excerpt":{"rendered":"<p>Yak\u0131nda Almanya'da ilk kez bir Padel Bundesliga olacak! Alman Padel Federasyonu, Alman padel sporlar\u0131n\u0131n \u00e7at\u0131 kurulu\u015fu olarak organizasyonu devrald\u0131 ve yak\u0131nda oyun programlar\u0131, oyun tarihleri ve ilgili kurallar ve d\u00fczenlemelerle ilgili ayr\u0131nt\u0131lar\u0131 a\u00e7\u0131klayacak. Padelbundesliga'ya kat\u0131lmak isteyen herkes do\u011frudan bizimle ileti\u015fime ge\u00e7ebilir. Ko\u015fuyoruz...<\/p>","protected":false},"author":1,"featured_media":18162,"parent":0,"menu_order":6,"comment_status":"open","ping_status":"open","template":"","meta":{"_acf_changed":false,"_sitemap_exclude":false,"_sitemap_priority":"","_sitemap_frequency":"","_analytify_skip_tracking":false,"footnotes":""},"class_list":["post-18161","page","type-page","status-publish","has-post-thumbnail","hentry"],"acf":[],"_links":{"self":[{"href":"https:\/\/www.padel-test.de\/tr\/wp-json\/wp\/v2\/pages\/18161","targetHints":{"allow":["GET"]}}],"collection":[{"href":"https:\/\/www.padel-test.de\/tr\/wp-json\/wp\/v2\/pages"}],"about":[{"href":"https:\/\/www.padel-test.de\/tr\/wp-json\/wp\/v2\/types\/page"}],"author":[{"embeddable":true,"href":"https:\/\/www.padel-test.de\/tr\/wp-json\/wp\/v2\/users\/1"}],"replies":[{"embeddable":true,"href":"https:\/\/www.padel-test.de\/tr\/wp-json\/wp\/v2\/comments?post=18161"}],"version-history":[{"count":0,"href":"https:\/\/www.padel-test.de\/tr\/wp-json\/wp\/v2\/pages\/18161\/revisions"}],"wp:featuredmedia":[{"embeddable":true,"href":"https:\/\/www.padel-test.de\/tr\/wp-json\/wp\/v2\/media\/18162"}],"wp:attachment":[{"href":"https:\/\/www.padel-test.de\/tr\/wp-json\/wp\/v2\/media?parent=18161"}],"curies":[{"name":"wp","href":"https:\/\/api.w.org\/{rel}","templated":true}]}}