{"id":18172,"date":"2017-10-26T09:56:19","date_gmt":"2017-10-26T09:56:19","guid":{"rendered":"http:\/\/www.padel-test.de\/padel-plaetze\/padel-tennis-berlin\/"},"modified":"2024-11-25T17:05:40","modified_gmt":"2024-11-25T17:05:40","slug":"padel-tennis-berlin","status":"publish","type":"page","link":"https:\/\/www.padel-test.de\/tr\/kuerek-kortlari\/padel-tennis-berlin\/","title":{"rendered":"Padel Berlin"},"content":{"rendered":"<p>Berlin, Almanya'daki ilk padel kalelerinden biriydi ve hala Almanya'n\u0131n \u00f6nde gelen padel kalelerinden biridir. Mevcut en eski <a href=\"\/tr\/padel-berlin\/\">Padel tesisi Alexander Hillbricht'e aittir<\/a>\u0130ki a\u00e7\u0131k hava padel kortuna ek olarak kendi padel salonunu da kurmu\u015ftur.<\/p>\n<p>So kann man drinnen und drau\u00dfen spielen &#8211; das war zum Zeitpunkt der Er\u00f6ffnung in Deutschland so bisher einzigartig. Ein echter Pionier Padel Standort!<\/p>\n<h3><strong>Padel Berlin - Padel FC<\/strong><\/h3>\n<p>Burada, J'nin k\u00fcrek \u015firketi<a href=\"\/tr\/padel-bi%cc%87lgi%cc%87si%cc%87\/padel-hayranlari\/juergen-klopp-padel-tenis\/\" target=\"_blank\" rel=\"noopener\">J\u00fcrgen Klopp<\/a> ve o\u011flu Marc ilk padel merkezlerini a\u00e7t\u0131lar:<\/p>\n<p><a href=\"\/tr\/padel-yerleri%cc%87\/padel-fc-berlin-rummelsburg\/\" target=\"_blank\" rel=\"noopener\">Padel FC Berlin<\/a><\/p>\n<p>7 topmoderne Indoor Padelcourts &#8211; im gleichen Flair wie fr\u00fcher bei Ralf Stoffers Playthewall in einer alten Batteriefabrik. Allerdings sollte man sich hier zumindest im Winter dick anziehen.<\/p>\n<h3>Padel Reinickendorfer F\u00fcchse<\/h3>\n<p>Ba\u015fka bir <a href=\"\/tr\/padel-berlin-reinickendorf\/\">Berlin'in padel tesisi Reinickendorfer F\u00fcchse'de yer almaktad\u0131r<\/a> &#8211; bisher steht hier zwar nur ein Padelplatz, aber es gibt Planungen hier einen der gr\u00f6\u00dften <strong>Berlin i\u00e7indeki Padel noktalar\u0131<\/strong> Toplan\u0131n!<\/p>\n<p>Ge\u00e7mi\u015fte Berlin'de ba\u015fka bir padel kortu bile vard\u0131. Padel \u00f6nc\u00fclerinin \u00e7o\u011fu, Ralf Stoffers'\u0131n padel salonunun (Play the Wall) e\u015fsiz atmosferini neredeyse hi\u00e7 unutmayacakt\u0131r, <a href=\"\/tr\/padel-teni%cc%87si%cc%87\/\">Padel Tenis<\/a> ba\u015fkentin spor program\u0131nda art\u0131k sa\u011flam bir yer edinmi\u015ftir!<\/p>\n\t<h3>Paddle Tenis Kortlar\u0131 - Harita<\/h3>\n\n<!-- iframe plugin v.6.0 wordpress.org\/plugins\/iframe\/ -->\n<iframe loading=\"lazy\" src=\"https:\/\/www.google.com\/maps\/d\/embed?mid=18OVW4FiG4noVz4vFAYmYzmjpOW8\" width=\"900\" 0=\"height=&quot;300&quot;&amp;gt;&amp;lt;\/iframe\" height=\"500\" scrolling=\"yes\" class=\"iframe-class\" frameborder=\"0\"><\/iframe>\n\n<h4>\n\t\tPadel Haberleri\n\t<\/h4>\n\t\t\t\t\t\t\t\t<a href=\"https:\/\/www.facebook.com\/sharer.php?u=https:\/\/www.padel-test.de\/?page_id=18172&#038;fl_builder&#038;title=Padel+Berlin\">\n\t\t\t\t\t\t\t\t\t\t\t\tFacebook'ta Payla\u015f\n\t\t\t\t\t\t\t\t\t<\/a>\n\t\t\t\t\t\t\t\t<a href=\"https:\/\/twitter.com\/intent\/tweet?url=https:\/\/www.padel-test.de\/?page_id=18172&#038;fl_builder&#038;text=Padel+Berlin\">\n\t\t\t\t\t\t\t\t\t\t\t\t\t<i>\ud835\udd4f<\/i>\n\t\t\t\t\t\t\t\t\t\t\t\tShare on X\n\t\t\t\t\t\t\t\t\t<\/a>\n\t\t\t\t\t\t\t\t<a href=\"https:\/\/www.linkedin.com\/shareArticle?mini=true&#038;url=https:\/\/www.padel-test.de\/?page_id=18172&#038;fl_builder&#038;title=Padel+Berlin\">\n\t\t\t\t\t\t\t\t\t\t\t\tLinkedin'de Payla\u015f\n\t\t\t\t\t\t\t\t\t<\/a>\n\t\t\t\t\t\t\t\t<a href=\"mailto:?body=https:\/\/www.padel-test.de\/?page_id=18172&#038;fl_builder\">\n\t\t\t\t\t\t\t\t\t\t\t\tE-posta ile payla\u015f\n\t\t\t\t\t\t\t\t\t<\/a>","protected":false},"excerpt":{"rendered":"<p>Berlin war eine der ersten Padel Hochburgen in Deutschland und ist immer noch eine der f\u00fchrenden Padelhochburgen Deutschlands. Die \u00e4lteste bestehende Padel Anlage ist die von Alexander Hillbricht, der neben zwei Outdoor Padelcourts auch eine eigene Padelhalle installiert hat. So kann man drinnen und drau\u00dfen spielen &#8211; das war zum Zeitpunkt der Er\u00f6ffnung in Deutschland&hellip;<\/p>","protected":false},"author":1,"featured_media":16683,"parent":18160,"menu_order":8,"comment_status":"closed","ping_status":"closed","template":"","meta":{"_acf_changed":false,"_sitemap_exclude":false,"_sitemap_priority":"","_sitemap_frequency":"","_analytify_skip_tracking":false,"footnotes":""},"class_list":["post-18172","page","type-page","status-publish","has-post-thumbnail","hentry"],"acf":[],"_links":{"self":[{"href":"https:\/\/www.padel-test.de\/tr\/wp-json\/wp\/v2\/pages\/18172","targetHints":{"allow":["GET"]}}],"collection":[{"href":"https:\/\/www.padel-test.de\/tr\/wp-json\/wp\/v2\/pages"}],"about":[{"href":"https:\/\/www.padel-test.de\/tr\/wp-json\/wp\/v2\/types\/page"}],"author":[{"embeddable":true,"href":"https:\/\/www.padel-test.de\/tr\/wp-json\/wp\/v2\/users\/1"}],"replies":[{"embeddable":true,"href":"https:\/\/www.padel-test.de\/tr\/wp-json\/wp\/v2\/comments?post=18172"}],"version-history":[{"count":1,"href":"https:\/\/www.padel-test.de\/tr\/wp-json\/wp\/v2\/pages\/18172\/revisions"}],"predecessor-version":[{"id":21306,"href":"https:\/\/www.padel-test.de\/tr\/wp-json\/wp\/v2\/pages\/18172\/revisions\/21306"}],"up":[{"embeddable":true,"href":"https:\/\/www.padel-test.de\/tr\/wp-json\/wp\/v2\/pages\/18160"}],"wp:featuredmedia":[{"embeddable":true,"href":"https:\/\/www.padel-test.de\/tr\/wp-json\/wp\/v2\/media\/16683"}],"wp:attachment":[{"href":"https:\/\/www.padel-test.de\/tr\/wp-json\/wp\/v2\/media?parent=18172"}],"curies":[{"name":"wp","href":"https:\/\/api.w.org\/{rel}","templated":true}]}}