{"id":18176,"date":"2017-10-26T10:03:54","date_gmt":"2017-10-26T10:03:54","guid":{"rendered":"http:\/\/www.padel-test.de\/padel-plaetze\/padel-cuxhaven\/"},"modified":"2022-11-01T18:34:18","modified_gmt":"2022-11-01T18:34:18","slug":"padel-cuxhaven","status":"publish","type":"page","link":"https:\/\/www.padel-test.de\/tr\/kuerek-kortlari\/padel-cuxhaven\/","title":{"rendered":"Padel Cuxhaven"},"content":{"rendered":"<p>Kuzeyde, Kuzey Denizi k\u0131y\u0131s\u0131n\u0131n y\u00fcksek kesimlerinde <a href=\"\/tr\/padel-yerleri%cc%87\/padel-sc-cuxhaven\/\">Padel Kul\u00fcb\u00fc Schwarz Wei\u00df Cuxhaven<\/a>. <\/p>\n<p>Ancak burada Frizya sertli\u011fi yok; bunun yerine, hem yerel padel oyuncular\u0131 hem de Avrupa'n\u0131n her yerinden padel \u00e7atlaklar\u0131, a\u00e7\u0131k ve dostane bir \u015fekilde yerel padel tesisine gelmeye davetlidir!<\/p>\n\t<h3>Paddle Tenis Kortlar\u0131 - Harita<\/h3>\n\n<!-- iframe plugin v.6.0 wordpress.org\/plugins\/iframe\/ -->\n<iframe loading=\"lazy\" src=\"https:\/\/www.google.com\/maps\/d\/embed?mid=18OVW4FiG4noVz4vFAYmYzmjpOW8\" width=\"900\" 0=\"height=&quot;300&quot;&amp;gt;&amp;lt;\/iframe\" height=\"500\" scrolling=\"yes\" class=\"iframe-class\" frameborder=\"0\"><\/iframe>\n\n<h4>\n\t\tPadel Haberleri Cuxhaven\n\t<\/h4>\n\t\t\t\t<a href=\"https:\/\/www.facebook.com\/sharer.php?u=https:\/\/www.padel-test.de\/?page_id=18176&#038;fl_builder&#038;title=Padel+Cuxhaven\">\n\t\t\t\t\t\t\t\t\t\t\t\tFacebook'ta Payla\u015f\n\t\t\t\t\t\t\t\t\t<\/a>\n\t\t\t\t<a href=\"https:\/\/twitter.com\/intent\/tweet?url=https:\/\/www.padel-test.de\/?page_id=18176&#038;fl_builder&#038;text=Padel+Cuxhaven\">\n\t\t\t\t\t\t\t\t\t\t\t\tTwitter'da Payla\u015f\n\t\t\t\t\t\t\t\t\t<\/a>\n\t\t\t\t<a href=\"https:\/\/www.linkedin.com\/shareArticle?mini=true&#038;url=https:\/\/www.padel-test.de\/?page_id=18176&#038;fl_builder&#038;title=Padel+Cuxhaven\">\n\t\t\t\t\t\t\t\t\t\t\t\tLinkedin'de Payla\u015f\n\t\t\t\t\t\t\t\t\t<\/a>\n\t\t\t\t<a href=\"mailto:?body=https:\/\/www.padel-test.de\/?page_id=18176&#038;fl_builder\">\n\t\t\t\t\t\t\t\t\t\t\t\tE-posta ile payla\u015f\n\t\t\t\t\t\t\t\t\t<\/a>","protected":false},"excerpt":{"rendered":"<p>Padel Club Schwarz Wei\u00df Cuxhaven, Kuzey Denizi k\u0131y\u0131s\u0131nda kuzeyde y\u00fcksek bir konumdad\u0131r. Bununla birlikte, burada i\u015fler Frizce de\u011fil, a\u00e7\u0131k ve arkada\u015f canl\u0131s\u0131, hem yerel padel oyuncular\u0131 hem de Avrupa'n\u0131n her yerinden gelen padel \u00e7atlaklar\u0131 yerel padel tesisinde ho\u015f kar\u015f\u0131lan\u0131yor! Paddle Tenis Kortlar\u0131 - Harita Padel Haberleri Cuxhaven Share on...<\/p>","protected":false},"author":1,"featured_media":16862,"parent":18160,"menu_order":10,"comment_status":"open","ping_status":"open","template":"","meta":{"_acf_changed":false,"_sitemap_exclude":false,"_sitemap_priority":"","_sitemap_frequency":"","_analytify_skip_tracking":false,"footnotes":""},"class_list":["post-18176","page","type-page","status-publish","has-post-thumbnail","hentry"],"acf":[],"_links":{"self":[{"href":"https:\/\/www.padel-test.de\/tr\/wp-json\/wp\/v2\/pages\/18176","targetHints":{"allow":["GET"]}}],"collection":[{"href":"https:\/\/www.padel-test.de\/tr\/wp-json\/wp\/v2\/pages"}],"about":[{"href":"https:\/\/www.padel-test.de\/tr\/wp-json\/wp\/v2\/types\/page"}],"author":[{"embeddable":true,"href":"https:\/\/www.padel-test.de\/tr\/wp-json\/wp\/v2\/users\/1"}],"replies":[{"embeddable":true,"href":"https:\/\/www.padel-test.de\/tr\/wp-json\/wp\/v2\/comments?post=18176"}],"version-history":[{"count":0,"href":"https:\/\/www.padel-test.de\/tr\/wp-json\/wp\/v2\/pages\/18176\/revisions"}],"up":[{"embeddable":true,"href":"https:\/\/www.padel-test.de\/tr\/wp-json\/wp\/v2\/pages\/18160"}],"wp:featuredmedia":[{"embeddable":true,"href":"https:\/\/www.padel-test.de\/tr\/wp-json\/wp\/v2\/media\/16862"}],"wp:attachment":[{"href":"https:\/\/www.padel-test.de\/tr\/wp-json\/wp\/v2\/media?parent=18176"}],"curies":[{"name":"wp","href":"https:\/\/api.w.org\/{rel}","templated":true}]}}