{"id":18181,"date":"2017-10-26T10:14:37","date_gmt":"2017-10-26T10:14:37","guid":{"rendered":"http:\/\/www.padel-test.de\/padel-plaetze\/padel-karlsruhe\/"},"modified":"2022-11-01T18:48:41","modified_gmt":"2022-11-01T18:48:41","slug":"padel-karlsruhe","status":"publish","type":"page","link":"https:\/\/www.padel-test.de\/tr\/kuerek-kortlari\/padel-karlsruhe\/","title":{"rendered":"Padel Karlsruhe"},"content":{"rendered":"<p>Karlsruhe'de \u015fu anda padel tenisinin oynanabilece\u011fi 4 tesis bulunmaktad\u0131r. Bunlar <a href=\"\/tr\/padel-durlach-aue\/\">Padel Durlach-Aue<\/a>, <a href=\"\/tr\/padel-karlsruhe-ketv\/\">KETV'de Padel<\/a> ve <a href=\"\/tr\/padel-karlsruhe-tc-groetzingen\/\">Padel Gr\u00f6tzingen<\/a>\u00a0ve kapal\u0131 alanda padel <a href=\"\/tr\/padel-tennis-ettlingen\/\">Padel Salonu Ettlingen<\/a>.<\/p>\n<p>Bu 4\u00a0<a href=\"\/tr\/kuerek-kortlari\/\">Padel lokasyonlar\u0131<\/a> sadece bir\u00e7ok e\u011flence ama\u00e7l\u0131 padel oyuncusu taraf\u0131ndan kullan\u0131lmakla kalmaz, ayn\u0131 zamanda s\u0131kl\u0131kla <a href=\"\/tr\/padel-turnuvalari-2\/\">Padel turnuvalar\u0131<\/a> ve padel \u015fampiyonalar\u0131 (\u00f6rne\u011fin G\u00fcney Almanya Padel \u015eampiyonas\u0131).<\/p>\n<p>Karlsruhe \u00dcniversitesi de art\u0131k padel'i \u00fcniversite spor program\u0131na dahil etti ve padel kurslar\u0131 sunuyor. <\/p>\n<p>Gelecekte, Karlsruhe \u00dcniversitesi kendi \u00fcniversitesini bile kurmak istiyor. <a href=\"\/tr\/padel-kursu-olusturucu-2\/\">Padel kortlar\u0131 in\u015fa edin<\/a> ve i\u015fletmek.<\/p>\n\t<h3>Paddle Tenis Kortlar\u0131 - Harita<\/h3>\n\n<!-- iframe plugin v.6.0 wordpress.org\/plugins\/iframe\/ -->\n<iframe loading=\"lazy\" src=\"https:\/\/www.google.com\/maps\/d\/embed?mid=18OVW4FiG4noVz4vFAYmYzmjpOW8\" width=\"900\" 0=\"height=&quot;300&quot;&amp;gt;&amp;lt;\/iframe\" height=\"500\" scrolling=\"yes\" class=\"iframe-class\" frameborder=\"0\"><\/iframe>\n\n<h4>\n\t\tPadel Haberleri Karlsruhe\n\t<\/h4>\n\t\t\t\t<a href=\"https:\/\/www.facebook.com\/sharer.php?u=https:\/\/www.padel-test.de\/?page_id=18181&#038;fl_builder&#038;title=Padel+Karlsruhe\">\n\t\t\t\t\t\t\t\t\t\t\t\tFacebook'ta Payla\u015f\n\t\t\t\t\t\t\t\t\t<\/a>\n\t\t\t\t<a href=\"https:\/\/twitter.com\/intent\/tweet?url=https:\/\/www.padel-test.de\/?page_id=18181&#038;fl_builder&#038;text=Padel+Karlsruhe\">\n\t\t\t\t\t\t\t\t\t\t\t\tTwitter'da Payla\u015f\n\t\t\t\t\t\t\t\t\t<\/a>\n\t\t\t\t<a href=\"https:\/\/www.linkedin.com\/shareArticle?mini=true&#038;url=https:\/\/www.padel-test.de\/?page_id=18181&#038;fl_builder&#038;title=Padel+Karlsruhe\">\n\t\t\t\t\t\t\t\t\t\t\t\tLinkedin'de Payla\u015f\n\t\t\t\t\t\t\t\t\t<\/a>\n\t\t\t\t<a href=\"mailto:?body=https:\/\/www.padel-test.de\/?page_id=18181&#038;fl_builder\">\n\t\t\t\t\t\t\t\t\t\t\t\tE-posta ile payla\u015f\n\t\t\t\t\t\t\t\t\t<\/a>","protected":false},"excerpt":{"rendered":"<p>Karlsruhe'de \u015fu anda padel tenisinin oynanabilece\u011fi 4 tesis bulunmaktad\u0131r. Bunlar Padel Durlach-Aue, Padel at KETV ve Padel Gr\u00f6tzingen'in yan\u0131 s\u0131ra Padel Halle Ettlingen'deki kapal\u0131 Padel'dir. Bu 4 padel lokasyonu sadece bir\u00e7ok e\u011flence ama\u00e7l\u0131 padel oyuncusu taraf\u0131ndan kullan\u0131lmakla kalmaz, ayn\u0131 zamanda s\u0131kl\u0131kla padel turnuvalar\u0131 ve padel \u015fampiyonalar\u0131 i\u00e7in de bir mekand\u0131r (\u00f6rne\u011fin G\u00fcney Almanya ...<\/p>","protected":false},"author":1,"featured_media":16821,"parent":18160,"menu_order":12,"comment_status":"open","ping_status":"open","template":"","meta":{"_acf_changed":false,"_sitemap_exclude":false,"_sitemap_priority":"","_sitemap_frequency":"","_analytify_skip_tracking":false,"footnotes":""},"class_list":["post-18181","page","type-page","status-publish","has-post-thumbnail","hentry"],"acf":[],"_links":{"self":[{"href":"https:\/\/www.padel-test.de\/tr\/wp-json\/wp\/v2\/pages\/18181","targetHints":{"allow":["GET"]}}],"collection":[{"href":"https:\/\/www.padel-test.de\/tr\/wp-json\/wp\/v2\/pages"}],"about":[{"href":"https:\/\/www.padel-test.de\/tr\/wp-json\/wp\/v2\/types\/page"}],"author":[{"embeddable":true,"href":"https:\/\/www.padel-test.de\/tr\/wp-json\/wp\/v2\/users\/1"}],"replies":[{"embeddable":true,"href":"https:\/\/www.padel-test.de\/tr\/wp-json\/wp\/v2\/comments?post=18181"}],"version-history":[{"count":0,"href":"https:\/\/www.padel-test.de\/tr\/wp-json\/wp\/v2\/pages\/18181\/revisions"}],"up":[{"embeddable":true,"href":"https:\/\/www.padel-test.de\/tr\/wp-json\/wp\/v2\/pages\/18160"}],"wp:featuredmedia":[{"embeddable":true,"href":"https:\/\/www.padel-test.de\/tr\/wp-json\/wp\/v2\/media\/16821"}],"wp:attachment":[{"href":"https:\/\/www.padel-test.de\/tr\/wp-json\/wp\/v2\/media?parent=18181"}],"curies":[{"name":"wp","href":"https:\/\/api.w.org\/{rel}","templated":true}]}}