{"id":18183,"date":"2017-10-26T10:17:28","date_gmt":"2017-10-26T10:17:28","guid":{"rendered":"http:\/\/www.padel-test.de\/padel-plaetze\/padel-koeln\/"},"modified":"2022-11-01T18:58:33","modified_gmt":"2022-11-01T18:58:33","slug":"padel-koeln","status":"publish","type":"page","link":"https:\/\/www.padel-test.de\/tr\/kuerek-kortlari\/padel-koeln\/","title":{"rendered":"Padel K\u00f6ln"},"content":{"rendered":"<p>K\u00f6ln'de \u015fu anda 3 padel sporu tesisi bulunmaktad\u0131r - ilk olarak K\u00f6ln A\u00e7\u0131k Hava <a href=\"\/tr\/padel-colonia\/\">K\u00f6ln \u00dcniversitesi'nde Padel kortlar\u0131<\/a> ve di\u011fer yandan 4 kapal\u0131 padel kortu <a href=\"\/tr\/padel-koeln-duvarlari\/\">Padelbox Duvarlar\u0131 K\u00f6ln<\/a> ve hemen yan\u0131nda, TC Weiden K\u00f6ln'deki a\u00e7\u0131k padel kortlar\u0131.<\/p>\n<p>B\u00f6ylece K\u00f6ln'de her t\u00fcrl\u00fc hava ko\u015fulunda bir padel ma\u00e7\u0131 oynamak i\u00e7in m\u00fckemmel bir f\u0131rsat bulacaks\u0131n\u0131z.<\/p>\n<p>Ancak K\u00f6ln sadece yerel padel oyuncular\u0131 i\u00e7in harika bir yer de\u011fil - bir\u00e7ok, en iyi oturmu\u015f <a href=\"\/tr\/padel-turnuvalari-2\/\">K\u00fcrek turnuvalar\u0131<\/a> Hollanda, Bel\u00e7ika, \u0130sve\u00e7, \u0130spanya ve di\u011fer bir\u00e7ok \u00fclkeden uluslararas\u0131 padel oyuncular\u0131 ile bu arada K\u00f6ln, Alman padel sahnesinde sayg\u0131n bir \u00fcn kazand\u0131!<\/p>\n\t<h3>Padeltennis kortlar\u0131 - Harita<\/h3>\n\n<!-- iframe plugin v.6.0 wordpress.org\/plugins\/iframe\/ -->\n<iframe loading=\"lazy\" src=\"https:\/\/www.google.com\/maps\/d\/embed?mid=18OVW4FiG4noVz4vFAYmYzmjpOW8\" width=\"900\" 0=\"height=&quot;300&quot;&amp;gt;&amp;lt;\/iframe\" height=\"500\" scrolling=\"yes\" class=\"iframe-class\" frameborder=\"0\"><\/iframe>\n\n<h4>\n\t\tPadel Haberleri K\u00f6ln\n\t<\/h4>\n\t\t\t\t<a href=\"https:\/\/www.facebook.com\/sharer.php?u=https:\/\/www.padel-test.de\/?page_id=18183&#038;fl_builder&#038;title=Padel+K%C3%B6ln\">\n\t\t\t\t\t\t\t\t\t\t\t\tFacebook'ta Payla\u015f\n\t\t\t\t\t\t\t\t\t<\/a>\n\t\t\t\t<a href=\"https:\/\/twitter.com\/intent\/tweet?url=https:\/\/www.padel-test.de\/?page_id=18183&#038;fl_builder&#038;text=Padel+K%C3%B6ln\">\n\t\t\t\t\t\t\t\t\t\t\t\tTwitter'da Payla\u015f\n\t\t\t\t\t\t\t\t\t<\/a>\n\t\t\t\t<a href=\"https:\/\/www.linkedin.com\/shareArticle?mini=true&#038;url=https:\/\/www.padel-test.de\/?page_id=18183&#038;fl_builder&#038;title=Padel+K%C3%B6ln\">\n\t\t\t\t\t\t\t\t\t\t\t\tLinkedin'de Payla\u015f\n\t\t\t\t\t\t\t\t\t<\/a>\n\t\t\t\t<a href=\"mailto:?body=https:\/\/www.padel-test.de\/?page_id=18183&#038;fl_builder\">\n\t\t\t\t\t\t\t\t\t\t\t\tE-posta ile payla\u015f\n\t\t\t\t\t\t\t\t\t<\/a>","protected":false},"excerpt":{"rendered":"<p>K\u00f6ln'de \u015fu anda 3 padel spor tesisi bulunmaktad\u0131r - bir yandan K\u00f6ln \u00dcniversitesi'ndeki K\u00f6ln a\u00e7\u0131k padel kortlar\u0131 ve di\u011fer yandan Padelbox Walls K\u00f6ln'deki 4 kapal\u0131 padel kortu ve TC Weiden K\u00f6ln'deki do\u011frudan biti\u015fik a\u00e7\u0131k padel kortlar\u0131. B\u00f6ylece K\u00f6ln'de her t\u00fcrl\u00fc hava ko\u015fulunda bir padel ma\u00e7\u0131 oynamak i\u00e7in ideal f\u0131rsat\u0131 bulacaks\u0131n\u0131z....<\/p>","protected":false},"author":1,"featured_media":16743,"parent":18160,"menu_order":13,"comment_status":"open","ping_status":"open","template":"","meta":{"_acf_changed":false,"_sitemap_exclude":false,"_sitemap_priority":"","_sitemap_frequency":"","_analytify_skip_tracking":false,"footnotes":""},"class_list":["post-18183","page","type-page","status-publish","has-post-thumbnail","hentry"],"acf":[],"_links":{"self":[{"href":"https:\/\/www.padel-test.de\/tr\/wp-json\/wp\/v2\/pages\/18183","targetHints":{"allow":["GET"]}}],"collection":[{"href":"https:\/\/www.padel-test.de\/tr\/wp-json\/wp\/v2\/pages"}],"about":[{"href":"https:\/\/www.padel-test.de\/tr\/wp-json\/wp\/v2\/types\/page"}],"author":[{"embeddable":true,"href":"https:\/\/www.padel-test.de\/tr\/wp-json\/wp\/v2\/users\/1"}],"replies":[{"embeddable":true,"href":"https:\/\/www.padel-test.de\/tr\/wp-json\/wp\/v2\/comments?post=18183"}],"version-history":[{"count":0,"href":"https:\/\/www.padel-test.de\/tr\/wp-json\/wp\/v2\/pages\/18183\/revisions"}],"up":[{"embeddable":true,"href":"https:\/\/www.padel-test.de\/tr\/wp-json\/wp\/v2\/pages\/18160"}],"wp:featuredmedia":[{"embeddable":true,"href":"https:\/\/www.padel-test.de\/tr\/wp-json\/wp\/v2\/media\/16743"}],"wp:attachment":[{"href":"https:\/\/www.padel-test.de\/tr\/wp-json\/wp\/v2\/media?parent=18183"}],"curies":[{"name":"wp","href":"https:\/\/api.w.org\/{rel}","templated":true}]}}