{"id":18185,"date":"2017-11-09T13:07:08","date_gmt":"2017-11-09T13:07:08","guid":{"rendered":"http:\/\/www.padel-test.de\/padel-plaetze\/padel-frankfurt\/"},"modified":"2022-11-01T19:32:13","modified_gmt":"2022-11-01T19:32:13","slug":"padel-frankfurt","status":"publish","type":"page","link":"https:\/\/www.padel-test.de\/tr\/kuerek-kortlari\/padel-frankfurt\/","title":{"rendered":"Padel Frankfurt"},"content":{"rendered":"<p>Hessen'de, \u00e7o\u011funlukla Frankfurt am Main ve \u00e7evresinde padel oynayabilirsiniz. Bir mahkeme \u015fu adreste mevcuttur <a href=\"\/tr\/padel-frankfurt-niddapark\/\">Padel Frankfurt Niddapark<\/a>. A\u00e7\u0131k hava padel kortunun tamamlanmas\u0131ndan bu yana, burada baz\u0131 birinci s\u0131n\u0131f turnuvalar ve ulusal padel \u015fampiyonalar\u0131 d\u00fczenlendi!<\/p>\n<p>Taunus y\u00f6n\u00fcnde biraz daha ileride <a href=\"\/tr\/padel-wiesbaden-wallau\/\">Padel RheinMain Wiesbaden-Wallau<\/a>. \u00c7oklu spor tesisinde, modern ekipmanlara sahip 2 kapal\u0131 padel kortunda oynayabilirsiniz. Nitelikli padel okulu sayesinde, ilgilenen herkes padel deneyebilir ve becerilerini daha da geli\u015ftirebilir.<\/p>\n<p>Wiesbaden-Schierstein i\u00e7in iki padel kortu daha planlanmaktad\u0131r.<\/p>\n\t<h3>Paddle Tenis Kortlar\u0131 - Harita<\/h3>\n\n<!-- iframe plugin v.6.0 wordpress.org\/plugins\/iframe\/ -->\n<iframe loading=\"lazy\" src=\"https:\/\/www.google.com\/maps\/d\/embed?mid=18OVW4FiG4noVz4vFAYmYzmjpOW8\" width=\"900\" 0=\"height=&quot;300&quot;&amp;gt;&amp;lt;\/iframe\" height=\"500\" scrolling=\"yes\" class=\"iframe-class\" frameborder=\"0\"><\/iframe>\n\n<h4>\n\t\tPadel Haberleri\n\t<\/h4>\n\t\t\t\t<a href=\"https:\/\/www.facebook.com\/sharer.php?u=https:\/\/www.padel-test.de\/?page_id=18185&#038;fl_builder&#038;title=Padel+Frankfurt\">\n\t\t\t\t\t\t\t\t\t\t\t\tFacebook'ta Payla\u015f\n\t\t\t\t\t\t\t\t\t<\/a>\n\t\t\t\t<a href=\"https:\/\/twitter.com\/intent\/tweet?url=https:\/\/www.padel-test.de\/?page_id=18185&#038;fl_builder&#038;text=Padel+Frankfurt\">\n\t\t\t\t\t\t\t\t\t\t\t\tTwitter'da Payla\u015f\n\t\t\t\t\t\t\t\t\t<\/a>\n\t\t\t\t<a href=\"https:\/\/www.linkedin.com\/shareArticle?mini=true&#038;url=https:\/\/www.padel-test.de\/?page_id=18185&#038;fl_builder&#038;title=Padel+Frankfurt\">\n\t\t\t\t\t\t\t\t\t\t\t\tLinkedin'de Payla\u015f\n\t\t\t\t\t\t\t\t\t<\/a>\n\t\t\t\t<a href=\"mailto:?body=https:\/\/www.padel-test.de\/?page_id=18185&#038;fl_builder\">\n\t\t\t\t\t\t\t\t\t\t\t\tE-posta ile payla\u015f\n\t\t\t\t\t\t\t\t\t<\/a>","protected":false},"excerpt":{"rendered":"<p>Hessen'de, \u00f6zellikle Frankfurt am Main ve \u00e7evresinde padel oynayabilirsiniz. Padel Frankfurt Niddapark'ta bir mahkeme bulunmaktad\u0131r. A\u00e7\u0131k hava padel kortunun tamamlanmas\u0131ndan bu yana, burada birka\u00e7 \u00fcst s\u0131n\u0131f turnuva ve ulusal padel \u015fampiyonas\u0131 d\u00fczenlendi! Padel RheinMain Wiesbaden-Wallau, Taunus y\u00f6n\u00fcnde biraz daha ileride yer almaktad\u0131r. \u00c7ok sporlu tesiste, modern teknolojiye sahip 2 kapal\u0131 padel kortunda oynayabilirsiniz...<\/p>","protected":false},"author":1,"featured_media":18186,"parent":18160,"menu_order":14,"comment_status":"open","ping_status":"open","template":"","meta":{"_acf_changed":false,"_sitemap_exclude":false,"_sitemap_priority":"","_sitemap_frequency":"","_analytify_skip_tracking":false,"footnotes":""},"class_list":["post-18185","page","type-page","status-publish","has-post-thumbnail","hentry"],"acf":[],"_links":{"self":[{"href":"https:\/\/www.padel-test.de\/tr\/wp-json\/wp\/v2\/pages\/18185","targetHints":{"allow":["GET"]}}],"collection":[{"href":"https:\/\/www.padel-test.de\/tr\/wp-json\/wp\/v2\/pages"}],"about":[{"href":"https:\/\/www.padel-test.de\/tr\/wp-json\/wp\/v2\/types\/page"}],"author":[{"embeddable":true,"href":"https:\/\/www.padel-test.de\/tr\/wp-json\/wp\/v2\/users\/1"}],"replies":[{"embeddable":true,"href":"https:\/\/www.padel-test.de\/tr\/wp-json\/wp\/v2\/comments?post=18185"}],"version-history":[{"count":0,"href":"https:\/\/www.padel-test.de\/tr\/wp-json\/wp\/v2\/pages\/18185\/revisions"}],"up":[{"embeddable":true,"href":"https:\/\/www.padel-test.de\/tr\/wp-json\/wp\/v2\/pages\/18160"}],"wp:featuredmedia":[{"embeddable":true,"href":"https:\/\/www.padel-test.de\/tr\/wp-json\/wp\/v2\/media\/18186"}],"wp:attachment":[{"href":"https:\/\/www.padel-test.de\/tr\/wp-json\/wp\/v2\/media?parent=18185"}],"curies":[{"name":"wp","href":"https:\/\/api.w.org\/{rel}","templated":true}]}}