{"id":18188,"date":"2017-12-03T20:36:58","date_gmt":"2017-12-03T20:36:58","guid":{"rendered":"http:\/\/www.padel-test.de\/padel-plaetze\/padel-ruhrgebiet\/"},"modified":"2022-10-25T22:44:36","modified_gmt":"2022-10-25T22:44:36","slug":"padel-ruhr-boelgesi%cc%87","status":"publish","type":"page","link":"https:\/\/www.padel-test.de\/tr\/kuerek-kortlari\/padel-ruhr-boelgesi%cc%87\/","title":{"rendered":"Padel Ruhr B\u00f6lgesi"},"content":{"rendered":"<p>Elbette, Alman padel sporunun Ruhr b\u00f6lgesinde de \u00e7ok say\u0131da destek\u00e7isi, baz\u0131 tan\u0131nm\u0131\u015f \u00fcst d\u00fczey oyuncular\u0131 ve hepsinden \u00f6nemlisi: padel kortlar\u0131 var!<\/p>\n<p>&nbsp;<\/p>\n<strong>Padel \u015fu anda Ruhr b\u00f6lgesinde a\u015fa\u011f\u0131daki yerlerde oynanabilmektedir:<\/strong><br \/>\nYemek: <a href=\"\/tr\/padel-yerleri%cc%87\/tvn-padel-essen\/\">Padel Essen<\/a>\u00a0(2 kapal\u0131 padel kortu)<br \/>\nKamen: <a href=\"\/tr\/padel-yerleri%cc%87\/padel-kamen-heeren\/\">Padel Kamen-Heeren<\/a> (2 a\u00e7\u0131k kort)<br \/>\nGladbeck: planlama a\u015famas\u0131nda<br \/>\nBochum: <a href=\"\/tr\/padel-yerleri%cc%87\/padel-world-bochum\/\">PadelWorld Bochum<\/a> (4 a\u00e7\u0131k padel kortu ba\u015flayacak, di\u011fer 4 padel kortu takip edecek)<br \/>\nHerne (ne yaz\u0131k ki kapal\u0131): <a href=\"\/tr\/padel-point-nrw-herne\/\">Padel Point Herne<\/a> (eskiden 3 kapal\u0131 padel kortu)<br \/>\nWerne: <a href=\"\/tr\/padel-yerleri%cc%87\/padel-tennis-werne\/\">Padel Base Werne<\/a> (2 kapal\u0131 padel kortu ve 1 a\u00e7\u0131k padel kortu)<br \/>\nDortmund: <a href=\"\/tr\/padel-yerleri%cc%87\/padel-dortmund\/\">Padel Dortmund<\/a> - Signal Iduna Park'\u0131n yak\u0131n\u0131nda 8 padel kortu bulunmaktad\u0131r: 6 a\u00e7\u0131k padel kortu ve 2 kapal\u0131 padel kortu.\n<p>Ruhr b\u00f6lgesindeki di\u011fer padel kul\u00fcpleri de <a href=\"\/tr\/alman-padel-federasyonu\/\">Alman Padel Federasyonu<\/a> halihaz\u0131rda planlanmaktad\u0131r ve k\u0131sa s\u00fcre i\u00e7inde kap\u0131lar\u0131n\u0131 a\u00e7acakt\u0131r. Bu konuda ayr\u0131ca haber yap\u0131lacakt\u0131r.<\/p>\n<p>Ve buradan \u00e7ok uzak olmayan bir yerde hala\u00a0<a href=\"\/tr\/kuerek-kortlari\/padel-koeln\/\">Padel K\u00f6ln<\/a> ve <a href=\"\/tr\/padel-yerleri%cc%87\/padel-muenster\/\">Padel Kul\u00fcb\u00fc M\u00fcnster<\/a>.<\/p>\n<p>\u0130pucu: <a href=\"\/tr\/kuerek-kortlari\/\">Almanya'daki t\u00fcm padel kortlar\u0131na genel bak\u0131\u015f<\/a><\/p>\n\t<h3>Paddle Tenis Kortlar\u0131 - Harita<\/h3>\n\n<!-- iframe plugin v.6.0 wordpress.org\/plugins\/iframe\/ -->\n<iframe loading=\"lazy\" src=\"https:\/\/www.google.com\/maps\/d\/embed?mid=18OVW4FiG4noVz4vFAYmYzmjpOW8\" width=\"900\" 0=\"height=&quot;300&quot;&amp;gt;&amp;lt;\/iframe\" height=\"500\" scrolling=\"yes\" class=\"iframe-class\" frameborder=\"0\"><\/iframe>\n\n<h4>\n\t\tPadel Haberleri\n\t<\/h4>\n\t\t\t\t<a href=\"https:\/\/www.facebook.com\/sharer.php?u=https:\/\/www.padel-test.de\/padel-plaetze\/padel-ruhrgebiet\/?fl_builder&#038;title=Padel+Ruhrgebiet\">\n\t\t\t\t\t\t\t\t\t\t\t\tFacebook'ta Payla\u015f\n\t\t\t\t\t\t\t\t\t<\/a>\n\t\t\t\t<a href=\"https:\/\/twitter.com\/intent\/tweet?url=https:\/\/www.padel-test.de\/padel-plaetze\/padel-ruhrgebiet\/?fl_builder&#038;text=Padel+Ruhrgebiet\">\n\t\t\t\t\t\t\t\t\t\t\t\tTwitter'da Payla\u015f\n\t\t\t\t\t\t\t\t\t<\/a>\n\t\t\t\t<a href=\"https:\/\/www.linkedin.com\/shareArticle?mini=true&#038;url=https:\/\/www.padel-test.de\/padel-plaetze\/padel-ruhrgebiet\/?fl_builder&#038;title=Padel+Ruhrgebiet\">\n\t\t\t\t\t\t\t\t\t\t\t\tLinkedin'de Payla\u015f\n\t\t\t\t\t\t\t\t\t<\/a>\n\t\t\t\t<a href=\"mailto:?body=https:\/\/www.padel-test.de\/padel-plaetze\/padel-ruhrgebiet\/?fl_builder\">\n\t\t\t\t\t\t\t\t\t\t\t\tE-posta ile Payla\u015f\n\t\t\t\t\t\t\t\t\t<\/a>","protected":false},"excerpt":{"rendered":"<p>Elbette, Alman padel sporunun Ruhr b\u00f6lgesinde \u00e7ok say\u0131da destek\u00e7isi, baz\u0131 tan\u0131nm\u0131\u015f en iyi oyuncular\u0131 ve hepsinden \u00f6nemlisi: padel kortlar\u0131 var!   Padel \u015fu anda Ruhr b\u00f6lgesinde a\u015fa\u011f\u0131daki yerlerde oynanabilir: Essen: Padel Essen (2 kapal\u0131 padel kortu) Kamen: Padel Kamen-Heeren (2 a\u00e7\u0131k hava kortu) Gladbeck: planlama a\u015famas\u0131nda Bochum: PadelWorld Bochum (4 a\u00e7\u0131k hava padel kortu ile ba\u015flayacak, 4...<\/p>","protected":false},"author":1,"featured_media":16852,"parent":18160,"menu_order":7,"comment_status":"open","ping_status":"open","template":"","meta":{"_acf_changed":false,"_sitemap_exclude":false,"_sitemap_priority":"","_sitemap_frequency":"","_analytify_skip_tracking":false,"footnotes":""},"class_list":["post-18188","page","type-page","status-publish","has-post-thumbnail","hentry"],"acf":[],"_links":{"self":[{"href":"https:\/\/www.padel-test.de\/tr\/wp-json\/wp\/v2\/pages\/18188","targetHints":{"allow":["GET"]}}],"collection":[{"href":"https:\/\/www.padel-test.de\/tr\/wp-json\/wp\/v2\/pages"}],"about":[{"href":"https:\/\/www.padel-test.de\/tr\/wp-json\/wp\/v2\/types\/page"}],"author":[{"embeddable":true,"href":"https:\/\/www.padel-test.de\/tr\/wp-json\/wp\/v2\/users\/1"}],"replies":[{"embeddable":true,"href":"https:\/\/www.padel-test.de\/tr\/wp-json\/wp\/v2\/comments?post=18188"}],"version-history":[{"count":0,"href":"https:\/\/www.padel-test.de\/tr\/wp-json\/wp\/v2\/pages\/18188\/revisions"}],"up":[{"embeddable":true,"href":"https:\/\/www.padel-test.de\/tr\/wp-json\/wp\/v2\/pages\/18160"}],"wp:featuredmedia":[{"embeddable":true,"href":"https:\/\/www.padel-test.de\/tr\/wp-json\/wp\/v2\/media\/16852"}],"wp:attachment":[{"href":"https:\/\/www.padel-test.de\/tr\/wp-json\/wp\/v2\/media?parent=18188"}],"curies":[{"name":"wp","href":"https:\/\/api.w.org\/{rel}","templated":true}]}}