{"id":18193,"date":"2017-12-18T16:49:05","date_gmt":"2017-12-18T16:49:05","guid":{"rendered":"http:\/\/www.padel-test.de\/padel-plaetze\/padel-muenchen\/"},"modified":"2022-11-01T19:35:21","modified_gmt":"2022-11-01T19:35:21","slug":"padel-muenchen","status":"publish","type":"page","link":"https:\/\/www.padel-test.de\/tr\/kuerek-kortlari\/padel-muenchen\/","title":{"rendered":"Padel M\u00fcnih"},"content":{"rendered":"<p>K\u00fcrek sporlar\u0131 da Bavyera'n\u0131n ba\u015fkentinde geli\u015fmeye devam ediyor. M\u00fcnih'te, di\u011fer yerlerin yan\u0131 s\u0131ra <a href=\"\/tr\/padelwelt-muenchen\/\">SportScheck T\u00fcm Hava Ko\u015fullar\u0131na Uygun Padel<\/a> oynanacak.<\/p>\n<p>Bu padel tesisi ayn\u0131 zamanda <a href=\"\/tr\/padel-club-muenchen\/\">Padel Kul\u00fcb\u00fc M\u00fcnih<\/a>. Bavyera kul\u00fcb\u00fc d\u00fczenli olarak \u00e7ok iyi organize edilmi\u015f k\u00fcrek turnuvalar\u0131na ev sahipli\u011fi yap\u0131yor ve bu turnuvalar Bavyera s\u0131n\u0131rlar\u0131n\u0131n \u00e7ok \u00f6tesinde de iyi bir \u00fcne sahip.<\/p>\n<p>Elbette, tad\u0131m kurslar\u0131 ve e\u011fitim teklifleri de kul\u00fcp arac\u0131l\u0131\u011f\u0131yla M\u00fcnih'teki padel lokasyonunda al\u0131nabilir.<\/p>\n<p>\u015eu anda yap\u0131m a\u015famas\u0131nda olan <a href=\"\/tr\/padel-muenchen-geretsried\/\">M\u00fcnih Geretsried yeni bir padel tesisi kurdu<\/a> iki yepyeni a\u00e7\u0131k hava padel kortu ile. Padel kortlar\u0131n\u0131n resmi olarak 2018 bahar\u0131nda a\u00e7\u0131lmas\u0131 planlanmaktad\u0131r.<\/p>\n<p>M\u00fcnih'in kuzeyinde, N\u00fcrnberg'de, 2017 bahar\u0131ndan bu yana N\u00fcrnberg CAM'da harika bir a\u00e7\u0131k hava padel tesisi de var.<\/p>\n<p>Almanya, Avusturya ve \u0130svi\u00e7re'deki t\u00fcm padel lokasyonlar\u0131 bir bak\u0131\u015fta:<\/p>\n<p><a href=\"\/tr\/kuerek-kortlari\/\">Harita Padel sahalar\u0131<\/a><\/p>\n<p>Art\u0131k neredeyse her padel oyuncusu i\u00e7in bir padel kortu var!<\/p>\n\t<h3>Paddle Tenis Kortlar\u0131 - Harita<\/h3>\n\n<!-- iframe plugin v.6.0 wordpress.org\/plugins\/iframe\/ -->\n<iframe loading=\"lazy\" src=\"https:\/\/www.google.com\/maps\/d\/embed?mid=18OVW4FiG4noVz4vFAYmYzmjpOW8\" width=\"900\" 0=\"height=&quot;300&quot;&amp;gt;&amp;lt;\/iframe\" height=\"500\" scrolling=\"yes\" class=\"iframe-class\" frameborder=\"0\"><\/iframe>\n\n<h4>\n\t\tPadel Haberleri\n\t<\/h4>\n\t\t\t\t<a href=\"https:\/\/www.facebook.com\/sharer.php?u=https:\/\/www.padel-test.de\/?page_id=18193&#038;fl_builder&#038;title=Padel+M%C3%BCnchen\">\n\t\t\t\t\t\t\t\t\t\t\t\tFacebook'ta Payla\u015f\n\t\t\t\t\t\t\t\t\t<\/a>\n\t\t\t\t<a href=\"https:\/\/twitter.com\/intent\/tweet?url=https:\/\/www.padel-test.de\/?page_id=18193&#038;fl_builder&#038;text=Padel+M%C3%BCnchen\">\n\t\t\t\t\t\t\t\t\t\t\t\tTwitter'da Payla\u015f\n\t\t\t\t\t\t\t\t\t<\/a>\n\t\t\t\t<a href=\"https:\/\/www.linkedin.com\/shareArticle?mini=true&#038;url=https:\/\/www.padel-test.de\/?page_id=18193&#038;fl_builder&#038;title=Padel+M%C3%BCnchen\">\n\t\t\t\t\t\t\t\t\t\t\t\tLinkedin'de Payla\u015f\n\t\t\t\t\t\t\t\t\t<\/a>\n\t\t\t\t<a href=\"mailto:?body=https:\/\/www.padel-test.de\/?page_id=18193&#038;fl_builder\">\n\t\t\t\t\t\t\t\t\t\t\t\tE-posta ile payla\u015f\n\t\t\t\t\t\t\t\t\t<\/a>","protected":false},"excerpt":{"rendered":"<p>Padel sporu Bavyera'n\u0131n ba\u015fkentinde de geli\u015fmeye devam ediyor. M\u00fcnih'te padel, di\u011ferlerinin yan\u0131 s\u0131ra SportScheck t\u00fcm hava ko\u015fullar\u0131na uygun tesiste oynanabilir. Bu padel tesisi ayn\u0131 zamanda M\u00fcnih Padel Kul\u00fcb\u00fc'n\u00fcn ana sahas\u0131d\u0131r. Bavyera kul\u00fcb\u00fc d\u00fczenli olarak \u00e7ok iyi organize edilmi\u015f padel turnuvalar\u0131na ev sahipli\u011fi yap\u0131yor ve bu da Bavyera s\u0131n\u0131rlar\u0131n\u0131n \u00e7ok \u00f6tesinde iyi bir \u00fcne sahip. Tabii ki...<\/p>","protected":false},"author":1,"featured_media":16731,"parent":18160,"menu_order":15,"comment_status":"open","ping_status":"open","template":"","meta":{"_acf_changed":false,"_sitemap_exclude":false,"_sitemap_priority":"","_sitemap_frequency":"","_analytify_skip_tracking":false,"footnotes":""},"class_list":["post-18193","page","type-page","status-publish","has-post-thumbnail","hentry"],"acf":[],"_links":{"self":[{"href":"https:\/\/www.padel-test.de\/tr\/wp-json\/wp\/v2\/pages\/18193","targetHints":{"allow":["GET"]}}],"collection":[{"href":"https:\/\/www.padel-test.de\/tr\/wp-json\/wp\/v2\/pages"}],"about":[{"href":"https:\/\/www.padel-test.de\/tr\/wp-json\/wp\/v2\/types\/page"}],"author":[{"embeddable":true,"href":"https:\/\/www.padel-test.de\/tr\/wp-json\/wp\/v2\/users\/1"}],"replies":[{"embeddable":true,"href":"https:\/\/www.padel-test.de\/tr\/wp-json\/wp\/v2\/comments?post=18193"}],"version-history":[{"count":0,"href":"https:\/\/www.padel-test.de\/tr\/wp-json\/wp\/v2\/pages\/18193\/revisions"}],"up":[{"embeddable":true,"href":"https:\/\/www.padel-test.de\/tr\/wp-json\/wp\/v2\/pages\/18160"}],"wp:featuredmedia":[{"embeddable":true,"href":"https:\/\/www.padel-test.de\/tr\/wp-json\/wp\/v2\/media\/16731"}],"wp:attachment":[{"href":"https:\/\/www.padel-test.de\/tr\/wp-json\/wp\/v2\/media?parent=18193"}],"curies":[{"name":"wp","href":"https:\/\/api.w.org\/{rel}","templated":true}]}}