{"id":18196,"date":"2017-12-19T10:42:42","date_gmt":"2017-12-19T10:42:42","guid":{"rendered":"http:\/\/www.padel-test.de\/padel-plaetze\/padel-osnabrueck\/"},"modified":"2022-11-01T19:28:43","modified_gmt":"2022-11-01T19:28:43","slug":"padel-osnabrueck","status":"publish","type":"page","link":"https:\/\/www.padel-test.de\/tr\/kuerek-kortlari\/padel-osnabrueck\/","title":{"rendered":"Padel Osnabr\u00fcck"},"content":{"rendered":"<p><strong>Osnabr\u00fcck ve \u00e7evresinde padel oynamak<\/strong><\/p>\n<p>Osnabr\u00fcck \u00e7evresinde, Espelkamp, Herzebrock-Clarholz ve M\u00fcnster'de padel oynanabilir. Her \u00fc\u00e7 padel yeri de Osnabr\u00fcck'ten sadece 30-50 dakika uzakl\u0131ktad\u0131r ve bu nedenle arabayla h\u0131zl\u0131 bir \u015fekilde ula\u015f\u0131labilir.<\/p>\n<p>Kim <a href=\"\/tr\/padel-tv-espelkamp\/\">Espelkamp'ta Padel<\/a> oynamak isteyenler, TV Espelkamp tenis kul\u00fcb\u00fcn\u00fcn spor alan\u0131ndaki iki a\u00e7\u0131k padel kortundan birini kullanabilir. Site \u015fu anda ulusal ve yerel yay\u0131nlara d\u00fczenli olarak ev sahipli\u011fi yap\u0131yor. <a href=\"\/tr\/padel-turnuvalari-2\/\">K\u00fcrek turnuvalar\u0131<\/a>.<\/p>\n<p>Uygun bir \u015fekilde, sahan\u0131n hemen yan\u0131nda bir seyirci trib\u00fcn\u00fc bulunmaktad\u0131r. Yani e\u011flenceli olan sadece padel oynamak de\u011fil, ayn\u0131 zamanda say\u0131s\u0131z etkinli\u011fi izlemek.<\/p>\n<p>G\u00fctersloh'a arabayla sadece 20 dakika uzakl\u0131kta <a href=\"\/tr\/padel-point-center-herzebrock\/\">Padel Point Center Herzebrock<\/a>. Suni \u00e7im zeminli ve projekt\u00f6rl\u00fc bir a\u00e7\u0131k hava padel kortu bulunmaktad\u0131r. Padel kortu Tennis-Point GmbH taraf\u0131ndan i\u015fletilmektedir.<\/p>\n<p>M\u00fcnster'de ise <a href=\"\/tr\/padel-muenster\/\">Padel Salonu M\u00fcnster<\/a>padel'in yan\u0131 s\u0131ra futbol ve geni\u015f bir gastronomi de sunuyor!<\/p>\n<p><em>-&gt; Geri D\u00f6n <a href=\"\/tr\/kuerek-kortlari\/\">Alman Padel Kortlar\u0131 Haritas\u0131<\/a><\/em><\/p>\n\t<h3>Paddle Tenis Kortlar\u0131 - Harita<\/h3>\n\n<!-- iframe plugin v.6.0 wordpress.org\/plugins\/iframe\/ -->\n<iframe loading=\"lazy\" src=\"https:\/\/www.google.com\/maps\/d\/embed?mid=18OVW4FiG4noVz4vFAYmYzmjpOW8\" width=\"900\" 0=\"height=&quot;300&quot;&amp;gt;&amp;lt;\/iframe\" height=\"500\" scrolling=\"yes\" class=\"iframe-class\" frameborder=\"0\"><\/iframe>\n\n<h4>\n\t\tPadel Haberleri\n\t<\/h4>\n\t\t\t\t<a href=\"https:\/\/www.facebook.com\/sharer.php?u=https:\/\/www.padel-test.de\/?page_id=18196&#038;fl_builder&#038;title=Padel+Osnabr%C3%BCck\">\n\t\t\t\t\t\t\t\t\t\t\t\tFacebook'ta Payla\u015f\n\t\t\t\t\t\t\t\t\t<\/a>\n\t\t\t\t<a href=\"https:\/\/twitter.com\/intent\/tweet?url=https:\/\/www.padel-test.de\/?page_id=18196&#038;fl_builder&#038;text=Padel+Osnabr%C3%BCck\">\n\t\t\t\t\t\t\t\t\t\t\t\tTwitter'da Payla\u015f\n\t\t\t\t\t\t\t\t\t<\/a>\n\t\t\t\t<a href=\"https:\/\/www.linkedin.com\/shareArticle?mini=true&#038;url=https:\/\/www.padel-test.de\/?page_id=18196&#038;fl_builder&#038;title=Padel+Osnabr%C3%BCck\">\n\t\t\t\t\t\t\t\t\t\t\t\tLinkedin'de Payla\u015f\n\t\t\t\t\t\t\t\t\t<\/a>\n\t\t\t\t<a href=\"mailto:?body=https:\/\/www.padel-test.de\/?page_id=18196&#038;fl_builder\">\n\t\t\t\t\t\t\t\t\t\t\t\tE-posta ile payla\u015f\n\t\t\t\t\t\t\t\t\t<\/a>","protected":false},"excerpt":{"rendered":"<p>Osnabr\u00fcck ve \u00e7evresinde padel oynamak Osnabr\u00fcck \u00e7evresinde Espelkamp, Herzebrock-Clarholz ve M\u00fcnster'de padel oynanabilir. Her \u00fc\u00e7 padel konumu da Osnabr\u00fcck'ten sadece 30-50 dakika uzakl\u0131ktad\u0131r ve bu nedenle araba ile h\u0131zl\u0131 bir \u015fekilde ula\u015f\u0131labilir. Espelkamp'ta padel oynamak istiyorsan\u0131z, Espelkamp'\u0131n spor alanlar\u0131ndaki iki a\u00e7\u0131k padel kortundan birini...<\/p>","protected":false},"author":1,"featured_media":16857,"parent":18160,"menu_order":16,"comment_status":"open","ping_status":"open","template":"","meta":{"_acf_changed":false,"_sitemap_exclude":false,"_sitemap_priority":"","_sitemap_frequency":"","_analytify_skip_tracking":false,"footnotes":""},"class_list":["post-18196","page","type-page","status-publish","has-post-thumbnail","hentry"],"acf":[],"_links":{"self":[{"href":"https:\/\/www.padel-test.de\/tr\/wp-json\/wp\/v2\/pages\/18196","targetHints":{"allow":["GET"]}}],"collection":[{"href":"https:\/\/www.padel-test.de\/tr\/wp-json\/wp\/v2\/pages"}],"about":[{"href":"https:\/\/www.padel-test.de\/tr\/wp-json\/wp\/v2\/types\/page"}],"author":[{"embeddable":true,"href":"https:\/\/www.padel-test.de\/tr\/wp-json\/wp\/v2\/users\/1"}],"replies":[{"embeddable":true,"href":"https:\/\/www.padel-test.de\/tr\/wp-json\/wp\/v2\/comments?post=18196"}],"version-history":[{"count":0,"href":"https:\/\/www.padel-test.de\/tr\/wp-json\/wp\/v2\/pages\/18196\/revisions"}],"up":[{"embeddable":true,"href":"https:\/\/www.padel-test.de\/tr\/wp-json\/wp\/v2\/pages\/18160"}],"wp:featuredmedia":[{"embeddable":true,"href":"https:\/\/www.padel-test.de\/tr\/wp-json\/wp\/v2\/media\/16857"}],"wp:attachment":[{"href":"https:\/\/www.padel-test.de\/tr\/wp-json\/wp\/v2\/media?parent=18196"}],"curies":[{"name":"wp","href":"https:\/\/api.w.org\/{rel}","templated":true}]}}