{"id":18199,"date":"2017-12-24T15:58:34","date_gmt":"2017-12-24T15:58:34","guid":{"rendered":"http:\/\/www.padel-test.de\/padel-plaetze\/padel-duesseldorf\/"},"modified":"2022-10-31T22:20:39","modified_gmt":"2022-10-31T22:20:39","slug":"padel-duesseldorf","status":"publish","type":"page","link":"https:\/\/www.padel-test.de\/tr\/kuerek-kortlari\/padel-duesseldorf\/","title":{"rendered":"Padel D\u00fcsseldorf"},"content":{"rendered":"<p>D\u00fcsseldorf'ta art\u0131k padel kortlar\u0131 da var. Yerel rakip K\u00f6ln'\u00fcn bir s\u00fcredir 3 padel kortuna sahip olmas\u0131n\u0131n ard\u0131ndan, D\u00fcsseldorf nihayet yeti\u015febilir.<\/p>\n<p>\u00c7\u00fcnk\u00fc TG Nord Lohausen'de yeni bir padel projesi hayata ge\u00e7ti:<\/p>\n<p><a href=\"\/tr\/padel-duesseldorf-tg-nord\/\">Padel D\u00fcsseldorf TG Kuzey<\/a><\/p>\n<p>&nbsp;<\/p>\n<p>D\u00fcsseldorf b\u00f6lgesinde padel oyuncular\u0131n\u0131n potansiyeli kesinlikle var ve D\u00fcsseldorf'ta daha fazla paddle tenis kortu olmas\u0131n\u0131 umuyoruz!<\/p>\n<p>Aksi takdirde, en yak\u0131n padel kortu, a\u015fa\u011f\u0131daki padel tesisidir <a href=\"https:\/\/www.padel-test.de\/tr\/tvn-padel-essen\/\">TVN Padel Essen<\/a>. Alternatif olarak, padel kortlar\u0131 gibi <a href=\"https:\/\/www.padel-test.de\/tr\/padel-colonia\/\">K\u00f6ln'de Padel Colonia<\/a>\u00a0D\u00fcsseldorf \u015fehir merkezine arabayla sadece 40 dakika uzakl\u0131ktad\u0131r.<\/p>\n<p>Genel olarak, \u00e7ok say\u0131da <a href=\"\/tr\/kuerek-kortlari\/padel-ruhr-boelgesi%cc%87\/\">Ruhr b\u00f6lgesindeki padel kortlar\u0131<\/a>\u00a0- \u00d6rne\u011fin Werne, Essen, Herne ve yak\u0131nda Bochum'da.<\/p>\n<p><em>Padel haritam\u0131zda zaten nerede oldu\u011funu g\u00f6rebilirsiniz <a href=\"https:\/\/www.padel-test.de\/tr\/kuerek-kortlari\/\">Almanya'daki Padel kortlar\u0131<\/a> verir.<\/em><\/p>","protected":false},"excerpt":{"rendered":"<p>D\u00fcsseldorf'ta art\u0131k padel kortlar\u0131 da var. Yerel rakip K\u00f6ln'\u00fcn bir s\u00fcredir 3 padel kortuna sahip olmas\u0131n\u0131n ard\u0131ndan, D\u00fcsseldorf nihayet yeti\u015febilir. TG Nord Lohausen'de yeni bir padel projesi hayata ge\u00e7ti: Padel D\u00fcsseldorf TG Nord D\u00fcsseldorf b\u00f6lgesinde padel oyuncular\u0131n\u0131n potansiyeli kesinlikle var ve biz ...<\/p>","protected":false},"author":1,"featured_media":0,"parent":18160,"menu_order":17,"comment_status":"closed","ping_status":"closed","template":"","meta":{"_acf_changed":false,"_sitemap_exclude":false,"_sitemap_priority":"","_sitemap_frequency":"","_analytify_skip_tracking":false,"footnotes":""},"class_list":["post-18199","page","type-page","status-publish","hentry"],"acf":[],"_links":{"self":[{"href":"https:\/\/www.padel-test.de\/tr\/wp-json\/wp\/v2\/pages\/18199","targetHints":{"allow":["GET"]}}],"collection":[{"href":"https:\/\/www.padel-test.de\/tr\/wp-json\/wp\/v2\/pages"}],"about":[{"href":"https:\/\/www.padel-test.de\/tr\/wp-json\/wp\/v2\/types\/page"}],"author":[{"embeddable":true,"href":"https:\/\/www.padel-test.de\/tr\/wp-json\/wp\/v2\/users\/1"}],"replies":[{"embeddable":true,"href":"https:\/\/www.padel-test.de\/tr\/wp-json\/wp\/v2\/comments?post=18199"}],"version-history":[{"count":0,"href":"https:\/\/www.padel-test.de\/tr\/wp-json\/wp\/v2\/pages\/18199\/revisions"}],"up":[{"embeddable":true,"href":"https:\/\/www.padel-test.de\/tr\/wp-json\/wp\/v2\/pages\/18160"}],"wp:attachment":[{"href":"https:\/\/www.padel-test.de\/tr\/wp-json\/wp\/v2\/media?parent=18199"}],"curies":[{"name":"wp","href":"https:\/\/api.w.org\/{rel}","templated":true}]}}