{"id":18200,"date":"2017-12-24T20:30:02","date_gmt":"2017-12-24T20:30:02","guid":{"rendered":"http:\/\/www.padel-test.de\/padel-plaetze\/padel-heilbronn\/"},"modified":"2022-10-26T00:01:14","modified_gmt":"2022-10-26T00:01:14","slug":"padel-heilbronn","status":"publish","type":"page","link":"https:\/\/www.padel-test.de\/tr\/kuerek-kortlari\/padel-heilbronn\/","title":{"rendered":"Padel Heilbronn"},"content":{"rendered":"<p><strong>Heilbronn ve \u00e7evresinde padel oynamak<\/strong><\/p>\n<p>Heilbronn'da Padel oynamak TC Schwaigern tenis kul\u00fcb\u00fcn\u00fcn spor sahalar\u0131nda m\u00fcmk\u00fcnd\u00fcr. Heilbronn'a sadece 5 km uzakl\u0131ktaki a\u00e7\u0131k hava padel kortunda oynayabilirsiniz.<\/p>\n<p>Bu yana <a href=\"\/tr\/padel-yerleri%cc%87\/padel-heilbronn-schwaigern\/\">TC Schwaigern'in Padel sahas\u0131<\/a> LED projekt\u00f6rlerle donat\u0131lm\u0131\u015f oldu\u011fundan, burada ak\u015fam ge\u00e7 saatlerde bile oynamak m\u00fcmk\u00fcnd\u00fcr.<\/p>\n<p>Yak\u0131nlarda, Bad Friedrichshall'da ba\u015fka bir padel sahas\u0131 planlanmaktad\u0131r. Kesin program hakk\u0131nda sizi k\u0131sa s\u00fcre i\u00e7inde bilgilendirece\u011fiz.<\/p>\n<em>\u0130pucu:<br \/>\n<\/em><em>T\u00fcm\u00fc <a href=\"\/tr\/kuerek-kortlari\/\">Almanya, Avusturya ve \u0130svi\u00e7re'deki Padel tesisleri<\/a> genel bak\u0131\u015f\u0131m\u0131zda bulacaks\u0131n\u0131z!\n\t<h3>Paddle Tenis Kortlar\u0131 - Harita<\/h3>\n\n<!-- iframe plugin v.6.0 wordpress.org\/plugins\/iframe\/ -->\n<iframe loading=\"lazy\" src=\"https:\/\/www.google.com\/maps\/d\/embed?mid=18OVW4FiG4noVz4vFAYmYzmjpOW8\" width=\"900\" 0=\"height=&quot;300&quot;&amp;gt;&amp;lt;\/iframe\" height=\"500\" scrolling=\"yes\" class=\"iframe-class\" frameborder=\"0\"><\/iframe>\n\n<h4>\n\t\tPadel Haberleri Heilbronn\n\t<\/h4>\n\t\t\t\t<a href=\"https:\/\/www.facebook.com\/sharer.php?u=https:\/\/www.padel-test.de\/padel-plaetze\/padel-heilbronn\/?fl_builder&#038;title=Padel+Heilbronn\">\n\t\t\t\t\t\t\t\t\t\t\t\tFacebook'ta Payla\u015f\n\t\t\t\t\t\t\t\t\t<\/a>\n\t\t\t\t<a href=\"https:\/\/twitter.com\/intent\/tweet?url=https:\/\/www.padel-test.de\/padel-plaetze\/padel-heilbronn\/?fl_builder&#038;text=Padel+Heilbronn\">\n\t\t\t\t\t\t\t\t\t\t\t\tTwitter'da Payla\u015f\n\t\t\t\t\t\t\t\t\t<\/a>\n\t\t\t\t<a href=\"https:\/\/www.linkedin.com\/shareArticle?mini=true&#038;url=https:\/\/www.padel-test.de\/padel-plaetze\/padel-heilbronn\/?fl_builder&#038;title=Padel+Heilbronn\">\n\t\t\t\t\t\t\t\t\t\t\t\tLinkedin'de Payla\u015f\n\t\t\t\t\t\t\t\t\t<\/a>\n\t\t\t\t<a href=\"mailto:?body=https:\/\/www.padel-test.de\/padel-plaetze\/padel-heilbronn\/?fl_builder\">\n\t\t\t\t\t\t\t\t\t\t\t\tE-posta ile Payla\u015f\n\t\t\t\t\t\t\t\t\t<\/a>\n<\/em>","protected":false},"excerpt":{"rendered":"<p>Heilbronn ve \u00e7evresinde padel oynamak Heilbronn'da padel oynamak TC Schwaigern tenis kul\u00fcb\u00fcn\u00fcn spor sahalar\u0131nda m\u00fcmk\u00fcnd\u00fcr. Heilbronn'a sadece 5 km uzakl\u0131kta, a\u00e7\u0131k bir padel kortunda oynayabilirsiniz. TC Schwaigern'in padel kortu LED projekt\u00f6rlerle donat\u0131ld\u0131\u011f\u0131ndan, burada ak\u015fam ge\u00e7 saatlerde bile oynamak m\u00fcmk\u00fcnd\u00fcr. Olduk\u00e7a...<\/p>","protected":false},"author":1,"featured_media":16826,"parent":18160,"menu_order":0,"comment_status":"closed","ping_status":"closed","template":"","meta":{"_acf_changed":false,"_sitemap_exclude":false,"_sitemap_priority":"","_sitemap_frequency":"","_analytify_skip_tracking":false,"footnotes":""},"class_list":["post-18200","page","type-page","status-publish","has-post-thumbnail","hentry"],"acf":[],"_links":{"self":[{"href":"https:\/\/www.padel-test.de\/tr\/wp-json\/wp\/v2\/pages\/18200","targetHints":{"allow":["GET"]}}],"collection":[{"href":"https:\/\/www.padel-test.de\/tr\/wp-json\/wp\/v2\/pages"}],"about":[{"href":"https:\/\/www.padel-test.de\/tr\/wp-json\/wp\/v2\/types\/page"}],"author":[{"embeddable":true,"href":"https:\/\/www.padel-test.de\/tr\/wp-json\/wp\/v2\/users\/1"}],"replies":[{"embeddable":true,"href":"https:\/\/www.padel-test.de\/tr\/wp-json\/wp\/v2\/comments?post=18200"}],"version-history":[{"count":0,"href":"https:\/\/www.padel-test.de\/tr\/wp-json\/wp\/v2\/pages\/18200\/revisions"}],"up":[{"embeddable":true,"href":"https:\/\/www.padel-test.de\/tr\/wp-json\/wp\/v2\/pages\/18160"}],"wp:featuredmedia":[{"embeddable":true,"href":"https:\/\/www.padel-test.de\/tr\/wp-json\/wp\/v2\/media\/16826"}],"wp:attachment":[{"href":"https:\/\/www.padel-test.de\/tr\/wp-json\/wp\/v2\/media?parent=18200"}],"curies":[{"name":"wp","href":"https:\/\/api.w.org\/{rel}","templated":true}]}}