{"id":18202,"date":"2017-12-24T16:16:32","date_gmt":"2017-12-24T16:16:32","guid":{"rendered":"http:\/\/www.padel-test.de\/padel-plaetze\/padel-stuttgart\/"},"modified":"2022-10-25T23:58:25","modified_gmt":"2022-10-25T23:58:25","slug":"padel-stuttgart","status":"publish","type":"page","link":"https:\/\/www.padel-test.de\/tr\/kuerek-kortlari\/padel-stuttgart\/","title":{"rendered":"Padel Stuttgart"},"content":{"rendered":"<p>Baden-W\u00fcrttemberg'in ba\u015fkenti Stuttgart'taki padel kortlar\u0131 \u00e7ok uzun s\u00fcredir planlama a\u015famas\u0131ndayd\u0131. \u015eimdiye kadar kural \u015fuydu: Stuttgart'tan geliyorsan\u0131z, padel oynamak i\u00e7in mobil olman\u0131z gerekiyordu.<\/p>\n<p>Ancak Haziran 2019'dan bu yana art\u0131k yap\u0131lacak \u00e7ok fazla s\u00fcr\u00fc\u015f yok.<\/p>\n<p>\u00c7\u00fcnk\u00fc art\u0131k Stuttgarter Kickers'da bir padel a\u00e7\u0131k hava sahas\u0131 var.<\/p>\n<p>Burada daha fazla bilgi bulabilirsiniz <a href=\"\/tr\/padel-yerleri%cc%87\/padel-stuttgarter-kickers\/\">Padel Stuttgart Kickers<\/a>.<\/p>\n<p>&nbsp;<\/p>\n<p>Ve yak\u0131nlarda \u00e7ok g\u00fc\u00e7l\u00fc bir <a href=\"\/tr\/kuerek-kortlari\/padel-karlsruhe\/\">Karlsruhe'de Padel Toplulu\u011fu<\/a> Bu arada 6 padel kortu (kapal\u0131 ve a\u00e7\u0131k padel kortlar\u0131, her y\u0131l yeni padel kortlar\u0131) veya <a href=\"\/tr\/padel-yerleri%cc%87\/padel-heilbronn-schwaigern\/\">Schwaigern'de Padel sahas\u0131<\/a> \u00f6nlenebilir. Stuttgart'tan arabayla yolculuk s\u00fcresi yakla\u015f\u0131k 60 dakikad\u0131r.<\/p>\n<p>Stuttgart'ta deneme ama\u00e7l\u0131 bir mobil padel kortu zaten bulundu\u011fundan ve Stuttgartl\u0131 sporcular taraf\u0131ndan \u00e7ok iyi kar\u015f\u0131land\u0131\u011f\u0131ndan, padel'in nihayet Stuttgart'ta sa\u011flam bir \u015fekilde sabitlenmesinden mutluluk duyuyoruz ve padel lokasyonu Stuttgart'a daha bir\u00e7ok padel kortu ile uygun bir b\u00fcy\u00fcme diliyoruz!<\/p>\n\t<h3>Paddle Tenis Kortlar\u0131 - Harita<\/h3>\n\n<!-- iframe plugin v.6.0 wordpress.org\/plugins\/iframe\/ -->\n<iframe loading=\"lazy\" src=\"https:\/\/www.google.com\/maps\/d\/embed?mid=18OVW4FiG4noVz4vFAYmYzmjpOW8\" width=\"900\" 0=\"height=&quot;300&quot;&amp;gt;&amp;lt;\/iframe\" height=\"500\" scrolling=\"yes\" class=\"iframe-class\" frameborder=\"0\"><\/iframe>\n\n<h4>\n\t\tPadel Haberleri Stuttgart\n\t<\/h4>\n\t\t\t\t<a href=\"https:\/\/www.facebook.com\/sharer.php?u=https:\/\/www.padel-test.de\/padel-plaetze\/padel-stuttgart\/?fl_builder&#038;title=Padel+Stuttgart\">\n\t\t\t\t\t\t\t\t\t\t\t\tFacebook'ta Payla\u015f\n\t\t\t\t\t\t\t\t\t<\/a>\n\t\t\t\t<a href=\"https:\/\/twitter.com\/intent\/tweet?url=https:\/\/www.padel-test.de\/padel-plaetze\/padel-stuttgart\/?fl_builder&#038;text=Padel+Stuttgart\">\n\t\t\t\t\t\t\t\t\t\t\t\tTwitter'da Payla\u015f\n\t\t\t\t\t\t\t\t\t<\/a>\n\t\t\t\t<a href=\"https:\/\/www.linkedin.com\/shareArticle?mini=true&#038;url=https:\/\/www.padel-test.de\/padel-plaetze\/padel-stuttgart\/?fl_builder&#038;title=Padel+Stuttgart\">\n\t\t\t\t\t\t\t\t\t\t\t\tLinkedin'de Payla\u015f\n\t\t\t\t\t\t\t\t\t<\/a>\n\t\t\t\t<a href=\"mailto:?body=https:\/\/www.padel-test.de\/padel-plaetze\/padel-stuttgart\/?fl_builder\">\n\t\t\t\t\t\t\t\t\t\t\t\tE-posta ile Payla\u015f\n\t\t\t\t\t\t\t\t\t<\/a>","protected":false},"excerpt":{"rendered":"<p>Die Padelpl\u00e4tze in der Hauptstadt Baden-W\u00fcrttembergs, Stuttgart, waren sehr lange in der Planungsphase. Bisher galt: wer aus Stuttgart kommt, muss mobil sein, um Padel spielen zu k\u00f6nnen. Doch seit Juni 2019 muss nicht mehr viel gefahren werden. Denn jetzt gibt es einen Padel Outdoor Court bei den Stuttgarter Kickers. Hier gibt es mehr Infos zu&hellip;<\/p>","protected":false},"author":1,"featured_media":17038,"parent":18160,"menu_order":1,"comment_status":"closed","ping_status":"closed","template":"","meta":{"_acf_changed":false,"_sitemap_exclude":false,"_sitemap_priority":"","_sitemap_frequency":"","_analytify_skip_tracking":false,"footnotes":""},"class_list":["post-18202","page","type-page","status-publish","has-post-thumbnail","hentry"],"acf":[],"_links":{"self":[{"href":"https:\/\/www.padel-test.de\/tr\/wp-json\/wp\/v2\/pages\/18202","targetHints":{"allow":["GET"]}}],"collection":[{"href":"https:\/\/www.padel-test.de\/tr\/wp-json\/wp\/v2\/pages"}],"about":[{"href":"https:\/\/www.padel-test.de\/tr\/wp-json\/wp\/v2\/types\/page"}],"author":[{"embeddable":true,"href":"https:\/\/www.padel-test.de\/tr\/wp-json\/wp\/v2\/users\/1"}],"replies":[{"embeddable":true,"href":"https:\/\/www.padel-test.de\/tr\/wp-json\/wp\/v2\/comments?post=18202"}],"version-history":[{"count":0,"href":"https:\/\/www.padel-test.de\/tr\/wp-json\/wp\/v2\/pages\/18202\/revisions"}],"up":[{"embeddable":true,"href":"https:\/\/www.padel-test.de\/tr\/wp-json\/wp\/v2\/pages\/18160"}],"wp:featuredmedia":[{"embeddable":true,"href":"https:\/\/www.padel-test.de\/tr\/wp-json\/wp\/v2\/media\/17038"}],"wp:attachment":[{"href":"https:\/\/www.padel-test.de\/tr\/wp-json\/wp\/v2\/media?parent=18202"}],"curies":[{"name":"wp","href":"https:\/\/api.w.org\/{rel}","templated":true}]}}