{"id":18204,"date":"2017-12-24T21:35:48","date_gmt":"2017-12-24T21:35:48","guid":{"rendered":"http:\/\/www.padel-test.de\/padel-plaetze\/padel-baden-baden\/"},"modified":"2022-10-25T23:46:15","modified_gmt":"2022-10-25T23:46:15","slug":"padel-baden-baden","status":"publish","type":"page","link":"https:\/\/www.padel-test.de\/tr\/kuerek-kortlari\/padel-baden-baden\/","title":{"rendered":"Padel Baden-Baden"},"content":{"rendered":"<p><strong>Baden-Baden ve \u00e7evresinde padel oynamak<\/strong><\/p>\n<p>Baden-Baden'de \u015fu anda bir padel kortu bulunmaktad\u0131r. At <a href=\"\/tr\/padel-yerleri%cc%87\/padel-court4-baden-baden\/\">Baden-Baden Mahkemesi4<\/a> panorama sahas\u0131nda oynanabilir. I\u015f\u0131kland\u0131rma sayesinde a\u00e7\u0131k sahada her an oyun oynanabilir.<\/p>\n<p>Court4 spor tesisi ayr\u0131ca d\u00fczenli olarak <a href=\"\/tr\/padel-turnuvalari-2\/\">K\u00fcrek turnuvalar\u0131<\/a>etkinlikler ve at\u00f6lye \u00e7al\u0131\u015fmalar\u0131 ger\u00e7ekle\u015ftirilmektedir. Ayr\u0131ca Axel Bernhard ile birlikte bir padel okulu da bulunmaktad\u0131r. <a href=\"\/tr\/padel-duenya-federasyonu\/\">Padel D\u00fcnya Federasyonu FIP<\/a> e\u011fitildi.<\/p>\n<p><em>Yak\u0131nlarda ayr\u0131ca ziyaret edebilirsiniz\u00a0<a href=\"\/tr\/kuerek-kortlari\/padel-karlsruhe\/\">Karlsruhe Padel Oyna<\/a>!<\/em><\/p>\n\t<h3>Paddle Tenis Kortlar\u0131 - Harita<\/h3>\n\n<!-- iframe plugin v.6.0 wordpress.org\/plugins\/iframe\/ -->\n<iframe loading=\"lazy\" src=\"https:\/\/www.google.com\/maps\/d\/embed?mid=18OVW4FiG4noVz4vFAYmYzmjpOW8\" width=\"900\" 0=\"height=&quot;300&quot;&amp;gt;&amp;lt;\/iframe\" height=\"500\" scrolling=\"yes\" class=\"iframe-class\" frameborder=\"0\"><\/iframe>\n\n<h4>\n\t\tPadel Haberleri Baden-Baden\n\t<\/h4>\n\t\t\t\t<a href=\"https:\/\/www.facebook.com\/sharer.php?u=https:\/\/www.padel-test.de\/padel-plaetze\/padel-baden-baden\/?fl_builder&#038;title=Padel+Baden-Baden\">\n\t\t\t\t\t\t\t\t\t\t\t\tFacebook'ta Payla\u015f\n\t\t\t\t\t\t\t\t\t<\/a>\n\t\t\t\t<a href=\"https:\/\/twitter.com\/intent\/tweet?url=https:\/\/www.padel-test.de\/padel-plaetze\/padel-baden-baden\/?fl_builder&#038;text=Padel+Baden-Baden\">\n\t\t\t\t\t\t\t\t\t\t\t\tTwitter'da Payla\u015f\n\t\t\t\t\t\t\t\t\t<\/a>\n\t\t\t\t<a href=\"https:\/\/www.linkedin.com\/shareArticle?mini=true&#038;url=https:\/\/www.padel-test.de\/padel-plaetze\/padel-baden-baden\/?fl_builder&#038;title=Padel+Baden-Baden\">\n\t\t\t\t\t\t\t\t\t\t\t\tLinkedin'de Payla\u015f\n\t\t\t\t\t\t\t\t\t<\/a>\n\t\t\t\t<a href=\"mailto:?body=https:\/\/www.padel-test.de\/padel-plaetze\/padel-baden-baden\/?fl_builder\">\n\t\t\t\t\t\t\t\t\t\t\t\tE-posta ile Payla\u015f\n\t\t\t\t\t\t\t\t\t<\/a>","protected":false},"excerpt":{"rendered":"<p>Baden-Baden ve \u00e7evresinde padel oynamak Baden-Baden'de \u015fu anda bir padel kortu bulunmaktad\u0131r. Baden-Baden Court4'te bir panorama kortunda oynayabilirsiniz. Projekt\u00f6r ayd\u0131nlatmas\u0131 sayesinde a\u00e7\u0131k hava sahas\u0131nda her zaman oynanabilir. Padel turnuvalar\u0131, etkinlikler ve at\u00f6lye \u00e7al\u0131\u015fmalar\u0131 da Court4 spor tesisinde d\u00fczenli olarak ger\u00e7ekle\u015ftirilmektedir. Ayr\u0131ca, FIP taraf\u0131ndan e\u011fitilen Axel Bernhard ile bir padel okulu da bulunmaktad\u0131r....<\/p>","protected":false},"author":1,"featured_media":16688,"parent":18160,"menu_order":2,"comment_status":"closed","ping_status":"closed","template":"","meta":{"_acf_changed":false,"_sitemap_exclude":false,"_sitemap_priority":"","_sitemap_frequency":"","_analytify_skip_tracking":false,"footnotes":""},"class_list":["post-18204","page","type-page","status-publish","has-post-thumbnail","hentry"],"acf":[],"_links":{"self":[{"href":"https:\/\/www.padel-test.de\/tr\/wp-json\/wp\/v2\/pages\/18204","targetHints":{"allow":["GET"]}}],"collection":[{"href":"https:\/\/www.padel-test.de\/tr\/wp-json\/wp\/v2\/pages"}],"about":[{"href":"https:\/\/www.padel-test.de\/tr\/wp-json\/wp\/v2\/types\/page"}],"author":[{"embeddable":true,"href":"https:\/\/www.padel-test.de\/tr\/wp-json\/wp\/v2\/users\/1"}],"replies":[{"embeddable":true,"href":"https:\/\/www.padel-test.de\/tr\/wp-json\/wp\/v2\/comments?post=18204"}],"version-history":[{"count":0,"href":"https:\/\/www.padel-test.de\/tr\/wp-json\/wp\/v2\/pages\/18204\/revisions"}],"up":[{"embeddable":true,"href":"https:\/\/www.padel-test.de\/tr\/wp-json\/wp\/v2\/pages\/18160"}],"wp:featuredmedia":[{"embeddable":true,"href":"https:\/\/www.padel-test.de\/tr\/wp-json\/wp\/v2\/media\/16688"}],"wp:attachment":[{"href":"https:\/\/www.padel-test.de\/tr\/wp-json\/wp\/v2\/media?parent=18204"}],"curies":[{"name":"wp","href":"https:\/\/api.w.org\/{rel}","templated":true}]}}