{"id":18206,"date":"2017-12-24T09:35:18","date_gmt":"2017-12-24T09:35:18","guid":{"rendered":"http:\/\/www.padel-test.de\/padel-plaetze\/padel-nuernberg\/"},"modified":"2022-10-25T23:36:50","modified_gmt":"2022-10-25T23:36:50","slug":"padel-nuernberg","status":"publish","type":"page","link":"https:\/\/www.padel-test.de\/tr\/kuerek-kortlari\/padel-nuernberg\/","title":{"rendered":"Padel N\u00fcrnberg"},"content":{"rendered":"<p>Franconia'dan padel oyuncular\u0131 N\u00fcrnberg'de Club am Marienberg'de (CAM) padel ma\u00e7lar\u0131 oynayabilir. Bu <a href=\"\/tr\/padel-yerleri%cc%87\/padel-nuernberg-marienberg\/\">Padel tesisi N\u00fcrnberg CAM<\/a> son teknoloji \u00fcr\u00fcn\u00fc iki padel kortu ile donat\u0131lm\u0131\u015ft\u0131r ve Club am Marienberg'in geni\u015f spor alanlar\u0131n\u0131n bir par\u00e7as\u0131d\u0131r. Padel'e ek olarak, burada ba\u015fka sporlar da sunulmaktad\u0131r, b\u00f6ylece b\u00fcy\u00fck bir spor toplulu\u011funun par\u00e7as\u0131 olursunuz.<\/p>\n<p>Yak\u0131nlarda, 2019'un ba\u015f\u0131ndan bu yana kapal\u0131 bir padel kortu da bulunmaktad\u0131r. <a href=\"\/tr\/padel-yerleri%cc%87\/padel-nuernberg-sportpark-nord\/\">Padel N\u00fcrnberg Sportpark Kuzey<\/a>.<\/p>\n<p>Bu, daha b\u00fcy\u00fck turnuvalar\u0131n art\u0131k her iki padel lokasyonunda birlikte d\u00fczenlenebilece\u011fi anlam\u0131na geliyor!<\/p>\n<p>Buna ek olarak, N\u00fcrnberg yak\u0131nlar\u0131nda bir ba\u015fka padel tesisi daha planlanmaktad\u0131r: Herzogenaurach'ta, muhtemelen hala <a href=\"\/tr\/adidas-padel\/\">adidas Padel<\/a>\u00a0bir padel kortu in\u015fa edilecek<em>.<\/em><\/p>\n<p>&nbsp;<\/p>\n<p><em>Bavyera'da daha fazla oyun f\u0131rsat\u0131: <a href=\"\/tr\/kuerek-kortlari\/padel-muenchen\/\">Padel kortlar\u0131 M\u00fcnih<\/a>\u00a0ve <a href=\"\/tr\/padel-wuerzburg\/\">Padelarena W\u00fcrzburg<\/a><\/em><\/p>\n\t<h3>Paddle Tenis Kortlar\u0131 - Harita<\/h3>\n\n<!-- iframe plugin v.6.0 wordpress.org\/plugins\/iframe\/ -->\n<iframe loading=\"lazy\" src=\"https:\/\/www.google.com\/maps\/d\/embed?mid=18OVW4FiG4noVz4vFAYmYzmjpOW8\" width=\"900\" 0=\"height=&quot;300&quot;&amp;gt;&amp;lt;\/iframe\" height=\"500\" scrolling=\"yes\" class=\"iframe-class\" frameborder=\"0\"><\/iframe>\n\n<h4>\n\t\tPadel Haberleri N\u00fcrnberg\n\t<\/h4>\n\t\t\t\t<a href=\"https:\/\/www.facebook.com\/sharer.php?u=https:\/\/www.padel-test.de\/padel-plaetze\/padel-nuernberg\/?fl_builder&#038;title=Padel+N%C3%BCrnberg\">\n\t\t\t\t\t\t\t\t\t\t\t\tFacebook'ta Payla\u015f\n\t\t\t\t\t\t\t\t\t<\/a>\n\t\t\t\t<a href=\"https:\/\/twitter.com\/intent\/tweet?url=https:\/\/www.padel-test.de\/padel-plaetze\/padel-nuernberg\/?fl_builder&#038;text=Padel+N%C3%BCrnberg\">\n\t\t\t\t\t\t\t\t\t\t\t\tTwitter'da Payla\u015f\n\t\t\t\t\t\t\t\t\t<\/a>\n\t\t\t\t<a href=\"https:\/\/www.linkedin.com\/shareArticle?mini=true&#038;url=https:\/\/www.padel-test.de\/padel-plaetze\/padel-nuernberg\/?fl_builder&#038;title=Padel+N%C3%BCrnberg\">\n\t\t\t\t\t\t\t\t\t\t\t\tLinkedin'de Payla\u015f\n\t\t\t\t\t\t\t\t\t<\/a>\n\t\t\t\t<a href=\"mailto:?body=https:\/\/www.padel-test.de\/padel-plaetze\/padel-nuernberg\/?fl_builder\">\n\t\t\t\t\t\t\t\t\t\t\t\tE-posta ile Payla\u015f\n\t\t\t\t\t\t\t\t\t<\/a>","protected":false},"excerpt":{"rendered":"<p>Franconia'dan padel oyuncular\u0131 N\u00fcrnberg'de Club am Marienberg'de (CAM) padel ma\u00e7lar\u0131 oynayabilir. N\u00fcrnberg CAM padel tesisi, son teknoloji \u00fcr\u00fcn\u00fc iki padel kortu ile donat\u0131lm\u0131\u015ft\u0131r ve Club am Marienberg'in kapsaml\u0131 spor alanlar\u0131n\u0131n bir par\u00e7as\u0131d\u0131r. Padel'e ek olarak, burada ba\u015fka sporlar da sunulmaktad\u0131r, b\u00f6ylece b\u00fcy\u00fck bir spor toplulu\u011funun par\u00e7as\u0131 olursunuz....<\/p>","protected":false},"author":1,"featured_media":16718,"parent":18160,"menu_order":3,"comment_status":"closed","ping_status":"closed","template":"","meta":{"_acf_changed":false,"_sitemap_exclude":false,"_sitemap_priority":"","_sitemap_frequency":"","_analytify_skip_tracking":false,"footnotes":""},"class_list":["post-18206","page","type-page","status-publish","has-post-thumbnail","hentry"],"acf":[],"_links":{"self":[{"href":"https:\/\/www.padel-test.de\/tr\/wp-json\/wp\/v2\/pages\/18206","targetHints":{"allow":["GET"]}}],"collection":[{"href":"https:\/\/www.padel-test.de\/tr\/wp-json\/wp\/v2\/pages"}],"about":[{"href":"https:\/\/www.padel-test.de\/tr\/wp-json\/wp\/v2\/types\/page"}],"author":[{"embeddable":true,"href":"https:\/\/www.padel-test.de\/tr\/wp-json\/wp\/v2\/users\/1"}],"replies":[{"embeddable":true,"href":"https:\/\/www.padel-test.de\/tr\/wp-json\/wp\/v2\/comments?post=18206"}],"version-history":[{"count":0,"href":"https:\/\/www.padel-test.de\/tr\/wp-json\/wp\/v2\/pages\/18206\/revisions"}],"up":[{"embeddable":true,"href":"https:\/\/www.padel-test.de\/tr\/wp-json\/wp\/v2\/pages\/18160"}],"wp:featuredmedia":[{"embeddable":true,"href":"https:\/\/www.padel-test.de\/tr\/wp-json\/wp\/v2\/media\/16718"}],"wp:attachment":[{"href":"https:\/\/www.padel-test.de\/tr\/wp-json\/wp\/v2\/media?parent=18206"}],"curies":[{"name":"wp","href":"https:\/\/api.w.org\/{rel}","templated":true}]}}