{"id":18212,"date":"2017-12-24T18:29:56","date_gmt":"2017-12-24T18:29:56","guid":{"rendered":"http:\/\/www.padel-test.de\/padel-plaetze\/padel-zuerich\/"},"modified":"2022-10-25T23:05:19","modified_gmt":"2022-10-25T23:05:19","slug":"padel-zuerich","status":"publish","type":"page","link":"https:\/\/www.padel-test.de\/tr\/kuerek-kortlari\/padel-zuerich\/","title":{"rendered":"Padel Z\u00fcrih"},"content":{"rendered":"<p><strong>Z\u00fcrih ve \u00e7evresinde Padel<\/strong><\/p>\n<p>Z\u00fcrih \u00e7evresindeki b\u00f6lge, \u0130svi\u00e7re'deki en \u00e7ok padel kortuna sahiptir. \u015eu anda padel 6 kul\u00fcpte oynanabilmektedir. Daha fazla padel tesisi planlama a\u015famas\u0131ndad\u0131r.<\/p>\n<p>At <a href=\"\/tr\/padel-zueri%cc%87ch-unterland\/\">Padelclub Zurich Unterland<\/a> projekt\u00f6rl\u00fc bir a\u00e7\u0131k hava padel kortu bulunmaktad\u0131r. Saha, Bassersdorf x Aktiv spor tesisinin bir par\u00e7as\u0131d\u0131r ve Z\u00fcrih Havaalan\u0131'na sadece birka\u00e7 dakika uzakl\u0131ktad\u0131r.<\/p>\n<p><a href=\"\/tr\/padel-tc-unterengstringen\/\">TC Unterengstringen'de Padel<\/a> \u00fc\u00e7 a\u00e7\u0131k hava padel kortunda oynanabilir. Ayr\u0131ca, yeni ba\u015flayanlar i\u00e7in k\u00fcrek dersleri ve Z\u00fcrih A\u00e7\u0131k gibi \u00f6nemli k\u00fcrek turnuvalar\u0131 da burada d\u00fczenlenmektedir.<\/p>\n<p>\u00dczerinde <a href=\"\/tr\/padel-zuerich-sonnenberg\/\">Sonnenberg spor tesisinin padel sahas\u0131<\/a> a\u00e7\u0131k bir sahada k\u00fcrek \u00e7ekilebilir. Z\u00fcrih'e \u00e7ok yak\u0131n (3 km) olan padel tesisi, sa\u011fl\u0131kl\u0131 ya\u015fam olanaklar\u0131 da sunmaktad\u0131r.<\/p>\n<p>Z\u00fcrih'in g\u00fcneyinde, Z\u00fcrih G\u00f6l\u00fc k\u0131y\u0131s\u0131nda yer alan <a href=\"\/tr\/padel-horgen-zuerich\/\">Padel mahkemesi Horgen<\/a>. Burada da projekt\u00f6rlerle ayd\u0131nlat\u0131lm\u0131\u015f bir a\u00e7\u0131k sahada oynayabilirsiniz. Ayr\u0131ca tan\u0131nm\u0131\u015f padel tedarik\u00e7ilerinden ekipmanlar\u0131n bulundu\u011fu bir padel ma\u011fazas\u0131 da bulunmaktad\u0131r.<\/p>\n<p>\u00c7ok uzakta de\u011fil <a href=\"\/tr\/padelarena-waedenswil-zuerich\/\">Padelarena W\u00e4denswil<\/a> durur <strong>\u0130svi\u00e7re'nin en b\u00fcy\u00fck kapal\u0131 padel salonu<\/strong>! Padel tesisi 5 kapal\u0131 sahaya sahiptir ve d\u00fczenli olarak padel kamplar\u0131 ve turnuvalar\u0131 sunmaktad\u0131r.<\/p>\n<p>Z\u00fcrih'in kuzeybat\u0131s\u0131nda <a href=\"\/tr\/padel-brugg\/\">Padel Tenis Kul\u00fcb\u00fc Brugg<\/a>. Burada bir a\u00e7\u0131k hava sahas\u0131 da var! \u00d6zellikle padel oyuncular\u0131 i\u00e7in yaz sezonu i\u00e7in bir deneme \u00fcyeli\u011fi mevcuttur.<\/p>\n<ul>\n<li><em>T\u00fcm\u00fc <a href=\"\/tr\/paddle-kortlari-i%cc%87svi%cc%87cre\/\">\u0130svi\u00e7re'deki Padel kortlar\u0131<\/a> burada bulabilirsiniz!<\/em><\/li>\n<li><em>Ve bir <a href=\"\/tr\/kuerek-kortlari\/\">\u0130svi\u00e7re Padel Kortlar\u0131 Haritas\u0131<\/a> burada bulabilirsiniz!<\/em><\/li>\n<\/ul>\n\t<h3>Paddle Tenis Kortlar\u0131 - Harita<\/h3>\n\n<!-- iframe plugin v.6.0 wordpress.org\/plugins\/iframe\/ -->\n<iframe loading=\"lazy\" src=\"https:\/\/www.google.com\/maps\/d\/embed?mid=18OVW4FiG4noVz4vFAYmYzmjpOW8\" width=\"900\" 0=\"height=&quot;300&quot;&amp;gt;&amp;lt;\/iframe\" height=\"500\" scrolling=\"yes\" class=\"iframe-class\" frameborder=\"0\"><\/iframe>\n\n<h4>\n\t\tPadel Haberleri Z\u00fcrih\n\t<\/h4>\n\t\t\t\t<a href=\"https:\/\/www.facebook.com\/sharer.php?u=https:\/\/www.padel-test.de\/padel-plaetze\/padel-zuerich\/?fl_builder&#038;title=Padel+Z%C3%BCrich\">\n\t\t\t\t\t\t\t\t\t\t\t\tFacebook'ta Payla\u015f\n\t\t\t\t\t\t\t\t\t<\/a>\n\t\t\t\t<a href=\"https:\/\/twitter.com\/intent\/tweet?url=https:\/\/www.padel-test.de\/padel-plaetze\/padel-zuerich\/?fl_builder&#038;text=Padel+Z%C3%BCrich\">\n\t\t\t\t\t\t\t\t\t\t\t\tTwitter'da Payla\u015f\n\t\t\t\t\t\t\t\t\t<\/a>\n\t\t\t\t<a href=\"https:\/\/www.linkedin.com\/shareArticle?mini=true&#038;url=https:\/\/www.padel-test.de\/padel-plaetze\/padel-zuerich\/?fl_builder&#038;title=Padel+Z%C3%BCrich\">\n\t\t\t\t\t\t\t\t\t\t\t\tLinkedin'de Payla\u015f\n\t\t\t\t\t\t\t\t\t<\/a>\n\t\t\t\t<a href=\"mailto:?body=https:\/\/www.padel-test.de\/padel-plaetze\/padel-zuerich\/?fl_builder\">\n\t\t\t\t\t\t\t\t\t\t\t\tE-posta ile Payla\u015f\n\t\t\t\t\t\t\t\t\t<\/a>","protected":false},"excerpt":{"rendered":"<p>Z\u00fcrih ve \u00e7evresinde Padel Z\u00fcrih, \u0130svi\u00e7re'deki en \u00e7ok padel kortuna sahiptir. Padel \u015fu anda 6 kul\u00fcpte oynanabilir. Daha fazla padel tesisi planlama a\u015famas\u0131ndad\u0131r. Padelclub Z\u00fcrich Unterland, projekt\u00f6rl\u00fc bir a\u00e7\u0131k hava padel kortuna sahiptir. Saha, bassersdorf x aktiv spor tesisinin bir par\u00e7as\u0131d\u0131r ve sadece birka\u00e7 ad\u0131m \u00f6tede ...<\/p>","protected":false},"author":1,"featured_media":16989,"parent":18160,"menu_order":6,"comment_status":"closed","ping_status":"closed","template":"","meta":{"_acf_changed":false,"_sitemap_exclude":false,"_sitemap_priority":"","_sitemap_frequency":"","_analytify_skip_tracking":false,"footnotes":""},"class_list":["post-18212","page","type-page","status-publish","has-post-thumbnail","hentry"],"acf":[],"_links":{"self":[{"href":"https:\/\/www.padel-test.de\/tr\/wp-json\/wp\/v2\/pages\/18212","targetHints":{"allow":["GET"]}}],"collection":[{"href":"https:\/\/www.padel-test.de\/tr\/wp-json\/wp\/v2\/pages"}],"about":[{"href":"https:\/\/www.padel-test.de\/tr\/wp-json\/wp\/v2\/types\/page"}],"author":[{"embeddable":true,"href":"https:\/\/www.padel-test.de\/tr\/wp-json\/wp\/v2\/users\/1"}],"replies":[{"embeddable":true,"href":"https:\/\/www.padel-test.de\/tr\/wp-json\/wp\/v2\/comments?post=18212"}],"version-history":[{"count":0,"href":"https:\/\/www.padel-test.de\/tr\/wp-json\/wp\/v2\/pages\/18212\/revisions"}],"up":[{"embeddable":true,"href":"https:\/\/www.padel-test.de\/tr\/wp-json\/wp\/v2\/pages\/18160"}],"wp:featuredmedia":[{"embeddable":true,"href":"https:\/\/www.padel-test.de\/tr\/wp-json\/wp\/v2\/media\/16989"}],"wp:attachment":[{"href":"https:\/\/www.padel-test.de\/tr\/wp-json\/wp\/v2\/media?parent=18212"}],"curies":[{"name":"wp","href":"https:\/\/api.w.org\/{rel}","templated":true}]}}