{"id":18214,"date":"2019-08-02T16:46:59","date_gmt":"2019-08-02T16:46:59","guid":{"rendered":"http:\/\/www.padel-test.de\/padel-wissen\/was-ist-padel\/"},"modified":"2022-11-28T21:31:05","modified_gmt":"2022-11-28T21:31:05","slug":"padel-nedir","status":"publish","type":"page","link":"https:\/\/www.padel-test.de\/tr\/padel-bi%cc%87lgi%cc%87si%cc%87\/padel-nedir\/","title":{"rendered":"Padel nedir?"},"content":{"rendered":"<h2>Padel veya p\u00e1del nedir? Padel Tenisi Nedir?<\/h2>\n<p>Asl\u0131nda padel, p\u00e1del veya padel tenisini tan\u0131mlamak olduk\u00e7a kolayd\u0131r: Padel temelde tenis ve squash'\u0131n bir kar\u0131\u015f\u0131m\u0131d\u0131r.<\/p>\n<p>Bu nedenle padel genellikle padel tenisi olarak adland\u0131r\u0131l\u0131r. Ancak biz (padel oyuncular\u0131) sadece padelden veya \u0130spanyollar p\u00e1del'den bahsetmeyi tercih ediyoruz! \u00c7\u00fcnk\u00fc padel, di\u011fer sporlarda bulunmayan bir\u00e7ok unsura sahip ba\u011f\u0131ms\u0131z bir s\u0131rt\u00fcst\u00fc spordur.<\/p>\n<p>Padel Meksika'da ortaya \u00e7\u0131km\u0131\u015ft\u0131r ve \u0130spanyolca konu\u015fulan \u00fclkelerde m\u00fckemmel bir pop\u00fcler spordur (padel'in tarihi hakk\u0131nda daha fazla bilgiyi buradan okuyabilirsiniz). Avrupa'da padel en \u00e7ok \u0130spanya'da pop\u00fclerdir, ancak Portekiz ve \u00f6zellikle \u0130talya gibi \u00fclkeler h\u0131zla yeti\u015fmektedir. <a href=\"\/tr\/padel-test\/nachrichten\/padel-i%cc%87talya-almanyayi-patlatti\/\">\u0130talya'da Padel Patlamas\u0131<\/a>).<\/p>\n<p>Her \u015feyden \u00f6nce, padel'i \u00f6\u011frenmek kolayd\u0131r ve ba\u015flang\u0131\u00e7tan itibaren e\u011flencelidir. Padel sahas\u0131na ilk kez \u00e7\u0131kan yeni gelenler bile yakla\u015f\u0131k 30-45 dakika sonra ilk padel ma\u00e7lar\u0131n\u0131 oynayabilirler.<\/p>\n<p>Sadece bir padel ko\u00e7una veya deneyimli bir padel oyuncusuna yard\u0131m edip edemeyeceklerini ve biraz ko\u00e7luk yap\u0131p yapamayacaklar\u0131n\u0131 sorun.<\/p>\n<p>O zaman ger\u00e7ekten \u00e7ok \u00e7abuk ge\u00e7iyor!<\/p>\n<p>&nbsp;<\/p>\n<h2>Nas\u0131l padel oynuyorsun?<\/h2>\n<p>Zum Beispiel so wie im nachfolgndem Video (&#8222;Die besten Padel Punkte der World Padel Tour 2021&#8220;). Aber so gut muss man gar nicht spielen k\u00f6nnen, um genau so viel Spa\u00df zu haben!<\/p>\n<p>Ama tabii ki padel profesyonellerinin padel videolar\u0131ndan iyi ilham alabilirsiniz!<\/p>\n<p>&nbsp;<\/p>\n<p style=\"text-align: center;\"><iframe loading=\"lazy\" title=\"YouTube video oynat\u0131c\u0131\" src=\"https:\/\/www.youtube-nocookie.com\/embed\/OBR9yr9bvG8\" width=\"840\" height=\"472\" frameborder=\"0\" allowfullscreen=\"allowfullscreen\"><span style=\"display: inline-block; width: 0px; overflow: hidden; line-height: 0;\" data-mce-type=\"bookmark\" class=\"mce_SELRES_start\"><\/span><\/iframe><\/p>\n<p>&nbsp;<\/p>\n<p>K\u00fcrek sporlar\u0131 \u00e7ok dinamiktir ve neredeyse sonsuz say\u0131da vuru\u015f kombinasyonuna ve pozisyonel oyuna sahiptir.<\/p>\n<p>Kula\u011fa karma\u015f\u0131k geliyor, de\u011fil mi? Ama \u00f6yle de\u011fil! Bu sadece en profesyonel oyuncular\u0131n bile s\u00fcrekli \u00f6\u011frendi\u011fini ve asla s\u0131k\u0131lmad\u0131\u011f\u0131n\u0131 g\u00f6steriyor.<\/p>\n<p>Padel her zaman \u00e7iftler halinde oynand\u0131\u011f\u0131ndan (yani sahada 4 oyuncu ile) ve padel kortu sadece 20x10m oldu\u011fundan, her \u015fey \u00f6rne\u011fin tenise g\u00f6re biraz daha yak\u0131n, daha duygusal ve daha ileti\u015fimseldir. Kortun etraf\u0131nda pleksiglas bir kaplama oldu\u011fu i\u00e7in top getirmek de neredeyse tamamen gereksizdir.<\/p>\n<p>&nbsp;<\/p>\n<h3>Padelin avantajlar\u0131 nelerdir?<\/h3>\n<ul>\n<li>Padel, di\u011fer s\u0131rt\u00fcst\u00fc sporlara g\u00f6re daha uzun rallilere ve \u00e7ok daha fazla top temas\u0131na sahiptir<\/li>\n<li>Padelde taktik ve zeka, saf atletizmden daha fazlas\u0131n\u0131 getirir<\/li>\n<li>Padel tenis ve squash'tan \u00e7ok daha h\u0131zl\u0131\/kolay \u00f6\u011frenilir<\/li>\n<li>Padel her ya\u015ftan ve cinsiyetten insan i\u00e7in uygundur<\/li>\n<\/ul>\n<p>&nbsp;<\/p>\n<p>Bu arada, padel tenisinde neredeyse hi\u00e7 sakatlanma olmaz - her sporda oldu\u011fu gibi \u00f6nceden biraz \u0131s\u0131nman\u0131z \u015fart\u0131yla.<\/p>\n<p>&nbsp;<\/p>\n<h3>Nas\u0131l padel oynuyorsun?<\/h3>\n<p>Padel, daha \u00f6nce de belirtildi\u011fi gibi \u00e7iftler halinde oynan\u0131r. Padel kortu bir tenis kortundan tamamen farkl\u0131 de\u011fildir, ancak sadece yar\u0131s\u0131 kadard\u0131r. Padel kortu, baz\u0131lar\u0131na \u0131zgara eklenmi\u015f pleksiglas duvarlarla \u00e7evrilidir.<\/p>\n<p>Foto\u011frafta bunu \u00e7ok iyi g\u00f6rebilirsiniz:<\/p>\n<p>&nbsp;<\/p>\n<div id=\"attachment_3432\" style=\"width: 640px\" class=\"wp-caption aligncenter\"><img loading=\"lazy\" decoding=\"async\" aria-describedby=\"caption-attachment-3432\" class=\"wp-image-3432 size-full\" src=\"https:\/\/www.padel-test.de\/wp-content\/uploads\/2017\/10\/ce7c64885f.jpg\" alt=\"Padel nedir? Buras\u0131 bir Padel Sahas\u0131 \" width=\"630\" height=\"418\" \/><p id=\"caption-attachment-3432\" class=\"wp-caption-text\">Padel nedir? Bu \u0130spanya'da bir a\u00e7\u0131k hava padel kortu<\/p><\/div>\n<p>&nbsp;<\/p>\n<p>Padel kurallar\u0131 tenis kurallar\u0131yla neredeyse ayn\u0131d\u0131r.<\/p>\n<p><strong>Bununla birlikte, iki b\u00fcy\u00fck fark vard\u0131r:<\/strong><\/p>\n<ol>\n<li>Servis a\u015fa\u011f\u0131dan oynan\u0131r (ba\u015fka bir deyi\u015fle, top kal\u00e7alar\u0131n \u00fczerinden oynanmamal\u0131d\u0131r) ve bu nedenle padelin olduk\u00e7a savunmac\u0131 karakterini g\u00f6sterir.<\/li>\n<li>Pleksiglas duvarlar yo\u011fun bir \u015fekilde padel oyununa dahil edilmi\u015ftir. Bu nedenle, duvara dokunduktan sonra topu hala oynayabilirsiniz (top daha \u00f6nce yerdeyse) ve ayr\u0131ca padel topunu duvar\u0131n veya duvarlar\u0131n \u00fczerinden oynaman\u0131za izin verilir (evet, iki duvar bile m\u00fcmk\u00fcnd\u00fcr ve izin verilir!).<\/li>\n<\/ol>\n<p>&nbsp;<\/p>\n<p>Padel hakk\u0131nda daha fazla bilgi edinmek ister misiniz?<br \/>\nTamam, i\u015fte ba\u015fl\u0131yoruz:<\/p>\n<ul>\n<li><a href=\"\/tr\/padel-bi%cc%87lgi%cc%87si%cc%87\/padel-kurallari\/\">Padel kurallar\u0131<\/a><\/li>\n<li><a href=\"\/tr\/padel-bi%cc%87lgi%cc%87si%cc%87\/farkliliklar-teni%cc%87s-padel\/\">Tenis ve padel aras\u0131ndaki farklar nelerdir?<\/a><\/li>\n<li><a href=\"\/tr\/kuerek-kortlari\/\">Nerede padel oynayabilirsin?<\/a><\/li>\n<\/ul>","protected":false},"excerpt":{"rendered":"<p>Padel veya p\u00e1del nedir? Padel Tenisi nedir? Asl\u0131nda padel, p\u00e1del veya padel tenisini tan\u0131mlamak olduk\u00e7a kolayd\u0131r: Padel temelde tenis ve squash'\u0131n bir kar\u0131\u015f\u0131m\u0131d\u0131r. Bu y\u00fczden padel genellikle padel tenisi olarak adland\u0131r\u0131l\u0131r. Ancak...<\/p>","protected":false},"author":1,"featured_media":1118,"parent":18170,"menu_order":0,"comment_status":"closed","ping_status":"closed","template":"","meta":{"_acf_changed":false,"_sitemap_exclude":false,"_sitemap_priority":"","_sitemap_frequency":"","_analytify_skip_tracking":false,"footnotes":""},"class_list":["post-18214","page","type-page","status-publish","has-post-thumbnail","hentry"],"acf":[],"_links":{"self":[{"href":"https:\/\/www.padel-test.de\/tr\/wp-json\/wp\/v2\/pages\/18214","targetHints":{"allow":["GET"]}}],"collection":[{"href":"https:\/\/www.padel-test.de\/tr\/wp-json\/wp\/v2\/pages"}],"about":[{"href":"https:\/\/www.padel-test.de\/tr\/wp-json\/wp\/v2\/types\/page"}],"author":[{"embeddable":true,"href":"https:\/\/www.padel-test.de\/tr\/wp-json\/wp\/v2\/users\/1"}],"replies":[{"embeddable":true,"href":"https:\/\/www.padel-test.de\/tr\/wp-json\/wp\/v2\/comments?post=18214"}],"version-history":[{"count":0,"href":"https:\/\/www.padel-test.de\/tr\/wp-json\/wp\/v2\/pages\/18214\/revisions"}],"up":[{"embeddable":true,"href":"https:\/\/www.padel-test.de\/tr\/wp-json\/wp\/v2\/pages\/18170"}],"wp:featuredmedia":[{"embeddable":true,"href":"https:\/\/www.padel-test.de\/tr\/wp-json\/wp\/v2\/media\/1118"}],"wp:attachment":[{"href":"https:\/\/www.padel-test.de\/tr\/wp-json\/wp\/v2\/media?parent=18214"}],"curies":[{"name":"wp","href":"https:\/\/api.w.org\/{rel}","templated":true}]}}