{"id":18216,"date":"2019-08-02T16:46:50","date_gmt":"2019-08-02T16:46:50","guid":{"rendered":"http:\/\/www.padel-test.de\/padel-wissen\/unterschiede-tennis-padel\/"},"modified":"2022-11-03T00:07:51","modified_gmt":"2022-11-03T00:07:51","slug":"farkliliklar-teni%cc%87s-padel","status":"publish","type":"page","link":"https:\/\/www.padel-test.de\/tr\/padel-bi%cc%87lgi%cc%87si%cc%87\/farkliliklar-teni%cc%87s-padel\/","title":{"rendered":"Tenis ve padel aras\u0131ndaki farklar?"},"content":{"rendered":"<h2>Padel ve tenis aras\u0131ndaki farklar nelerdir?<\/h2>\n<ul>\n<li>Padel \u00e7ok daha k\u00fc\u00e7\u00fck bir sahada oynan\u0131r (10x20m). Ko\u015fu alan\u0131 olan normal bir tenis kortuna yakla\u015f\u0131k 2-3 padel kortu s\u0131\u011fabilir.<\/li>\n<li>Padel her zaman \u00e7iftler halinde oynan\u0131r. Birka\u00e7 tek padel kortu vard\u0131r, ancak bunlar sadece pratik yapmak i\u00e7indir. Padel turnuvalar\u0131 ger\u00e7ekten sadece \u00e7iftler halinde oynan\u0131r.<\/li>\n<li>Padel tenisten \u00e7ok \u00e7ok daha h\u0131zl\u0131 \u00f6\u011frenilir.<\/li>\n<li><a href=\"\/tr\/padel-bi%cc%87lgi%cc%87si%cc%87\/kuerek-cirpici\/\">Padel raketleri<\/a> tenis raketlerinden \u00f6nemli \u00f6l\u00e7\u00fcde daha k\u0131sad\u0131r ve kenarlar\u0131 yoktur, ancak tamamen plastikten (cam elyaf\u0131, etilen vinil asetat (EVA), karbon, poli\u00fcretan (PUR), karbon al\u00fcminyum teknolojisi vb.)<\/li>\n<li>Bei Padel geht es mehr ums &#8222;K\u00f6pfchen&#8220;, also Spielwitz und weniger um Kraft und Athletik.<\/li>\n<li>K\u00fcrek sporlar\u0131nda ralliler tenise g\u00f6re \u00e7ok daha uzundur.<\/li>\n<li>A\u015fa\u011f\u0131dan servis atma (padel topu kal\u00e7an\u0131n alt\u0131na vurulmal\u0131d\u0131r)<\/li>\n<li>Padel toplar\u0131 tenis toplar\u0131ndan biraz daha yumu\u015fakt\u0131r (daha d\u00fc\u015f\u00fck hava bas\u0131nc\u0131)<\/li>\n<li>Tenis 16. y\u00fczy\u0131ldan beri zaten var (o zamanlar <a title=\"\" href=\"https:\/\/de.wikipedia.org\/wiki\/Jeu_de_Paume\" target=\"_blank\" rel=\"nofollow noopener noreferrer\">Jeu de Paume<\/a>\u00a0 ancak: o zaman\u0131n tenisi bug\u00fcn\u00fcn padeline \u00e7ok daha benzerdi. Yani tenis asl\u0131nda padelden mi geliyor? \ud83d\ude09 \u0130\u015fte daha fazla bilgi <a href=\"https:\/\/www.padel-test.de\/tr\/padel-bi%cc%87lgi%cc%87si%cc%87\/padel-tari%cc%87hi%cc%87\/\">Padel tarihi<\/a>!<\/li>\n<li>Padel daha haval\u0131! J\u00fcrgen Klopp gibi bir\u00e7ok \u00fcnl\u00fc ve spor profesyonelinin art\u0131k neredeyse her g\u00fcn padel oynamas\u0131na \u015fa\u015fmamal\u0131.<\/li>\n<\/ul>\n<p>&nbsp;<\/p>\n<p>Ve tenis ile padel aras\u0131nda daha bir\u00e7ok fark var - sadece kendiniz deneyin!<\/p>\n<p>Burada a\u015fa\u011f\u0131daki konulara genel bir bak\u0131\u015f bulacaks\u0131n\u0131z <a href=\"\/tr\/kuerek-kortlari\/\">Almanya'daki Padel kortlar\u0131<\/a> - Eminim yak\u0131n\u0131n\u0131zda bir padel kortu vard\u0131r!<\/p>\n<p>&nbsp;<\/p>\n<div id=\"attachment_9038\" style=\"width: 356px\" class=\"wp-caption aligncenter\"><img loading=\"lazy\" decoding=\"async\" aria-describedby=\"caption-attachment-9038\" class=\"wp-image-9038 size-full\" src=\"https:\/\/www.padel-test.de\/wp-content\/uploads\/2022\/09\/Jeu_de_paume.jpg\" alt=\"Jeu De Paume - tenis ve padelin \u00f6nc\u00fcs\u00fc\" width=\"346\" height=\"460\" \/><p id=\"caption-attachment-9038\" class=\"wp-caption-text\">Jeu De Paume - tenis ve padelin \u00f6nc\u00fcs\u00fc<\/p><\/div>\n<p>&nbsp;<\/p>\n<p><span data-slate-fragment=\"JTVCJTdCJTIydHlwZSUyMiUzQSUyMnBhcmFncmFwaCUyMiUyQyUyMmNoaWxkcmVuJTIyJTNBJTVCJTdCJTIydGV4dCUyMiUzQSUyMldhcyUyMGlzdCUyMGJlc3NlciUyMGYlQzMlQkNyJTIwZGllJTIwS25pZWdlbGVua2UlMjAtJTIwUGFkZWwlMjBvZGVyJTIwVGVubmlzJTNGJTIwRWluaWdlJTIwU3R1ZGllbiUyMGhhYmVuJTIwZ2V6ZWlndCUyQyUyMGRhc3MlMjBQYWRlbCUyMGJlc3NlciUyMGYlQzMlQkNyJTIwZGllJTIwS25pZWdlbGVua2UlMjBpc3QlMkMlMjBkYSUyMGVzJTIwd2VuaWdlciUyMEVyc2NoJUMzJUJDdHRlcnVuZ2VuJTIwdmVydXJzYWNodC4lMjBBbmRlcmUlMjBTdHVkaWVuJTIwaGFiZW4lMjBqZWRvY2glMjBnZXplaWd0JTJDJTIwZGFzcyUyMFRlbm5pcyUyMGJlc3NlciUyMGYlQzMlQkNyJTIwZGllJTIwS25pZWdlbGVua2UlMjBpc3QlMkMlMjBkYSUyMGVzJTIwZGllJTIwR2VsZW5rZSUyMHN0JUMzJUE0cmt0LiUyMERhaGVyJTIwaXN0JTIwZXMlMjBzY2h3aWVyaWclMjB6dSUyMHNhZ2VuJTJDJTIwd2VsY2hlcyUyMFNwaWVsJTIwYmVzc2VyJTIwZiVDMyVCQ3IlMjBkaWUlMjBLbmllZ2VsZW5rZSUyMGlzdC4lMjAlMjIlN0QlNUQlN0QlNUQ=\">Peki diz eklemleri i\u00e7in hangisi daha iyidir - padel mi tenis mi? <\/span><\/p>\n<p><span data-slate-fragment=\"JTVCJTdCJTIydHlwZSUyMiUzQSUyMnBhcmFncmFwaCUyMiUyQyUyMmNoaWxkcmVuJTIyJTNBJTVCJTdCJTIydGV4dCUyMiUzQSUyMldhcyUyMGlzdCUyMGJlc3NlciUyMGYlQzMlQkNyJTIwZGllJTIwS25pZWdlbGVua2UlMjAtJTIwUGFkZWwlMjBvZGVyJTIwVGVubmlzJTNGJTIwRWluaWdlJTIwU3R1ZGllbiUyMGhhYmVuJTIwZ2V6ZWlndCUyQyUyMGRhc3MlMjBQYWRlbCUyMGJlc3NlciUyMGYlQzMlQkNyJTIwZGllJTIwS25pZWdlbGVua2UlMjBpc3QlMkMlMjBkYSUyMGVzJTIwd2VuaWdlciUyMEVyc2NoJUMzJUJDdHRlcnVuZ2VuJTIwdmVydXJzYWNodC4lMjBBbmRlcmUlMjBTdHVkaWVuJTIwaGFiZW4lMjBqZWRvY2glMjBnZXplaWd0JTJDJTIwZGFzcyUyMFRlbm5pcyUyMGJlc3NlciUyMGYlQzMlQkNyJTIwZGllJTIwS25pZWdlbGVua2UlMjBpc3QlMkMlMjBkYSUyMGVzJTIwZGllJTIwR2VsZW5rZSUyMHN0JUMzJUE0cmt0LiUyMERhaGVyJTIwaXN0JTIwZXMlMjBzY2h3aWVyaWclMjB6dSUyMHNhZ2VuJTJDJTIwd2VsY2hlcyUyMFNwaWVsJTIwYmVzc2VyJTIwZiVDMyVCQ3IlMjBkaWUlMjBLbmllZ2VsZW5rZSUyMGlzdC4lMjAlMjIlN0QlNUQlN0QlNUQ=\">\u0130\u015fte akademisyenler burada tart\u0131\u015f\u0131yor! Baz\u0131 \u00e7al\u0131\u015fmalar, daha az titre\u015fime neden oldu\u011fu i\u00e7in padelin diz eklemleri i\u00e7in daha iyi oldu\u011funu g\u00f6stermi\u015ftir. <\/span><\/p>\n<p><span data-slate-fragment=\"JTVCJTdCJTIydHlwZSUyMiUzQSUyMnBhcmFncmFwaCUyMiUyQyUyMmNoaWxkcmVuJTIyJTNBJTVCJTdCJTIydGV4dCUyMiUzQSUyMldhcyUyMGlzdCUyMGJlc3NlciUyMGYlQzMlQkNyJTIwZGllJTIwS25pZWdlbGVua2UlMjAtJTIwUGFkZWwlMjBvZGVyJTIwVGVubmlzJTNGJTIwRWluaWdlJTIwU3R1ZGllbiUyMGhhYmVuJTIwZ2V6ZWlndCUyQyUyMGRhc3MlMjBQYWRlbCUyMGJlc3NlciUyMGYlQzMlQkNyJTIwZGllJTIwS25pZWdlbGVua2UlMjBpc3QlMkMlMjBkYSUyMGVzJTIwd2VuaWdlciUyMEVyc2NoJUMzJUJDdHRlcnVuZ2VuJTIwdmVydXJzYWNodC4lMjBBbmRlcmUlMjBTdHVkaWVuJTIwaGFiZW4lMjBqZWRvY2glMjBnZXplaWd0JTJDJTIwZGFzcyUyMFRlbm5pcyUyMGJlc3NlciUyMGYlQzMlQkNyJTIwZGllJTIwS25pZWdlbGVua2UlMjBpc3QlMkMlMjBkYSUyMGVzJTIwZGllJTIwR2VsZW5rZSUyMHN0JUMzJUE0cmt0LiUyMERhaGVyJTIwaXN0JTIwZXMlMjBzY2h3aWVyaWclMjB6dSUyMHNhZ2VuJTJDJTIwd2VsY2hlcyUyMFNwaWVsJTIwYmVzc2VyJTIwZiVDMyVCQ3IlMjBkaWUlMjBLbmllZ2VsZW5rZSUyMGlzdC4lMjAlMjIlN0QlNUQlN0QlNUQ=\">Ancak di\u011fer \u00e7al\u0131\u015fmalar, eklemleri g\u00fc\u00e7lendirdi\u011fi i\u00e7in tenisin diz eklemleri i\u00e7in daha iyi oldu\u011funu g\u00f6stermi\u015ftir. <\/span><\/p>\n<p><span data-slate-fragment=\"JTVCJTdCJTIydHlwZSUyMiUzQSUyMnBhcmFncmFwaCUyMiUyQyUyMmNoaWxkcmVuJTIyJTNBJTVCJTdCJTIydGV4dCUyMiUzQSUyMldhcyUyMGlzdCUyMGJlc3NlciUyMGYlQzMlQkNyJTIwZGllJTIwS25pZWdlbGVua2UlMjAtJTIwUGFkZWwlMjBvZGVyJTIwVGVubmlzJTNGJTIwRWluaWdlJTIwU3R1ZGllbiUyMGhhYmVuJTIwZ2V6ZWlndCUyQyUyMGRhc3MlMjBQYWRlbCUyMGJlc3NlciUyMGYlQzMlQkNyJTIwZGllJTIwS25pZWdlbGVua2UlMjBpc3QlMkMlMjBkYSUyMGVzJTIwd2VuaWdlciUyMEVyc2NoJUMzJUJDdHRlcnVuZ2VuJTIwdmVydXJzYWNodC4lMjBBbmRlcmUlMjBTdHVkaWVuJTIwaGFiZW4lMjBqZWRvY2glMjBnZXplaWd0JTJDJTIwZGFzcyUyMFRlbm5pcyUyMGJlc3NlciUyMGYlQzMlQkNyJTIwZGllJTIwS25pZWdlbGVua2UlMjBpc3QlMkMlMjBkYSUyMGVzJTIwZGllJTIwR2VsZW5rZSUyMHN0JUMzJUE0cmt0LiUyMERhaGVyJTIwaXN0JTIwZXMlMjBzY2h3aWVyaWclMjB6dSUyMHNhZ2VuJTJDJTIwd2VsY2hlcyUyMFNwaWVsJTIwYmVzc2VyJTIwZiVDMyVCQ3IlMjBkaWUlMjBLbmllZ2VsZW5rZSUyMGlzdC4lMjAlMjIlN0QlNUQlN0QlNUQ=\">Bu nedenle hangi oyunun diz eklemleri i\u00e7in daha iyi oldu\u011funu s\u00f6ylemek zordur.<\/span><\/p>\n<p>Bununla birlikte, iyi bir padel ayakkab\u0131s\u0131 ve\/veya iyi yast\u0131klama yapan y\u00fcksek kaliteli bir spor taban\u0131 her iki durumda da yard\u0131mc\u0131 olmal\u0131d\u0131r.<\/p>","protected":false},"excerpt":{"rendered":"<p>Farkl\u0131l\u0131klar Tenis Padel: Padel ve tenis aras\u0131ndaki farklar nelerdir? Padel \u00e7ok daha k\u00fc\u00e7\u00fck bir kortta oynan\u0131r (10x20m). Bu nedenle, akma b\u00f6lgesi olan normal bir tenis kortuna yakla\u015f\u0131k ...<\/p>","protected":false},"author":1,"featured_media":18217,"parent":18170,"menu_order":1,"comment_status":"closed","ping_status":"closed","template":"","meta":{"_acf_changed":false,"_sitemap_exclude":false,"_sitemap_priority":"","_sitemap_frequency":"","_analytify_skip_tracking":false,"footnotes":""},"class_list":["post-18216","page","type-page","status-publish","has-post-thumbnail","hentry"],"acf":[],"_links":{"self":[{"href":"https:\/\/www.padel-test.de\/tr\/wp-json\/wp\/v2\/pages\/18216","targetHints":{"allow":["GET"]}}],"collection":[{"href":"https:\/\/www.padel-test.de\/tr\/wp-json\/wp\/v2\/pages"}],"about":[{"href":"https:\/\/www.padel-test.de\/tr\/wp-json\/wp\/v2\/types\/page"}],"author":[{"embeddable":true,"href":"https:\/\/www.padel-test.de\/tr\/wp-json\/wp\/v2\/users\/1"}],"replies":[{"embeddable":true,"href":"https:\/\/www.padel-test.de\/tr\/wp-json\/wp\/v2\/comments?post=18216"}],"version-history":[{"count":0,"href":"https:\/\/www.padel-test.de\/tr\/wp-json\/wp\/v2\/pages\/18216\/revisions"}],"up":[{"embeddable":true,"href":"https:\/\/www.padel-test.de\/tr\/wp-json\/wp\/v2\/pages\/18170"}],"wp:featuredmedia":[{"embeddable":true,"href":"https:\/\/www.padel-test.de\/tr\/wp-json\/wp\/v2\/media\/18217"}],"wp:attachment":[{"href":"https:\/\/www.padel-test.de\/tr\/wp-json\/wp\/v2\/media?parent=18216"}],"curies":[{"name":"wp","href":"https:\/\/api.w.org\/{rel}","templated":true}]}}