{"id":18221,"date":"2019-08-08T09:12:03","date_gmt":"2019-08-08T09:12:03","guid":{"rendered":"http:\/\/www.padel-test.de\/padel-wissen\/padel-schlaeger\/"},"modified":"2025-01-01T11:00:32","modified_gmt":"2025-01-01T11:00:32","slug":"kuerek-cirpici","status":"publish","type":"page","link":"https:\/\/www.padel-test.de\/tr\/padel-bi%cc%87lgi%cc%87si%cc%87\/kuerek-cirpici\/","title":{"rendered":"Padel raketleri - do\u011fru padel raketini nas\u0131l bulabilirim?"},"content":{"rendered":"<h2>Do\u011fru padel raketini nas\u0131l bulabilirim?<\/h2>\n<p>Do\u011fru padel tenis raketini ararken, \u00f6ncelikle ne t\u00fcr bir oyuncu oldu\u011funuza ve hangi oyun seviyesine sahip oldu\u011funuza ba\u011fl\u0131d\u0131r. Elbette, \u00f6zellikle yo\u011fun padel e\u011fitimi ve turnuva kat\u0131l\u0131m\u0131 ile her ikisi de zamanla de\u011fi\u015febilir. Tabii ki ne kadar harcamak istedi\u011finize de ba\u011fl\u0131.<\/p>\n<p>Basit padel raketleri halihaz\u0131rda 30 Euro'dan (\u00f6rn. <a href=\"\/tr\/artengo\/\">Artengo<\/a> Decathlon'da). Ancak kalite ar\u0131yorsan\u0131z, 70 ila 90 avrodan ba\u015flamak daha iyidir. Elbette ger\u00e7ek bir \u00fcst s\u0131n\u0131r yoktur. 500'den fazla avroya sat\u0131lan padel raketleri var! \u00c7o\u011fu profesyonel raketin fiyat\u0131 150 ila 250 avro aras\u0131ndad\u0131r.<\/p>\n<p>Tan\u0131nm\u0131\u015f padel markalar\u0131 \u015funlard\u0131r:<br \/>\nAdidas, Artengo, Asics, Babolat, Black Crown, Bullpadel, Dabber, Donnay, Dunlop, Enebe, Head, Lord, Nox, Wilson ve sadece bir veya birka\u00e7 \u00fclkede rol oynayan daha bir\u00e7ok b\u00f6lgesel marka.<\/p>\n<p>&nbsp;<\/p>\n<p><strong> OKUMA \u0130PUCU <\/strong><\/p>\n<pre class=\"fl-heading\"><a title=\"M\u00fcnster&#039;de Babolat ve Dunlop ile Padel raket testi\" href=\"https:\/\/www.padel-test.de\/tr\/padel-haberleri%cc%87\/padel-raket-testi-babolat-dunlop\/\" target=\"_self\" rel=\"noopener\"><span class=\"fl-heading-text\">M\u00fcnster'de Babolat ve Dunlop ile Padel raket testi<\/span><\/a><\/pre>\n<p>&nbsp;<\/p>\n<h3>Padel raket \u015fekli<\/h3>\n<p>Temel olarak 3 farkl\u0131 padel raketi \u015fekli vard\u0131r: Elmas, Yuvarlak ve Damla.<\/p>\n<ul>\n<li>Padel raketleri elmas \u015fekli: Bu raketlerle daha y\u00fcksek bir vuru\u015f h\u0131z\u0131 elde edersiniz.<\/li>\n<li>Padel raketi yuvarlak \u015fekil: Yuvarlak bir raket kafas\u0131 ile daha fazla kontrole sahip olursunuz<\/li>\n<li>Padel raketi g\u00f6zya\u015f\u0131 \u015fekli: Temelde yuvarlak ve elmas\u0131n bir kar\u0131\u015f\u0131m\u0131 - dengeli padel oyuncusu tipi i\u00e7in m\u00fckemmel.<\/li>\n<\/ul>\n<p>Bu arada, bir padel raketi maksimum 46 cm uzunlu\u011funda ve 26 cm geni\u015fli\u011findedir. Resmi padel kurallar\u0131na g\u00f6re, padel raketi 38 mm'den daha kal\u0131n olmamal\u0131d\u0131r. A\u011f\u0131rl\u0131k genellikle 340-395 gram aras\u0131ndad\u0131r.<\/p>\n<h3>Padel raket a\u011f\u0131rl\u0131\u011f\u0131<\/h3>\n<p>Temel olarak, raket a\u011f\u0131rl\u0131\u011f\u0131 i\u00e7in a\u015fa\u011f\u0131dakiler ge\u00e7erlidir: Hafif bir raket (340 ila 360 gram) top kontrol\u00fcn\u00fc kolayla\u015ft\u0131r\u0131r. Ama daha az vuru\u015f g\u00fcc\u00fc var. A\u011f\u0131r bir padel raketi (370 ila 390 gram) daha fazla vuru\u015f g\u00fcc\u00fcne ancak daha az kontrole sahiptir. Bu, daha a\u011f\u0131r raketlerin iyi oyuncularda bulunma olas\u0131l\u0131\u011f\u0131n\u0131n daha y\u00fcksek oldu\u011fu anlam\u0131na gelir.<\/p>\n<p>360-370 gram a\u011f\u0131rl\u0131k s\u0131n\u0131f\u0131ndaki raketler ortada yer al\u0131r ve genellikle top kontrol\u00fc ile vuru\u015f g\u00fcc\u00fc aras\u0131nda iyi bir uzla\u015fma sunar.<\/p>\n<p>Bununla birlikte, padel raketleri yeni teknolojiler nedeniyle daha da geli\u015fme e\u011filimindedir, b\u00f6ylece raketlerin art\u0131k \u00e7ok fazla g\u00fcce sahip olmak i\u00e7in \u00e7ok a\u011f\u0131r olmas\u0131 gerekmez.<\/p>\n<h3>Padel raket sertli\u011fi<\/h3>\n<p>Raketin y\u00fczeyi ne kadar sert olursa, top \u00fczerinde o kadar fazla kontrol sahibi olursunuz. Ancak bu ayn\u0131 zamanda g\u00fc\u00e7 kayb\u0131 anlam\u0131na da gelmektedir. Daha \u00f6nce tenis\u00e7i dirse\u011fi ya\u015fad\u0131ysan\u0131z, sert bir y\u00fczeyin daha az enerji emdi\u011fini ve vuru\u015f yapan kolunuza daha fazla y\u00fck bindirdi\u011fini hemen fark edeceksiniz.<\/p>\n<p>Hat der Schl\u00e4ger eine weichere Oberfl\u00e4che, die also mehr Energie absorbiert, dann ist dies auch armschonender. Gleichzeitig bleibt der Ball l\u00e4nger am Padelschl\u00e4ger &#8222;kleben&#8220; und Du hast einen schnelleren Schlag oder Smash. Allerdings geht im Vergleich zur harten Oberfl\u00e4che Kontrolle verloren.<\/p>\n<p>Bu y\u00fczden yumu\u015fak raketler kol problemi olan oyuncular veya ileri seviye ve turnuva oyuncular\u0131 i\u00e7in daha uygundur.<\/p>\n<h3>Tatl\u0131 Nokta<\/h3>\n<p>Mit dem Begriff Sweet Spot wird beim Padel Tennis die &#8222;effektivste&#8220; Zone bezeichnet. Wenn Du die <a href=\"\/tr\/padel-bi%cc%87lgi%cc%87si%cc%87\/kuerek-toplari\/\">Padel toplar\u0131<\/a>\u00a0tatl\u0131 nokta ile vuru\u015f optimum verimlili\u011fe sahip olur.<\/p>\n<p>Raketin ortas\u0131nda geni\u015f bir tatl\u0131 noktaya sahip olan padel raketleri daha fazla kontrole sahiptir. Raketin ucunda daha k\u00fc\u00e7\u00fck bir tatl\u0131 noktaya sahip padel raketler size daha fazla g\u00fc\u00e7 verir, b\u00f6ylece padel topunu daha h\u0131zl\u0131 h\u0131zland\u0131rabilirsiniz - e\u011fer do\u011fru vurursan\u0131z. Aksi takdirde, \u00e7ok fazla kontrol kaybedersiniz. Bu nedenle, yeni ba\u015flayanlar geni\u015f tatl\u0131 noktaya sahip bir raket almay\u0131 tercih etmelidir. Profesyonel oyuncular daha \u00e7ok k\u00fc\u00e7\u00fck tatl\u0131 noktaya sahip versiyonu al\u0131rlar.<\/p>\n<p>Eliptik bir tatl\u0131 noktaya sahip raketler de vard\u0131r. Bunlar yukar\u0131da bahsedilen iki \u00f6zelli\u011fin bir kar\u0131\u015f\u0131m\u0131d\u0131r ve kontrol ile g\u00fc\u00e7 aras\u0131nda bir uzla\u015fmay\u0131 temsil eder.<\/p>\n<p>&nbsp;<\/p>\n<h3>Raketin dengesi<\/h3>\n<p>A\u011f\u0131rl\u0131k dengesi de padel raketlerinde \u00f6nemli bir rol oynar.<\/p>\n<p>A\u011f\u0131rl\u0131k merkezi daha \u00e7ok tutu\u015f b\u00f6lgesinde olan raketlerin hareket ettirilmesi daha kolayd\u0131r, daha az g\u00fc\u00e7 gerektirir ve size \u00e7ok fazla kontrol sa\u011flar. Ancak: daha fazla kontrol ayn\u0131 zamanda daha az g\u00fc\u00e7 demektir!<\/p>\n<p>Olduk\u00e7a \u00fcstten a\u011f\u0131r bir padel raketinde durum farkl\u0131d\u0131r. Bu raketlerle \u00e7ok daha y\u00fcksek vuru\u015f h\u0131zlar\u0131 elde edebilirsiniz, ancak ayn\u0131 zamanda \u00e7ok daha az kontrole sahip olursunuz. Bu padel raketler bu nedenle ileri d\u00fczey oyuncular i\u00e7in daha uygundur.<\/p>\n<p>Ancak a\u011f\u0131rl\u0131\u011f\u0131n dengeli oldu\u011fu raketler de vard\u0131r. Burada hala iyi bir kontrole sahipsiniz ve nispeten h\u0131zl\u0131 oynayabilirsiniz. D\u00fczenli olarak oynayan ve pratik yapan oyuncular i\u00e7in iyi bir se\u00e7im.<\/p>\n<p>&nbsp;<\/p>\n<p>&nbsp;<\/p>\n<h3>Padel Raketleri Sat\u0131n Al\u0131n<\/h3>\n<p>Burada padel tenis raketlerini (\u00f6rne\u011fin Adidas padel raketleri veya Wilson padel raketleri) kolayca sat\u0131n alabilirsiniz:<\/p>\n<table>\n<tbody>\n<tr>\n<th><iframe style=\"width: 120px; height: 240px;\" src=\"\/\/ws-eu.amazon-adsystem.com\/widgets\/q?ServiceVersion=20070822&amp;OneJS=1&amp;Operation=GetAdHtml&amp;MarketPlace=DE&amp;source=ac&amp;ref=tf_til&amp;ad_type=product_link&amp;tracking_id=brokertestde-21&amp;marketplace=amazon&amp;region=DE&amp;placement=B08NXG5FPR&amp;asins=B08NXG5FPR&amp;linkId=19135bef4d8f79bc30bab779f2427959&amp;show_border=true&amp;link_opens_in_new_window=true&amp;price_color=333333&amp;title_color=0066c0&amp;bg_color=ffffff\" frameborder=\"0\" marginwidth=\"0\" marginheight=\"0\" scrolling=\"no\"><br \/>\n<\/iframe><\/th>\n<th><iframe style=\"width: 120px; height: 240px;\" src=\"\/\/ws-eu.amazon-adsystem.com\/widgets\/q?ServiceVersion=20070822&amp;OneJS=1&amp;Operation=GetAdHtml&amp;MarketPlace=DE&amp;source=ac&amp;ref=tf_til&amp;ad_type=product_link&amp;tracking_id=brokertestde-21&amp;marketplace=amazon&amp;region=DE&amp;placement=B08T5Q5YZX&amp;asins=B08T5Q5YZX&amp;linkId=7dddad661c8a310d9f9ed7c873929a47&amp;show_border=true&amp;link_opens_in_new_window=true&amp;price_color=333333&amp;title_color=0066c0&amp;bg_color=ffffff\" frameborder=\"0\" marginwidth=\"0\" marginheight=\"0\" scrolling=\"no\"><br \/>\n<\/iframe><\/th>\n<th><iframe style=\"width: 120px; height: 240px;\" src=\"\/\/ws-eu.amazon-adsystem.com\/widgets\/q?ServiceVersion=20070822&amp;OneJS=1&amp;Operation=GetAdHtml&amp;MarketPlace=DE&amp;source=ac&amp;ref=tf_til&amp;ad_type=product_link&amp;tracking_id=brokertestde-21&amp;marketplace=amazon&amp;region=DE&amp;placement=B08NXG5FPR&amp;asins=B08NXG5FPR&amp;linkId=e6620d486a8799e8d3c827a08d98d196&amp;show_border=true&amp;link_opens_in_new_window=true&amp;price_color=333333&amp;title_color=0066c0&amp;bg_color=ffffff\" frameborder=\"0\" marginwidth=\"0\" marginheight=\"0\" scrolling=\"no\"><br \/>\n<\/iframe><\/th>\n<td><iframe style=\"width: 120px; height: 240px;\" src=\"\/\/ws-eu.amazon-adsystem.com\/widgets\/q?ServiceVersion=20070822&amp;OneJS=1&amp;Operation=GetAdHtml&amp;MarketPlace=DE&amp;source=ac&amp;ref=tf_til&amp;ad_type=product_link&amp;tracking_id=brokertestde-21&amp;marketplace=amazon&amp;region=DE&amp;placement=B08MBDH4RP&amp;asins=B08MBDH4RP&amp;linkId=912ece1315939e078b54e2189ae81af7&amp;show_border=true&amp;link_opens_in_new_window=true&amp;price_color=333333&amp;title_color=0066c0&amp;bg_color=ffffff\" frameborder=\"0\" marginwidth=\"0\" marginheight=\"0\" scrolling=\"no\"><br \/>\n<\/iframe><\/td>\n<\/tr>\n<\/tbody>\n<\/table>\n<p>&nbsp;<\/p>\n<p><strong>\u0130pucu:<\/strong><\/p>\n<p>Padel ko\u00e7unuza test etmeniz i\u00e7in size birka\u00e7 padel raketi verip veremeyece\u011fini sorun. O zaman ne sat\u0131n ald\u0131\u011f\u0131n\u0131z\u0131 \u00f6nceden biliyorsunuz!<\/p>\n<p>&nbsp;<\/p>\n<p><strong>Padel toplar\u0131 nedir? <\/strong><\/p>\n<p>Burada hakk\u0131nda okuyabilirsiniz <a title=\"Padel toplar\u0131\" href=\"\/tr\/padel-bi%cc%87lgi%cc%87si%cc%87\/kuerek-toplari\/\" target=\"_self\" rel=\"noopener\"><span class=\"fl-heading-text\">Padel Tenis Toplar\u0131<\/span><\/a> bilgilendir.<\/p>","protected":false},"excerpt":{"rendered":"<p>Padel raketleri: Do\u011fru padel raketini nas\u0131l bulabilirim? Do\u011fru padel tenis raketini ararken, \u00f6ncelikle ne t\u00fcr bir oyuncu oldu\u011funuza ve hangi oyun seviyesine sahip oldu\u011funuza ba\u011fl\u0131d\u0131r.  Basit padel raketleri halihaz\u0131rda ... fiyattan temin edilebilir.<\/p>","protected":false},"author":1,"featured_media":0,"parent":18170,"menu_order":4,"comment_status":"closed","ping_status":"closed","template":"","meta":{"_acf_changed":false,"_sitemap_exclude":false,"_sitemap_priority":"","_sitemap_frequency":"","_analytify_skip_tracking":false,"footnotes":""},"class_list":["post-18221","page","type-page","status-publish","hentry"],"acf":[],"_links":{"self":[{"href":"https:\/\/www.padel-test.de\/tr\/wp-json\/wp\/v2\/pages\/18221","targetHints":{"allow":["GET"]}}],"collection":[{"href":"https:\/\/www.padel-test.de\/tr\/wp-json\/wp\/v2\/pages"}],"about":[{"href":"https:\/\/www.padel-test.de\/tr\/wp-json\/wp\/v2\/types\/page"}],"author":[{"embeddable":true,"href":"https:\/\/www.padel-test.de\/tr\/wp-json\/wp\/v2\/users\/1"}],"replies":[{"embeddable":true,"href":"https:\/\/www.padel-test.de\/tr\/wp-json\/wp\/v2\/comments?post=18221"}],"version-history":[{"count":1,"href":"https:\/\/www.padel-test.de\/tr\/wp-json\/wp\/v2\/pages\/18221\/revisions"}],"predecessor-version":[{"id":22936,"href":"https:\/\/www.padel-test.de\/tr\/wp-json\/wp\/v2\/pages\/18221\/revisions\/22936"}],"up":[{"embeddable":true,"href":"https:\/\/www.padel-test.de\/tr\/wp-json\/wp\/v2\/pages\/18170"}],"wp:attachment":[{"href":"https:\/\/www.padel-test.de\/tr\/wp-json\/wp\/v2\/media?parent=18221"}],"curies":[{"name":"wp","href":"https:\/\/api.w.org\/{rel}","templated":true}]}}