{"id":18238,"date":"2019-10-09T16:03:29","date_gmt":"2019-10-09T16:03:29","guid":{"rendered":"http:\/\/www.padel-test.de\/padel-turniere\/"},"modified":"2024-12-20T17:29:28","modified_gmt":"2024-12-20T17:29:28","slug":"padel-turnuvalari-2","status":"publish","type":"page","link":"https:\/\/www.padel-test.de\/tr\/padel-turnuvalari-2\/","title":{"rendered":"Padel turnuvalar\u0131"},"content":{"rendered":"\n\n\t<p>Padel Turniere Deutschland, \u00d6sterreich, Schweiz, Spanien, Italien und weltweit auf einen Blick. Padelturniere f\u00fcr Anf\u00e4nger, Fortgeschrittene, Profis und Weltklasse-Spieler. F\u00fcr Damen &amp; Herren, Jugendliche &amp; Senioren und nat\u00fcrlich Mixed. Kosten, Meldeschlu\u00df, Veranstalter, Orte, Datum &#8211; hier kannst Du alles einfach filtern und das zu Dir passende Padel Turnier finden! Entweder zum selber mitspielen oder bei den Padelprofis zum zuschauen!<\/p>\n\t<div class=\"wpgb-facet wpgb-loading wpgb-facet-27\" data-facet=\"27\" data-grid=\"27\">\t<fieldset>\n\t\t<legend class=\"wpgb-facet-title wpgb-sr-only\">Map | Padel Turniere [27]<\/legend>\n\t\t<div class=\"wpgb-map-facet\" style=\"padding-bottom:50%\"><\/div>\t<\/fieldset>\n\t<\/div>\n<h2>\n\t\tPadel Tennis Turniere\n\t<\/h2>\n\t<div class=\"wpgb-facet wpgb-loading wpgb-facet-11\" data-facet=\"11\" data-grid=\"27\"><\/div>\n\t<!-- Gridbuilder \u1d42\u1d3e Plugin (https:\/\/wpgridbuilder.com) -->\n<div class=\"wp-grid-builder wpgb-grid-27 ecom-grid-padel-turniere\" data-options=\"{&quot;id&quot;:27,&quot;type&quot;:&quot;masonry&quot;,&quot;source&quot;:&quot;post_type&quot;,&quot;loader&quot;:false,&quot;layout&quot;:&quot;vertical&quot;,&quot;reveal&quot;:0,&quot;isMainQuery&quot;:0,&quot;lazyLoad&quot;:true,&quot;cardSizes&quot;:{&quot;9999&quot;:{&quot;columns&quot;:2,&quot;height&quot;:240,&quot;gutter&quot;:16,&quot;ratio&quot;:&quot;1.33333&quot;},&quot;1200&quot;:{&quot;columns&quot;:2,&quot;height&quot;:240,&quot;gutter&quot;:16,&quot;ratio&quot;:&quot;1.33333&quot;},&quot;992&quot;:{&quot;columns&quot;:2,&quot;height&quot;:220,&quot;gutter&quot;:16,&quot;ratio&quot;:&quot;1.33333&quot;},&quot;768&quot;:{&quot;columns&quot;:1,&quot;height&quot;:220,&quot;gutter&quot;:16,&quot;ratio&quot;:&quot;1.33333&quot;},&quot;576&quot;:{&quot;columns&quot;:1,&quot;height&quot;:200,&quot;gutter&quot;:16,&quot;ratio&quot;:&quot;1.33333&quot;},&quot;320&quot;:{&quot;columns&quot;:1,&quot;height&quot;:200,&quot;gutter&quot;:16,&quot;ratio&quot;:&quot;1.33333&quot;}},&quot;fitRows&quot;:true,&quot;equalRows&quot;:0,&quot;equalColumns&quot;:true,&quot;fillLastRow&quot;:0,&quot;centerLastRow&quot;:0,&quot;horizontalOrder&quot;:false,&quot;fullWidth&quot;:false,&quot;transitionDelay&quot;:100,&quot;gallerySlideshow&quot;:false,&quot;rowsNumber&quot;:1,&quot;slideAlign&quot;:&quot;left&quot;,&quot;groupCells&quot;:1,&quot;draggable&quot;:true,&quot;initialIndex&quot;:0,&quot;contain&quot;:false,&quot;freeScroll&quot;:false,&quot;freeFriction&quot;:&quot;0.075&quot;,&quot;friction&quot;:&quot;0.285&quot;,&quot;attraction&quot;:&quot;0.025&quot;,&quot;autoPlay&quot;:0,&quot;pageDotAriaLabel&quot;:&quot;Page dot %d&quot;,&quot;isPreview&quot;:false,&quot;isGutenberg&quot;:false,&quot;rightToLeft&quot;:false}\"><div class=\"wpgb-svg-icons\" hidden>\n\t<svg viewBox=\"0 0 120 24\" width=\"0\" height=\"0\">\n\t<defs>\n        <polygon id=\"wpgb-star-svg\" points=\"12 2.5 15.1 8.8 22 9.8 17 14.6 18.2 21.5 12 18.3 5.8 21.5 7 14.6 2 9.8 8.9 8.8\"><\/polygon>\n    <\/defs>\n    <symbol id=\"wpgb-rating-stars-svg\">\n        <use xlink:href=\"#wpgb-star-svg\"><\/use>\n        <use xlink:href=\"#wpgb-star-svg\" x=\"24\"><\/use>\n        <use xlink:href=\"#wpgb-star-svg\" x=\"48\"><\/use>\n        <use xlink:href=\"#wpgb-star-svg\" x=\"72\"><\/use>\n        <use xlink:href=\"#wpgb-star-svg\" x=\"96\"><\/use>\n    <\/symbol>\n<\/svg>\n<\/div>\n<div class=\"wpgb-wrapper\">\n\t<div class=\"wpgb-main\">\n\t<div class=\"wpgb-layout\">\n\t<div class=\"wpgb-viewport\">\n\t\t<div class=\"wpgb-masonry\">\n\t\t\t<div class=\"wpgb-card wpgb-no-result\" data-col=\"12\" data-row=\"1\">\n\t<div class=\"wpgb-card-wrapper\">\n\t\tKeine Beitr\u00e4ge gefunden\t<\/div>\n<\/div>\n\t\t<\/div>\n\t<\/div>\n\t<\/div>\n<div class=\"wpgb-area wpgb-area-bottom-1\">\n\t<div class=\"wpgb-facet wpgb-loading wpgb-facet-2\" data-facet=\"2\" data-grid=\"27\"><\/div><\/div>\n\t<\/div>\n\t\t<\/div>\n<\/div>\n\n\n","protected":false},"excerpt":{"rendered":"<p>Bir bak\u0131\u015fta Almanya Padel turnuvalar\u0131. Yeni ba\u015flayanlar, ileri d\u00fczey oyuncular, profesyoneller ve d\u00fcnya standartlar\u0131nda oyuncular i\u00e7in padel turnuvalar\u0131. Kad\u0131nlar ve erkekler, gen\u00e7ler ve ya\u015fl\u0131lar ve tabii ki kar\u0131\u015f\u0131klar i\u00e7in. Maliyetler, son giri\u015f tarihi, organizat\u00f6rler, yerler, tarihler - burada her \u015feyi kolayca filtreleyebilir ve size uygun padel turnuvas\u0131n\u0131 bulabilirsiniz!<\/p>","protected":false},"author":6,"featured_media":0,"parent":0,"menu_order":2,"comment_status":"closed","ping_status":"closed","template":"","meta":{"_acf_changed":false,"_sitemap_exclude":false,"_sitemap_priority":"","_sitemap_frequency":"","_analytify_skip_tracking":false,"footnotes":""},"class_list":["post-18238","page","type-page","status-publish","hentry"],"acf":[],"_links":{"self":[{"href":"https:\/\/www.padel-test.de\/tr\/wp-json\/wp\/v2\/pages\/18238","targetHints":{"allow":["GET"]}}],"collection":[{"href":"https:\/\/www.padel-test.de\/tr\/wp-json\/wp\/v2\/pages"}],"about":[{"href":"https:\/\/www.padel-test.de\/tr\/wp-json\/wp\/v2\/types\/page"}],"author":[{"embeddable":true,"href":"https:\/\/www.padel-test.de\/tr\/wp-json\/wp\/v2\/users\/6"}],"replies":[{"embeddable":true,"href":"https:\/\/www.padel-test.de\/tr\/wp-json\/wp\/v2\/comments?post=18238"}],"version-history":[{"count":5,"href":"https:\/\/www.padel-test.de\/tr\/wp-json\/wp\/v2\/pages\/18238\/revisions"}],"predecessor-version":[{"id":22785,"href":"https:\/\/www.padel-test.de\/tr\/wp-json\/wp\/v2\/pages\/18238\/revisions\/22785"}],"wp:attachment":[{"href":"https:\/\/www.padel-test.de\/tr\/wp-json\/wp\/v2\/media?parent=18238"}],"curies":[{"name":"wp","href":"https:\/\/api.w.org\/{rel}","templated":true}]}}