{"id":18246,"date":"2019-10-30T22:41:47","date_gmt":"2019-10-30T22:41:47","guid":{"rendered":"http:\/\/www.padel-test.de\/padel-wissen\/padel-spielfeld\/"},"modified":"2022-11-28T21:31:35","modified_gmt":"2022-11-28T21:31:35","slug":"padel-kortu","status":"publish","type":"page","link":"https:\/\/www.padel-test.de\/tr\/padel-bi%cc%87lgi%cc%87si%cc%87\/padel-kortu\/","title":{"rendered":"Padel sahas\u0131"},"content":{"rendered":"<p>Bir padel kortunun boyutu bir tenis kortundan sadece biraz daha k\u00fc\u00e7\u00fckt\u00fcr (\u00e7iftler i\u00e7in 23,77m x 10,97m). Bununla birlikte, bir tenis kortu hala \u00e7ok geni\u015f bir ak\u0131nt\u0131 alan\u0131na sahiptir.<\/p>\n<p>\u00c7evresi cam duvarlarla \u00e7evrili padel kortu 20 metre uzunlu\u011funda ve 10 metre geni\u015fli\u011findedir. Ortada, padel kortu bir a\u011f ile ayr\u0131lm\u0131\u015ft\u0131r - bu nedenle her iki taraf da kare \u015feklindedir (10x10m). Boyutlardaki maksimum sapma 0,5% olabilir.<\/p>\n<p>A\u011f 10 metre uzunlu\u011funda ve ortada 0,88 metre y\u00fcksekli\u011findedir - kenarda a\u011f en fazla 0,92 metre y\u00fcksekli\u011finde olabilir.<\/p>\n<p>K\u00fcrek a\u011f\u0131n\u0131n as\u0131l\u0131 oldu\u011fu direkler 1,05 metreden daha y\u00fcksek olmamal\u0131d\u0131r.<\/p>\n<p>&nbsp;<\/p>\n<div id=\"attachment_11254\" style=\"width: 693px\" class=\"wp-caption aligncenter\"><img loading=\"lazy\" decoding=\"async\" aria-describedby=\"caption-attachment-11254\" class=\"wp-image-11254 size-full\" src=\"https:\/\/www.padel-test.de\/wp-content\/uploads\/2022\/09\/Padel-Court-Abmessungen.png\" alt=\"Padel Sahas\u0131 \u00d6l\u00e7\u00fcleri\" width=\"683\" height=\"566\" \/><p id=\"caption-attachment-11254\" class=\"wp-caption-text\">Padel Sahas\u0131 Boyutlar\u0131 - \u00c7izen <a href=\"\/tr\/padel-kursu-olusturucu-2\/padelcreations\/\">Padelcreations<\/a><\/p><\/div>\n<h2>Padel sahas\u0131 duvarlar\u0131<\/h2>\n<p>T\u00fcm padel kortu bir ESG cam duvar (g\u00fcvenlik cam\u0131) ile \u00e7er\u00e7evelenmi\u015ftir. Bu sadece a\u011f direklerinde oyuncular\u0131n padel sahas\u0131na girebilece\u011fi bir giri\u015f\/\u00e7\u0131k\u0131\u015f ile kesintiye u\u011frar.<\/p>\n<p>U\u00e7 duvarlar 4 m y\u00fcksekli\u011fe sahiptir. Yan duvarlarda bu y\u00fckseklik yakla\u015f\u0131k 1m sonra 3m'ye d\u00fc\u015fmektedir. En \u00fcstteki alan, yani sertle\u015ftirilmi\u015f cam\u0131n \u00fczerine oturan k\u0131s\u0131m, bir tel \u00f6rg\u00fcden (basit yap\u0131larda sadece tel \u00f6rg\u00fc \u00e7it) olu\u015fur.<\/p>\n<p>S\u0131n\u0131r malzemesi olarak sertle\u015ftirilmi\u015f g\u00fcvenlik cam\u0131 ve tel \u00f6rg\u00fc kullan\u0131lmas\u0131, seyircilerin padel tenis kortunu net bir \u015fekilde g\u00f6rmesini sa\u011flar.<\/p>\n<p>&nbsp;<\/p>\n<h3>Padel sahas\u0131 ayd\u0131nlatmas\u0131<\/h3>\n<p>A\u00e7\u0131k hava padel kortlar\u0131 genellikle 4 projekt\u00f6rle ayd\u0131nlat\u0131l\u0131r. Daha eski padel tesisleri hala klasik lambalar kullan\u0131yor, ancak modern padel kortlar\u0131nda LED projekt\u00f6rler var, \u00e7\u00fcnk\u00fc bunlar en az performans a\u00e7\u0131s\u0131ndan iyi, ancak daha enerji tasarruflu. Toplamda, bir padel kortu yakla\u015f\u0131k 6 metre y\u00fcksekli\u011findedir.<\/p>\n<p>Padel salonlar\u0131nda ayd\u0131nlatma genellikle \u00e7ok \u00f6zel olarak tasarlan\u0131r; burada da genellikle daha \u00f6nce \u00f6rne\u011fin bir tenis kortu olarak kullan\u0131l\u0131p kullan\u0131lmad\u0131\u011f\u0131na ba\u011fl\u0131d\u0131r.<\/p>\n<div id=\"attachment_11253\" style=\"width: 439px\" class=\"wp-caption aligncenter\"><img loading=\"lazy\" decoding=\"async\" aria-describedby=\"caption-attachment-11253\" class=\"wp-image-11253 size-full\" src=\"https:\/\/www.padel-test.de\/wp-content\/uploads\/2022\/09\/Padelplatz-Skizze.png\" alt=\"Padel sahas\u0131 y\u00fcksekli\u011fi projekt\u00f6r dahil\u00a0\" width=\"429\" height=\"225\" \/><p id=\"caption-attachment-11253\" class=\"wp-caption-text\">Padel sahas\u0131 y\u00fcksekli\u011fi projekt\u00f6r dahil<\/p><\/div>\n<p>&nbsp;<\/p>\n<p><em>\u0130pucu: Daha fazla bilgiyi \u015fu adreste bulabilirsiniz <a href=\"https:\/\/www.padel-test.de\/tr\/padel-bi%cc%87lgi%cc%87si%cc%87\/padel-kurallari\/\">Padel kurallar\u0131<\/a>.<\/em><\/p>","protected":false},"excerpt":{"rendered":"<p>Bir padel kortunun boyutu bir tenis kortundan daha k\u00fc\u00e7\u00fckt\u00fcr (\u00e7iftler i\u00e7in 23,77 m x 10,97). Pleksiglas duvarl\u0131 padel kortu 20 m uzunlu\u011funda ve<\/p>","protected":false},"author":1,"featured_media":11251,"parent":18170,"menu_order":3,"comment_status":"closed","ping_status":"closed","template":"","meta":{"_acf_changed":false,"_sitemap_exclude":false,"_sitemap_priority":"","_sitemap_frequency":"","_analytify_skip_tracking":false,"footnotes":""},"class_list":["post-18246","page","type-page","status-publish","has-post-thumbnail","hentry"],"acf":[],"_links":{"self":[{"href":"https:\/\/www.padel-test.de\/tr\/wp-json\/wp\/v2\/pages\/18246","targetHints":{"allow":["GET"]}}],"collection":[{"href":"https:\/\/www.padel-test.de\/tr\/wp-json\/wp\/v2\/pages"}],"about":[{"href":"https:\/\/www.padel-test.de\/tr\/wp-json\/wp\/v2\/types\/page"}],"author":[{"embeddable":true,"href":"https:\/\/www.padel-test.de\/tr\/wp-json\/wp\/v2\/users\/1"}],"replies":[{"embeddable":true,"href":"https:\/\/www.padel-test.de\/tr\/wp-json\/wp\/v2\/comments?post=18246"}],"version-history":[{"count":0,"href":"https:\/\/www.padel-test.de\/tr\/wp-json\/wp\/v2\/pages\/18246\/revisions"}],"up":[{"embeddable":true,"href":"https:\/\/www.padel-test.de\/tr\/wp-json\/wp\/v2\/pages\/18170"}],"wp:featuredmedia":[{"embeddable":true,"href":"https:\/\/www.padel-test.de\/tr\/wp-json\/wp\/v2\/media\/11251"}],"wp:attachment":[{"href":"https:\/\/www.padel-test.de\/tr\/wp-json\/wp\/v2\/media?parent=18246"}],"curies":[{"name":"wp","href":"https:\/\/api.w.org\/{rel}","templated":true}]}}