{"id":18252,"date":"2022-02-07T12:15:01","date_gmt":"2022-02-07T12:15:01","guid":{"rendered":"http:\/\/www.padel-test.de\/padel-wissen\/padel-fans\/juergen-klopp-padel-tennis\/"},"modified":"2022-10-31T22:02:55","modified_gmt":"2022-10-31T22:02:55","slug":"juergen-klopp-padel-tenis","status":"publish","type":"page","link":"https:\/\/www.padel-test.de\/tr\/padel-bi%cc%87lgi%cc%87si%cc%87\/padel-hayranlari\/juergen-klopp-padel-tenis\/","title":{"rendered":"J\u00fcrgen Klopp"},"content":{"rendered":"<p><strong>J\u00fcrgen Klopp ve padel?!<\/strong><\/p>\n<p>Evet, do\u011fru okudunuz!<\/p>\n<p>J\u00fcrgen Klopp ayn\u0131 zamanda tam bir padel tutkunudur ve hatta padel sporunun marka el\u00e7isidir. <a href=\"\/tr\/padel-ausruester\/wilson\/\">Padel tedarik\u00e7isi Wilson<\/a>.<\/p>\n<p>&nbsp;<\/p>\n<p><iframe loading=\"lazy\" title=\"YouTube video oynat\u0131c\u0131\" src=\"https:\/\/www.youtube-nocookie.com\/embed\/ciXzp3v8D6I\" width=\"560\" height=\"315\" frameborder=\"0\" allowfullscreen=\"allowfullscreen\"><\/iframe><\/p>\n<p>&nbsp;<\/p>\n<p>Alman reklam sekt\u00f6r\u00fcn\u00fcn \u00f6nde gelen yay\u0131n organ\u0131 Horizont \u015f\u00f6yle diyor:<\/p>\n<p>&nbsp;<\/p>\n<blockquote><p><em>Dabei wirbt der Coach des FC Liverpool aber nicht etwa f\u00fcr klassische Tennisschl\u00e4ger, sondern f\u00fcr den Padel-Sport, ein vom Tennis abgeleitetes R\u00fcckschlagspiel. Konkret soll Klopp &#8211; laut eigener Aussage selbst gro\u00dfer Fan der Trendsportart &#8211; dabei helfen, die globale Wilson-Padel-Community mit Innovationen, starken Partnerschaften und Kollaborationen sukzessive zu vergr\u00f6\u00dfern. Die neue Schl\u00e4ger-Kollektion &#8222;Wilson x Klopp&#8220; soll f\u00fcr Leidenschaft zum Padel-Sport stehen und die Aufmerksamkeit f\u00fcr die Trendsportart in ganz Europa steigern.<\/em><\/p><\/blockquote>\n<h2>Peki J\u00fcrgen Klopp padel hakk\u0131nda ne diyor?<\/h2>\n<p>&nbsp;<\/p>\n<blockquote><p><em>Klopp selbst erg\u00e4nzt: &#8222;W\u00e4hrend ich meine Karriere damit verbringe, Fu\u00dfballer auf h\u00f6chstem Niveau zu trainieren, ist Padel zu meiner Lieblingssportart geworden. Es ist wirklich die gleiche Leidenschaft \u2013 nur f\u00fcr ein neues Spiel! Ich freue mich sehr \u00fcber die M\u00f6glichkeit, mit Wilson zusammenzuarbeiten und die Zukunft des Padel mitzugestalten.&#8220;<\/em><\/p><\/blockquote>\n<p>&nbsp;<\/p>\n<p>Her hal\u00fckarda, \u015fu geli\u015fmelerden memnuniyet duyuyoruz <a href=\"\/tr\/padel-bi%cc%87lgi%cc%87si%cc%87\/padel-teni%cc%87si%cc%87\/\">Padel Tenis<\/a> J\u00fcrgen Klopp taraf\u0131ndan daha da geli\u015ftirilecek ve umar\u0131m daha da iyi tan\u0131nacak ve her \u015feyden \u00f6nce daha pop\u00fcler olacak!<\/p>\n<p>&nbsp;<\/p>\n<h3>Bir ba\u015fka tan\u0131nm\u0131\u015f futbolcu da padel oynuyor: <a href=\"\/tr\/padel-bi%cc%87lgi%cc%87si%cc%87\/padel-hayranlari\/zinedine-zidane-padel-tennis\/\">Zinedine Zidane<\/a><\/h3>","protected":false},"excerpt":{"rendered":"<p>J\u00fcrgen Klopp ve padel?! Evet, do\u011fru okudunuz! J\u00fcrgen Klopp ayn\u0131 zamanda bir padel tutkunu ve hatta padel tedarik\u00e7isi Wilson'\u0131n marka el\u00e7isi.     Alman reklam sekt\u00f6r\u00fcn\u00fcn \u00f6nde gelen yay\u0131n organ\u0131 Horizont'a g\u00f6re: \"Liverpool FC'nin teknik direkt\u00f6r\u00fc klasik tenis raketlerini de\u011fil, tenisten t\u00fcretilen s\u0131rt\u00fcst\u00fc bir oyun olan padel sporunu tan\u0131t\u0131yor. ....<\/p>","protected":false},"author":1,"featured_media":0,"parent":18251,"menu_order":0,"comment_status":"closed","ping_status":"closed","template":"","meta":{"_acf_changed":false,"_sitemap_exclude":false,"_sitemap_priority":"","_sitemap_frequency":"","_analytify_skip_tracking":false,"footnotes":""},"class_list":["post-18252","page","type-page","status-publish","hentry"],"acf":[],"_links":{"self":[{"href":"https:\/\/www.padel-test.de\/tr\/wp-json\/wp\/v2\/pages\/18252","targetHints":{"allow":["GET"]}}],"collection":[{"href":"https:\/\/www.padel-test.de\/tr\/wp-json\/wp\/v2\/pages"}],"about":[{"href":"https:\/\/www.padel-test.de\/tr\/wp-json\/wp\/v2\/types\/page"}],"author":[{"embeddable":true,"href":"https:\/\/www.padel-test.de\/tr\/wp-json\/wp\/v2\/users\/1"}],"replies":[{"embeddable":true,"href":"https:\/\/www.padel-test.de\/tr\/wp-json\/wp\/v2\/comments?post=18252"}],"version-history":[{"count":0,"href":"https:\/\/www.padel-test.de\/tr\/wp-json\/wp\/v2\/pages\/18252\/revisions"}],"up":[{"embeddable":true,"href":"https:\/\/www.padel-test.de\/tr\/wp-json\/wp\/v2\/pages\/18251"}],"wp:attachment":[{"href":"https:\/\/www.padel-test.de\/tr\/wp-json\/wp\/v2\/media?parent=18252"}],"curies":[{"name":"wp","href":"https:\/\/api.w.org\/{rel}","templated":true}]}}